{"id":1071,"date":"2025-08-01T15:18:38","date_gmt":"2025-08-01T15:18:38","guid":{"rendered":"https:\/\/belgraf.com\/?page_id=1071"},"modified":"2025-08-11T01:52:09","modified_gmt":"2025-08-11T01:52:09","slug":"marcadores-manuales","status":"publish","type":"page","link":"https:\/\/belgraf.com\/en\/marcadores-manuales\/","title":{"rendered":"Marcadores manuales"},"content":{"rendered":"<div data-elementor-type=\"wp-page\" data-elementor-id=\"1071\" class=\"elementor elementor-1071\" data-elementor-post-type=\"page\">\n\t\t\t\t<div class=\"elementor-element elementor-element-589caae6 e-flex e-con-boxed e-con e-parent\" data-id=\"589caae6\" data-element_type=\"container\" data-e-type=\"container\" data-settings=\"{&quot;background_background&quot;:&quot;classic&quot;}\">\n\t\t\t\t\t<div class=\"e-con-inner\">\n\t\t\t\t<div class=\"elementor-element elementor-element-5e82ab6 elementor-widget elementor-widget-heading\" data-id=\"5e82ab6\" data-element_type=\"widget\" data-e-type=\"widget\" data-widget_type=\"heading.default\">\n\t\t\t\t\t<h1 class=\"elementor-heading-title elementor-size-default\">Marcadores manuales<\/h1>\t\t\t\t<\/div>\n\t\t\t\t\t<\/div>\n\t\t\t\t<\/div>\n\t\t<div class=\"elementor-element elementor-element-d8bf5c1 e-flex e-con-boxed e-con e-parent\" data-id=\"d8bf5c1\" data-element_type=\"container\" data-e-type=\"container\">\n\t\t\t\t\t<div class=\"e-con-inner\">\n\t\t\t\t<div class=\"elementor-element elementor-element-7822791 elementor-widget elementor-widget-heading\" data-id=\"7822791\" data-element_type=\"widget\" data-e-type=\"widget\" data-widget_type=\"heading.default\">\n\t\t\t\t\t<h2 class=\"elementor-heading-title elementor-size-default\">Marcadores manuales de tinta para m\u00faltiples superficies<\/h2>\t\t\t\t<\/div>\n\t\t\t\t\t<\/div>\n\t\t\t\t<\/div>\n\t\t<div class=\"elementor-element elementor-element-50072fb e-flex e-con-boxed e-con e-parent\" data-id=\"50072fb\" data-element_type=\"container\" data-e-type=\"container\">\n\t\t\t\t\t<div class=\"e-con-inner\">\n\t\t\t\t<div class=\"elementor-element elementor-element-350223e elementor-widget elementor-widget-heading\" data-id=\"350223e\" data-element_type=\"widget\" data-e-type=\"widget\" data-widget_type=\"heading.default\">\n\t\t\t\t\t<h2 class=\"elementor-heading-title elementor-size-default\">Marcadores manuales<\/h2>\t\t\t\t<\/div>\n\t\t\t\t<div class=\"elementor-element elementor-element-d9435fc elementor-widget-divider--view-line elementor-widget elementor-widget-divider\" data-id=\"d9435fc\" data-element_type=\"widget\" data-e-type=\"widget\" data-widget_type=\"divider.default\">\n\t\t\t\t\t\t\t<div class=\"elementor-divider\">\n\t\t\t<span class=\"elementor-divider-separator\">\n\t\t\t\t\t\t<\/span>\n\t\t<\/div>\n\t\t\t\t\t\t<\/div>\n\t\t\t\t\t<\/div>\n\t\t\t\t<\/div>\n\t\t<div class=\"elementor-element elementor-element-83fb0e9 e-flex e-con-boxed e-con e-parent\" data-id=\"83fb0e9\" data-element_type=\"container\" data-e-type=\"container\">\n\t\t\t\t\t<div class=\"e-con-inner\">\n\t\t<div class=\"elementor-element elementor-element-b26a370 e-con-full e-flex e-con e-child\" data-id=\"b26a370\" data-element_type=\"container\" data-e-type=\"container\">\n\t\t\t\t<div class=\"elementor-element elementor-element-b2ead30 elementor-invisible elementor-widget elementor-widget-image\" data-id=\"b2ead30\" data-element_type=\"widget\" data-e-type=\"widget\" data-settings=\"{&quot;_animation&quot;:&quot;fadeInLeft&quot;}\" data-widget_type=\"image.default\">\n\t\t\t\t\t\t\t\t\t\t\t\t\t\t\t<img alt=\"\" decoding=\"async\" width=\"250\" height=\"92\" src=\"https:\/\/belgraf.com\/wp-content\/uploads\/2025\/08\/fix2.webp\" class=\"attachment-full size-full wp-image-1083\" srcset=\"https:\/\/belgraf.com\/wp-content\/uploads\/2025\/08\/fix2.webp 250w, https:\/\/belgraf.com\/wp-content\/uploads\/2025\/08\/fix2-18x7.webp 18w\" sizes=\"(max-width: 250px) 100vw, 250px\" \/>\t\t\t\t\t\t\t\t\t\t\t\t\t\t\t<\/div>\n\t\t\t\t<div class=\"elementor-element elementor-element-84800d1 elementor-invisible elementor-widget elementor-widget-image\" data-id=\"84800d1\" data-element_type=\"widget\" data-e-type=\"widget\" data-settings=\"{&quot;_animation&quot;:&quot;fadeInLeft&quot;}\" data-widget_type=\"image.default\">\n\t\t\t\t\t\t\t\t\t\t\t\t\t\t\t<img alt=\"\" decoding=\"async\" width=\"150\" height=\"165\" src=\"https:\/\/belgraf.com\/wp-content\/uploads\/2025\/08\/fix1.webp\" class=\"attachment-full size-full wp-image-1082\" srcset=\"https:\/\/belgraf.com\/wp-content\/uploads\/2025\/08\/fix1.webp 150w, https:\/\/belgraf.com\/wp-content\/uploads\/2025\/08\/fix1-11x12.webp 11w\" sizes=\"(max-width: 150px) 100vw, 150px\" \/>\t\t\t\t\t\t\t\t\t\t\t\t\t\t\t<\/div>\n\t\t\t\t<\/div>\n\t\t<div class=\"elementor-element elementor-element-41f41a8 e-con-full e-flex e-con e-child\" data-id=\"41f41a8\" data-element_type=\"container\" data-e-type=\"container\">\n\t\t\t\t<div class=\"elementor-element elementor-element-44468d8 elementor-widget elementor-widget-heading\" data-id=\"44468d8\" data-element_type=\"widget\" data-e-type=\"widget\" data-widget_type=\"heading.default\">\n\t\t\t\t\t<h2 class=\"elementor-heading-title elementor-size-default\">FIXOLID<\/h2>\t\t\t\t<\/div>\n\t\t\t\t<div class=\"elementor-element elementor-element-575eaee elementor-widget-divider--view-line elementor-widget elementor-widget-divider\" data-id=\"575eaee\" data-element_type=\"widget\" data-e-type=\"widget\" data-widget_type=\"divider.default\">\n\t\t\t\t\t\t\t<div class=\"elementor-divider\">\n\t\t\t<span class=\"elementor-divider-separator\">\n\t\t\t\t\t\t<\/span>\n\t\t<\/div>\n\t\t\t\t\t\t<\/div>\n\t\t\t\t<div class=\"elementor-element elementor-element-944da06 elementor-widget elementor-widget-text-editor\" data-id=\"944da06\" data-element_type=\"widget\" data-e-type=\"widget\" data-widget_type=\"text-editor.default\">\n\t\t\t\t\t\t\t\t\t<p><strong>Marcadores manuales de punta de bola, con tinta semil\u00edquida de secado r\u00e1pido para marcado o codificado sobre todo tipo de superficies:<\/strong><br \/><strong>metal, pl\u00e1stico, cemento, cer\u00e1mica, caucho, madera, etc.<\/strong><br \/>\u2022 Tinta indeleble, resistente al intemperie y a algunos tratamientos qu\u00edmicos.<br \/>\u2022 Marcado en frio (-30\u00baC a 80\u00baC)<br \/>\u2022 Grosor de marca: 3mm.<br \/>\u2022 Utilizaci\u00f3n sider\u00fargica, laminaci\u00f3n, mecanizado almac\u00e9n de aceros, moldes. troqueles, serrer\u00edas, construcci\u00f3n, topograf\u00eda, etc.<br \/>\u2022 Gama 10 colores: amarilo, rojo, negro, azul, verde, marr\u00f3n, naranja, violeta, gris.<\/p>\t\t\t\t\t\t\t\t<\/div>\n\t\t\t\t<\/div>\n\t\t\t\t\t<\/div>\n\t\t\t\t<\/div>\n\t\t<div class=\"elementor-element elementor-element-30c7142 e-flex e-con-boxed e-con e-parent\" data-id=\"30c7142\" data-element_type=\"container\" data-e-type=\"container\">\n\t\t\t\t\t<div class=\"e-con-inner\">\n\t\t<div class=\"elementor-element elementor-element-413eae1 e-con-full e-flex e-con e-child\" data-id=\"413eae1\" data-element_type=\"container\" data-e-type=\"container\">\n\t\t\t\t<div class=\"elementor-element elementor-element-be3e3d9 elementor-invisible elementor-widget elementor-widget-image\" data-id=\"be3e3d9\" data-element_type=\"widget\" data-e-type=\"widget\" data-settings=\"{&quot;_animation&quot;:&quot;fadeInLeft&quot;}\" data-widget_type=\"image.default\">\n\t\t\t\t\t\t\t\t\t\t\t\t\t\t\t<img alt=\"\" decoding=\"async\" width=\"125\" height=\"118\" src=\"https:\/\/belgraf.com\/wp-content\/uploads\/2025\/08\/f017.webp\" class=\"attachment-full size-full wp-image-1081\" srcset=\"https:\/\/belgraf.com\/wp-content\/uploads\/2025\/08\/f017.webp 125w, https:\/\/belgraf.com\/wp-content\/uploads\/2025\/08\/f017-13x12.webp 13w\" sizes=\"(max-width: 125px) 100vw, 125px\" \/>\t\t\t\t\t\t\t\t\t\t\t\t\t\t\t<\/div>\n\t\t\t\t<\/div>\n\t\t<div class=\"elementor-element elementor-element-160295d e-con-full e-flex e-con e-child\" data-id=\"160295d\" data-element_type=\"container\" data-e-type=\"container\">\n\t\t\t\t<div class=\"elementor-element elementor-element-4a16bdc elementor-widget elementor-widget-heading\" data-id=\"4a16bdc\" data-element_type=\"widget\" data-e-type=\"widget\" data-widget_type=\"heading.default\">\n\t\t\t\t\t<h2 class=\"elementor-heading-title elementor-size-default\">PAINTSTIK K<\/h2>\t\t\t\t<\/div>\n\t\t\t\t<div class=\"elementor-element elementor-element-6905ea6 elementor-widget-divider--view-line elementor-widget elementor-widget-divider\" data-id=\"6905ea6\" data-element_type=\"widget\" data-e-type=\"widget\" data-widget_type=\"divider.default\">\n\t\t\t\t\t\t\t<div class=\"elementor-divider\">\n\t\t\t<span class=\"elementor-divider-separator\">\n\t\t\t\t\t\t<\/span>\n\t\t<\/div>\n\t\t\t\t\t\t<\/div>\n\t\t\t\t<div class=\"elementor-element elementor-element-d2b659e elementor-widget elementor-widget-text-editor\" data-id=\"d2b659e\" data-element_type=\"widget\" data-e-type=\"widget\" data-widget_type=\"text-editor.default\">\n\t\t\t\t\t\t\t\t\t<p>\u2022 Para superficies muy calientes 750 \u00baC a 1.200 \u00baC.<br \/>\u2022 El trazo ni se quema ni fluye a pesar de la temperatura.<br \/>\u2022 Ideal para marcar aleaciones de acero a alta temperatura.<br \/>\u2022 Adecuado para marcar a salida de horno, planchas, palanquilla lingotes, forjados, etc.<br \/>\u2022 Disponibles agarraderas especiales para marcar a distancia del material.<br \/>\u2022 Colores : Blanco<\/p>\t\t\t\t\t\t\t\t<\/div>\n\t\t\t\t<\/div>\n\t\t\t\t\t<\/div>\n\t\t\t\t<\/div>\n\t\t<div class=\"elementor-element elementor-element-c28cdcd e-flex e-con-boxed e-con e-parent\" data-id=\"c28cdcd\" data-element_type=\"container\" data-e-type=\"container\">\n\t\t\t\t\t<div class=\"e-con-inner\">\n\t\t<div class=\"elementor-element elementor-element-88981ce e-con-full e-flex e-con e-child\" data-id=\"88981ce\" data-element_type=\"container\" data-e-type=\"container\">\n\t\t\t\t<div class=\"elementor-element elementor-element-26a638d elementor-invisible elementor-widget elementor-widget-image\" data-id=\"26a638d\" data-element_type=\"widget\" data-e-type=\"widget\" data-settings=\"{&quot;_animation&quot;:&quot;fadeInLeft&quot;}\" data-widget_type=\"image.default\">\n\t\t\t\t\t\t\t\t\t\t\t\t\t\t\t<img alt=\"\" loading=\"lazy\" decoding=\"async\" width=\"120\" height=\"202\" src=\"https:\/\/belgraf.com\/wp-content\/uploads\/2025\/08\/f006.webp\" class=\"attachment-full size-full wp-image-1080\" srcset=\"https:\/\/belgraf.com\/wp-content\/uploads\/2025\/08\/f006.webp 120w, https:\/\/belgraf.com\/wp-content\/uploads\/2025\/08\/f006-7x12.webp 7w\" sizes=\"(max-width: 120px) 100vw, 120px\" \/>\t\t\t\t\t\t\t\t\t\t\t\t\t\t\t<\/div>\n\t\t\t\t<\/div>\n\t\t<div class=\"elementor-element elementor-element-665ec99 e-con-full e-flex e-con e-child\" data-id=\"665ec99\" data-element_type=\"container\" data-e-type=\"container\">\n\t\t\t\t<div class=\"elementor-element elementor-element-7849247 elementor-widget elementor-widget-heading\" data-id=\"7849247\" data-element_type=\"widget\" data-e-type=\"widget\" data-widget_type=\"heading.default\">\n\t\t\t\t\t<h2 class=\"elementor-heading-title elementor-size-default\">RN METAL MARKER<\/h2>\t\t\t\t<\/div>\n\t\t\t\t<div class=\"elementor-element elementor-element-5a71348 elementor-widget-divider--view-line elementor-widget elementor-widget-divider\" data-id=\"5a71348\" data-element_type=\"widget\" data-e-type=\"widget\" data-widget_type=\"divider.default\">\n\t\t\t\t\t\t\t<div class=\"elementor-divider\">\n\t\t\t<span class=\"elementor-divider-separator\">\n\t\t\t\t\t\t<\/span>\n\t\t<\/div>\n\t\t\t\t\t\t<\/div>\n\t\t\t\t<div class=\"elementor-element elementor-element-65a9f88 elementor-widget elementor-widget-text-editor\" data-id=\"65a9f88\" data-element_type=\"widget\" data-e-type=\"widget\" data-widget_type=\"text-editor.default\">\n\t\t\t\t\t\t\t\t\t<p>El RN Metal Marker es un marcador de punta de bola recargable,que se utiliza para marcado en disntitas superficeies con una marca brillante y muy visible: Metal, madera, pl\u00e1stico, piedra, asfalto, etc.<br \/>Su tinta especial RNM, penetra en la grasa, aceite o herrumbre dejando una marca resistente e indeleble<br \/>Gama RNM: 10 colores; amarillo, blanco rojoo, negro, azul, verde, etc. 1 litro permite hasta 22 recargas.<br \/>El marcador se compone de un dep\u00f3sito de pl\u00e1stico flexible y la punta con v\u00e1lvula y bola. La salida de tinta se regula comprimiendo suavemente el envase.<\/p><p><em>A tener en cuenta: al intentar la utilizaci\u00f3n, secar la cabeza para limpiar el exceso de tinta y poner el capuch\u00f3n. En caso de que la tinta quede reseca, limpiar con un trapo y diluyente RNM.<\/em><\/p>\t\t\t\t\t\t\t\t<\/div>\n\t\t\t\t<\/div>\n\t\t\t\t\t<\/div>\n\t\t\t\t<\/div>\n\t\t\t\t<\/div>","protected":false},"excerpt":{"rendered":"<p>Marcadores manuales Marcadores manuales de tinta para m\u00faltiples superficies Marcadores manuales FIXOLID Marcadores manuales de punta de bola, con tinta [&hellip;]<\/p>\n","protected":false},"author":1,"featured_media":0,"parent":0,"menu_order":0,"comment_status":"closed","ping_status":"closed","template":"","meta":{"_seopress_robots_primary_cat":"","_seopress_titles_title":"","_seopress_titles_desc":"","_seopress_robots_index":"","site-sidebar-layout":"no-sidebar","site-content-layout":"","ast-site-content-layout":"full-width-container","site-content-style":"default","site-sidebar-style":"default","ast-global-header-display":"","ast-banner-title-visibility":"","ast-main-header-display":"","ast-hfb-above-header-display":"","ast-hfb-below-header-display":"","ast-hfb-mobile-header-display":"","site-post-title":"disabled","ast-breadcrumbs-content":"","ast-featured-img":"disabled","footer-sml-layout":"","ast-disable-related-posts":"","theme-transparent-header-meta":"","adv-header-id-meta":"","stick-header-meta":"","header-above-stick-meta":"","header-main-stick-meta":"","header-below-stick-meta":"","astra-migrate-meta-layouts":"default","ast-page-background-enabled":"default","ast-page-background-meta":{"desktop":{"background-color":"var(--ast-global-color-5)","background-image":"","background-repeat":"repeat","background-position":"center center","background-size":"auto","background-attachment":"scroll","background-type":"","background-media":"","overlay-type":"","overlay-color":"","overlay-opacity":"","overlay-gradient":""},"tablet":{"background-color":"","background-image":"","background-repeat":"repeat","background-position":"center center","background-size":"auto","background-attachment":"scroll","background-type":"","background-media":"","overlay-type":"","overlay-color":"","overlay-opacity":"","overlay-gradient":""},"mobile":{"background-color":"","background-image":"","background-repeat":"repeat","background-position":"center center","background-size":"auto","background-attachment":"scroll","background-type":"","background-media":"","overlay-type":"","overlay-color":"","overlay-opacity":"","overlay-gradient":""}},"ast-content-background-meta":{"desktop":{"background-color":"var(--ast-global-color-4)","background-image":"","background-repeat":"repeat","background-position":"center center","background-size":"auto","background-attachment":"scroll","background-type":"","background-media":"","overlay-type":"","overlay-color":"","overlay-opacity":"","overlay-gradient":""},"tablet":{"background-color":"var(--ast-global-color-4)","background-image":"","background-repeat":"repeat","background-position":"center center","background-size":"auto","background-attachment":"scroll","background-type":"","background-media":"","overlay-type":"","overlay-color":"","overlay-opacity":"","overlay-gradient":""},"mobile":{"background-color":"var(--ast-global-color-4)","background-image":"","background-repeat":"repeat","background-position":"center center","background-size":"auto","background-attachment":"scroll","background-type":"","background-media":"","overlay-type":"","overlay-color":"","overlay-opacity":"","overlay-gradient":""}},"footnotes":""},"class_list":["post-1071","page","type-page","status-publish","hentry"],"_links":{"self":[{"href":"https:\/\/belgraf.com\/en\/wp-json\/wp\/v2\/pages\/1071","targetHints":{"allow":["GET"]}}],"collection":[{"href":"https:\/\/belgraf.com\/en\/wp-json\/wp\/v2\/pages"}],"about":[{"href":"https:\/\/belgraf.com\/en\/wp-json\/wp\/v2\/types\/page"}],"author":[{"embeddable":true,"href":"https:\/\/belgraf.com\/en\/wp-json\/wp\/v2\/users\/1"}],"replies":[{"embeddable":true,"href":"https:\/\/belgraf.com\/en\/wp-json\/wp\/v2\/comments?post=1071"}],"version-history":[{"count":22,"href":"https:\/\/belgraf.com\/en\/wp-json\/wp\/v2\/pages\/1071\/revisions"}],"predecessor-version":[{"id":3236,"href":"https:\/\/belgraf.com\/en\/wp-json\/wp\/v2\/pages\/1071\/revisions\/3236"}],"wp:attachment":[{"href":"https:\/\/belgraf.com\/en\/wp-json\/wp\/v2\/media?parent=1071"}],"curies":[{"name":"wp","href":"https:\/\/api.w.org\/{rel}","templated":true}]}}