{"id":1115,"date":"2025-08-01T15:42:03","date_gmt":"2025-08-01T15:42:03","guid":{"rendered":"https:\/\/belgraf.com\/?page_id=1115"},"modified":"2025-08-08T23:07:50","modified_gmt":"2025-08-08T23:07:50","slug":"etiquetas","status":"publish","type":"page","link":"https:\/\/belgraf.com\/en\/etiquetas\/","title":{"rendered":"Etiquetas"},"content":{"rendered":"<div data-elementor-type=\"wp-page\" data-elementor-id=\"1115\" class=\"elementor elementor-1115\" data-elementor-post-type=\"page\">\n\t\t\t\t<div class=\"elementor-element elementor-element-06ce8bb e-flex e-con-boxed e-con e-parent\" data-id=\"06ce8bb\" data-element_type=\"container\" data-e-type=\"container\" data-settings=\"{&quot;background_background&quot;:&quot;classic&quot;}\">\n\t\t\t\t\t<div class=\"e-con-inner\">\n\t\t\t\t<div class=\"elementor-element elementor-element-11bb07e elementor-widget elementor-widget-heading\" data-id=\"11bb07e\" data-element_type=\"widget\" data-e-type=\"widget\" data-widget_type=\"heading.default\">\n\t\t\t\t\t<h1 class=\"elementor-heading-title elementor-size-default\">Etiquetas<\/h1>\t\t\t\t<\/div>\n\t\t\t\t\t<\/div>\n\t\t\t\t<\/div>\n\t\t<div class=\"elementor-element elementor-element-3e77913 e-flex e-con-boxed e-con e-parent\" data-id=\"3e77913\" data-element_type=\"container\" data-e-type=\"container\">\n\t\t\t\t\t<div class=\"e-con-inner\">\n\t\t<div class=\"elementor-element elementor-element-1f9fc95 e-con-full e-flex e-con e-child\" data-id=\"1f9fc95\" data-element_type=\"container\" data-e-type=\"container\">\n\t\t\t\t<div class=\"elementor-element elementor-element-ecded2d elementor-widget elementor-widget-image\" data-id=\"ecded2d\" data-element_type=\"widget\" data-e-type=\"widget\" data-widget_type=\"image.default\">\n\t\t\t\t\t\t\t\t\t\t\t\t\t\t\t<img alt=\"\" fetchpriority=\"high\" decoding=\"async\" width=\"980\" height=\"680\" src=\"https:\/\/belgraf.com\/wp-content\/uploads\/2025\/08\/etiquetas.webp\" class=\"attachment-large size-large wp-image-1122\" srcset=\"https:\/\/belgraf.com\/wp-content\/uploads\/2025\/08\/etiquetas.webp 980w, https:\/\/belgraf.com\/wp-content\/uploads\/2025\/08\/etiquetas-300x208.webp 300w, https:\/\/belgraf.com\/wp-content\/uploads\/2025\/08\/etiquetas-768x533.webp 768w, https:\/\/belgraf.com\/wp-content\/uploads\/2025\/08\/etiquetas-18x12.webp 18w\" sizes=\"(max-width: 980px) 100vw, 980px\" \/>\t\t\t\t\t\t\t\t\t\t\t\t\t\t\t<\/div>\n\t\t\t\t<\/div>\n\t\t<div class=\"elementor-element elementor-element-1a6ec9c e-con-full e-flex e-con e-child\" data-id=\"1a6ec9c\" data-element_type=\"container\" data-e-type=\"container\">\n\t\t\t\t<div class=\"elementor-element elementor-element-b6c6872 elementor-widget elementor-widget-heading\" data-id=\"b6c6872\" data-element_type=\"widget\" data-e-type=\"widget\" data-widget_type=\"heading.default\">\n\t\t\t\t\t<h2 class=\"elementor-heading-title elementor-size-default\">Etiquetas<\/h2>\t\t\t\t<\/div>\n\t\t\t\t<div class=\"elementor-element elementor-element-68a0098 elementor-widget elementor-widget-text-editor\" data-id=\"68a0098\" data-element_type=\"widget\" data-e-type=\"widget\" data-widget_type=\"text-editor.default\">\n\t\t\t\t\t\t\t\t\t<ul><li>Etiquetas autoadhesivas<\/li><li>Etiquetas t\u00e9rmicas<\/li><li>Etiquetas t\u00e9rmicas con protecci\u00f3n<\/li><li>Etiquetas pl\u00e1sticas<\/li><li>Etiquetas laminadas<\/li><li>Etiquetas en papel couche<\/li><li>Etiquetas especiales para aplicaciones a medida<\/li><li>Distintos tipos de acabados y adhesivos<\/li><\/ul>\t\t\t\t\t\t\t\t<\/div>\n\t\t\t\t<div class=\"elementor-element elementor-element-3c4e3af elementor-widget elementor-widget-heading\" data-id=\"3c4e3af\" data-element_type=\"widget\" data-e-type=\"widget\" data-widget_type=\"heading.default\">\n\t\t\t\t\t<h2 class=\"elementor-heading-title elementor-size-default\">Etiquetas preimpresas y en color\nEtiquetas especiales para el sector textil<\/h2>\t\t\t\t<\/div>\n\t\t\t\t<\/div>\n\t\t\t\t\t<\/div>\n\t\t\t\t<\/div>\n\t\t<div class=\"elementor-element elementor-element-c7598aa e-con-full e-flex e-con e-child\" data-id=\"c7598aa\" data-element_type=\"container\" data-e-type=\"container\">\n\t\t<div class=\"elementor-element elementor-element-a65fde8 e-con-full e-flex e-con e-child\" data-id=\"a65fde8\" data-element_type=\"container\" data-e-type=\"container\">\n\t\t\t\t<div class=\"elementor-element elementor-element-0d3defb elementor-widget elementor-widget-text-editor\" data-id=\"0d3defb\" data-element_type=\"widget\" data-e-type=\"widget\" data-widget_type=\"text-editor.default\">\n\t\t\t\t\t\t\t\t\t<p>Utilice nuestro formulario de\u00a0<a href=\"https:\/\/belgraf.com\/en\/contacto\/\">contacto<\/a>\u00a0para indicarnos sus necesidades de etiquetas y le enviaremos informaci\u00f3n y presupuesto.<\/p>\t\t\t\t\t\t\t\t<\/div>\n\t\t\t\t<\/div>\n\t\t\t\t<\/div>\n\t\t\t\t<\/div>","protected":false},"excerpt":{"rendered":"<p>Etiquetas Etiquetas Etiquetas autoadhesivas Etiquetas t\u00e9rmicas Etiquetas t\u00e9rmicas con protecci\u00f3n Etiquetas pl\u00e1sticas Etiquetas laminadas Etiquetas en papel couche Etiquetas especiales [&hellip;]<\/p>\n","protected":false},"author":1,"featured_media":0,"parent":0,"menu_order":0,"comment_status":"closed","ping_status":"closed","template":"","meta":{"_seopress_robots_primary_cat":"","_seopress_titles_title":"","_seopress_titles_desc":"","_seopress_robots_index":"","site-sidebar-layout":"no-sidebar","site-content-layout":"","ast-site-content-layout":"full-width-container","site-content-style":"default","site-sidebar-style":"default","ast-global-header-display":"","ast-banner-title-visibility":"","ast-main-header-display":"","ast-hfb-above-header-display":"","ast-hfb-below-header-display":"","ast-hfb-mobile-header-display":"","site-post-title":"disabled","ast-breadcrumbs-content":"","ast-featured-img":"disabled","footer-sml-layout":"","ast-disable-related-posts":"","theme-transparent-header-meta":"","adv-header-id-meta":"","stick-header-meta":"","header-above-stick-meta":"","header-main-stick-meta":"","header-below-stick-meta":"","astra-migrate-meta-layouts":"default","ast-page-background-enabled":"default","ast-page-background-meta":{"desktop":{"background-color":"var(--ast-global-color-5)","background-image":"","background-repeat":"repeat","background-position":"center center","background-size":"auto","background-attachment":"scroll","background-type":"","background-media":"","overlay-type":"","overlay-color":"","overlay-opacity":"","overlay-gradient":""},"tablet":{"background-color":"","background-image":"","background-repeat":"repeat","background-position":"center center","background-size":"auto","background-attachment":"scroll","background-type":"","background-media":"","overlay-type":"","overlay-color":"","overlay-opacity":"","overlay-gradient":""},"mobile":{"background-color":"","background-image":"","background-repeat":"repeat","background-position":"center center","background-size":"auto","background-attachment":"scroll","background-type":"","background-media":"","overlay-type":"","overlay-color":"","overlay-opacity":"","overlay-gradient":""}},"ast-content-background-meta":{"desktop":{"background-color":"var(--ast-global-color-4)","background-image":"","background-repeat":"repeat","background-position":"center center","background-size":"auto","background-attachment":"scroll","background-type":"","background-media":"","overlay-type":"","overlay-color":"","overlay-opacity":"","overlay-gradient":""},"tablet":{"background-color":"var(--ast-global-color-4)","background-image":"","background-repeat":"repeat","background-position":"center center","background-size":"auto","background-attachment":"scroll","background-type":"","background-media":"","overlay-type":"","overlay-color":"","overlay-opacity":"","overlay-gradient":""},"mobile":{"background-color":"var(--ast-global-color-4)","background-image":"","background-repeat":"repeat","background-position":"center center","background-size":"auto","background-attachment":"scroll","background-type":"","background-media":"","overlay-type":"","overlay-color":"","overlay-opacity":"","overlay-gradient":""}},"footnotes":""},"class_list":["post-1115","page","type-page","status-publish","hentry"],"_links":{"self":[{"href":"https:\/\/belgraf.com\/en\/wp-json\/wp\/v2\/pages\/1115","targetHints":{"allow":["GET"]}}],"collection":[{"href":"https:\/\/belgraf.com\/en\/wp-json\/wp\/v2\/pages"}],"about":[{"href":"https:\/\/belgraf.com\/en\/wp-json\/wp\/v2\/types\/page"}],"author":[{"embeddable":true,"href":"https:\/\/belgraf.com\/en\/wp-json\/wp\/v2\/users\/1"}],"replies":[{"embeddable":true,"href":"https:\/\/belgraf.com\/en\/wp-json\/wp\/v2\/comments?post=1115"}],"version-history":[{"count":16,"href":"https:\/\/belgraf.com\/en\/wp-json\/wp\/v2\/pages\/1115\/revisions"}],"predecessor-version":[{"id":2545,"href":"https:\/\/belgraf.com\/en\/wp-json\/wp\/v2\/pages\/1115\/revisions\/2545"}],"wp:attachment":[{"href":"https:\/\/belgraf.com\/en\/wp-json\/wp\/v2\/media?parent=1115"}],"curies":[{"name":"wp","href":"https:\/\/api.w.org\/{rel}","templated":true}]}}