{"id":119,"date":"2025-07-29T16:36:58","date_gmt":"2025-07-29T16:36:58","guid":{"rendered":"https:\/\/belgraf.com\/?page_id=119"},"modified":"2025-07-29T18:47:07","modified_gmt":"2025-07-29T18:47:07","slug":"avicola","status":"publish","type":"page","link":"https:\/\/belgraf.com\/en\/avicola\/","title":{"rendered":"Av\u00edcola"},"content":{"rendered":"<div data-elementor-type=\"wp-page\" data-elementor-id=\"119\" class=\"elementor elementor-119\" data-elementor-post-type=\"page\">\n\t\t\t\t<div class=\"elementor-element elementor-element-06ce8bb e-flex e-con-boxed e-con e-parent\" data-id=\"06ce8bb\" data-element_type=\"container\" data-e-type=\"container\" data-settings=\"{&quot;background_background&quot;:&quot;classic&quot;}\">\n\t\t\t\t\t<div class=\"e-con-inner\">\n\t\t\t\t<div class=\"elementor-element elementor-element-11bb07e elementor-widget elementor-widget-heading\" data-id=\"11bb07e\" data-element_type=\"widget\" data-e-type=\"widget\" data-widget_type=\"heading.default\">\n\t\t\t\t\t<h1 class=\"elementor-heading-title elementor-size-default\">Av\u00edcola<\/h1>\t\t\t\t<\/div>\n\t\t\t\t\t<\/div>\n\t\t\t\t<\/div>\n\t\t<div class=\"elementor-element elementor-element-68610217 e-flex e-con-boxed e-con e-parent\" data-id=\"68610217\" data-element_type=\"container\" data-e-type=\"container\">\n\t\t\t\t\t<div class=\"e-con-inner\">\n\t\t<div class=\"elementor-element elementor-element-1d6df795 e-con-full e-flex e-con e-child\" data-id=\"1d6df795\" data-element_type=\"container\" data-e-type=\"container\">\n\t\t\t\t<div class=\"elementor-element elementor-element-6b3a6434 elementor-widget elementor-widget-heading\" data-id=\"6b3a6434\" data-element_type=\"widget\" data-e-type=\"widget\" data-widget_type=\"heading.default\">\n\t\t\t\t\t<h2 class=\"elementor-heading-title elementor-size-default\">Marcaje av\u00edcola: Impresoras de huevos<\/h2>\t\t\t\t<\/div>\n\t\t\t\t<div class=\"elementor-element elementor-element-5d7e5c4a elementor-widget elementor-widget-text-editor\" data-id=\"5d7e5c4a\" data-element_type=\"widget\" data-e-type=\"widget\" data-widget_type=\"text-editor.default\">\n\t\t\t\t\t\t\t\t\t<p>En Belgraf disponemos de m\u00faltiples soluciones para el marcaje industrial del sector av\u00edcola.<\/p><p>El marcaje de huevos es un proceso importante con importantes exigencias alimentarias y sanitarias, por lo que es imprescindible llevarlo a cabo con la confianza de contar con el mejor equipo de marcaje industrial.<\/p><p>Marcadoras de huevos, tampones y otras soluciones de codificaci\u00f3n y trazabilidad para el sector av\u00edcola con posibilidad de integrarlas en las clasificadoras para automatizar el marcado de los mismos.<\/p>\t\t\t\t\t\t\t\t<\/div>\n\t\t\t\t<\/div>\n\t\t\t\t\t<\/div>\n\t\t\t\t<\/div>\n\t\t<div class=\"elementor-element elementor-element-3e77913 e-flex e-con-boxed e-con e-parent\" data-id=\"3e77913\" data-element_type=\"container\" data-e-type=\"container\">\n\t\t\t\t\t<div class=\"e-con-inner\">\n\t\t<div class=\"elementor-element elementor-element-fd676d2 e-con-full e-flex e-con e-child\" data-id=\"fd676d2\" data-element_type=\"container\" data-e-type=\"container\">\n\t\t\t\t<div class=\"elementor-element elementor-element-716f138 elementor-widget__width-auto elementor-skin-carousel elementor-arrows-yes elementor-widget elementor-widget-media-carousel\" data-id=\"716f138\" data-element_type=\"widget\" data-e-type=\"widget\" data-settings=\"{&quot;slides_per_view&quot;:&quot;1&quot;,&quot;speed&quot;:1000,&quot;skin&quot;:&quot;carousel&quot;,&quot;effect&quot;:&quot;slide&quot;,&quot;show_arrows&quot;:&quot;yes&quot;,&quot;autoplay&quot;:&quot;yes&quot;,&quot;autoplay_speed&quot;:5000,&quot;loop&quot;:&quot;yes&quot;,&quot;pause_on_hover&quot;:&quot;yes&quot;,&quot;pause_on_interaction&quot;:&quot;yes&quot;,&quot;space_between&quot;:{&quot;unit&quot;:&quot;px&quot;,&quot;size&quot;:10,&quot;sizes&quot;:[]},&quot;space_between_tablet&quot;:{&quot;unit&quot;:&quot;px&quot;,&quot;size&quot;:10,&quot;sizes&quot;:[]},&quot;space_between_mobile&quot;:{&quot;unit&quot;:&quot;px&quot;,&quot;size&quot;:10,&quot;sizes&quot;:[]}}\" data-widget_type=\"media-carousel.default\">\n\t\t\t\t\t\t\t\t\t\t<div class=\"elementor-main-swiper swiper\" role=\"region\" aria-roledescription=\"carousel\" aria-label=\"Slides\">\n\t\t\t\t<div class=\"swiper-wrapper\">\n\t\t\t\t\t\t\t\t\t\t\t<div class=\"swiper-slide\" role=\"group\" aria-roledescription=\"slide\">\n\t\t\t\t\t\t\t<a href=\"https:\/\/belgraf.com\/wp-content\/uploads\/2025\/07\/sectores8.webp\" data-elementor-open-lightbox=\"yes\" data-elementor-lightbox-slideshow=\"716f138\" data-elementor-lightbox-title=\"sectores8\" data-e-action-hash=\"#elementor-action%3Aaction%3Dlightbox%26settings%3DeyJpZCI6MTI0LCJ1cmwiOiJodHRwczpcL1wvYmVsZ3JhZi5jb21cL3dwLWNvbnRlbnRcL3VwbG9hZHNcLzIwMjVcLzA3XC9zZWN0b3Jlczgud2VicCIsInNsaWRlc2hvdyI6IjcxNmYxMzgifQ%3D%3D\">\t\t<div class=\"elementor-carousel-image\" role=\"img\" aria-label=\"sectores8\" style=\"background-image: url(&#039;https:\/\/belgraf.com\/wp-content\/uploads\/2025\/07\/sectores8.webp&#039;)\">\n\n\t\t\t\n\t\t\t\t\t<\/div>\n\t\t<\/a>\t\t\t\t\t\t<\/div>\n\t\t\t\t\t\t\t\t\t\t\t<div class=\"swiper-slide\" role=\"group\" aria-roledescription=\"slide\">\n\t\t\t\t\t\t\t<a href=\"https:\/\/belgraf.com\/wp-content\/uploads\/2025\/07\/sectores11.webp\" data-elementor-open-lightbox=\"yes\" data-elementor-lightbox-slideshow=\"716f138\" data-elementor-lightbox-title=\"sectores11\" data-e-action-hash=\"#elementor-action%3Aaction%3Dlightbox%26settings%3DeyJpZCI6MTI1LCJ1cmwiOiJodHRwczpcL1wvYmVsZ3JhZi5jb21cL3dwLWNvbnRlbnRcL3VwbG9hZHNcLzIwMjVcLzA3XC9zZWN0b3JlczExLndlYnAiLCJzbGlkZXNob3ciOiI3MTZmMTM4In0%3D\">\t\t<div class=\"elementor-carousel-image\" role=\"img\" aria-label=\"sectores11\" style=\"background-image: url(&#039;https:\/\/belgraf.com\/wp-content\/uploads\/2025\/07\/sectores11.webp&#039;)\">\n\n\t\t\t\n\t\t\t\t\t<\/div>\n\t\t<\/a>\t\t\t\t\t\t<\/div>\n\t\t\t\t\t\t\t\t\t\t\t<div class=\"swiper-slide\" role=\"group\" aria-roledescription=\"slide\">\n\t\t\t\t\t\t\t<a href=\"https:\/\/belgraf.com\/wp-content\/uploads\/2025\/07\/sectores5.webp\" data-elementor-open-lightbox=\"yes\" data-elementor-lightbox-slideshow=\"716f138\" data-elementor-lightbox-title=\"sectores5\" data-e-action-hash=\"#elementor-action%3Aaction%3Dlightbox%26settings%3DeyJpZCI6MTI2LCJ1cmwiOiJodHRwczpcL1wvYmVsZ3JhZi5jb21cL3dwLWNvbnRlbnRcL3VwbG9hZHNcLzIwMjVcLzA3XC9zZWN0b3JlczUud2VicCIsInNsaWRlc2hvdyI6IjcxNmYxMzgifQ%3D%3D\">\t\t<div class=\"elementor-carousel-image\" role=\"img\" aria-label=\"sectores5\" style=\"background-image: url(&#039;https:\/\/belgraf.com\/wp-content\/uploads\/2025\/07\/sectores5.webp&#039;)\">\n\n\t\t\t\n\t\t\t\t\t<\/div>\n\t\t<\/a>\t\t\t\t\t\t<\/div>\n\t\t\t\t\t\t\t\t\t\t\t<div class=\"swiper-slide\" role=\"group\" aria-roledescription=\"slide\">\n\t\t\t\t\t\t\t<a href=\"https:\/\/belgraf.com\/wp-content\/uploads\/2025\/07\/sectores9.webp\" data-elementor-open-lightbox=\"yes\" data-elementor-lightbox-slideshow=\"716f138\" data-elementor-lightbox-title=\"sectores9\" data-e-action-hash=\"#elementor-action%3Aaction%3Dlightbox%26settings%3DeyJpZCI6MTI3LCJ1cmwiOiJodHRwczpcL1wvYmVsZ3JhZi5jb21cL3dwLWNvbnRlbnRcL3VwbG9hZHNcLzIwMjVcLzA3XC9zZWN0b3Jlczkud2VicCIsInNsaWRlc2hvdyI6IjcxNmYxMzgifQ%3D%3D\">\t\t<div class=\"elementor-carousel-image\" role=\"img\" aria-label=\"sectores9\" style=\"background-image: url(&#039;https:\/\/belgraf.com\/wp-content\/uploads\/2025\/07\/sectores9.webp&#039;)\">\n\n\t\t\t\n\t\t\t\t\t<\/div>\n\t\t<\/a>\t\t\t\t\t\t<\/div>\n\t\t\t\t\t\t\t\t\t\t\t<div class=\"swiper-slide\" role=\"group\" aria-roledescription=\"slide\">\n\t\t\t\t\t\t\t<a href=\"https:\/\/belgraf.com\/wp-content\/uploads\/2025\/07\/sectores12.webp\" data-elementor-open-lightbox=\"yes\" data-elementor-lightbox-slideshow=\"716f138\" data-elementor-lightbox-title=\"sectores12\" data-e-action-hash=\"#elementor-action%3Aaction%3Dlightbox%26settings%3DeyJpZCI6MTI4LCJ1cmwiOiJodHRwczpcL1wvYmVsZ3JhZi5jb21cL3dwLWNvbnRlbnRcL3VwbG9hZHNcLzIwMjVcLzA3XC9zZWN0b3JlczEyLndlYnAiLCJzbGlkZXNob3ciOiI3MTZmMTM4In0%3D\">\t\t<div class=\"elementor-carousel-image\" role=\"img\" aria-label=\"sectores12\" style=\"background-image: url(&#039;https:\/\/belgraf.com\/wp-content\/uploads\/2025\/07\/sectores12.webp&#039;)\">\n\n\t\t\t\n\t\t\t\t\t<\/div>\n\t\t<\/a>\t\t\t\t\t\t<\/div>\n\t\t\t\t\t\t\t\t\t\t\t<div class=\"swiper-slide\" role=\"group\" aria-roledescription=\"slide\">\n\t\t\t\t\t\t\t<a href=\"https:\/\/belgraf.com\/wp-content\/uploads\/2025\/07\/sectores1.webp\" data-elementor-open-lightbox=\"yes\" data-elementor-lightbox-slideshow=\"716f138\" data-elementor-lightbox-title=\"sectores1\" data-e-action-hash=\"#elementor-action%3Aaction%3Dlightbox%26settings%3DeyJpZCI6MTI5LCJ1cmwiOiJodHRwczpcL1wvYmVsZ3JhZi5jb21cL3dwLWNvbnRlbnRcL3VwbG9hZHNcLzIwMjVcLzA3XC9zZWN0b3JlczEud2VicCIsInNsaWRlc2hvdyI6IjcxNmYxMzgifQ%3D%3D\">\t\t<div class=\"elementor-carousel-image\" role=\"img\" aria-label=\"sectores1\" style=\"background-image: url(&#039;https:\/\/belgraf.com\/wp-content\/uploads\/2025\/07\/sectores1.webp&#039;)\">\n\n\t\t\t\n\t\t\t\t\t<\/div>\n\t\t<\/a>\t\t\t\t\t\t<\/div>\n\t\t\t\t\t\t\t\t\t\t\t<div class=\"swiper-slide\" role=\"group\" aria-roledescription=\"slide\">\n\t\t\t\t\t\t\t<a href=\"https:\/\/belgraf.com\/wp-content\/uploads\/2025\/07\/sectores3.webp\" data-elementor-open-lightbox=\"yes\" data-elementor-lightbox-slideshow=\"716f138\" data-elementor-lightbox-title=\"sectores3\" data-e-action-hash=\"#elementor-action%3Aaction%3Dlightbox%26settings%3DeyJpZCI6MTMwLCJ1cmwiOiJodHRwczpcL1wvYmVsZ3JhZi5jb21cL3dwLWNvbnRlbnRcL3VwbG9hZHNcLzIwMjVcLzA3XC9zZWN0b3JlczMud2VicCIsInNsaWRlc2hvdyI6IjcxNmYxMzgifQ%3D%3D\">\t\t<div class=\"elementor-carousel-image\" role=\"img\" aria-label=\"sectores3\" style=\"background-image: url(&#039;https:\/\/belgraf.com\/wp-content\/uploads\/2025\/07\/sectores3.webp&#039;)\">\n\n\t\t\t\n\t\t\t\t\t<\/div>\n\t\t<\/a>\t\t\t\t\t\t<\/div>\n\t\t\t\t\t\t\t\t\t\t\t<div class=\"swiper-slide\" role=\"group\" aria-roledescription=\"slide\">\n\t\t\t\t\t\t\t<a href=\"https:\/\/belgraf.com\/wp-content\/uploads\/2025\/07\/sectores6.webp\" data-elementor-open-lightbox=\"yes\" data-elementor-lightbox-slideshow=\"716f138\" data-elementor-lightbox-title=\"sectores6\" data-e-action-hash=\"#elementor-action%3Aaction%3Dlightbox%26settings%3DeyJpZCI6MTMxLCJ1cmwiOiJodHRwczpcL1wvYmVsZ3JhZi5jb21cL3dwLWNvbnRlbnRcL3VwbG9hZHNcLzIwMjVcLzA3XC9zZWN0b3JlczYud2VicCIsInNsaWRlc2hvdyI6IjcxNmYxMzgifQ%3D%3D\">\t\t<div class=\"elementor-carousel-image\" role=\"img\" aria-label=\"sectores6\" style=\"background-image: url(&#039;https:\/\/belgraf.com\/wp-content\/uploads\/2025\/07\/sectores6.webp&#039;)\">\n\n\t\t\t\n\t\t\t\t\t<\/div>\n\t\t<\/a>\t\t\t\t\t\t<\/div>\n\t\t\t\t\t\t\t\t\t\t\t<div class=\"swiper-slide\" role=\"group\" aria-roledescription=\"slide\">\n\t\t\t\t\t\t\t<a href=\"https:\/\/belgraf.com\/wp-content\/uploads\/2025\/07\/sectores2.webp\" data-elementor-open-lightbox=\"yes\" data-elementor-lightbox-slideshow=\"716f138\" data-elementor-lightbox-title=\"sectores2\" data-e-action-hash=\"#elementor-action%3Aaction%3Dlightbox%26settings%3DeyJpZCI6MTMyLCJ1cmwiOiJodHRwczpcL1wvYmVsZ3JhZi5jb21cL3dwLWNvbnRlbnRcL3VwbG9hZHNcLzIwMjVcLzA3XC9zZWN0b3JlczIud2VicCIsInNsaWRlc2hvdyI6IjcxNmYxMzgifQ%3D%3D\">\t\t<div class=\"elementor-carousel-image\" role=\"img\" aria-label=\"sectores2\" style=\"background-image: url(&#039;https:\/\/belgraf.com\/wp-content\/uploads\/2025\/07\/sectores2.webp&#039;)\">\n\n\t\t\t\n\t\t\t\t\t<\/div>\n\t\t<\/a>\t\t\t\t\t\t<\/div>\n\t\t\t\t\t\t\t\t\t\t\t<div class=\"swiper-slide\" role=\"group\" aria-roledescription=\"slide\">\n\t\t\t\t\t\t\t<a href=\"https:\/\/belgraf.com\/wp-content\/uploads\/2025\/07\/sectores10.webp\" data-elementor-open-lightbox=\"yes\" data-elementor-lightbox-slideshow=\"716f138\" data-elementor-lightbox-title=\"sectores10\" data-e-action-hash=\"#elementor-action%3Aaction%3Dlightbox%26settings%3DeyJpZCI6MTMzLCJ1cmwiOiJodHRwczpcL1wvYmVsZ3JhZi5jb21cL3dwLWNvbnRlbnRcL3VwbG9hZHNcLzIwMjVcLzA3XC9zZWN0b3JlczEwLndlYnAiLCJzbGlkZXNob3ciOiI3MTZmMTM4In0%3D\">\t\t<div class=\"elementor-carousel-image\" role=\"img\" aria-label=\"sectores10\" style=\"background-image: url(&#039;https:\/\/belgraf.com\/wp-content\/uploads\/2025\/07\/sectores10.webp&#039;)\">\n\n\t\t\t\n\t\t\t\t\t<\/div>\n\t\t<\/a>\t\t\t\t\t\t<\/div>\n\t\t\t\t\t\t\t\t\t\t\t<div class=\"swiper-slide\" role=\"group\" aria-roledescription=\"slide\">\n\t\t\t\t\t\t\t<a href=\"https:\/\/belgraf.com\/wp-content\/uploads\/2025\/07\/sectores7.webp\" data-elementor-open-lightbox=\"yes\" data-elementor-lightbox-slideshow=\"716f138\" data-elementor-lightbox-title=\"sectores7\" data-e-action-hash=\"#elementor-action%3Aaction%3Dlightbox%26settings%3DeyJpZCI6MTM0LCJ1cmwiOiJodHRwczpcL1wvYmVsZ3JhZi5jb21cL3dwLWNvbnRlbnRcL3VwbG9hZHNcLzIwMjVcLzA3XC9zZWN0b3Jlczcud2VicCIsInNsaWRlc2hvdyI6IjcxNmYxMzgifQ%3D%3D\">\t\t<div class=\"elementor-carousel-image\" role=\"img\" aria-label=\"sectores7\" style=\"background-image: url(&#039;https:\/\/belgraf.com\/wp-content\/uploads\/2025\/07\/sectores7.webp&#039;)\">\n\n\t\t\t\n\t\t\t\t\t<\/div>\n\t\t<\/a>\t\t\t\t\t\t<\/div>\n\t\t\t\t\t\t\t\t\t\t\t<div class=\"swiper-slide\" role=\"group\" aria-roledescription=\"slide\">\n\t\t\t\t\t\t\t<a href=\"https:\/\/belgraf.com\/wp-content\/uploads\/2025\/07\/sectores6-1.webp\" data-elementor-open-lightbox=\"yes\" data-elementor-lightbox-slideshow=\"716f138\" data-elementor-lightbox-title=\"sectores6 (1)\" data-e-action-hash=\"#elementor-action%3Aaction%3Dlightbox%26settings%3DeyJpZCI6MTM1LCJ1cmwiOiJodHRwczpcL1wvYmVsZ3JhZi5jb21cL3dwLWNvbnRlbnRcL3VwbG9hZHNcLzIwMjVcLzA3XC9zZWN0b3JlczYtMS53ZWJwIiwic2xpZGVzaG93IjoiNzE2ZjEzOCJ9\">\t\t<div class=\"elementor-carousel-image\" role=\"img\" aria-label=\"sectores6 (1)\" style=\"background-image: url(&#039;https:\/\/belgraf.com\/wp-content\/uploads\/2025\/07\/sectores6-1.webp&#039;)\">\n\n\t\t\t\n\t\t\t\t\t<\/div>\n\t\t<\/a>\t\t\t\t\t\t<\/div>\n\t\t\t\t\t\t\t\t\t<\/div>\n\t\t\t\t\t\t\t\t\t\t\t\t\t\t\t<div class=\"elementor-swiper-button elementor-swiper-button-prev\" role=\"button\" tabindex=\"0\" aria-label=\"Previous\">\n\t\t\t\t\t\t\t<svg aria-hidden=\"true\" class=\"e-font-icon-svg e-eicon-chevron-left\" viewbox=\"0 0 1000 1000\" xmlns=\"http:\/\/www.w3.org\/2000\/svg\"><path d=\"M646 125C629 125 613 133 604 142L308 442C296 454 292 471 292 487 292 504 296 521 308 533L604 854C617 867 629 875 646 875 663 875 679 871 692 858 704 846 713 829 713 812 713 796 708 779 692 767L438 487 692 225C700 217 708 204 708 187 708 171 704 154 692 142 675 129 663 125 646 125Z\"><\/path><\/svg>\t\t\t\t\t\t<\/div>\n\t\t\t\t\t\t<div class=\"elementor-swiper-button elementor-swiper-button-next\" role=\"button\" tabindex=\"0\" aria-label=\"Next\">\n\t\t\t\t\t\t\t<svg aria-hidden=\"true\" class=\"e-font-icon-svg e-eicon-chevron-right\" viewbox=\"0 0 1000 1000\" xmlns=\"http:\/\/www.w3.org\/2000\/svg\"><path d=\"M696 533C708 521 713 504 713 487 713 471 708 454 696 446L400 146C388 133 375 125 354 125 338 125 325 129 313 142 300 154 292 171 292 187 292 204 296 221 308 233L563 492 304 771C292 783 288 800 288 817 288 833 296 850 308 863 321 871 338 875 354 875 371 875 388 867 400 854L696 533Z\"><\/path><\/svg>\t\t\t\t\t\t<\/div>\n\t\t\t\t\t\t\t\t\t\t\t\t\t\t\t\t\t<\/div>\n\t\t\t\t\t\t\t\t<\/div>\n\t\t\t\t<\/div>\n\t\t<div class=\"elementor-element elementor-element-1a6ec9c e-con-full e-flex e-con e-child\" data-id=\"1a6ec9c\" data-element_type=\"container\" data-e-type=\"container\">\n\t\t\t\t<div class=\"elementor-element elementor-element-b6c6872 elementor-widget elementor-widget-heading\" data-id=\"b6c6872\" data-element_type=\"widget\" data-e-type=\"widget\" data-widget_type=\"heading.default\">\n\t\t\t\t\t<h2 class=\"elementor-heading-title elementor-size-default\">Aplicaciones y consumibles espec\u00edficos para los sectores<\/h2>\t\t\t\t<\/div>\n\t\t\t\t<div class=\"elementor-element elementor-element-68a0098 elementor-widget elementor-widget-text-editor\" data-id=\"68a0098\" data-element_type=\"widget\" data-e-type=\"widget\" data-widget_type=\"text-editor.default\">\n\t\t\t\t\t\t\t\t\t<ul><li>C\u00e1rnico<\/li><li>Farmac\u00e9utico<\/li><li>Bodegas<\/li><li>Avicola<\/li><li>Productores de huevos<\/li><li>Conserveros<\/li><li>Congelados<\/li><\/ul>\t\t\t\t\t\t\t\t<\/div>\n\t\t\t\t<\/div>\n\t\t\t\t\t<\/div>\n\t\t\t\t<\/div>\n\t\t\t\t<\/div>","protected":false},"excerpt":{"rendered":"<p>Av\u00edcola Marcaje av\u00edcola: Impresoras de huevos En Belgraf disponemos de m\u00faltiples soluciones para el marcaje industrial del sector av\u00edcola. El [&hellip;]<\/p>\n","protected":false},"author":1,"featured_media":0,"parent":0,"menu_order":0,"comment_status":"closed","ping_status":"closed","template":"","meta":{"_seopress_robots_primary_cat":"","_seopress_titles_title":"","_seopress_titles_desc":"","_seopress_robots_index":"","site-sidebar-layout":"no-sidebar","site-content-layout":"","ast-site-content-layout":"full-width-container","site-content-style":"default","site-sidebar-style":"default","ast-global-header-display":"","ast-banner-title-visibility":"","ast-main-header-display":"","ast-hfb-above-header-display":"","ast-hfb-below-header-display":"","ast-hfb-mobile-header-display":"","site-post-title":"disabled","ast-breadcrumbs-content":"","ast-featured-img":"disabled","footer-sml-layout":"","ast-disable-related-posts":"","theme-transparent-header-meta":"","adv-header-id-meta":"","stick-header-meta":"","header-above-stick-meta":"","header-main-stick-meta":"","header-below-stick-meta":"","astra-migrate-meta-layouts":"default","ast-page-background-enabled":"default","ast-page-background-meta":{"desktop":{"background-color":"var(--ast-global-color-5)","background-image":"","background-repeat":"repeat","background-position":"center center","background-size":"auto","background-attachment":"scroll","background-type":"","background-media":"","overlay-type":"","overlay-color":"","overlay-opacity":"","overlay-gradient":""},"tablet":{"background-color":"","background-image":"","background-repeat":"repeat","background-position":"center center","background-size":"auto","background-attachment":"scroll","background-type":"","background-media":"","overlay-type":"","overlay-color":"","overlay-opacity":"","overlay-gradient":""},"mobile":{"background-color":"","background-image":"","background-repeat":"repeat","background-position":"center center","background-size":"auto","background-attachment":"scroll","background-type":"","background-media":"","overlay-type":"","overlay-color":"","overlay-opacity":"","overlay-gradient":""}},"ast-content-background-meta":{"desktop":{"background-color":"var(--ast-global-color-4)","background-image":"","background-repeat":"repeat","background-position":"center center","background-size":"auto","background-attachment":"scroll","background-type":"","background-media":"","overlay-type":"","overlay-color":"","overlay-opacity":"","overlay-gradient":""},"tablet":{"background-color":"var(--ast-global-color-4)","background-image":"","background-repeat":"repeat","background-position":"center center","background-size":"auto","background-attachment":"scroll","background-type":"","background-media":"","overlay-type":"","overlay-color":"","overlay-opacity":"","overlay-gradient":""},"mobile":{"background-color":"var(--ast-global-color-4)","background-image":"","background-repeat":"repeat","background-position":"center center","background-size":"auto","background-attachment":"scroll","background-type":"","background-media":"","overlay-type":"","overlay-color":"","overlay-opacity":"","overlay-gradient":""}},"footnotes":""},"class_list":["post-119","page","type-page","status-publish","hentry"],"_links":{"self":[{"href":"https:\/\/belgraf.com\/en\/wp-json\/wp\/v2\/pages\/119","targetHints":{"allow":["GET"]}}],"collection":[{"href":"https:\/\/belgraf.com\/en\/wp-json\/wp\/v2\/pages"}],"about":[{"href":"https:\/\/belgraf.com\/en\/wp-json\/wp\/v2\/types\/page"}],"author":[{"embeddable":true,"href":"https:\/\/belgraf.com\/en\/wp-json\/wp\/v2\/users\/1"}],"replies":[{"embeddable":true,"href":"https:\/\/belgraf.com\/en\/wp-json\/wp\/v2\/comments?post=119"}],"version-history":[{"count":52,"href":"https:\/\/belgraf.com\/en\/wp-json\/wp\/v2\/pages\/119\/revisions"}],"predecessor-version":[{"id":301,"href":"https:\/\/belgraf.com\/en\/wp-json\/wp\/v2\/pages\/119\/revisions\/301"}],"wp:attachment":[{"href":"https:\/\/belgraf.com\/en\/wp-json\/wp\/v2\/media?parent=119"}],"curies":[{"name":"wp","href":"https:\/\/api.w.org\/{rel}","templated":true}]}}