{"id":1228,"date":"2025-08-01T21:32:06","date_gmt":"2025-08-01T21:32:06","guid":{"rendered":"https:\/\/belgraf.com\/?page_id=1228"},"modified":"2025-08-08T23:36:16","modified_gmt":"2025-08-08T23:36:16","slug":"mach1-mach2","status":"publish","type":"page","link":"https:\/\/belgraf.com\/en\/impresoras-de-etiquetas\/impresoras-cab\/mach1-mach2\/","title":{"rendered":"Impresoras CAB MACH1 \/ MACH2"},"content":{"rendered":"<div data-elementor-type=\"wp-page\" data-elementor-id=\"1228\" class=\"elementor elementor-1228\" data-elementor-post-type=\"page\">\n\t\t\t\t<div class=\"elementor-element elementor-element-589caae6 e-flex e-con-boxed e-con e-parent\" data-id=\"589caae6\" data-element_type=\"container\" data-e-type=\"container\" data-settings=\"{&quot;background_background&quot;:&quot;classic&quot;}\">\n\t\t\t\t\t<div class=\"e-con-inner\">\n\t\t\t\t<div class=\"elementor-element elementor-element-5e82ab6 elementor-widget elementor-widget-heading\" data-id=\"5e82ab6\" data-element_type=\"widget\" data-e-type=\"widget\" data-widget_type=\"heading.default\">\n\t\t\t\t\t<h1 class=\"elementor-heading-title elementor-size-default\">Impresoras CAB MACH1 \/ MACH2<\/h1>\t\t\t\t<\/div>\n\t\t\t\t\t<\/div>\n\t\t\t\t<\/div>\n\t\t<div class=\"elementor-element elementor-element-d8bf5c1 e-flex e-con-boxed e-con e-parent\" data-id=\"d8bf5c1\" data-element_type=\"container\" data-e-type=\"container\">\n\t\t\t\t\t<div class=\"e-con-inner\">\n\t\t\t\t<div class=\"elementor-element elementor-element-752f384 elementor-widget elementor-widget-image\" data-id=\"752f384\" data-element_type=\"widget\" data-e-type=\"widget\" data-widget_type=\"image.default\">\n\t\t\t\t\t\t\t\t\t\t\t\t\t\t\t<img alt=\"\" decoding=\"async\" width=\"180\" height=\"65\" src=\"https:\/\/belgraf.com\/wp-content\/uploads\/2025\/08\/cab.webp\" class=\"attachment-full size-full wp-image-1139\" srcset=\"https:\/\/belgraf.com\/wp-content\/uploads\/2025\/08\/cab.webp 180w, https:\/\/belgraf.com\/wp-content\/uploads\/2025\/08\/cab-18x7.webp 18w\" sizes=\"(max-width: 180px) 100vw, 180px\" \/>\t\t\t\t\t\t\t\t\t\t\t\t\t\t\t<\/div>\n\t\t\t\t\t<\/div>\n\t\t\t\t<\/div>\n\t\t<div class=\"elementor-element elementor-element-a6ad72a e-flex e-con-boxed e-con e-parent\" data-id=\"a6ad72a\" data-element_type=\"container\" data-e-type=\"container\">\n\t\t\t\t\t<div class=\"e-con-inner\">\n\t\t\t\t<div class=\"elementor-element elementor-element-3fc7f34 elementor-widget elementor-widget-heading\" data-id=\"3fc7f34\" data-element_type=\"widget\" data-e-type=\"widget\" data-widget_type=\"heading.default\">\n\t\t\t\t\t<h2 class=\"elementor-heading-title elementor-size-default\">Impresoras de etiquetas CAB MACH1\/MACH2<\/h2>\t\t\t\t<\/div>\n\t\t\t\t<div class=\"elementor-element elementor-element-6b7975e elementor-widget-divider--view-line elementor-widget elementor-widget-divider\" data-id=\"6b7975e\" data-element_type=\"widget\" data-e-type=\"widget\" data-widget_type=\"divider.default\">\n\t\t\t\t\t\t\t<div class=\"elementor-divider\">\n\t\t\t<span class=\"elementor-divider-separator\">\n\t\t\t\t\t\t<\/span>\n\t\t<\/div>\n\t\t\t\t\t\t<\/div>\n\t\t\t\t\t<\/div>\n\t\t\t\t<\/div>\n\t\t<div class=\"elementor-element elementor-element-42b7083 e-flex e-con-boxed e-con e-parent\" data-id=\"42b7083\" data-element_type=\"container\" data-e-type=\"container\">\n\t\t\t\t\t<div class=\"e-con-inner\">\n\t\t\t\t<div class=\"elementor-element elementor-element-1a96a62 elementor-widget elementor-widget-heading\" data-id=\"1a96a62\" data-element_type=\"widget\" data-e-type=\"widget\" data-widget_type=\"heading.default\">\n\t\t\t\t\t<h2 class=\"elementor-heading-title elementor-size-default\">Impresora de sobremesa de 4\u201c, fiable y con tecnolog\u00eda probada<\/h2>\t\t\t\t<\/div>\n\t\t\t\t<div class=\"elementor-element elementor-element-a5c6527 elementor-widget elementor-widget-text-editor\" data-id=\"a5c6527\" data-element_type=\"widget\" data-e-type=\"widget\" data-widget_type=\"text-editor.default\">\n\t\t\t\t\t\t\t\t\t<p>Las impresoras MACH1\/MACH2 vienen a completar la gama de cab en el segmento de precios m\u00e1s asequible:<\/p><ul><li>Ideal para vol\u00famenes de impresi\u00f3n peque\u00f1os y medianos<\/li><li>Para impresi\u00f3n t\u00e9rmica por transferencia e t\u00e9rmica directa<\/li><li>MACH1 con teclas de mando e indicador LED, MACH2 con pantalla a color LCD y teclado de navegaci\u00f3n<\/li><li>Resoluci\u00f3n de impresi\u00f3n 200\u00a0dpi o 300\u00a0dpi para ambos modelos<\/li><li>Procesamiento de etiquetas de hasta 118\u00a0mm de ancho<\/li><li>Su robusto dise\u00f1o de doble pared permite imprimir las etiquetas en todas las \u00e1reas.<\/li><\/ul>\t\t\t\t\t\t\t\t<\/div>\n\t\t\t\t\t<\/div>\n\t\t\t\t<\/div>\n\t\t<div class=\"elementor-element elementor-element-8d108e9 e-flex e-con-boxed e-con e-parent\" data-id=\"8d108e9\" data-element_type=\"container\" data-e-type=\"container\">\n\t\t\t\t\t<div class=\"e-con-inner\">\n\t\t<div class=\"elementor-element elementor-element-e82d525 e-con-full e-flex e-con e-child\" data-id=\"e82d525\" data-element_type=\"container\" data-e-type=\"container\">\n\t\t\t\t<div class=\"elementor-element elementor-element-7e636c3 elementor-invisible elementor-widget elementor-widget-image\" data-id=\"7e636c3\" data-element_type=\"widget\" data-e-type=\"widget\" data-settings=\"{&quot;_animation&quot;:&quot;fadeInLeft&quot;}\" data-widget_type=\"image.default\">\n\t\t\t\t\t\t\t\t\t\t\t\t\t\t\t<img alt=\"\" decoding=\"async\" width=\"150\" height=\"150\" src=\"https:\/\/belgraf.com\/wp-content\/uploads\/2025\/08\/mach1-150x150-1.webp\" class=\"attachment-full size-full wp-image-1249\" srcset=\"https:\/\/belgraf.com\/wp-content\/uploads\/2025\/08\/mach1-150x150-1.webp 150w, https:\/\/belgraf.com\/wp-content\/uploads\/2025\/08\/mach1-150x150-1-12x12.webp 12w\" sizes=\"(max-width: 150px) 100vw, 150px\" \/>\t\t\t\t\t\t\t\t\t\t\t\t\t\t\t<\/div>\n\t\t\t\t<\/div>\n\t\t<div class=\"elementor-element elementor-element-c528e8a e-con-full e-flex e-con e-child\" data-id=\"c528e8a\" data-element_type=\"container\" data-e-type=\"container\">\n\t\t\t\t<div class=\"elementor-element elementor-element-fd5e5a8 elementor-widget elementor-widget-heading\" data-id=\"fd5e5a8\" data-element_type=\"widget\" data-e-type=\"widget\" data-widget_type=\"heading.default\">\n\t\t\t\t\t<h3 class=\"elementor-heading-title elementor-size-default\">MACH1 con teclas e indicador led<\/h3>\t\t\t\t<\/div>\n\t\t\t\t<div class=\"elementor-element elementor-element-8038645 elementor-widget elementor-widget-text-editor\" data-id=\"8038645\" data-element_type=\"widget\" data-e-type=\"widget\" data-widget_type=\"text-editor.default\">\n\t\t\t\t\t\t\t\t\t<div class=\"wpb_column vc_column_container vc_col-sm-6\"><div class=\"vc_column-inner\"><div class=\"wpb_wrapper\"><div class=\"wpb_text_column wpb_content_element vc_custom_1678969004571\"><div class=\"wpb_wrapper\"><table width=\"100%\"><tbody><tr><td>Resoluci\u00f3n de impresi\u00f3n (dpi)<\/td><td>203<\/td><td>300<\/td><\/tr><tr><td>Ancho de impresi\u00f3n (mm)<\/td><td>108<\/td><td>105<\/td><\/tr><tr><td>Velocidad de impresi\u00f3n (mm\/s)<\/td><td>177<\/td><td>127<\/td><\/tr><\/tbody><\/table><\/div><\/div><\/div><\/div><\/div>\t\t\t\t\t\t\t\t<\/div>\n\t\t\t\t<\/div>\n\t\t\t\t\t<\/div>\n\t\t\t\t<\/div>\n\t\t<div class=\"elementor-element elementor-element-7b53347 e-flex e-con-boxed e-con e-parent\" data-id=\"7b53347\" data-element_type=\"container\" data-e-type=\"container\">\n\t\t\t\t\t<div class=\"e-con-inner\">\n\t\t<div class=\"elementor-element elementor-element-1a2d1fb e-con-full e-flex e-con e-child\" data-id=\"1a2d1fb\" data-element_type=\"container\" data-e-type=\"container\">\n\t\t\t\t<div class=\"elementor-element elementor-element-9dec59f elementor-invisible elementor-widget elementor-widget-image\" data-id=\"9dec59f\" data-element_type=\"widget\" data-e-type=\"widget\" data-settings=\"{&quot;_animation&quot;:&quot;fadeInLeft&quot;}\" data-widget_type=\"image.default\">\n\t\t\t\t\t\t\t\t\t\t\t\t\t\t\t<img alt=\"\" decoding=\"async\" width=\"150\" height=\"150\" src=\"https:\/\/belgraf.com\/wp-content\/uploads\/2025\/08\/mach2-150x150-1.webp\" class=\"attachment-full size-full wp-image-1250\" srcset=\"https:\/\/belgraf.com\/wp-content\/uploads\/2025\/08\/mach2-150x150-1.webp 150w, https:\/\/belgraf.com\/wp-content\/uploads\/2025\/08\/mach2-150x150-1-12x12.webp 12w\" sizes=\"(max-width: 150px) 100vw, 150px\" \/>\t\t\t\t\t\t\t\t\t\t\t\t\t\t\t<\/div>\n\t\t\t\t<\/div>\n\t\t<div class=\"elementor-element elementor-element-87e74e0 e-con-full e-flex e-con e-child\" data-id=\"87e74e0\" data-element_type=\"container\" data-e-type=\"container\">\n\t\t\t\t<div class=\"elementor-element elementor-element-b5364d5 elementor-widget elementor-widget-heading\" data-id=\"b5364d5\" data-element_type=\"widget\" data-e-type=\"widget\" data-widget_type=\"heading.default\">\n\t\t\t\t\t<h3 class=\"elementor-heading-title elementor-size-default\">MACH2 con pantalla a color LCD y teclado de navegaci\u00f3n<\/h3>\t\t\t\t<\/div>\n\t\t\t\t<div class=\"elementor-element elementor-element-959fc94 elementor-widget elementor-widget-text-editor\" data-id=\"959fc94\" data-element_type=\"widget\" data-e-type=\"widget\" data-widget_type=\"text-editor.default\">\n\t\t\t\t\t\t\t\t\t<table width=\"100%\"><tbody><tr><td>Resoluci\u00f3n de impresi\u00f3n (dpi)<\/td><td>203<\/td><td>300<\/td><\/tr><tr><td>Ancho de impresi\u00f3n (mm)<\/td><td>108<\/td><td>105<\/td><\/tr><tr><td>Velocidad de impresi\u00f3n (mm\/s)<\/td><td>177<\/td><td>127<\/td><\/tr><\/tbody><\/table>\t\t\t\t\t\t\t\t<\/div>\n\t\t\t\t<\/div>\n\t\t\t\t\t<\/div>\n\t\t\t\t<\/div>\n\t\t<div class=\"elementor-element elementor-element-c8373d0 e-flex e-con-boxed e-con e-parent\" data-id=\"c8373d0\" data-element_type=\"container\" data-e-type=\"container\">\n\t\t\t\t\t<div class=\"e-con-inner\">\n\t\t<div class=\"elementor-element elementor-element-142fe13 e-con-full e-flex e-con e-child\" data-id=\"142fe13\" data-element_type=\"container\" data-e-type=\"container\">\n\t\t\t\t<div class=\"elementor-element elementor-element-315e4bd elementor-invisible elementor-widget elementor-widget-image\" data-id=\"315e4bd\" data-element_type=\"widget\" data-e-type=\"widget\" data-settings=\"{&quot;_animation&quot;:&quot;fadeInLeft&quot;}\" data-widget_type=\"image.default\">\n\t\t\t\t\t\t\t\t\t\t\t\t\t\t\t<img alt=\"\" loading=\"lazy\" decoding=\"async\" width=\"350\" height=\"464\" src=\"https:\/\/belgraf.com\/wp-content\/uploads\/2025\/08\/mach5.webp\" class=\"attachment-full size-full wp-image-1251\" srcset=\"https:\/\/belgraf.com\/wp-content\/uploads\/2025\/08\/mach5.webp 350w, https:\/\/belgraf.com\/wp-content\/uploads\/2025\/08\/mach5-226x300.webp 226w, https:\/\/belgraf.com\/wp-content\/uploads\/2025\/08\/mach5-9x12.webp 9w\" sizes=\"(max-width: 350px) 100vw, 350px\" \/>\t\t\t\t\t\t\t\t\t\t\t\t\t\t\t<\/div>\n\t\t\t\t<\/div>\n\t\t<div class=\"elementor-element elementor-element-b2833f2 e-con-full e-flex e-con e-child\" data-id=\"b2833f2\" data-element_type=\"container\" data-e-type=\"container\">\n\t\t\t\t<div class=\"elementor-element elementor-element-c9367a6 elementor-widget elementor-widget-text-editor\" data-id=\"c9367a6\" data-element_type=\"widget\" data-e-type=\"widget\" data-widget_type=\"text-editor.default\">\n\t\t\t\t\t\t\t\t\t<p><strong>Manejo<\/strong><\/p><p>Las impresoras MACH1\/MACH2 se pueden abrir ampliamente para introducir el ribbon y el carrete de etiquetas\u00a0<span style=\"color: #f51e30;\"><strong><span class=\"round-number\">1<\/span><\/strong><\/span>. Una tecla de calibraci\u00f3n permite ajustar los distintos materiales e introducirlos sin perder tiempo.<\/p><p>Todo el manejo de la MACH2 a trav\u00e9s de la pantalla a color\u00a0<strong><span class=\"round-number\" style=\"color: #f51e30;\">2<\/span>\u00a0<\/strong>en m\u00faltiples idiomas\u00a0 y del teclado de navegaci\u00f3n de cab\u00a0<strong><span class=\"round-number\" style=\"color: #f51e30;\">3<\/span>\u00a0<\/strong>presenta una estructura l\u00f3gica, por lo que resulta comprensible de manera intuitiva para el usuario.<\/p><p>Un total de cuatro interfaces (incluida Ethernet)\u00a0<strong><span class=\"round-number\" style=\"color: #f51e30;\">4<\/span>\u00a0<\/strong>ofrecen gran flexibilidad y permiten conectar el dispositivo con rapidez.<\/p>\t\t\t\t\t\t\t\t<\/div>\n\t\t\t\t<\/div>\n\t\t\t\t\t<\/div>\n\t\t\t\t<\/div>\n\t\t<div class=\"elementor-element elementor-element-d15600d e-flex e-con-boxed e-con e-parent\" data-id=\"d15600d\" data-element_type=\"container\" data-e-type=\"container\">\n\t\t\t\t\t<div class=\"e-con-inner\">\n\t\t<div class=\"elementor-element elementor-element-6db109e e-con-full e-flex e-con e-child\" data-id=\"6db109e\" data-element_type=\"container\" data-e-type=\"container\">\n\t\t\t\t<div class=\"elementor-element elementor-element-5d7939c elementor-invisible elementor-widget elementor-widget-image\" data-id=\"5d7939c\" data-element_type=\"widget\" data-e-type=\"widget\" data-settings=\"{&quot;_animation&quot;:&quot;fadeInLeft&quot;}\" data-widget_type=\"image.default\">\n\t\t\t\t\t\t\t\t\t\t\t\t\t\t\t<img alt=\"\" loading=\"lazy\" decoding=\"async\" width=\"180\" height=\"247\" src=\"https:\/\/belgraf.com\/wp-content\/uploads\/2025\/08\/mach3.webp\" class=\"attachment-full size-full wp-image-1255\" srcset=\"https:\/\/belgraf.com\/wp-content\/uploads\/2025\/08\/mach3.webp 180w, https:\/\/belgraf.com\/wp-content\/uploads\/2025\/08\/mach3-9x12.webp 9w\" sizes=\"(max-width: 180px) 100vw, 180px\" \/>\t\t\t\t\t\t\t\t\t\t\t\t\t\t\t<\/div>\n\t\t\t\t<div class=\"elementor-element elementor-element-fbcfcb2 elementor-invisible elementor-widget elementor-widget-image\" data-id=\"fbcfcb2\" data-element_type=\"widget\" data-e-type=\"widget\" data-settings=\"{&quot;_animation&quot;:&quot;fadeInLeft&quot;}\" data-widget_type=\"image.default\">\n\t\t\t\t\t\t\t\t\t\t\t\t\t\t\t<img alt=\"\" loading=\"lazy\" decoding=\"async\" width=\"220\" height=\"102\" src=\"https:\/\/belgraf.com\/wp-content\/uploads\/2025\/08\/mach4.webp\" class=\"attachment-full size-full wp-image-1256\" srcset=\"https:\/\/belgraf.com\/wp-content\/uploads\/2025\/08\/mach4.webp 220w, https:\/\/belgraf.com\/wp-content\/uploads\/2025\/08\/mach4-18x8.webp 18w\" sizes=\"(max-width: 220px) 100vw, 220px\" \/>\t\t\t\t\t\t\t\t\t\t\t\t\t\t\t<\/div>\n\t\t\t\t<\/div>\n\t\t\t\t\t<\/div>\n\t\t\t\t<\/div>\n\t\t<div class=\"elementor-element elementor-element-bb6d3d9 e-flex e-con-boxed e-con e-parent\" data-id=\"bb6d3d9\" data-element_type=\"container\" data-e-type=\"container\">\n\t\t\t\t\t<div class=\"e-con-inner\">\n\t\t\t\t<div class=\"elementor-element elementor-element-ce49cb7 elementor-widget-divider--view-line elementor-widget elementor-widget-divider\" data-id=\"ce49cb7\" data-element_type=\"widget\" data-e-type=\"widget\" data-widget_type=\"divider.default\">\n\t\t\t\t\t\t\t<div class=\"elementor-divider\">\n\t\t\t<span class=\"elementor-divider-separator\">\n\t\t\t\t\t\t<\/span>\n\t\t<\/div>\n\t\t\t\t\t\t<\/div>\n\t\t\t\t\t<\/div>\n\t\t\t\t<\/div>\n\t\t<div class=\"elementor-element elementor-element-53ff1b9 e-flex e-con-boxed e-con e-parent\" data-id=\"53ff1b9\" data-element_type=\"container\" data-e-type=\"container\">\n\t\t\t\t\t<div class=\"e-con-inner\">\n\t\t<div class=\"elementor-element elementor-element-d780922 e-con-full e-flex e-con e-child\" data-id=\"d780922\" data-element_type=\"container\" data-e-type=\"container\">\n\t\t\t\t<div class=\"elementor-element elementor-element-161a91b elementor-widget elementor-widget-heading\" data-id=\"161a91b\" data-element_type=\"widget\" data-e-type=\"widget\" data-widget_type=\"heading.default\">\n\t\t\t\t\t<h3 class=\"elementor-heading-title elementor-size-default\">Posibilidades de uso \/ Sectores<\/h3>\t\t\t\t<\/div>\n\t\t\t\t<div class=\"elementor-element elementor-element-d25bf56 elementor-widget elementor-widget-text-editor\" data-id=\"d25bf56\" data-element_type=\"widget\" data-e-type=\"widget\" data-widget_type=\"text-editor.default\">\n\t\t\t\t\t\t\t\t\t<table>\n<tbody>\n<tr>\n<td>Oficina\/administraci\u00f3n<\/td>\n<td width=\"70%\">Etiquetas de aviso y advertencia, etiquetas de inventario<\/td>\n<\/tr>\n<tr>\n<td>Fabricaci\u00f3n<\/td>\n<td>Etiquetas de producto, etiquetas de protocolo, de ensayo y de pruebas<\/td>\n<\/tr>\n<tr>\n<td>Sanidad<\/td>\n<td>Etiquetas en la recepci\u00f3n de pacientes, bancos de sangre<\/td>\n<\/tr>\n<tr>\n<td>Comercio<\/td>\n<td>Etiquetas de producto, etiquetas de precio<\/td>\n<\/tr>\n<tr>\n<td>Almac\u00e9n<\/td>\n<td>Etiquetas de dep\u00f3sito, rotulaci\u00f3n de estantes<\/td>\n<\/tr>\n<tr>\n<td>Transporte\/log\u00edstica<\/td>\n<td>Etiquetas de direcci\u00f3n y de env\u00edo, recepci\u00f3n de mercanc\u00edas<\/td>\n<\/tr>\n<tr>\n<td>Actos<\/td>\n<td>Etiquetas para eventos deportivos y en escuelas, boletos y entradas<\/td>\n<\/tr>\n<\/tbody>\n<\/table>\t\t\t\t\t\t\t\t<\/div>\n\t\t\t\t<\/div>\n\t\t\t\t\t<\/div>\n\t\t\t\t<\/div>\n\t\t<div class=\"elementor-element elementor-element-57b54e8 e-flex e-con-boxed e-con e-parent\" data-id=\"57b54e8\" data-element_type=\"container\" data-e-type=\"container\">\n\t\t\t\t\t<div class=\"e-con-inner\">\n\t\t\t\t<div class=\"elementor-element elementor-element-6f181e8 elementor-widget-divider--view-line elementor-widget elementor-widget-divider\" data-id=\"6f181e8\" data-element_type=\"widget\" data-e-type=\"widget\" data-widget_type=\"divider.default\">\n\t\t\t\t\t\t\t<div class=\"elementor-divider\">\n\t\t\t<span class=\"elementor-divider-separator\">\n\t\t\t\t\t\t<\/span>\n\t\t<\/div>\n\t\t\t\t\t\t<\/div>\n\t\t\t\t\t<\/div>\n\t\t\t\t<\/div>\n\t\t<div class=\"elementor-element elementor-element-95833c3 e-flex e-con-boxed e-con e-parent\" data-id=\"95833c3\" data-element_type=\"container\" data-e-type=\"container\">\n\t\t\t\t\t<div class=\"e-con-inner\">\n\t\t<div class=\"elementor-element elementor-element-47f8dc8 e-con-full e-flex e-con e-child\" data-id=\"47f8dc8\" data-element_type=\"container\" data-e-type=\"container\">\n\t\t\t\t<div class=\"elementor-element elementor-element-f47828d elementor-widget elementor-widget-heading\" data-id=\"f47828d\" data-element_type=\"widget\" data-e-type=\"widget\" data-widget_type=\"heading.default\">\n\t\t\t\t\t<h2 class=\"elementor-heading-title elementor-size-default\">Opciones<\/h2>\t\t\t\t<\/div>\n\t\t\t\t<div class=\"elementor-element elementor-element-7b6a2a8 elementor-widget elementor-widget-text-editor\" data-id=\"7b6a2a8\" data-element_type=\"widget\" data-e-type=\"widget\" data-widget_type=\"text-editor.default\">\n\t\t\t\t\t\t\t\t\t<p><span style=\"color: #f51e30;\"><strong>Cortador<\/strong><\/span><br \/>Altura de corte entre las etiquetas al menos 30\u00a0mm<\/p><p><span style=\"color: #f51e30;\"><strong>Dispositivo expendedor<\/strong><\/span><br \/>Altura de etiqueta al menos 25\u00a0mm<br \/><br \/><span style=\"color: #f51e30;\"><strong>Desbobinador externo<\/strong><\/span><br \/>para di\u00e1metros de carrete de hasta 250\u00a0mm<\/p>\t\t\t\t\t\t\t\t<\/div>\n\t\t\t\t<\/div>\n\t\t\t\t\t<\/div>\n\t\t\t\t<\/div>\n\t\t<div class=\"elementor-element elementor-element-814b5c2 e-flex e-con-boxed e-con e-parent\" data-id=\"814b5c2\" data-element_type=\"container\" data-e-type=\"container\">\n\t\t\t\t\t<div class=\"e-con-inner\">\n\t\t\t\t<div class=\"elementor-element elementor-element-4cd14d5 elementor-widget-divider--view-line elementor-widget elementor-widget-divider\" data-id=\"4cd14d5\" data-element_type=\"widget\" data-e-type=\"widget\" data-widget_type=\"divider.default\">\n\t\t\t\t\t\t\t<div class=\"elementor-divider\">\n\t\t\t<span class=\"elementor-divider-separator\">\n\t\t\t\t\t\t<\/span>\n\t\t<\/div>\n\t\t\t\t\t\t<\/div>\n\t\t\t\t\t<\/div>\n\t\t\t\t<\/div>\n\t\t<div class=\"elementor-element elementor-element-9a3ed8c e-flex e-con-boxed e-con e-parent\" data-id=\"9a3ed8c\" data-element_type=\"container\" data-e-type=\"container\">\n\t\t\t\t\t<div class=\"e-con-inner\">\n\t\t\t\t<div class=\"elementor-element elementor-element-e4d3d73 elementor-align-center elementor-widget elementor-widget-button\" data-id=\"e4d3d73\" data-element_type=\"widget\" data-e-type=\"widget\" data-widget_type=\"button.default\">\n\t\t\t\t\t\t\t\t\t\t<a class=\"elementor-button elementor-button-link elementor-size-sm\" href=\"\/wp-content\/uploads\/2025\/08\/cab_mach12_es.pdf\" target=\"_blank\">\n\t\t\t\t\t\t<span class=\"elementor-button-content-wrapper\">\n\t\t\t\t\t\t<span class=\"elementor-button-icon\">\n\t\t\t\t<svg aria-hidden=\"true\" class=\"e-font-icon-svg e-far-file-pdf\" viewbox=\"0 0 384 512\" xmlns=\"http:\/\/www.w3.org\/2000\/svg\"><path d=\"M369.9 97.9L286 14C277 5 264.8-.1 252.1-.1H48C21.5 0 0 21.5 0 48v416c0 26.5 21.5 48 48 48h288c26.5 0 48-21.5 48-48V131.9c0-12.7-5.1-25-14.1-34zM332.1 128H256V51.9l76.1 76.1zM48 464V48h160v104c0 13.3 10.7 24 24 24h104v288H48zm250.2-143.7c-12.2-12-47-8.7-64.4-6.5-17.2-10.5-28.7-25-36.8-46.3 3.9-16.1 10.1-40.6 5.4-56-4.2-26.2-37.8-23.6-42.6-5.9-4.4 16.1-.4 38.5 7 67.1-10 23.9-24.9 56-35.4 74.4-20 10.3-47 26.2-51 46.2-3.3 15.8 26 55.2 76.1-31.2 22.4-7.4 46.8-16.5 68.4-20.1 18.9 10.2 41 17 55.8 17 25.5 0 28-28.2 17.5-38.7zm-198.1 77.8c5.1-13.7 24.5-29.5 30.4-35-19 30.3-30.4 35.7-30.4 35zm81.6-190.6c7.4 0 6.7 32.1 1.8 40.8-4.4-13.9-4.3-40.8-1.8-40.8zm-24.4 136.6c9.7-16.9 18-37 24.7-54.7 8.3 15.1 18.9 27.2 30.1 35.5-20.8 4.3-38.9 13.1-54.8 19.2zm131.6-5s-5 6-37.3-7.8c35.1-2.6 40.9 5.4 37.3 7.8z\"><\/path><\/svg>\t\t\t<\/span>\n\t\t\t\t\t\t\t\t\t<span class=\"elementor-button-text\">Especificaciones<\/span>\n\t\t\t\t\t<\/span>\n\t\t\t\t\t<\/a>\n\t\t\t\t\t\t\t\t<\/div>\n\t\t\t\t\t<\/div>\n\t\t\t\t<\/div>\n\t\t\t\t<\/div>","protected":false},"excerpt":{"rendered":"<p>Impresoras CAB MACH1 \/ MACH2 Impresoras de etiquetas CAB MACH1\/MACH2 Impresora de sobremesa de 4\u201c, fiable y con tecnolog\u00eda probada [&hellip;]<\/p>\n","protected":false},"author":1,"featured_media":0,"parent":1766,"menu_order":0,"comment_status":"closed","ping_status":"closed","template":"","meta":{"_seopress_robots_primary_cat":"","_seopress_titles_title":"","_seopress_titles_desc":"","_seopress_robots_index":"","site-sidebar-layout":"no-sidebar","site-content-layout":"","ast-site-content-layout":"full-width-container","site-content-style":"default","site-sidebar-style":"default","ast-global-header-display":"","ast-banner-title-visibility":"","ast-main-header-display":"","ast-hfb-above-header-display":"","ast-hfb-below-header-display":"","ast-hfb-mobile-header-display":"","site-post-title":"disabled","ast-breadcrumbs-content":"","ast-featured-img":"disabled","footer-sml-layout":"","ast-disable-related-posts":"","theme-transparent-header-meta":"","adv-header-id-meta":"","stick-header-meta":"","header-above-stick-meta":"","header-main-stick-meta":"","header-below-stick-meta":"","astra-migrate-meta-layouts":"default","ast-page-background-enabled":"default","ast-page-background-meta":{"desktop":{"background-color":"var(--ast-global-color-5)","background-image":"","background-repeat":"repeat","background-position":"center center","background-size":"auto","background-attachment":"scroll","background-type":"","background-media":"","overlay-type":"","overlay-color":"","overlay-opacity":"","overlay-gradient":""},"tablet":{"background-color":"","background-image":"","background-repeat":"repeat","background-position":"center center","background-size":"auto","background-attachment":"scroll","background-type":"","background-media":"","overlay-type":"","overlay-color":"","overlay-opacity":"","overlay-gradient":""},"mobile":{"background-color":"","background-image":"","background-repeat":"repeat","background-position":"center center","background-size":"auto","background-attachment":"scroll","background-type":"","background-media":"","overlay-type":"","overlay-color":"","overlay-opacity":"","overlay-gradient":""}},"ast-content-background-meta":{"desktop":{"background-color":"var(--ast-global-color-4)","background-image":"","background-repeat":"repeat","background-position":"center center","background-size":"auto","background-attachment":"scroll","background-type":"","background-media":"","overlay-type":"","overlay-color":"","overlay-opacity":"","overlay-gradient":""},"tablet":{"background-color":"var(--ast-global-color-4)","background-image":"","background-repeat":"repeat","background-position":"center center","background-size":"auto","background-attachment":"scroll","background-type":"","background-media":"","overlay-type":"","overlay-color":"","overlay-opacity":"","overlay-gradient":""},"mobile":{"background-color":"var(--ast-global-color-4)","background-image":"","background-repeat":"repeat","background-position":"center center","background-size":"auto","background-attachment":"scroll","background-type":"","background-media":"","overlay-type":"","overlay-color":"","overlay-opacity":"","overlay-gradient":""}},"footnotes":""},"class_list":["post-1228","page","type-page","status-publish","hentry"],"_links":{"self":[{"href":"https:\/\/belgraf.com\/en\/wp-json\/wp\/v2\/pages\/1228","targetHints":{"allow":["GET"]}}],"collection":[{"href":"https:\/\/belgraf.com\/en\/wp-json\/wp\/v2\/pages"}],"about":[{"href":"https:\/\/belgraf.com\/en\/wp-json\/wp\/v2\/types\/page"}],"author":[{"embeddable":true,"href":"https:\/\/belgraf.com\/en\/wp-json\/wp\/v2\/users\/1"}],"replies":[{"embeddable":true,"href":"https:\/\/belgraf.com\/en\/wp-json\/wp\/v2\/comments?post=1228"}],"version-history":[{"count":34,"href":"https:\/\/belgraf.com\/en\/wp-json\/wp\/v2\/pages\/1228\/revisions"}],"predecessor-version":[{"id":1299,"href":"https:\/\/belgraf.com\/en\/wp-json\/wp\/v2\/pages\/1228\/revisions\/1299"}],"up":[{"embeddable":true,"href":"https:\/\/belgraf.com\/en\/wp-json\/wp\/v2\/pages\/1766"}],"wp:attachment":[{"href":"https:\/\/belgraf.com\/en\/wp-json\/wp\/v2\/media?parent=1228"}],"curies":[{"name":"wp","href":"https:\/\/api.w.org\/{rel}","templated":true}]}}