{"id":1652,"date":"2025-08-04T05:17:43","date_gmt":"2025-08-04T05:17:43","guid":{"rendered":"https:\/\/belgraf.com\/?page_id=1652"},"modified":"2025-08-04T05:48:03","modified_gmt":"2025-08-04T05:48:03","slug":"boligrafo-grabador","status":"publish","type":"page","link":"https:\/\/belgraf.com\/en\/boligrafo-grabador\/","title":{"rendered":"Bol\u00edgrafo grabador"},"content":{"rendered":"<div data-elementor-type=\"wp-page\" data-elementor-id=\"1652\" class=\"elementor elementor-1652\" data-elementor-post-type=\"page\">\n\t\t\t\t<div class=\"elementor-element elementor-element-589caae6 e-flex e-con-boxed e-con e-parent\" data-id=\"589caae6\" data-element_type=\"container\" data-e-type=\"container\" data-settings=\"{&quot;background_background&quot;:&quot;classic&quot;}\">\n\t\t\t\t\t<div class=\"e-con-inner\">\n\t\t\t\t<div class=\"elementor-element elementor-element-5e82ab6 elementor-widget elementor-widget-heading\" data-id=\"5e82ab6\" data-element_type=\"widget\" data-e-type=\"widget\" data-widget_type=\"heading.default\">\n\t\t\t\t\t<h1 class=\"elementor-heading-title elementor-size-default\">Bol\u00edgrafo grabador<\/h1>\t\t\t\t<\/div>\n\t\t\t\t\t<\/div>\n\t\t\t\t<\/div>\n\t\t<div class=\"elementor-element elementor-element-d8bf5c1 e-flex e-con-boxed e-con e-parent\" data-id=\"d8bf5c1\" data-element_type=\"container\" data-e-type=\"container\">\n\t\t\t\t\t<div class=\"e-con-inner\">\n\t\t\t\t<div class=\"elementor-element elementor-element-6128ee0 elementor-widget elementor-widget-text-editor\" data-id=\"6128ee0\" data-element_type=\"widget\" data-e-type=\"widget\" data-widget_type=\"text-editor.default\">\n\t\t\t\t\t\t\t\t\tBol\u00edgrafo\/l\u00e1piz  para grabar metal, piedra, vidrio, madera, cer\u00e1mica \u2026.\t\t\t\t\t\t\t\t<\/div>\n\t\t\t\t\t<\/div>\n\t\t\t\t<\/div>\n\t\t<div class=\"elementor-element elementor-element-83fb0e9 e-flex e-con-boxed e-con e-parent\" data-id=\"83fb0e9\" data-element_type=\"container\" data-e-type=\"container\">\n\t\t\t\t\t<div class=\"e-con-inner\">\n\t\t<div class=\"elementor-element elementor-element-b26a370 e-con-full e-flex e-con e-child\" data-id=\"b26a370\" data-element_type=\"container\" data-e-type=\"container\">\n\t\t\t\t<div class=\"elementor-element elementor-element-b2ead30 elementor-invisible elementor-widget elementor-widget-image\" data-id=\"b2ead30\" data-element_type=\"widget\" data-e-type=\"widget\" data-settings=\"{&quot;_animation&quot;:&quot;fadeInLeft&quot;}\" data-widget_type=\"image.default\">\n\t\t\t\t\t\t\t\t\t\t\t\t\t\t\t<img alt=\"\" fetchpriority=\"high\" decoding=\"async\" width=\"430\" height=\"318\" src=\"https:\/\/belgraf.com\/wp-content\/uploads\/2025\/08\/app_VG490BIS.webp\" class=\"attachment-full size-full wp-image-1709\" srcset=\"https:\/\/belgraf.com\/wp-content\/uploads\/2025\/08\/app_VG490BIS.webp 430w, https:\/\/belgraf.com\/wp-content\/uploads\/2025\/08\/app_VG490BIS-300x222.webp 300w, https:\/\/belgraf.com\/wp-content\/uploads\/2025\/08\/app_VG490BIS-16x12.webp 16w\" sizes=\"(max-width: 430px) 100vw, 430px\" \/>\t\t\t\t\t\t\t\t\t\t\t\t\t\t\t<\/div>\n\t\t\t\t<\/div>\n\t\t<div class=\"elementor-element elementor-element-41f41a8 e-con-full e-flex e-con e-child\" data-id=\"41f41a8\" data-element_type=\"container\" data-e-type=\"container\">\n\t\t\t\t<div class=\"elementor-element elementor-element-7822791 elementor-widget elementor-widget-heading\" data-id=\"7822791\" data-element_type=\"widget\" data-e-type=\"widget\" data-widget_type=\"heading.default\">\n\t\t\t\t\t<h2 class=\"elementor-heading-title elementor-size-default\">L\u00e1piz grabador universal Markal VG.490<\/h2>\t\t\t\t<\/div>\n\t\t\t\t<div class=\"elementor-element elementor-element-d9435fc elementor-widget-divider--view-line elementor-widget elementor-widget-divider\" data-id=\"d9435fc\" data-element_type=\"widget\" data-e-type=\"widget\" data-widget_type=\"divider.default\">\n\t\t\t\t\t\t\t<div class=\"elementor-divider\">\n\t\t\t<span class=\"elementor-divider-separator\">\n\t\t\t\t\t\t<\/span>\n\t\t<\/div>\n\t\t\t\t\t\t<\/div>\n\t\t\t\t<div class=\"elementor-element elementor-element-944da06 elementor-widget elementor-widget-text-editor\" data-id=\"944da06\" data-element_type=\"widget\" data-e-type=\"widget\" data-widget_type=\"text-editor.default\">\n\t\t\t\t\t\t\t\t\tMarkal VG.490 es una grabadora universal para todos los materiales desde superficies superduras como hierro, acero, vidrio, metal no ferroso, piedra, cer\u00e1mica, pl\u00e1stico, madera y mucho m\u00e1s. F\u00e1cil y perfecta, nuestra VG.490 se conecta directamente a la corriente el\u00e9ctrica y se usa como un l\u00e1piz. Se vende con una punta de diamante para metal y punta de carburo, un pack de 2 puntas perfiladas para metales blandos como el cobre, el esta\u00f1o y el aluminio.  Disponible en Europa \u00fanicamente.\n\n\t\t\t\t\t\t\t\t<\/div>\n\t\t\t\t<\/div>\n\t\t\t\t\t<\/div>\n\t\t\t\t<\/div>\n\t\t<div class=\"elementor-element elementor-element-30c7142 e-flex e-con-boxed e-con e-parent\" data-id=\"30c7142\" data-element_type=\"container\" data-e-type=\"container\">\n\t\t\t\t\t<div class=\"e-con-inner\">\n\t\t<div class=\"elementor-element elementor-element-413eae1 e-con-full e-flex e-con e-child\" data-id=\"413eae1\" data-element_type=\"container\" data-e-type=\"container\">\n\t\t\t\t<div class=\"elementor-element elementor-element-be3e3d9 elementor-invisible elementor-widget elementor-widget-image\" data-id=\"be3e3d9\" data-element_type=\"widget\" data-e-type=\"widget\" data-settings=\"{&quot;_animation&quot;:&quot;fadeInLeft&quot;}\" data-widget_type=\"image.default\">\n\t\t\t\t\t\t\t\t\t\t\t\t\t\t\t<img alt=\"\" decoding=\"async\" width=\"430\" height=\"287\" src=\"https:\/\/belgraf.com\/wp-content\/uploads\/2025\/08\/Administrar-servicios-07-20-2025_07_18_PM.webp\" class=\"attachment-full size-full wp-image-1708\" srcset=\"https:\/\/belgraf.com\/wp-content\/uploads\/2025\/08\/Administrar-servicios-07-20-2025_07_18_PM.webp 430w, https:\/\/belgraf.com\/wp-content\/uploads\/2025\/08\/Administrar-servicios-07-20-2025_07_18_PM-300x200.webp 300w, https:\/\/belgraf.com\/wp-content\/uploads\/2025\/08\/Administrar-servicios-07-20-2025_07_18_PM-18x12.webp 18w\" sizes=\"(max-width: 430px) 100vw, 430px\" \/>\t\t\t\t\t\t\t\t\t\t\t\t\t\t\t<\/div>\n\t\t\t\t<\/div>\n\t\t<div class=\"elementor-element elementor-element-160295d e-con-full e-flex e-con e-child\" data-id=\"160295d\" data-element_type=\"container\" data-e-type=\"container\">\n\t\t\t\t<div class=\"elementor-element elementor-element-4a16bdc elementor-widget elementor-widget-heading\" data-id=\"4a16bdc\" data-element_type=\"widget\" data-e-type=\"widget\" data-widget_type=\"heading.default\">\n\t\t\t\t\t<h2 class=\"elementor-heading-title elementor-size-default\">CARACTER\u00cdSTICAS Y BENEFICIOS:\n<\/h2>\t\t\t\t<\/div>\n\t\t\t\t<div class=\"elementor-element elementor-element-d2b659e elementor-widget elementor-widget-text-editor\" data-id=\"d2b659e\" data-element_type=\"widget\" data-e-type=\"widget\" data-widget_type=\"text-editor.default\">\n\t\t\t\t\t\t\t\t\t<p>Herramienta de micropercusi\u00f3n para un marcado limpio y permanente en diferentes tipos de superficie.<\/p><p>Hace un marcado preciso y , a diferencia de los l\u00e1pices o la pintura, no se corre, resquebraja, descascarilla ni se degrada.<\/p><p>Grabados resitentes a las inclemencias del tiempo y a la luz UV para una identificaci\u00f3n duradera en el tiempo.<\/p><p>Rellena las marcas profundas con Markal Lacquer-Stik\u00ae para mayor visibilidad.<\/p><p>Juego completo con una caja que incluye 4 puntas y un adaptador para marcados en diferentes superficies.<\/p><p>Estuche incluido para un f\u00e1cil almacenamiento y transporte.<\/p><p>Fuerza de vibraci\u00f3n: una (cresta)~= 74,02 m\/s\u00b2 = 7,545 g (valor de cresta) un (rms)~= 52,34 m\/s\u00b2 = 5,336 g (rms-valor\/valor medio cuadr\u00e1tico)<\/p><p>Longitud del cable: 1,8 m<\/p><p>Aprobado CE<\/p>\t\t\t\t\t\t\t\t<\/div>\n\t\t\t\t<\/div>\n\t\t\t\t\t<\/div>\n\t\t\t\t<\/div>\n\t\t<div class=\"elementor-element elementor-element-618a97c e-flex e-con-boxed e-con e-parent\" data-id=\"618a97c\" data-element_type=\"container\" data-e-type=\"container\">\n\t\t\t\t\t<div class=\"e-con-inner\">\n\t\t\t\t<div class=\"elementor-element elementor-element-583c0bb elementor-widget elementor-widget-text-editor\" data-id=\"583c0bb\" data-element_type=\"widget\" data-e-type=\"widget\" data-widget_type=\"text-editor.default\">\n\t\t\t\t\t\t\t\t\tDisponibilidad de distintas puntas para distintas superficies\t\t\t\t\t\t\t\t<\/div>\n\t\t\t\t\t<\/div>\n\t\t\t\t<\/div>\n\t\t<div class=\"elementor-element elementor-element-2f39ca8 e-grid e-con-boxed e-con e-parent\" data-id=\"2f39ca8\" data-element_type=\"container\" data-e-type=\"container\">\n\t\t\t\t\t<div class=\"e-con-inner\">\n\t\t\t\t<div class=\"elementor-element elementor-element-c39aa02 elementor-widget elementor-widget-image\" data-id=\"c39aa02\" data-element_type=\"widget\" data-e-type=\"widget\" data-widget_type=\"image.default\">\n\t\t\t\t\t\t\t\t\t\t\t\t\t\t\t<img alt=\"\" decoding=\"async\" width=\"300\" height=\"300\" src=\"https:\/\/belgraf.com\/wp-content\/uploads\/2025\/08\/50431723_modelling21-300x300-1.webp\" class=\"attachment-large size-large wp-image-1691\" srcset=\"https:\/\/belgraf.com\/wp-content\/uploads\/2025\/08\/50431723_modelling21-300x300-1.webp 300w, https:\/\/belgraf.com\/wp-content\/uploads\/2025\/08\/50431723_modelling21-300x300-1-150x150.webp 150w, https:\/\/belgraf.com\/wp-content\/uploads\/2025\/08\/50431723_modelling21-300x300-1-12x12.webp 12w\" sizes=\"(max-width: 300px) 100vw, 300px\" \/>\t\t\t\t\t\t\t\t\t\t\t\t\t\t\t<\/div>\n\t\t\t\t<div class=\"elementor-element elementor-element-4780795 elementor-widget elementor-widget-image\" data-id=\"4780795\" data-element_type=\"widget\" data-e-type=\"widget\" data-widget_type=\"image.default\">\n\t\t\t\t\t\t\t\t\t\t\t\t\t\t\t<img alt=\"\" loading=\"lazy\" decoding=\"async\" width=\"300\" height=\"300\" src=\"https:\/\/belgraf.com\/wp-content\/uploads\/2025\/08\/50431722_carbide1-300x300-1.webp\" class=\"attachment-large size-large wp-image-1692\" srcset=\"https:\/\/belgraf.com\/wp-content\/uploads\/2025\/08\/50431722_carbide1-300x300-1.webp 300w, https:\/\/belgraf.com\/wp-content\/uploads\/2025\/08\/50431722_carbide1-300x300-1-150x150.webp 150w, https:\/\/belgraf.com\/wp-content\/uploads\/2025\/08\/50431722_carbide1-300x300-1-12x12.webp 12w\" sizes=\"(max-width: 300px) 100vw, 300px\" \/>\t\t\t\t\t\t\t\t\t\t\t\t\t\t\t<\/div>\n\t\t\t\t<div class=\"elementor-element elementor-element-7185c1e elementor-widget elementor-widget-image\" data-id=\"7185c1e\" data-element_type=\"widget\" data-e-type=\"widget\" data-widget_type=\"image.default\">\n\t\t\t\t\t\t\t\t\t\t\t\t\t\t\t<img alt=\"\" loading=\"lazy\" decoding=\"async\" width=\"300\" height=\"300\" src=\"https:\/\/belgraf.com\/wp-content\/uploads\/2025\/08\/50431723_MODELLING11-300x300-1.webp\" class=\"attachment-large size-large wp-image-1693\" srcset=\"https:\/\/belgraf.com\/wp-content\/uploads\/2025\/08\/50431723_MODELLING11-300x300-1.webp 300w, https:\/\/belgraf.com\/wp-content\/uploads\/2025\/08\/50431723_MODELLING11-300x300-1-150x150.webp 150w, https:\/\/belgraf.com\/wp-content\/uploads\/2025\/08\/50431723_MODELLING11-300x300-1-12x12.webp 12w\" sizes=\"(max-width: 300px) 100vw, 300px\" \/>\t\t\t\t\t\t\t\t\t\t\t\t\t\t\t<\/div>\n\t\t\t\t<div class=\"elementor-element elementor-element-09078c7 elementor-widget elementor-widget-image\" data-id=\"09078c7\" data-element_type=\"widget\" data-e-type=\"widget\" data-widget_type=\"image.default\">\n\t\t\t\t\t\t\t\t\t\t\t\t\t\t\t<img alt=\"\" loading=\"lazy\" decoding=\"async\" width=\"304\" height=\"248\" src=\"https:\/\/belgraf.com\/wp-content\/uploads\/2025\/08\/50431721_diamond.webp\" class=\"attachment-large size-large wp-image-1694\" srcset=\"https:\/\/belgraf.com\/wp-content\/uploads\/2025\/08\/50431721_diamond.webp 304w, https:\/\/belgraf.com\/wp-content\/uploads\/2025\/08\/50431721_diamond-300x245.webp 300w, https:\/\/belgraf.com\/wp-content\/uploads\/2025\/08\/50431721_diamond-15x12.webp 15w\" sizes=\"(max-width: 304px) 100vw, 304px\" \/>\t\t\t\t\t\t\t\t\t\t\t\t\t\t\t<\/div>\n\t\t\t\t\t<\/div>\n\t\t\t\t<\/div>\n\t\t<div class=\"elementor-element elementor-element-4ad6522 e-flex e-con-boxed e-con e-parent\" data-id=\"4ad6522\" data-element_type=\"container\" data-e-type=\"container\">\n\t\t\t\t\t<div class=\"e-con-inner\">\n\t\t<div class=\"elementor-element elementor-element-f6cb713 e-con-full e-grid e-con e-child\" data-id=\"f6cb713\" data-element_type=\"container\" data-e-type=\"container\">\n\t\t\t\t<div class=\"elementor-element elementor-element-084e5d2 elementor-widget elementor-widget-text-editor\" data-id=\"084e5d2\" data-element_type=\"widget\" data-e-type=\"widget\" data-widget_type=\"text-editor.default\">\n\t\t\t\t\t\t\t\t\t<h3>USO EN DISTINTAS INDUSTRIAS<\/h3><ul><li>Fabricaci\u00f3n industrial<\/li><li>Automotriz y otros medios de Transporte<\/li><li>Seguridad y prevenci\u00f3n de robos<\/li><li>Soldadura<\/li><li>Control de calidad<\/li><\/ul>\t\t\t\t\t\t\t\t<\/div>\n\t\t\t\t<div class=\"elementor-element elementor-element-222ac7e elementor-widget elementor-widget-text-editor\" data-id=\"222ac7e\" data-element_type=\"widget\" data-e-type=\"widget\" data-widget_type=\"text-editor.default\">\n\t\t\t\t\t\t\t\t\t<h3>USO EN DISTINTAS SUPERFICIES<\/h3>\n<ul>\n \t<li>Herramientas<\/li>\n \t<li>Acero inoxidable endurecido<\/li>\n \t<li>Vidrio<\/li>\n \t<li>Madera<\/li>\n \t<li>Pl\u00e1stico<\/li>\n<li>Cer\u00e1mica<\/li>\n<\/ul>\t\t\t\t\t\t\t\t<\/div>\n\t\t\t\t<\/div>\n\t\t\t\t\t<\/div>\n\t\t\t\t<\/div>\n\t\t\t\t<\/div>","protected":false},"excerpt":{"rendered":"<p>Bol\u00edgrafo grabador Bol\u00edgrafo\/l\u00e1piz para grabar metal, piedra, vidrio, madera, cer\u00e1mica \u2026. L\u00e1piz grabador universal Markal VG.490 Markal VG.490 es una [&hellip;]<\/p>\n","protected":false},"author":1,"featured_media":0,"parent":0,"menu_order":0,"comment_status":"closed","ping_status":"closed","template":"","meta":{"_seopress_robots_primary_cat":"","_seopress_titles_title":"","_seopress_titles_desc":"","_seopress_robots_index":"","site-sidebar-layout":"no-sidebar","site-content-layout":"","ast-site-content-layout":"full-width-container","site-content-style":"default","site-sidebar-style":"default","ast-global-header-display":"","ast-banner-title-visibility":"","ast-main-header-display":"","ast-hfb-above-header-display":"","ast-hfb-below-header-display":"","ast-hfb-mobile-header-display":"","site-post-title":"disabled","ast-breadcrumbs-content":"","ast-featured-img":"disabled","footer-sml-layout":"","ast-disable-related-posts":"","theme-transparent-header-meta":"","adv-header-id-meta":"","stick-header-meta":"","header-above-stick-meta":"","header-main-stick-meta":"","header-below-stick-meta":"","astra-migrate-meta-layouts":"default","ast-page-background-enabled":"default","ast-page-background-meta":{"desktop":{"background-color":"var(--ast-global-color-5)","background-image":"","background-repeat":"repeat","background-position":"center center","background-size":"auto","background-attachment":"scroll","background-type":"","background-media":"","overlay-type":"","overlay-color":"","overlay-opacity":"","overlay-gradient":""},"tablet":{"background-color":"","background-image":"","background-repeat":"repeat","background-position":"center center","background-size":"auto","background-attachment":"scroll","background-type":"","background-media":"","overlay-type":"","overlay-color":"","overlay-opacity":"","overlay-gradient":""},"mobile":{"background-color":"","background-image":"","background-repeat":"repeat","background-position":"center center","background-size":"auto","background-attachment":"scroll","background-type":"","background-media":"","overlay-type":"","overlay-color":"","overlay-opacity":"","overlay-gradient":""}},"ast-content-background-meta":{"desktop":{"background-color":"var(--ast-global-color-4)","background-image":"","background-repeat":"repeat","background-position":"center center","background-size":"auto","background-attachment":"scroll","background-type":"","background-media":"","overlay-type":"","overlay-color":"","overlay-opacity":"","overlay-gradient":""},"tablet":{"background-color":"var(--ast-global-color-4)","background-image":"","background-repeat":"repeat","background-position":"center center","background-size":"auto","background-attachment":"scroll","background-type":"","background-media":"","overlay-type":"","overlay-color":"","overlay-opacity":"","overlay-gradient":""},"mobile":{"background-color":"var(--ast-global-color-4)","background-image":"","background-repeat":"repeat","background-position":"center center","background-size":"auto","background-attachment":"scroll","background-type":"","background-media":"","overlay-type":"","overlay-color":"","overlay-opacity":"","overlay-gradient":""}},"footnotes":""},"class_list":["post-1652","page","type-page","status-publish","hentry"],"_links":{"self":[{"href":"https:\/\/belgraf.com\/en\/wp-json\/wp\/v2\/pages\/1652","targetHints":{"allow":["GET"]}}],"collection":[{"href":"https:\/\/belgraf.com\/en\/wp-json\/wp\/v2\/pages"}],"about":[{"href":"https:\/\/belgraf.com\/en\/wp-json\/wp\/v2\/types\/page"}],"author":[{"embeddable":true,"href":"https:\/\/belgraf.com\/en\/wp-json\/wp\/v2\/users\/1"}],"replies":[{"embeddable":true,"href":"https:\/\/belgraf.com\/en\/wp-json\/wp\/v2\/comments?post=1652"}],"version-history":[{"count":34,"href":"https:\/\/belgraf.com\/en\/wp-json\/wp\/v2\/pages\/1652\/revisions"}],"predecessor-version":[{"id":1718,"href":"https:\/\/belgraf.com\/en\/wp-json\/wp\/v2\/pages\/1652\/revisions\/1718"}],"wp:attachment":[{"href":"https:\/\/belgraf.com\/en\/wp-json\/wp\/v2\/media?parent=1652"}],"curies":[{"name":"wp","href":"https:\/\/api.w.org\/{rel}","templated":true}]}}