{"id":1675,"date":"2025-08-04T05:30:41","date_gmt":"2025-08-04T05:30:41","guid":{"rendered":"https:\/\/belgraf.com\/?page_id=1675"},"modified":"2025-08-13T11:55:37","modified_gmt":"2025-08-13T09:55:37","slug":"continuos-inkjet-cij","status":"publish","type":"page","link":"https:\/\/belgraf.com\/en\/continuos-inkjet-cij\/","title":{"rendered":"Continuos Inkjet (cij)"},"content":{"rendered":"<div data-elementor-type=\"wp-page\" data-elementor-id=\"1675\" class=\"elementor elementor-1675\" data-elementor-post-type=\"page\">\n\t\t\t\t<div class=\"elementor-element elementor-element-589caae6 e-flex e-con-boxed e-con e-parent\" data-id=\"589caae6\" data-element_type=\"container\" data-e-type=\"container\" data-settings=\"{&quot;background_background&quot;:&quot;classic&quot;}\">\n\t\t\t\t\t<div class=\"e-con-inner\">\n\t\t\t\t\t<\/div>\n\t\t\t\t<\/div>\n\t\t<div class=\"elementor-element elementor-element-8d108e9 e-flex e-con-boxed e-con e-parent\" data-id=\"8d108e9\" data-element_type=\"container\" data-e-type=\"container\">\n\t\t\t\t\t<div class=\"e-con-inner\">\n\t\t<div class=\"elementor-element elementor-element-e82d525 e-con-full e-flex e-con e-child\" data-id=\"e82d525\" data-element_type=\"container\" data-e-type=\"container\">\n\t\t\t\t<div class=\"elementor-element elementor-element-7e636c3 elementor-invisible elementor-widget elementor-widget-image\" data-id=\"7e636c3\" data-element_type=\"widget\" data-e-type=\"widget\" data-settings=\"{&quot;_animation&quot;:&quot;fadeInLeft&quot;}\" data-widget_type=\"image.default\">\n\t\t\t\t\t\t\t\t\t\t\t\t\t\t\t<img alt=\"\" fetchpriority=\"high\" decoding=\"async\" width=\"366\" height=\"294\" src=\"https:\/\/belgraf.com\/wp-content\/uploads\/2025\/08\/leibinger_jetone.webp\" class=\"attachment-full size-full wp-image-1679\" srcset=\"https:\/\/belgraf.com\/wp-content\/uploads\/2025\/08\/leibinger_jetone.webp 366w, https:\/\/belgraf.com\/wp-content\/uploads\/2025\/08\/leibinger_jetone-300x241.webp 300w, https:\/\/belgraf.com\/wp-content\/uploads\/2025\/08\/leibinger_jetone-15x12.webp 15w\" sizes=\"(max-width: 366px) 100vw, 366px\" \/>\t\t\t\t\t\t\t\t\t\t\t\t\t\t\t<\/div>\n\t\t\t\t<\/div>\n\t\t<div class=\"elementor-element elementor-element-c528e8a e-con-full e-flex e-con e-child\" data-id=\"c528e8a\" data-element_type=\"container\" data-e-type=\"container\">\n\t\t\t\t<div class=\"elementor-element elementor-element-fd5e5a8 elementor-widget elementor-widget-heading\" data-id=\"fd5e5a8\" data-element_type=\"widget\" data-e-type=\"widget\" data-widget_type=\"heading.default\">\n\t\t\t\t\t<span class=\"elementor-heading-title elementor-size-default\">Nivel de entrada<\/span>\t\t\t\t<\/div>\n\t\t\t\t<div class=\"elementor-element elementor-element-1a96a62 elementor-widget elementor-widget-heading\" data-id=\"1a96a62\" data-element_type=\"widget\" data-e-type=\"widget\" data-widget_type=\"heading.default\">\n\t\t\t\t\t<h2 class=\"elementor-heading-title elementor-size-default\">JetOne<\/h2>\t\t\t\t<\/div>\n\t\t\t\t<div class=\"elementor-element elementor-element-6b7975e elementor-widget-divider--view-line elementor-widget elementor-widget-divider\" data-id=\"6b7975e\" data-element_type=\"widget\" data-e-type=\"widget\" data-widget_type=\"divider.default\">\n\t\t\t\t\t\t\t<div class=\"elementor-divider\">\n\t\t\t<span class=\"elementor-divider-separator\">\n\t\t\t\t\t\t<\/span>\n\t\t<\/div>\n\t\t\t\t\t\t<\/div>\n\t\t\t\t<div class=\"elementor-element elementor-element-a5c6527 elementor-widget elementor-widget-text-editor\" data-id=\"a5c6527\" data-element_type=\"widget\" data-e-type=\"widget\" data-widget_type=\"text-editor.default\">\n\t\t\t\t\t\t\t\t\t<p>La Jet One imprime en pl\u00e1stico, cristal, madera, metal, cer\u00e1mica, componentes electronicos, tarjetas y papel, sin contacto y con datos fijos o variables como pueden ser fechas, lotes, n\u00fameros de serie o incluso gr\u00e1ficos en cualquier posici\u00f3n y direcci\u00f3n (al derecho, al rev\u00e9s, en espejo, rotada) sobre superficies planas, c\u00f3ncavas, rugosas, moldeadas, nada es imposible para la JetOne<\/p><p>Equipada con su esclusivo sistema de cierra de cabezal SEALTRONIC , la JetOne est\u00e1 lista para imprimir en solo unos segundos y siempre con una impresi\u00f3n limpia. Esta tecnolog\u00eda \u00fanica en el mundo asegura una protecci\u00f3n completa contra los goteos de tinta a\u00fan despu\u00e9s de un tiempo prolongado de parada. Los ciclos y tiempos de mantenimiento diarios se reducen dr\u00e1sticamente y la p\u00e9rdida de productividad relacionada con los errores de impresi\u00f3n ser\u00e1n cosa del pasado.<\/p><p>Su sistema hidr\u00e1ulico autosuficiente no requiere de ning\u00fan aire comprimido externo. La impresora se encarga a intervalos regulares de activar la bomba de presi\u00f3n para mantener una presi\u00f3n constante en todo el circuito lo que supone un importe ahora de energ\u00eda y de disolvente.<\/p><p>La gran variedad de interfaces disponibles permite integrar a la JetOne en cualquier nivel de integraci\u00f3n necesario: desde una simpre conexi\u00f3n hasta la completa integraci\u00f3n. Y su compacto cabezal de acero inoxidable se adapta a tu sistema en cualquier posici\u00f3n.<\/p><p>Ventajas de la JetOne<br \/>Imprime hasta dos l\u00edneas en una matriz de 5\u00d75 hasta 16\u00d716<br \/>Previene vertidos de tinta gracias a su exclusivo sistema SEALTRONIC<br \/>Arranca en segundos con solo pulsar un bot\u00f3n<br \/>Sistema operativo basado en ventanas<br \/>Pantalla t\u00e1ctil a color<br \/>Muchas herramients as\u00ed como un editor de trabajos<br \/>Pantalla de diagn\u00f3sticos y estado con men\u00fas de ayuda<\/p>\t\t\t\t\t\t\t\t<\/div>\n\t\t\t\t<\/div>\n\t\t\t\t\t<\/div>\n\t\t\t\t<\/div>\n\t\t<div class=\"elementor-element elementor-element-e3d502f e-flex e-con-boxed e-con e-parent\" data-id=\"e3d502f\" data-element_type=\"container\" data-e-type=\"container\">\n\t\t\t\t\t<div class=\"e-con-inner\">\n\t\t<div class=\"elementor-element elementor-element-a9c81c0 e-con-full e-flex e-con e-child\" data-id=\"a9c81c0\" data-element_type=\"container\" data-e-type=\"container\">\n\t\t\t\t<div class=\"elementor-element elementor-element-f54f67e elementor-invisible elementor-widget elementor-widget-image\" data-id=\"f54f67e\" data-element_type=\"widget\" data-e-type=\"widget\" data-settings=\"{&quot;_animation&quot;:&quot;fadeInLeft&quot;}\" data-widget_type=\"image.default\">\n\t\t\t\t\t\t\t\t\t\t\t\t\t\t\t<img alt=\"\" decoding=\"async\" width=\"366\" height=\"294\" src=\"https:\/\/belgraf.com\/wp-content\/uploads\/2025\/08\/leibinger_jet2neo.webp\" class=\"attachment-full size-full wp-image-1686\" srcset=\"https:\/\/belgraf.com\/wp-content\/uploads\/2025\/08\/leibinger_jet2neo.webp 366w, https:\/\/belgraf.com\/wp-content\/uploads\/2025\/08\/leibinger_jet2neo-300x241.webp 300w, https:\/\/belgraf.com\/wp-content\/uploads\/2025\/08\/leibinger_jet2neo-15x12.webp 15w\" sizes=\"(max-width: 366px) 100vw, 366px\" \/>\t\t\t\t\t\t\t\t\t\t\t\t\t\t\t<\/div>\n\t\t\t\t<\/div>\n\t\t<div class=\"elementor-element elementor-element-f24aaa0 e-con-full e-flex e-con e-child\" data-id=\"f24aaa0\" data-element_type=\"container\" data-e-type=\"container\">\n\t\t\t\t<div class=\"elementor-element elementor-element-3cd37e7 elementor-widget elementor-widget-heading\" data-id=\"3cd37e7\" data-element_type=\"widget\" data-e-type=\"widget\" data-widget_type=\"heading.default\">\n\t\t\t\t\t<span class=\"elementor-heading-title elementor-size-default\">Linea b\u00e1sica<\/span>\t\t\t\t<\/div>\n\t\t\t\t<div class=\"elementor-element elementor-element-89babc8 elementor-widget elementor-widget-heading\" data-id=\"89babc8\" data-element_type=\"widget\" data-e-type=\"widget\" data-widget_type=\"heading.default\">\n\t\t\t\t\t<h2 class=\"elementor-heading-title elementor-size-default\">Jet2Neo<\/h2>\t\t\t\t<\/div>\n\t\t\t\t<div class=\"elementor-element elementor-element-69c36bb elementor-widget-divider--view-line elementor-widget elementor-widget-divider\" data-id=\"69c36bb\" data-element_type=\"widget\" data-e-type=\"widget\" data-widget_type=\"divider.default\">\n\t\t\t\t\t\t\t<div class=\"elementor-divider\">\n\t\t\t<span class=\"elementor-divider-separator\">\n\t\t\t\t\t\t<\/span>\n\t\t<\/div>\n\t\t\t\t\t\t<\/div>\n\t\t\t\t<div class=\"elementor-element elementor-element-d1ea726 elementor-widget elementor-widget-text-editor\" data-id=\"d1ea726\" data-element_type=\"widget\" data-e-type=\"widget\" data-widget_type=\"text-editor.default\">\n\t\t\t\t\t\t\t\t\t<p>Su gran rendimiento, hace que la LEIBINGER JET2neo sea la impresora ideal para todas las tareas diarias de marcado sobre diferentes superficies y productos. Fabricada con material de la m\u00e1s alta calidad y sofisticadas tecnolog\u00eds garantizan su durabilidad. La JET2neo imprime datos fijos y variables como textos, fechas, c\u00f3digos de barra, n\u00fameros de serie y gr\u00e1ficos sin contacto durante la producci\u00f3n y con tintas de secado r\u00e1pido. La JET2neo es el sistema de marcado ideal para todas sus tareas diarias.<\/p><p>Sistema SEALTRONIC<br \/>Equipada con su esclusivo sistema de cierra de cabezal SEALTRONIC , la JetOne est\u00e1 lista para imprimir en solo unos segundos y siempre con una impresi\u00f3n limpia. Esta tecnolog\u00eda \u00fanica en el mundo asegura una protecci\u00f3n completa contra los goteos de tinta a\u00fan despu\u00e9s de un tiempo prolongado de parada. Los ciclos y tiempos de mantenimiento diarios se reducen dr\u00e1sticamente y la p\u00e9rdida de productividad relacionada con los errores de impresi\u00f3n ser\u00e1n cosa del pasado.<\/p><p>Su dise\u00f1o compacto hacen que la JET2neo pueda ser facilmente integrable en cualquier entorno. Su cabezal de impresi\u00f3n fue dise\u00f1ado para poder montarse en casi cualquier linea de producci\u00f3n<\/p><p>El sistema operativo implementado en la Jet2Neo hace que su manejo sea f\u00e1cil y senillo. El usuario interacciona con un S.O. basado en ventanas con una pantalla t\u00e1ctil a todo color. Pueden crear trabajos de impresi\u00f3n de forma inmediata y f\u00e1cil.<\/p><p><strong>Amplia selecci\u00f3n de tintas<\/strong><br \/>Varios colores de tintas pigmentadas disponibles<br \/>Tintas de secado r\u00e1pido<br \/>Tintas en Base MEK, libres de cetana y en base alcohol.<br \/>Tintas resistentes a la temperatura<br \/>Tintas de seguridad, tintas con variaci\u00f3n de color, tintas adhesivas, fluorescentes, resistentes a la esterilizaci\u00f3n y al alcohol. Tintas adecuadas para el empaquetado de alimentos.<br \/>Tintas de PVC (sin transferencia)<br \/>Tintas de uso alimentario<br \/>Tintas lavables<br \/>Tintas hechas a medida<\/p><p><strong>Ventajas de la Jet2Neo<\/strong><br \/>Automated \u00abSealtronic\u00bb nozzle seal-ink no longer dries out<br \/>Starts in seconds at the push of a button<br \/>Windows-based operating system<br \/>Color TFT-Touch display with large operating elements and various menu languages<br \/>Many functions, including a graphics editor<br \/>Two macro buttons that can be assigned individually and enable quick access to certain areas<br \/>Resolution up to 24 drops<br \/>Prints up to 3 lines in a 7\u00d75 matrix<\/p><p>&gt;Versiones disponibles de la Jet2Neo<\/p><p><strong>JET2neoS<\/strong>:<br \/>Versi\u00f3n r\u00e1pida de la Jet2Neo para aplicaciones st\u00e1ndar.<br \/>Capaz de hacer 2.666 puntos por segundo.<br \/>Imprime hasta 3 l\u00edneas en diferentes fuentes, lenguajes y colores.<\/p><p><strong>JET2neoD<\/strong>:<br \/>Versi\u00f3n de la Jet2Neo espec\u00edficamente dise\u00f1ada para entornos sucios y polvorientos<br \/>El polvo y las part\u00edculos se mantienen fuera de la impresora<br \/>gracias a su panel trasero completamente cerrado<br \/>y al aire positivo y al dise\u00f1o especial del cabezal<\/p>\t\t\t\t\t\t\t\t<\/div>\n\t\t\t\t<\/div>\n\t\t\t\t\t<\/div>\n\t\t\t\t<\/div>\n\t\t<div class=\"elementor-element elementor-element-3ac0aca e-flex e-con-boxed e-con e-parent\" data-id=\"3ac0aca\" data-element_type=\"container\" data-e-type=\"container\">\n\t\t\t\t\t<div class=\"e-con-inner\">\n\t\t<div class=\"elementor-element elementor-element-aa629c9 e-con-full e-flex e-con e-child\" data-id=\"aa629c9\" data-element_type=\"container\" data-e-type=\"container\">\n\t\t\t\t<div class=\"elementor-element elementor-element-b114d64 elementor-invisible elementor-widget elementor-widget-image\" data-id=\"b114d64\" data-element_type=\"widget\" data-e-type=\"widget\" data-settings=\"{&quot;_animation&quot;:&quot;fadeInLeft&quot;}\" data-widget_type=\"image.default\">\n\t\t\t\t\t\t\t\t\t\t\t\t\t\t\t<img alt=\"\" decoding=\"async\" width=\"366\" height=\"294\" src=\"https:\/\/belgraf.com\/wp-content\/uploads\/2025\/08\/leibinger_jet3up.webp\" class=\"attachment-full size-full wp-image-1702\" srcset=\"https:\/\/belgraf.com\/wp-content\/uploads\/2025\/08\/leibinger_jet3up.webp 366w, https:\/\/belgraf.com\/wp-content\/uploads\/2025\/08\/leibinger_jet3up-300x241.webp 300w, https:\/\/belgraf.com\/wp-content\/uploads\/2025\/08\/leibinger_jet3up-15x12.webp 15w\" sizes=\"(max-width: 366px) 100vw, 366px\" \/>\t\t\t\t\t\t\t\t\t\t\t\t\t\t\t<\/div>\n\t\t\t\t<\/div>\n\t\t<div class=\"elementor-element elementor-element-ada3cb6 e-con-full e-flex e-con e-child\" data-id=\"ada3cb6\" data-element_type=\"container\" data-e-type=\"container\">\n\t\t\t\t<div class=\"elementor-element elementor-element-d3515f9 elementor-widget elementor-widget-heading\" data-id=\"d3515f9\" data-element_type=\"widget\" data-e-type=\"widget\" data-widget_type=\"heading.default\">\n\t\t\t\t\t<span class=\"elementor-heading-title elementor-size-default\">Linea Universal<\/span>\t\t\t\t<\/div>\n\t\t\t\t<div class=\"elementor-element elementor-element-d6e5af5 elementor-widget elementor-widget-heading\" data-id=\"d6e5af5\" data-element_type=\"widget\" data-e-type=\"widget\" data-widget_type=\"heading.default\">\n\t\t\t\t\t<h2 class=\"elementor-heading-title elementor-size-default\">Jet3Up<\/h2>\t\t\t\t<\/div>\n\t\t\t\t<div class=\"elementor-element elementor-element-f3ebc7e elementor-widget-divider--view-line elementor-widget elementor-widget-divider\" data-id=\"f3ebc7e\" data-element_type=\"widget\" data-e-type=\"widget\" data-widget_type=\"divider.default\">\n\t\t\t\t\t\t\t<div class=\"elementor-divider\">\n\t\t\t<span class=\"elementor-divider-separator\">\n\t\t\t\t\t\t<\/span>\n\t\t<\/div>\n\t\t\t\t\t\t<\/div>\n\t\t\t\t<div class=\"elementor-element elementor-element-7de03a5 elementor-widget elementor-widget-text-editor\" data-id=\"7de03a5\" data-element_type=\"widget\" data-e-type=\"widget\" data-widget_type=\"text-editor.default\">\n\t\t\t\t\t\t\t\t\t<p>La impresora industrial LEIBINGER JET3up es la soluci\u00f3n adecuada para todos sus proyectos de marcado gracias a su amplia variedad de funciones. Cristal, film, tarjetas, cables, madera, pl\u00e1sticos, metal y acero, \u2026 son marcados sin contacto con la Jet3Up. Existe disponibilidad de tintas especiales con velocidades de hasta 19 m\/s sobre una amplia variedad de superficies y formas con datos tanto fijos como variables.<\/p><p><strong>La funcionalidad adecuada a cada aplicaci\u00f3n<\/strong>\u00a0Easily legible font types Height of the fonts: 5-32 drops Up to 5-line texts can be printed Prints all major barcodes and DataMatrix codes (ECC200, GS1, EAN\/ECC) Graphics and font editor BatchJob function: A list of predefined jobs is printed in succession. A separate PrintGo signal triggers each individual job. Repetitions of individual print jobs can be easily entered into the list. JobSelect, a function for external job selection: You can select a certain job from a predefined list using external signals (PLC). The job is printed with the next PrintGo signal. You can control up to 1024 jobs using 10 digital input signals. Shoot and print function: Instead of selecting a job number manually, simply load the corresponding print job using a handheld scanner. There are a total of over 800 functions in every LEIBINGER JET3up industrial inkjet printer! More<\/p><p><strong>Opciones disponibles<\/strong><br \/>Nozzle size: 50 \u00b5m, 60 \u00b5m, 70 \u00b5m<br \/>Umbilical, length: 3 m, 6 m or 10 m<br \/>Umbilical, outlet: Straight, 45\u00b0 or 90\u00b0 angle<br \/>Head pressurization: Internal or external<br \/>EcoSolv, solvent recycling system<br \/>Electronic fan cabinet for extremely warm environments<br \/>Additional interfaces for activating additional printers<br \/>Precision print head<br \/>Special print head with side umbilical outlet<\/p><p><strong>Ventajas de la Jet3Neo<\/strong><br \/>The automated \u00abSealtronic\u00bb nozzle seal in the LEIBINGER industrial inkjet printers ensures that ink does not dry out, even during lengthy breaks in production<br \/>Windows-based touchscreen display for convenient operation<br \/>Interfaces such as Ethernet and I\/O signals make integration into a production machine easy<br \/>Height of the fonts: 5-32 drops<br \/>Up to 5-line texts can be printed<br \/>Over 800 user-friendly functions<br \/>Non-contact marking at up to 10 m\/s<br \/>2-year warranty<br \/>All software updates included<br \/>Fair, transparent maintenance<br \/>Easy integration thanks to a wide variety of interfaces<\/p><p>Versiones disponibles de la Jet3Up<\/p><p><strong>JET3UpPro<\/strong>:<br \/>Versi\u00f3n con protecci\u00f3n IP65<\/p><p><strong>JET3UpMI<\/strong>:<br \/>Versi\u00f3n espec\u00edfica para imprimir en superficies peque\u00f1as con microcaracteres<br \/>Micro printing hasta 0.7 mm<br \/>Codificaci\u00f3n precisa de peque\u00f1os productos<\/p><p><strong>JET3UpPI<\/strong>:<br \/>Especialmente dise\u00f1ada para imprimir sobre cables y pl\u00e1sticos con alto contraste<br \/>Capaz de manejar tintas altamente pigmentadas (blanco, amarillo, azul, naranja)<\/p><p><strong>JET3UpEP Egg Coding<\/strong>: Versi\u00f3n especial para integrar en clasificadoras de huevos de marca MOBA y Diamond system. ( Moba Group )<br \/>Alta calidad y tintas adecuadas para el contacto alimentario<br \/>Capaz de imprimir hasta 252.000 huevos por hora (usando 8 l\u00edneas y 8 impresoras)<\/p>\t\t\t\t\t\t\t\t<\/div>\n\t\t\t\t<\/div>\n\t\t\t\t\t<\/div>\n\t\t\t\t<\/div>\n\t\t<div class=\"elementor-element elementor-element-e1b01d8 e-flex e-con-boxed e-con e-parent\" data-id=\"e1b01d8\" data-element_type=\"container\" data-e-type=\"container\">\n\t\t\t\t\t<div class=\"e-con-inner\">\n\t\t<div class=\"elementor-element elementor-element-eeff23e e-con-full e-flex e-con e-child\" data-id=\"eeff23e\" data-element_type=\"container\" data-e-type=\"container\">\n\t\t\t\t<div class=\"elementor-element elementor-element-6e992cc elementor-invisible elementor-widget elementor-widget-image\" data-id=\"6e992cc\" data-element_type=\"widget\" data-e-type=\"widget\" data-settings=\"{&quot;_animation&quot;:&quot;fadeInLeft&quot;}\" data-widget_type=\"image.default\">\n\t\t\t\t\t\t\t\t\t\t\t\t\t\t\t<img alt=\"\" loading=\"lazy\" decoding=\"async\" width=\"366\" height=\"294\" src=\"https:\/\/belgraf.com\/wp-content\/uploads\/2025\/08\/leibinger_jetrapid.webp\" class=\"attachment-full size-full wp-image-1703\" srcset=\"https:\/\/belgraf.com\/wp-content\/uploads\/2025\/08\/leibinger_jetrapid.webp 366w, https:\/\/belgraf.com\/wp-content\/uploads\/2025\/08\/leibinger_jetrapid-300x241.webp 300w, https:\/\/belgraf.com\/wp-content\/uploads\/2025\/08\/leibinger_jetrapid-15x12.webp 15w\" sizes=\"(max-width: 366px) 100vw, 366px\" \/>\t\t\t\t\t\t\t\t\t\t\t\t\t\t\t<\/div>\n\t\t\t\t<\/div>\n\t\t<div class=\"elementor-element elementor-element-6bd5b5d e-con-full e-flex e-con e-child\" data-id=\"6bd5b5d\" data-element_type=\"container\" data-e-type=\"container\">\n\t\t\t\t<div class=\"elementor-element elementor-element-749d28e elementor-widget elementor-widget-heading\" data-id=\"749d28e\" data-element_type=\"widget\" data-e-type=\"widget\" data-widget_type=\"heading.default\">\n\t\t\t\t\t<span class=\"elementor-heading-title elementor-size-default\">Linea de Alta Velocidad<\/span>\t\t\t\t<\/div>\n\t\t\t\t<div class=\"elementor-element elementor-element-ab5a9d6 elementor-widget elementor-widget-heading\" data-id=\"ab5a9d6\" data-element_type=\"widget\" data-e-type=\"widget\" data-widget_type=\"heading.default\">\n\t\t\t\t\t<h2 class=\"elementor-heading-title elementor-size-default\">JetRapid<\/h2>\t\t\t\t<\/div>\n\t\t\t\t<div class=\"elementor-element elementor-element-28ab65e elementor-widget-divider--view-line elementor-widget elementor-widget-divider\" data-id=\"28ab65e\" data-element_type=\"widget\" data-e-type=\"widget\" data-widget_type=\"divider.default\">\n\t\t\t\t\t\t\t<div class=\"elementor-divider\">\n\t\t\t<span class=\"elementor-divider-separator\">\n\t\t\t\t\t\t<\/span>\n\t\t<\/div>\n\t\t\t\t\t\t<\/div>\n\t\t\t\t<div class=\"elementor-element elementor-element-c28c788 elementor-widget elementor-widget-text-editor\" data-id=\"c28c788\" data-element_type=\"widget\" data-e-type=\"widget\" data-widget_type=\"text-editor.default\">\n\t\t\t\t\t\t\t\t\t<p>The universal high-speed printer<br \/>Up to 30% faster non-impact marking &amp; coding<br \/>Printing with up to 800 m\/min with the option Speed Plu<\/p><p>Versiones disponibles de la JetRapid<\/p><p><strong>JETRapid Wire\u00a0<\/strong>:<br \/>Versi\u00f3n especial para cables que llega hasta los 1000 m\/min<\/p><p><strong>JETRapid Wire PI<\/strong>:<br \/>Versi\u00f3n especial para cables y capaz de manejar tintas con alta pigmentaci\u00f3n que llega hasta los 700 m\/min<\/p>\t\t\t\t\t\t\t\t<\/div>\n\t\t\t\t<\/div>\n\t\t\t\t\t<\/div>\n\t\t\t\t<\/div>\n\t\t\t\t<\/div>","protected":false},"excerpt":{"rendered":"<p>Nivel de entrada JetOne La Jet One imprime en pl\u00e1stico, cristal, madera, metal, cer\u00e1mica, componentes electronicos, tarjetas y papel, sin [&hellip;]<\/p>\n","protected":false},"author":1,"featured_media":0,"parent":0,"menu_order":0,"comment_status":"closed","ping_status":"closed","template":"","meta":{"_seopress_robots_primary_cat":"","_seopress_titles_title":"","_seopress_titles_desc":"","_seopress_robots_index":"","site-sidebar-layout":"no-sidebar","site-content-layout":"","ast-site-content-layout":"full-width-container","site-content-style":"default","site-sidebar-style":"default","ast-global-header-display":"","ast-banner-title-visibility":"","ast-main-header-display":"","ast-hfb-above-header-display":"","ast-hfb-below-header-display":"","ast-hfb-mobile-header-display":"","site-post-title":"disabled","ast-breadcrumbs-content":"","ast-featured-img":"disabled","footer-sml-layout":"","ast-disable-related-posts":"","theme-transparent-header-meta":"","adv-header-id-meta":"","stick-header-meta":"","header-above-stick-meta":"","header-main-stick-meta":"","header-below-stick-meta":"","astra-migrate-meta-layouts":"default","ast-page-background-enabled":"default","ast-page-background-meta":{"desktop":{"background-color":"var(--ast-global-color-5)","background-image":"","background-repeat":"repeat","background-position":"center center","background-size":"auto","background-attachment":"scroll","background-type":"","background-media":"","overlay-type":"","overlay-color":"","overlay-opacity":"","overlay-gradient":""},"tablet":{"background-color":"","background-image":"","background-repeat":"repeat","background-position":"center center","background-size":"auto","background-attachment":"scroll","background-type":"","background-media":"","overlay-type":"","overlay-color":"","overlay-opacity":"","overlay-gradient":""},"mobile":{"background-color":"","background-image":"","background-repeat":"repeat","background-position":"center center","background-size":"auto","background-attachment":"scroll","background-type":"","background-media":"","overlay-type":"","overlay-color":"","overlay-opacity":"","overlay-gradient":""}},"ast-content-background-meta":{"desktop":{"background-color":"var(--ast-global-color-4)","background-image":"","background-repeat":"repeat","background-position":"center center","background-size":"auto","background-attachment":"scroll","background-type":"","background-media":"","overlay-type":"","overlay-color":"","overlay-opacity":"","overlay-gradient":""},"tablet":{"background-color":"var(--ast-global-color-4)","background-image":"","background-repeat":"repeat","background-position":"center center","background-size":"auto","background-attachment":"scroll","background-type":"","background-media":"","overlay-type":"","overlay-color":"","overlay-opacity":"","overlay-gradient":""},"mobile":{"background-color":"var(--ast-global-color-4)","background-image":"","background-repeat":"repeat","background-position":"center center","background-size":"auto","background-attachment":"scroll","background-type":"","background-media":"","overlay-type":"","overlay-color":"","overlay-opacity":"","overlay-gradient":""}},"footnotes":""},"class_list":["post-1675","page","type-page","status-publish","hentry"],"_links":{"self":[{"href":"https:\/\/belgraf.com\/en\/wp-json\/wp\/v2\/pages\/1675","targetHints":{"allow":["GET"]}}],"collection":[{"href":"https:\/\/belgraf.com\/en\/wp-json\/wp\/v2\/pages"}],"about":[{"href":"https:\/\/belgraf.com\/en\/wp-json\/wp\/v2\/types\/page"}],"author":[{"embeddable":true,"href":"https:\/\/belgraf.com\/en\/wp-json\/wp\/v2\/users\/1"}],"replies":[{"embeddable":true,"href":"https:\/\/belgraf.com\/en\/wp-json\/wp\/v2\/comments?post=1675"}],"version-history":[{"count":52,"href":"https:\/\/belgraf.com\/en\/wp-json\/wp\/v2\/pages\/1675\/revisions"}],"predecessor-version":[{"id":4088,"href":"https:\/\/belgraf.com\/en\/wp-json\/wp\/v2\/pages\/1675\/revisions\/4088"}],"wp:attachment":[{"href":"https:\/\/belgraf.com\/en\/wp-json\/wp\/v2\/media?parent=1675"}],"curies":[{"name":"wp","href":"https:\/\/api.w.org\/{rel}","templated":true}]}}