{"id":2186,"date":"2025-08-08T04:47:47","date_gmt":"2025-08-08T04:47:47","guid":{"rendered":"https:\/\/belgraf.com\/?page_id=2186"},"modified":"2025-08-08T05:34:37","modified_gmt":"2025-08-08T05:34:37","slug":"cintas-alimentadoras-savema","status":"publish","type":"page","link":"https:\/\/belgraf.com\/en\/cintas-alimentadoras-savema\/","title":{"rendered":"Cintas Alimentadoras Savema"},"content":{"rendered":"<div data-elementor-type=\"wp-page\" data-elementor-id=\"2186\" class=\"elementor elementor-2186\" data-elementor-post-type=\"page\">\n\t\t\t\t<div class=\"elementor-element elementor-element-589caae6 e-flex e-con-boxed e-con e-parent\" data-id=\"589caae6\" data-element_type=\"container\" data-e-type=\"container\" data-settings=\"{&quot;background_background&quot;:&quot;classic&quot;}\">\n\t\t\t\t\t<div class=\"e-con-inner\">\n\t\t\t\t<div class=\"elementor-element elementor-element-5e82ab6 elementor-widget elementor-widget-heading\" data-id=\"5e82ab6\" data-element_type=\"widget\" data-e-type=\"widget\" data-widget_type=\"heading.default\">\n\t\t\t\t\t<h1 class=\"elementor-heading-title elementor-size-default\">Cintas Alimentadoras Savema<\/h1>\t\t\t\t<\/div>\n\t\t\t\t\t<\/div>\n\t\t\t\t<\/div>\n\t\t<div class=\"elementor-element elementor-element-d8bf5c1 e-flex e-con-boxed e-con e-parent\" data-id=\"d8bf5c1\" data-element_type=\"container\" data-e-type=\"container\">\n\t\t\t\t\t<div class=\"e-con-inner\">\n\t\t\t\t<div class=\"elementor-element elementor-element-611a74c elementor-widget elementor-widget-image\" data-id=\"611a74c\" data-element_type=\"widget\" data-e-type=\"widget\" data-widget_type=\"image.default\">\n\t\t\t\t\t\t\t\t\t\t\t\t\t\t\t<img alt=\"\" fetchpriority=\"high\" decoding=\"async\" width=\"626\" height=\"103\" src=\"https:\/\/belgraf.com\/wp-content\/uploads\/2025\/08\/logo_savema.webp\" class=\"attachment-full size-full wp-image-2195\" srcset=\"https:\/\/belgraf.com\/wp-content\/uploads\/2025\/08\/logo_savema.webp 626w, https:\/\/belgraf.com\/wp-content\/uploads\/2025\/08\/logo_savema-300x49.webp 300w, https:\/\/belgraf.com\/wp-content\/uploads\/2025\/08\/logo_savema-18x3.webp 18w\" sizes=\"(max-width: 626px) 100vw, 626px\" \/>\t\t\t\t\t\t\t\t\t\t\t\t\t\t\t<\/div>\n\t\t\t\t<div class=\"elementor-element elementor-element-6128ee0 elementor-widget elementor-widget-text-editor\" data-id=\"6128ee0\" data-element_type=\"widget\" data-e-type=\"widget\" data-widget_type=\"text-editor.default\">\n\t\t\t\t\t\t\t\t\tLos transportadores SAVEMA est\u00e1n dise\u00f1ados para trabajar con alimentadores de fricci\u00f3n y vac\u00edo que se colocan en la parte posterior del transportador para servir en diferentes industrias. Mientras los productos se mueven de forma continua o intermitente, podemos marcar con inyecci\u00f3n de tinta, impresoras de transferencia t\u00e9rmica y etiquetado. Estamos ajustando el lugar de marcado con sensores muy sensibles. Es muy f\u00e1cil utilizar nuestros sistemas. Se pueden montar lectores de c\u00f3digos de barras, sistemas de control de im\u00e1genes, herramientas de etiquetado e impresi\u00f3n de direcciones en nuestros sistemas. En la parte trasera trasera, hay una caja de recolecci\u00f3n que es para productos marcados.\t\t\t\t\t\t\t\t<\/div>\n\t\t\t\t\t<\/div>\n\t\t\t\t<\/div>\n\t\t<div class=\"elementor-element elementor-element-ddd551e e-flex e-con-boxed e-con e-parent\" data-id=\"ddd551e\" data-element_type=\"container\" data-e-type=\"container\">\n\t\t\t\t\t<div class=\"e-con-inner\">\n\t\t<div class=\"elementor-element elementor-element-ebcf908 e-con-full e-flex e-con e-child\" data-id=\"ebcf908\" data-element_type=\"container\" data-e-type=\"container\">\n\t\t\t\t<div class=\"elementor-element elementor-element-8e616ca elementor-widget elementor-widget-video\" data-id=\"8e616ca\" data-element_type=\"widget\" data-e-type=\"widget\" data-settings=\"{&quot;youtube_url&quot;:&quot;https:\\\/\\\/youtu.be\\\/1Vc0pqQ-UTI&quot;,&quot;video_type&quot;:&quot;youtube&quot;,&quot;controls&quot;:&quot;yes&quot;}\" data-widget_type=\"video.default\">\n\t\t\t\t\t\t\t<div class=\"elementor-wrapper elementor-open-inline\">\n\t\t\t<div class=\"elementor-video\"><\/div>\t\t<\/div>\n\t\t\t\t\t\t<\/div>\n\t\t\t\t<\/div>\n\t\t<div class=\"elementor-element elementor-element-e2a4ada e-con-full e-flex e-con e-child\" data-id=\"e2a4ada\" data-element_type=\"container\" data-e-type=\"container\">\n\t\t\t\t<div class=\"elementor-element elementor-element-954cfd8 elementor-widget elementor-widget-video\" data-id=\"954cfd8\" data-element_type=\"widget\" data-e-type=\"widget\" data-settings=\"{&quot;youtube_url&quot;:&quot;https:\\\/\\\/youtu.be\\\/joTlBxiND3I&quot;,&quot;video_type&quot;:&quot;youtube&quot;,&quot;controls&quot;:&quot;yes&quot;}\" data-widget_type=\"video.default\">\n\t\t\t\t\t\t\t<div class=\"elementor-wrapper elementor-open-inline\">\n\t\t\t<div class=\"elementor-video\"><\/div>\t\t<\/div>\n\t\t\t\t\t\t<\/div>\n\t\t\t\t<\/div>\n\t\t\t\t\t<\/div>\n\t\t\t\t<\/div>\n\t\t<div class=\"elementor-element elementor-element-83fb0e9 e-flex e-con-boxed e-con e-parent\" data-id=\"83fb0e9\" data-element_type=\"container\" data-e-type=\"container\">\n\t\t\t\t\t<div class=\"e-con-inner\">\n\t\t<div class=\"elementor-element elementor-element-b26a370 e-con-full e-flex e-con e-child\" data-id=\"b26a370\" data-element_type=\"container\" data-e-type=\"container\">\n\t\t\t\t<div class=\"elementor-element elementor-element-b2ead30 elementor-invisible elementor-widget elementor-widget-image\" data-id=\"b2ead30\" data-element_type=\"widget\" data-e-type=\"widget\" data-settings=\"{&quot;_animation&quot;:&quot;fadeInLeft&quot;}\" data-widget_type=\"image.default\">\n\t\t\t\t\t\t\t\t\t\t\t\t\t\t\t<img alt=\"\" decoding=\"async\" width=\"288\" height=\"172\" src=\"https:\/\/belgraf.com\/wp-content\/uploads\/2025\/08\/1661518522_0.webp\" class=\"attachment-full size-full wp-image-2211\" srcset=\"https:\/\/belgraf.com\/wp-content\/uploads\/2025\/08\/1661518522_0.webp 288w, https:\/\/belgraf.com\/wp-content\/uploads\/2025\/08\/1661518522_0-18x12.webp 18w\" sizes=\"(max-width: 288px) 100vw, 288px\" \/>\t\t\t\t\t\t\t\t\t\t\t\t\t\t\t<\/div>\n\t\t\t\t<\/div>\n\t\t<div class=\"elementor-element elementor-element-41f41a8 e-con-full e-flex e-con e-child\" data-id=\"41f41a8\" data-element_type=\"container\" data-e-type=\"container\">\n\t\t\t\t<div class=\"elementor-element elementor-element-7822791 elementor-widget elementor-widget-heading\" data-id=\"7822791\" data-element_type=\"widget\" data-e-type=\"widget\" data-widget_type=\"heading.default\">\n\t\t\t\t\t<h2 class=\"elementor-heading-title elementor-size-default\">Principales aplicaciones:<\/h2>\t\t\t\t<\/div>\n\t\t\t\t<div class=\"elementor-element elementor-element-944da06 elementor-widget elementor-widget-text-editor\" data-id=\"944da06\" data-element_type=\"widget\" data-e-type=\"widget\" data-widget_type=\"text-editor.default\">\n\t\t\t\t\t\t\t\t\t<ul><li>Servicio postal y carga.<\/li><li>Con marcado y codificaci\u00f3n de inyecci\u00f3n de tinta<\/li><li>Con m\u00e1quina de etiquetado Marcado y codificaci\u00f3n<\/li><li>Alimentaci\u00f3n de la m\u00e1quina plegadora<\/li><li>Alimentaci\u00f3n de facturas y revistas<\/li><\/ul>\t\t\t\t\t\t\t\t<\/div>\n\t\t\t\t<\/div>\n\t\t\t\t\t<\/div>\n\t\t\t\t<\/div>\n\t\t<div class=\"elementor-element elementor-element-7b2ffb8 e-flex e-con-boxed e-con e-parent\" data-id=\"7b2ffb8\" data-element_type=\"container\" data-e-type=\"container\">\n\t\t\t\t\t<div class=\"e-con-inner\">\n\t\t<div class=\"elementor-element elementor-element-80733c0 e-con-full e-flex e-con e-child\" data-id=\"80733c0\" data-element_type=\"container\" data-e-type=\"container\">\n\t\t\t\t<div class=\"elementor-element elementor-element-fc2c940 elementor-invisible elementor-widget elementor-widget-image\" data-id=\"fc2c940\" data-element_type=\"widget\" data-e-type=\"widget\" data-settings=\"{&quot;_animation&quot;:&quot;fadeInLeft&quot;}\" data-widget_type=\"image.default\">\n\t\t\t\t\t\t\t\t\t\t\t\t\t\t\t<img alt=\"\" decoding=\"async\" width=\"288\" height=\"172\" src=\"https:\/\/belgraf.com\/wp-content\/uploads\/2025\/08\/1661518566_0.webp\" class=\"attachment-full size-full wp-image-2212\" srcset=\"https:\/\/belgraf.com\/wp-content\/uploads\/2025\/08\/1661518566_0.webp 288w, https:\/\/belgraf.com\/wp-content\/uploads\/2025\/08\/1661518566_0-18x12.webp 18w\" sizes=\"(max-width: 288px) 100vw, 288px\" \/>\t\t\t\t\t\t\t\t\t\t\t\t\t\t\t<\/div>\n\t\t\t\t<\/div>\n\t\t<div class=\"elementor-element elementor-element-43cc0e7 e-con-full e-flex e-con e-child\" data-id=\"43cc0e7\" data-element_type=\"container\" data-e-type=\"container\">\n\t\t\t\t<div class=\"elementor-element elementor-element-8c3d566 elementor-widget elementor-widget-heading\" data-id=\"8c3d566\" data-element_type=\"widget\" data-e-type=\"widget\" data-widget_type=\"heading.default\">\n\t\t\t\t\t<h2 class=\"elementor-heading-title elementor-size-default\">Especificaciones<\/h2>\t\t\t\t<\/div>\n\t\t\t\t<div class=\"elementor-element elementor-element-e36d6e5 elementor-widget elementor-widget-text-editor\" data-id=\"e36d6e5\" data-element_type=\"widget\" data-e-type=\"widget\" data-widget_type=\"text-editor.default\">\n\t\t\t\t\t\t\t\t\t<ul><li>Ancho m\u00e1ximo del producto: 300 mm (ancho) x 250 mm (largo)<\/li><li>Ancho m\u00ednimo del producto: 40 mm (ancho) x 60 mm (largo)<\/li><li>Velocidad de la correa: 200 mm\/seg.<\/li><li>Potencia:<ul><li>100-120V 50-60Hz<\/li><li>200-240V 50-60Hz<\/li><\/ul><\/li><li>Peso: 48 Kg.<\/li><\/ul>\t\t\t\t\t\t\t\t<\/div>\n\t\t\t\t<\/div>\n\t\t\t\t\t<\/div>\n\t\t\t\t<\/div>\n\t\t<div class=\"elementor-element elementor-element-ba8dc44 e-flex e-con-boxed e-con e-parent\" data-id=\"ba8dc44\" data-element_type=\"container\" data-e-type=\"container\">\n\t\t\t\t\t<div class=\"e-con-inner\">\n\t\t<div class=\"elementor-element elementor-element-a604d64 e-con-full e-flex e-con e-child\" data-id=\"a604d64\" data-element_type=\"container\" data-e-type=\"container\">\n\t\t\t\t<div class=\"elementor-element elementor-element-33f44e5 elementor-invisible elementor-widget elementor-widget-image\" data-id=\"33f44e5\" data-element_type=\"widget\" data-e-type=\"widget\" data-settings=\"{&quot;_animation&quot;:&quot;fadeInLeft&quot;}\" data-widget_type=\"image.default\">\n\t\t\t\t\t\t\t\t\t\t\t\t\t\t\t<img alt=\"\" loading=\"lazy\" decoding=\"async\" width=\"288\" height=\"172\" src=\"https:\/\/belgraf.com\/wp-content\/uploads\/2025\/08\/1661518543_0.webp\" class=\"attachment-full size-full wp-image-2213\" srcset=\"https:\/\/belgraf.com\/wp-content\/uploads\/2025\/08\/1661518543_0.webp 288w, https:\/\/belgraf.com\/wp-content\/uploads\/2025\/08\/1661518543_0-18x12.webp 18w\" sizes=\"(max-width: 288px) 100vw, 288px\" \/>\t\t\t\t\t\t\t\t\t\t\t\t\t\t\t<\/div>\n\t\t\t\t<\/div>\n\t\t<div class=\"elementor-element elementor-element-b8eb905 e-con-full e-flex e-con e-child\" data-id=\"b8eb905\" data-element_type=\"container\" data-e-type=\"container\">\n\t\t\t\t<div class=\"elementor-element elementor-element-bb3ad06 elementor-widget elementor-widget-heading\" data-id=\"bb3ad06\" data-element_type=\"widget\" data-e-type=\"widget\" data-widget_type=\"heading.default\">\n\t\t\t\t\t<h2 class=\"elementor-heading-title elementor-size-default\">Alimentador por fricci\u00f3n<\/h2>\t\t\t\t<\/div>\n\t\t\t\t<div class=\"elementor-element elementor-element-c4c9ad8 elementor-widget elementor-widget-text-editor\" data-id=\"c4c9ad8\" data-element_type=\"widget\" data-e-type=\"widget\" data-widget_type=\"text-editor.default\">\n\t\t\t\t\t\t\t\t\t<p>Indicado para<\/p><ul><li>Servicio postal y carga.<\/li><li>Con marcado y codificaci\u00f3n de inyecci\u00f3n de tinta<\/li><li>Con m\u00e1quina de etiquetado Marcado y codificaci\u00f3n<\/li><li>Alimentaci\u00f3n de la m\u00e1quina plegadora<\/li><li>Alimentaci\u00f3n de facturas y revistas<\/li><\/ul>\t\t\t\t\t\t\t\t<\/div>\n\t\t\t\t<\/div>\n\t\t\t\t\t<\/div>\n\t\t\t\t<\/div>\n\t\t<div class=\"elementor-element elementor-element-25ee3ea e-flex e-con-boxed e-con e-parent\" data-id=\"25ee3ea\" data-element_type=\"container\" data-e-type=\"container\">\n\t\t\t\t\t<div class=\"e-con-inner\">\n\t\t<div class=\"elementor-element elementor-element-b215bf5 e-con-full e-flex e-con e-child\" data-id=\"b215bf5\" data-element_type=\"container\" data-e-type=\"container\">\n\t\t\t\t<div class=\"elementor-element elementor-element-5e0b739 elementor-invisible elementor-widget elementor-widget-image\" data-id=\"5e0b739\" data-element_type=\"widget\" data-e-type=\"widget\" data-settings=\"{&quot;_animation&quot;:&quot;fadeInLeft&quot;}\" data-widget_type=\"image.default\">\n\t\t\t\t\t\t\t\t\t\t\t\t\t\t\t<img alt=\"\" loading=\"lazy\" decoding=\"async\" width=\"288\" height=\"172\" src=\"https:\/\/belgraf.com\/wp-content\/uploads\/2025\/08\/1661518589_0.webp\" class=\"attachment-full size-full wp-image-2214\" srcset=\"https:\/\/belgraf.com\/wp-content\/uploads\/2025\/08\/1661518589_0.webp 288w, https:\/\/belgraf.com\/wp-content\/uploads\/2025\/08\/1661518589_0-18x12.webp 18w\" sizes=\"(max-width: 288px) 100vw, 288px\" \/>\t\t\t\t\t\t\t\t\t\t\t\t\t\t\t<\/div>\n\t\t\t\t<\/div>\n\t\t<div class=\"elementor-element elementor-element-a3d8d89 e-con-full e-flex e-con e-child\" data-id=\"a3d8d89\" data-element_type=\"container\" data-e-type=\"container\">\n\t\t\t\t<div class=\"elementor-element elementor-element-c356667 elementor-widget elementor-widget-heading\" data-id=\"c356667\" data-element_type=\"widget\" data-e-type=\"widget\" data-widget_type=\"heading.default\">\n\t\t\t\t\t<h2 class=\"elementor-heading-title elementor-size-default\">Alimentador de vac\u00edo<\/h2>\t\t\t\t<\/div>\n\t\t\t\t<div class=\"elementor-element elementor-element-128d76e elementor-widget elementor-widget-text-editor\" data-id=\"128d76e\" data-element_type=\"widget\" data-e-type=\"widget\" data-widget_type=\"text-editor.default\">\n\t\t\t\t\t\t\t\t\t<p>Indicado para<\/p><ul><li>Servicio postal y carga.<\/li><li>Con marcado y codificaci\u00f3n de inyecci\u00f3n de tinta<\/li><li>Con m\u00e1quina de etiquetado Marcado y codificaci\u00f3n<\/li><li>Alimentaci\u00f3n de la m\u00e1quina plegadora<\/li><\/ul>\t\t\t\t\t\t\t\t<\/div>\n\t\t\t\t<\/div>\n\t\t\t\t\t<\/div>\n\t\t\t\t<\/div>\n\t\t<div class=\"elementor-element elementor-element-bb35e16 e-flex e-con-boxed e-con e-parent\" data-id=\"bb35e16\" data-element_type=\"container\" data-e-type=\"container\">\n\t\t\t\t\t<div class=\"e-con-inner\">\n\t\t<div class=\"elementor-element elementor-element-fc38030 e-con-full e-flex e-con e-child\" data-id=\"fc38030\" data-element_type=\"container\" data-e-type=\"container\">\n\t\t\t\t<div class=\"elementor-element elementor-element-ac4ec25 elementor-widget elementor-widget-heading\" data-id=\"ac4ec25\" data-element_type=\"widget\" data-e-type=\"widget\" data-widget_type=\"heading.default\">\n\t\t\t\t\t<h2 class=\"elementor-heading-title elementor-size-default\">Medidas<\/h2>\t\t\t\t<\/div>\n\t\t\t\t<div class=\"elementor-element elementor-element-d1c8843 elementor-widget elementor-widget-image\" data-id=\"d1c8843\" data-element_type=\"widget\" data-e-type=\"widget\" data-widget_type=\"image.default\">\n\t\t\t\t\t\t\t\t\t\t\t\t\t\t\t<img alt=\"\" loading=\"lazy\" decoding=\"async\" width=\"800\" height=\"563\" src=\"https:\/\/belgraf.com\/wp-content\/uploads\/2025\/08\/1476104534_0.webp\" class=\"attachment-full size-full wp-image-2215\" srcset=\"https:\/\/belgraf.com\/wp-content\/uploads\/2025\/08\/1476104534_0.webp 800w, https:\/\/belgraf.com\/wp-content\/uploads\/2025\/08\/1476104534_0-300x211.webp 300w, https:\/\/belgraf.com\/wp-content\/uploads\/2025\/08\/1476104534_0-768x540.webp 768w, https:\/\/belgraf.com\/wp-content\/uploads\/2025\/08\/1476104534_0-18x12.webp 18w\" sizes=\"(max-width: 800px) 100vw, 800px\" \/>\t\t\t\t\t\t\t\t\t\t\t\t\t\t\t<\/div>\n\t\t\t\t<\/div>\n\t\t\t\t\t<\/div>\n\t\t\t\t<\/div>\n\t\t\t\t<\/div>","protected":false},"excerpt":{"rendered":"<p>Cintas Alimentadoras Savema Los transportadores SAVEMA est\u00e1n dise\u00f1ados para trabajar con alimentadores de fricci\u00f3n y vac\u00edo que se colocan en [&hellip;]<\/p>\n","protected":false},"author":1,"featured_media":0,"parent":0,"menu_order":0,"comment_status":"closed","ping_status":"closed","template":"","meta":{"_seopress_robots_primary_cat":"","_seopress_titles_title":"","_seopress_titles_desc":"","_seopress_robots_index":"","site-sidebar-layout":"no-sidebar","site-content-layout":"","ast-site-content-layout":"full-width-container","site-content-style":"default","site-sidebar-style":"default","ast-global-header-display":"","ast-banner-title-visibility":"","ast-main-header-display":"","ast-hfb-above-header-display":"","ast-hfb-below-header-display":"","ast-hfb-mobile-header-display":"","site-post-title":"disabled","ast-breadcrumbs-content":"","ast-featured-img":"disabled","footer-sml-layout":"","ast-disable-related-posts":"","theme-transparent-header-meta":"","adv-header-id-meta":"","stick-header-meta":"","header-above-stick-meta":"","header-main-stick-meta":"","header-below-stick-meta":"","astra-migrate-meta-layouts":"default","ast-page-background-enabled":"default","ast-page-background-meta":{"desktop":{"background-color":"var(--ast-global-color-5)","background-image":"","background-repeat":"repeat","background-position":"center center","background-size":"auto","background-attachment":"scroll","background-type":"","background-media":"","overlay-type":"","overlay-color":"","overlay-opacity":"","overlay-gradient":""},"tablet":{"background-color":"","background-image":"","background-repeat":"repeat","background-position":"center center","background-size":"auto","background-attachment":"scroll","background-type":"","background-media":"","overlay-type":"","overlay-color":"","overlay-opacity":"","overlay-gradient":""},"mobile":{"background-color":"","background-image":"","background-repeat":"repeat","background-position":"center center","background-size":"auto","background-attachment":"scroll","background-type":"","background-media":"","overlay-type":"","overlay-color":"","overlay-opacity":"","overlay-gradient":""}},"ast-content-background-meta":{"desktop":{"background-color":"var(--ast-global-color-4)","background-image":"","background-repeat":"repeat","background-position":"center center","background-size":"auto","background-attachment":"scroll","background-type":"","background-media":"","overlay-type":"","overlay-color":"","overlay-opacity":"","overlay-gradient":""},"tablet":{"background-color":"var(--ast-global-color-4)","background-image":"","background-repeat":"repeat","background-position":"center center","background-size":"auto","background-attachment":"scroll","background-type":"","background-media":"","overlay-type":"","overlay-color":"","overlay-opacity":"","overlay-gradient":""},"mobile":{"background-color":"var(--ast-global-color-4)","background-image":"","background-repeat":"repeat","background-position":"center center","background-size":"auto","background-attachment":"scroll","background-type":"","background-media":"","overlay-type":"","overlay-color":"","overlay-opacity":"","overlay-gradient":""}},"footnotes":""},"class_list":["post-2186","page","type-page","status-publish","hentry"],"_links":{"self":[{"href":"https:\/\/belgraf.com\/en\/wp-json\/wp\/v2\/pages\/2186","targetHints":{"allow":["GET"]}}],"collection":[{"href":"https:\/\/belgraf.com\/en\/wp-json\/wp\/v2\/pages"}],"about":[{"href":"https:\/\/belgraf.com\/en\/wp-json\/wp\/v2\/types\/page"}],"author":[{"embeddable":true,"href":"https:\/\/belgraf.com\/en\/wp-json\/wp\/v2\/users\/1"}],"replies":[{"embeddable":true,"href":"https:\/\/belgraf.com\/en\/wp-json\/wp\/v2\/comments?post=2186"}],"version-history":[{"count":25,"href":"https:\/\/belgraf.com\/en\/wp-json\/wp\/v2\/pages\/2186\/revisions"}],"predecessor-version":[{"id":2218,"href":"https:\/\/belgraf.com\/en\/wp-json\/wp\/v2\/pages\/2186\/revisions\/2218"}],"wp:attachment":[{"href":"https:\/\/belgraf.com\/en\/wp-json\/wp\/v2\/media?parent=2186"}],"curies":[{"name":"wp","href":"https:\/\/api.w.org\/{rel}","templated":true}]}}