{"id":2219,"date":"2025-08-08T05:36:33","date_gmt":"2025-08-08T05:36:33","guid":{"rendered":"https:\/\/belgraf.com\/?page_id=2219"},"modified":"2025-08-13T12:29:37","modified_gmt":"2025-08-13T10:29:37","slug":"codificadores-tto","status":"publish","type":"page","link":"https:\/\/belgraf.com\/en\/codificadores-tto\/","title":{"rendered":"Codificaci\u00f3n por Transferencia T\u00e9rmica (Codificadores TTO)"},"content":{"rendered":"<div data-elementor-type=\"wp-page\" data-elementor-id=\"2219\" class=\"elementor elementor-2219\" data-elementor-post-type=\"page\">\n\t\t\t\t<div class=\"elementor-element elementor-element-589caae6 e-flex e-con-boxed e-con e-parent\" data-id=\"589caae6\" data-element_type=\"container\" data-e-type=\"container\" data-settings=\"{&quot;background_background&quot;:&quot;classic&quot;}\">\n\t\t\t\t\t<div class=\"e-con-inner\">\n\t\t\t\t<div class=\"elementor-element elementor-element-5e82ab6 elementor-widget elementor-widget-heading\" data-id=\"5e82ab6\" data-element_type=\"widget\" data-e-type=\"widget\" data-widget_type=\"heading.default\">\n\t\t\t\t\t<h1 class=\"elementor-heading-title elementor-size-default\">Codificaci\u00f3n por Transferencia T\u00e9rmica (Codificadores TTO)\n<\/h1>\t\t\t\t<\/div>\n\t\t\t\t<div class=\"elementor-element elementor-element-3f32c59 elementor-widget elementor-widget-heading\" data-id=\"3f32c59\" data-element_type=\"widget\" data-e-type=\"widget\" data-widget_type=\"heading.default\">\n\t\t\t\t\t<div class=\"elementor-heading-title elementor-size-default\">Codificadores TTO (Thermal Transfer Overpack) SAVEMA\n<\/div>\t\t\t\t<\/div>\n\t\t\t\t\t<\/div>\n\t\t\t\t<\/div>\n\t\t<div class=\"elementor-element elementor-element-d8bf5c1 e-flex e-con-boxed e-con e-parent\" data-id=\"d8bf5c1\" data-element_type=\"container\" data-e-type=\"container\">\n\t\t\t\t\t<div class=\"e-con-inner\">\n\t\t\t\t<div class=\"elementor-element elementor-element-611a74c elementor-widget elementor-widget-image\" data-id=\"611a74c\" data-element_type=\"widget\" data-e-type=\"widget\" data-widget_type=\"image.default\">\n\t\t\t\t\t\t\t\t\t\t\t\t\t\t\t<img alt=\"\" fetchpriority=\"high\" decoding=\"async\" width=\"626\" height=\"103\" src=\"https:\/\/belgraf.com\/wp-content\/uploads\/2025\/08\/logo_savema.webp\" class=\"attachment-full size-full wp-image-2195\" srcset=\"https:\/\/belgraf.com\/wp-content\/uploads\/2025\/08\/logo_savema.webp 626w, https:\/\/belgraf.com\/wp-content\/uploads\/2025\/08\/logo_savema-300x49.webp 300w, https:\/\/belgraf.com\/wp-content\/uploads\/2025\/08\/logo_savema-18x3.webp 18w\" sizes=\"(max-width: 626px) 100vw, 626px\" \/>\t\t\t\t\t\t\t\t\t\t\t\t\t\t\t<\/div>\n\t\t\t\t<div class=\"elementor-element elementor-element-6128ee0 elementor-widget elementor-widget-text-editor\" data-id=\"6128ee0\" data-element_type=\"widget\" data-e-type=\"widget\" data-widget_type=\"text-editor.default\">\n\t\t\t\t\t\t\t\t\tCon los equipos de codificaci\u00f3n por transferencia t\u00e9rmica se pueden realizar codificaciones sobre materiales como papel, aluminio, pl\u00e1stico as\u00ed como sobre laminados o etiquetas adhesivas, permitiendo imprimir en el envoltorio de los productos ya en la l\u00ednea de producci\u00f3n.\n\n\t\t\t\t\t\t\t\t<\/div>\n\t\t\t\t<div class=\"elementor-element elementor-element-1018931 elementor-widget elementor-widget-heading\" data-id=\"1018931\" data-element_type=\"widget\" data-e-type=\"widget\" data-widget_type=\"heading.default\">\n\t\t\t\t\t<h2 class=\"elementor-heading-title elementor-size-default\">Codificadores TTO Savema\n<\/h2>\t\t\t\t<\/div>\n\t\t\t\t\t<\/div>\n\t\t\t\t<\/div>\n\t\t<div class=\"elementor-element elementor-element-e36725c e-flex e-con-boxed e-con e-parent\" data-id=\"e36725c\" data-element_type=\"container\" data-e-type=\"container\">\n\t\t\t\t\t<div class=\"e-con-inner\">\n\t\t<div class=\"elementor-element elementor-element-b26c712 e-con-full e-flex e-con e-child\" data-id=\"b26c712\" data-element_type=\"container\" data-e-type=\"container\">\n\t\t\t\t<div class=\"elementor-element elementor-element-7cd0d1c elementor-widget elementor-widget-image\" data-id=\"7cd0d1c\" data-element_type=\"widget\" data-e-type=\"widget\" data-widget_type=\"image.default\">\n\t\t\t\t\t\t\t\t\t\t\t\t\t\t\t<img alt=\"\" decoding=\"async\" width=\"300\" height=\"268\" src=\"https:\/\/belgraf.com\/wp-content\/uploads\/2025\/08\/svm32c-1.webp\" class=\"attachment-full size-full wp-image-2243\" srcset=\"https:\/\/belgraf.com\/wp-content\/uploads\/2025\/08\/svm32c-1.webp 300w, https:\/\/belgraf.com\/wp-content\/uploads\/2025\/08\/svm32c-1-13x12.webp 13w\" sizes=\"(max-width: 300px) 100vw, 300px\" \/>\t\t\t\t\t\t\t\t\t\t\t\t\t\t\t<\/div>\n\t\t\t\t<\/div>\n\t\t<div class=\"elementor-element elementor-element-44147f1 e-con-full e-flex e-con e-child\" data-id=\"44147f1\" data-element_type=\"container\" data-e-type=\"container\">\n\t\t\t\t<div class=\"elementor-element elementor-element-3108239 elementor-widget elementor-widget-image\" data-id=\"3108239\" data-element_type=\"widget\" data-e-type=\"widget\" data-widget_type=\"image.default\">\n\t\t\t\t\t\t\t\t\t\t\t\t\t\t\t<img alt=\"\" decoding=\"async\" width=\"300\" height=\"310\" src=\"https:\/\/belgraf.com\/wp-content\/uploads\/2025\/08\/svm53c-1.webp\" class=\"attachment-large size-large wp-image-2244\" srcset=\"https:\/\/belgraf.com\/wp-content\/uploads\/2025\/08\/svm53c-1.webp 300w, https:\/\/belgraf.com\/wp-content\/uploads\/2025\/08\/svm53c-1-290x300.webp 290w, https:\/\/belgraf.com\/wp-content\/uploads\/2025\/08\/svm53c-1-12x12.webp 12w\" sizes=\"(max-width: 300px) 100vw, 300px\" \/>\t\t\t\t\t\t\t\t\t\t\t\t\t\t\t<\/div>\n\t\t\t\t<\/div>\n\t\t<div class=\"elementor-element elementor-element-c716f0a e-con-full e-flex e-con e-child\" data-id=\"c716f0a\" data-element_type=\"container\" data-e-type=\"container\">\n\t\t\t\t<div class=\"elementor-element elementor-element-728a6eb elementor-widget elementor-widget-image\" data-id=\"728a6eb\" data-element_type=\"widget\" data-e-type=\"widget\" data-widget_type=\"image.default\">\n\t\t\t\t\t\t\t\t\t\t\t\t\t\t\t<img alt=\"\" loading=\"lazy\" decoding=\"async\" width=\"300\" height=\"306\" src=\"https:\/\/belgraf.com\/wp-content\/uploads\/2025\/08\/svm107c-1.webp\" class=\"attachment-large size-large wp-image-2245\" srcset=\"https:\/\/belgraf.com\/wp-content\/uploads\/2025\/08\/svm107c-1.webp 300w, https:\/\/belgraf.com\/wp-content\/uploads\/2025\/08\/svm107c-1-294x300.webp 294w, https:\/\/belgraf.com\/wp-content\/uploads\/2025\/08\/svm107c-1-12x12.webp 12w\" sizes=\"(max-width: 300px) 100vw, 300px\" \/>\t\t\t\t\t\t\t\t\t\t\t\t\t\t\t<\/div>\n\t\t\t\t<\/div>\n\t\t\t\t\t<\/div>\n\t\t\t\t<\/div>\n\t\t<div class=\"elementor-element elementor-element-ddd551e e-flex e-con-boxed e-con e-parent\" data-id=\"ddd551e\" data-element_type=\"container\" data-e-type=\"container\">\n\t\t\t\t\t<div class=\"e-con-inner\">\n\t\t<div class=\"elementor-element elementor-element-ebcf908 e-con-full e-flex e-con e-child\" data-id=\"ebcf908\" data-element_type=\"container\" data-e-type=\"container\">\n\t\t\t\t<div class=\"elementor-element elementor-element-8e616ca elementor-widget elementor-widget-video\" data-id=\"8e616ca\" data-element_type=\"widget\" data-e-type=\"widget\" data-settings=\"{&quot;youtube_url&quot;:&quot;https:\\\/\\\/youtu.be\\\/sbD04IqXu0w&quot;,&quot;video_type&quot;:&quot;youtube&quot;,&quot;controls&quot;:&quot;yes&quot;}\" data-widget_type=\"video.default\">\n\t\t\t\t\t\t\t<div class=\"elementor-wrapper elementor-open-inline\">\n\t\t\t<div class=\"elementor-video\"><\/div>\t\t<\/div>\n\t\t\t\t\t\t<\/div>\n\t\t\t\t<\/div>\n\t\t<div class=\"elementor-element elementor-element-e2a4ada e-con-full e-flex e-con e-child\" data-id=\"e2a4ada\" data-element_type=\"container\" data-e-type=\"container\">\n\t\t\t\t<div class=\"elementor-element elementor-element-954cfd8 elementor-widget elementor-widget-video\" data-id=\"954cfd8\" data-element_type=\"widget\" data-e-type=\"widget\" data-settings=\"{&quot;youtube_url&quot;:&quot;https:\\\/\\\/youtu.be\\\/CXMhle1K41g&quot;,&quot;video_type&quot;:&quot;youtube&quot;,&quot;controls&quot;:&quot;yes&quot;}\" data-widget_type=\"video.default\">\n\t\t\t\t\t\t\t<div class=\"elementor-wrapper elementor-open-inline\">\n\t\t\t<div class=\"elementor-video\"><\/div>\t\t<\/div>\n\t\t\t\t\t\t<\/div>\n\t\t\t\t<\/div>\n\t\t\t\t\t<\/div>\n\t\t\t\t<\/div>\n\t\t<div class=\"elementor-element elementor-element-bfa1be1 e-flex e-con-boxed e-con e-parent\" data-id=\"bfa1be1\" data-element_type=\"container\" data-e-type=\"container\">\n\t\t\t\t\t<div class=\"e-con-inner\">\n\t\t<div class=\"elementor-element elementor-element-7dfdb4f e-con-full e-flex e-con e-child\" data-id=\"7dfdb4f\" data-element_type=\"container\" data-e-type=\"container\">\n\t\t\t\t<div class=\"elementor-element elementor-element-1ac105b elementor-invisible elementor-widget elementor-widget-image\" data-id=\"1ac105b\" data-element_type=\"widget\" data-e-type=\"widget\" data-settings=\"{&quot;_animation&quot;:&quot;fadeInLeft&quot;}\" data-widget_type=\"image.default\">\n\t\t\t\t\t\t\t\t\t\t\t\t\t\t\t<img alt=\"\" decoding=\"async\" width=\"300\" height=\"268\" src=\"https:\/\/belgraf.com\/wp-content\/uploads\/2025\/08\/svm32c-1.webp\" class=\"attachment-full size-full wp-image-2243\" srcset=\"https:\/\/belgraf.com\/wp-content\/uploads\/2025\/08\/svm32c-1.webp 300w, https:\/\/belgraf.com\/wp-content\/uploads\/2025\/08\/svm32c-1-13x12.webp 13w\" sizes=\"(max-width: 300px) 100vw, 300px\" \/>\t\t\t\t\t\t\t\t\t\t\t\t\t\t\t<\/div>\n\t\t\t\t<\/div>\n\t\t<div class=\"elementor-element elementor-element-40ca544 e-con-full e-flex e-con e-child\" data-id=\"40ca544\" data-element_type=\"container\" data-e-type=\"container\">\n\t\t\t\t<div class=\"elementor-element elementor-element-7f5c744 elementor-widget elementor-widget-heading\" data-id=\"7f5c744\" data-element_type=\"widget\" data-e-type=\"widget\" data-widget_type=\"heading.default\">\n\t\t\t\t\t<h2 class=\"elementor-heading-title elementor-size-default\">SVM 32<\/h2>\t\t\t\t<\/div>\n\t\t\t\t<div class=\"elementor-element elementor-element-bf0a5b0 elementor-widget-divider--view-line elementor-widget elementor-widget-divider\" data-id=\"bf0a5b0\" data-element_type=\"widget\" data-e-type=\"widget\" data-widget_type=\"divider.default\">\n\t\t\t\t\t\t\t<div class=\"elementor-divider\">\n\t\t\t<span class=\"elementor-divider-separator\">\n\t\t\t\t\t\t<\/span>\n\t\t<\/div>\n\t\t\t\t\t\t<\/div>\n\t\t\t\t<div class=\"elementor-element elementor-element-01223b8 elementor-widget elementor-widget-text-editor\" data-id=\"01223b8\" data-element_type=\"widget\" data-e-type=\"widget\" data-widget_type=\"text-editor.default\">\n\t\t\t\t\t\t\t\t\t<p>Modelos: SVM 32-50 I \u00a0 \u00a0 \u00a0 \u00a0 \u00a0 \u00a0 SVM 32 C<\/p><p><strong>Caracter\u00edsticas principales<\/strong><\/p><ul><li>Dise\u00f1o industrial robusto patentado que ofrece un alto rendimiento sin ning\u00fan tipo de mantenimiento.<\/li><li>Area de impresi\u00f3n 32\u00d750 mm para intermitente y 32\u00d7125 mm para continua<\/li><li>Capacidad de cinta 600 m<\/li><li>Calidad de impresi\u00f3n de 300 dpi (12 pixels\/mm)<\/li><li>Velocidad de impresi\u00f3n hasta 450 mm\/s en intermitente y 600 mm\/s en continuo<\/li><li>El USB se puede utilizar para mover mensajes y configuraciones entre impresoras, hacer backup y restaurar mensajes y valores de la impresora<\/li><li>Gran capacidad de almacenamiento de formatos en la memoria interna de la impresora.<\/li><\/ul>\t\t\t\t\t\t\t\t<\/div>\n\t\t\t\t<\/div>\n\t\t\t\t\t<\/div>\n\t\t\t\t<\/div>\n\t\t<div class=\"elementor-element elementor-element-8fb22cf e-flex e-con-boxed e-con e-parent\" data-id=\"8fb22cf\" data-element_type=\"container\" data-e-type=\"container\">\n\t\t\t\t\t<div class=\"e-con-inner\">\n\t\t<div class=\"elementor-element elementor-element-23bf09b e-con-full e-flex e-con e-child\" data-id=\"23bf09b\" data-element_type=\"container\" data-e-type=\"container\">\n\t\t\t\t<div class=\"elementor-element elementor-element-02be9b5 elementor-invisible elementor-widget elementor-widget-image\" data-id=\"02be9b5\" data-element_type=\"widget\" data-e-type=\"widget\" data-settings=\"{&quot;_animation&quot;:&quot;fadeInLeft&quot;}\" data-widget_type=\"image.default\">\n\t\t\t\t\t\t\t\t\t\t\t\t\t\t\t<img alt=\"\" loading=\"lazy\" decoding=\"async\" width=\"300\" height=\"310\" src=\"https:\/\/belgraf.com\/wp-content\/uploads\/2025\/08\/svm53c-1.webp\" class=\"attachment-full size-full wp-image-2244\" srcset=\"https:\/\/belgraf.com\/wp-content\/uploads\/2025\/08\/svm53c-1.webp 300w, https:\/\/belgraf.com\/wp-content\/uploads\/2025\/08\/svm53c-1-290x300.webp 290w, https:\/\/belgraf.com\/wp-content\/uploads\/2025\/08\/svm53c-1-12x12.webp 12w\" sizes=\"(max-width: 300px) 100vw, 300px\" \/>\t\t\t\t\t\t\t\t\t\t\t\t\t\t\t<\/div>\n\t\t\t\t<\/div>\n\t\t<div class=\"elementor-element elementor-element-710feca e-con-full e-flex e-con e-child\" data-id=\"710feca\" data-element_type=\"container\" data-e-type=\"container\">\n\t\t\t\t<div class=\"elementor-element elementor-element-fefbbb1 elementor-widget elementor-widget-heading\" data-id=\"fefbbb1\" data-element_type=\"widget\" data-e-type=\"widget\" data-widget_type=\"heading.default\">\n\t\t\t\t\t<h2 class=\"elementor-heading-title elementor-size-default\">SVM 53<\/h2>\t\t\t\t<\/div>\n\t\t\t\t<div class=\"elementor-element elementor-element-175c633 elementor-widget-divider--view-line elementor-widget elementor-widget-divider\" data-id=\"175c633\" data-element_type=\"widget\" data-e-type=\"widget\" data-widget_type=\"divider.default\">\n\t\t\t\t\t\t\t<div class=\"elementor-divider\">\n\t\t\t<span class=\"elementor-divider-separator\">\n\t\t\t\t\t\t<\/span>\n\t\t<\/div>\n\t\t\t\t\t\t<\/div>\n\t\t\t\t<div class=\"elementor-element elementor-element-2a6f598 elementor-widget elementor-widget-text-editor\" data-id=\"2a6f598\" data-element_type=\"widget\" data-e-type=\"widget\" data-widget_type=\"text-editor.default\">\n\t\t\t\t\t\t\t\t\t<p>Modelos: SVM 53-70 I \u00a0 \u00a0 \u00a0 \u00a0 \u00a0 \u00a0 SVM 53 C<\/p><p><strong>Caracter\u00edsticas principales<\/strong><\/p><ul><li>Dise\u00f1o industrial robusto patentado que ofrece un alto rendimiento sin ning\u00fan tipo de mantenimiento.<\/li><li>Area de impresi\u00f3n 53\u00d770 mm para intermitente y 53\u00d7125 mm para continua<\/li><li>Capacidad de cinta 600 m<\/li><li>Calidad de impresi\u00f3n de 300 dpi (12 pixels\/mm)<\/li><li>Velocidad de impresi\u00f3n hasta 450 mm\/s en intermitente y 700 mm\/s en continuo<\/li><li>El USB se puede utilizar para mover mensajes y configuraciones entre impresoras, hacer backup y restaurar mensajes y valores de la impresora<\/li><li>Gran capacidad de almacenamiento de formatos en la memoria interna de la impresora.<\/li><\/ul>\t\t\t\t\t\t\t\t<\/div>\n\t\t\t\t<\/div>\n\t\t\t\t\t<\/div>\n\t\t\t\t<\/div>\n\t\t<div class=\"elementor-element elementor-element-9031a60 e-flex e-con-boxed e-con e-parent\" data-id=\"9031a60\" data-element_type=\"container\" data-e-type=\"container\">\n\t\t\t\t\t<div class=\"e-con-inner\">\n\t\t<div class=\"elementor-element elementor-element-2dec767 e-con-full e-flex e-con e-child\" data-id=\"2dec767\" data-element_type=\"container\" data-e-type=\"container\">\n\t\t\t\t<div class=\"elementor-element elementor-element-463991f elementor-invisible elementor-widget elementor-widget-image\" data-id=\"463991f\" data-element_type=\"widget\" data-e-type=\"widget\" data-settings=\"{&quot;_animation&quot;:&quot;fadeInLeft&quot;}\" data-widget_type=\"image.default\">\n\t\t\t\t\t\t\t\t\t\t\t\t\t\t\t<img alt=\"\" loading=\"lazy\" decoding=\"async\" width=\"300\" height=\"306\" src=\"https:\/\/belgraf.com\/wp-content\/uploads\/2025\/08\/svm107c-1.webp\" class=\"attachment-full size-full wp-image-2245\" srcset=\"https:\/\/belgraf.com\/wp-content\/uploads\/2025\/08\/svm107c-1.webp 300w, https:\/\/belgraf.com\/wp-content\/uploads\/2025\/08\/svm107c-1-294x300.webp 294w, https:\/\/belgraf.com\/wp-content\/uploads\/2025\/08\/svm107c-1-12x12.webp 12w\" sizes=\"(max-width: 300px) 100vw, 300px\" \/>\t\t\t\t\t\t\t\t\t\t\t\t\t\t\t<\/div>\n\t\t\t\t<\/div>\n\t\t<div class=\"elementor-element elementor-element-842bc1d e-con-full e-flex e-con e-child\" data-id=\"842bc1d\" data-element_type=\"container\" data-e-type=\"container\">\n\t\t\t\t<div class=\"elementor-element elementor-element-3e4005f elementor-widget elementor-widget-heading\" data-id=\"3e4005f\" data-element_type=\"widget\" data-e-type=\"widget\" data-widget_type=\"heading.default\">\n\t\t\t\t\t<h2 class=\"elementor-heading-title elementor-size-default\">SVM 107<\/h2>\t\t\t\t<\/div>\n\t\t\t\t<div class=\"elementor-element elementor-element-62b579b elementor-widget-divider--view-line elementor-widget elementor-widget-divider\" data-id=\"62b579b\" data-element_type=\"widget\" data-e-type=\"widget\" data-widget_type=\"divider.default\">\n\t\t\t\t\t\t\t<div class=\"elementor-divider\">\n\t\t\t<span class=\"elementor-divider-separator\">\n\t\t\t\t\t\t<\/span>\n\t\t<\/div>\n\t\t\t\t\t\t<\/div>\n\t\t\t\t<div class=\"elementor-element elementor-element-9bc1a38 elementor-widget elementor-widget-text-editor\" data-id=\"9bc1a38\" data-element_type=\"widget\" data-e-type=\"widget\" data-widget_type=\"text-editor.default\">\n\t\t\t\t\t\t\t\t\t<p>Modelos: SVM 107-75 I \u00a0 \u00a0 \u00a0 \u00a0 \u00a0 \u00a0 SVM 107 C<\/p><p><strong>Caracter\u00edsticas principales<\/strong><\/p><ul><li>Dise\u00f1o industrial robusto patentado que ofrece un alto rendimiento sin ning\u00fan tipo de mantenimiento.<\/li><li>Area de impresi\u00f3n 107\u00d775 mm para intermitente y 107\u00d7125 mm para continua<\/li><li>Capacidad de cinta 600 m<\/li><li>Calidad de impresi\u00f3n de 300 dpi (12 pixels\/mm)<\/li><li>Velocidad de impresi\u00f3n hasta 400 mm\/s en intermitente y 450 mm\/s en continuo<\/li><li>El USB se puede utilizar para mover mensajes y configuraciones entre impresoras, hacer backup y restaurar mensajes y valores de la impresora<\/li><li>Gran capacidad de almacenamiento de formatos en la memoria interna de la impresora.<\/li><\/ul>\t\t\t\t\t\t\t\t<\/div>\n\t\t\t\t<\/div>\n\t\t\t\t\t<\/div>\n\t\t\t\t<\/div>\n\t\t<div class=\"elementor-element elementor-element-4db0841 e-flex e-con-boxed e-con e-parent\" data-id=\"4db0841\" data-element_type=\"container\" data-e-type=\"container\">\n\t\t\t\t\t<div class=\"e-con-inner\">\n\t\t<div class=\"elementor-element elementor-element-24f6b9a e-con-full e-flex e-con e-child\" data-id=\"24f6b9a\" data-element_type=\"container\" data-e-type=\"container\">\n\t\t\t\t<div class=\"elementor-element elementor-element-ec5d710 elementor-widget elementor-widget-heading\" data-id=\"ec5d710\" data-element_type=\"widget\" data-e-type=\"widget\" data-widget_type=\"heading.default\">\n\t\t\t\t\t<h2 class=\"elementor-heading-title elementor-size-default\">Especificaciones<\/h2>\t\t\t\t<\/div>\n\t\t\t\t<div class=\"elementor-element elementor-element-c32e3c1 elementor-widget-divider--view-line elementor-widget elementor-widget-divider\" data-id=\"c32e3c1\" data-element_type=\"widget\" data-e-type=\"widget\" data-widget_type=\"divider.default\">\n\t\t\t\t\t\t\t<div class=\"elementor-divider\">\n\t\t\t<span class=\"elementor-divider-separator\">\n\t\t\t\t\t\t<\/span>\n\t\t<\/div>\n\t\t\t\t\t\t<\/div>\n\t\t\t\t<div class=\"elementor-element elementor-element-4f8590c elementor-widget elementor-widget-text-editor\" data-id=\"4f8590c\" data-element_type=\"widget\" data-e-type=\"widget\" data-widget_type=\"text-editor.default\">\n\t\t\t\t\t\t\t\t\t<table width=\"1084\"><tbody><tr><td width=\"120\"><h3>\u00a0<\/h3><\/td><td width=\"70\"><h6>32-50 I<\/h6><\/td><td width=\"72\"><h6>32 C<\/h6><\/td><td width=\"67\"><h6>53-50 I<\/h6><\/td><td width=\"70\"><h6>53-70 I<\/h6><\/td><td width=\"72\"><h6>53 C<\/h6><\/td><td width=\"71\"><h6>107-75 I<\/h6><\/td><td width=\"79\"><h6>107 C<\/h6><\/td><\/tr><tr><td width=\"120\"><strong><em>Area<\/em><\/strong><strong><em>\u00a0de Impresi\u00f3n<\/em><\/strong><\/td><td width=\"70\">W:32mm<p>\u00a0<\/p><p>L:50mm<\/p><\/td><td width=\"72\">W:32mm<p>\u00a0<\/p><p>L:125mm<\/p><\/td><td width=\"67\">W:53mm<p>\u00a0<\/p><p>L:50mm<\/p><\/td><td width=\"70\">W:53mm<p>\u00a0<\/p><p>L:70mm<\/p><\/td><td width=\"72\">W:53mm<p>\u00a0<\/p><p>L:125mm<\/p><\/td><td width=\"71\">W:107mm<p>\u00a0<\/p><p>L:75mm (125\u00a0opc)<\/p><\/td><td width=\"79\">W:107mm<p>\u00a0<\/p><p>L:125mm<\/p><\/td><\/tr><tr><td width=\"120\"><strong><em>Resoluci\u00f3n<\/em><\/strong><\/td><td colspan=\"7\" width=\"502\">12 ppm<p>\u00a0<\/p><p>300 dpi<\/p><\/td><\/tr><tr><td width=\"120\"><strong><em>Velocidad<\/em><\/strong><\/td><td colspan=\"2\" width=\"142\">400 mm\/s<\/td><td colspan=\"2\" width=\"137\">450 mm\/s<\/td><td width=\"72\">650 mm\/s<\/td><td width=\"71\">450 mm\/s<\/td><td width=\"79\">650 mm\/s<\/td><\/tr><tr><td width=\"120\"><strong><em>Producci\u00f3n<\/em><\/strong><\/td><td width=\"70\">300\u00a0pr\/min<\/td><td width=\"72\">400\u00a0pr\/min<\/td><td width=\"67\">400\u00a0pr\/min<\/td><td width=\"70\">350\u00a0pr\/m<\/td><td width=\"72\">500\u00a0pr\/m<\/td><td width=\"71\">200\u00a0pr\/m<\/td><td width=\"79\">250\u00a0pr\/m<\/td><\/tr><tr><td width=\"120\"><strong><em>Ribbon<\/em><\/strong><\/td><td colspan=\"7\" width=\"502\">600 m<\/td><\/tr><tr><td width=\"120\"><strong><em>Alimentaci\u00f3n<\/em><\/strong><\/td><td colspan=\"7\" width=\"502\">110\/220 V 50\/60 Hz<\/td><\/tr><tr><td width=\"120\"><strong><em>Aire<\/em><\/strong><\/td><td colspan=\"7\" width=\"502\">Min 1 bar \u2013\u00a0max\u00a04 bar<\/td><\/tr><tr><td width=\"120\"><strong><em>Peso<\/em><\/strong><\/td><td colspan=\"3\" width=\"209\">5,6 kg<\/td><td colspan=\"2\" width=\"142\">9,4 Kg<\/td><td colspan=\"2\" width=\"150\">11,6 Kg<\/td><\/tr><tr><td width=\"120\"><strong><em>Dimensiones<\/em><\/strong><\/td><td colspan=\"3\" width=\"209\">175 H x 190 mm W x 200 mm D<\/td><td colspan=\"2\" width=\"142\">180 H x 215 mm W x 210 mm D<\/td><td colspan=\"2\" width=\"150\">210 H x 210 mm W x 255 mm D<\/td><\/tr><tr><td width=\"120\"><strong><em>Panel de Control<\/em><\/strong><\/td><td colspan=\"3\" width=\"209\">4,3 \u00bb T\u00e1ctil<\/td><td colspan=\"4\" width=\"293\">7\u2033 T\u00e1ctil<\/td><\/tr><tr><td width=\"120\"><strong><em>Salidas<\/em><\/strong><\/td><td colspan=\"7\" width=\"502\">Error, imagen lista, encendido,\u00a0print\/min, etc.<\/td><\/tr><tr><td width=\"120\"><strong><em>Campos<\/em><\/strong><\/td><td colspan=\"7\" width=\"502\">Fecha y tiempo real, texto,\u00a0barcode\u00a02D, Logos, contadores, Monetarios, Figuras, etc.<\/td><\/tr><tr><td width=\"120\"><strong><em>Codigos<\/em><\/strong><\/td><td colspan=\"7\" width=\"502\">1D(EAN-13,EAN-8,CODE 128,CODE 39,ITF 2of5,ITF 14,CODABAR,UPC-A,C<p>\u00a0<\/p><p>2D:Datamatrix, QR, PDF 417,\u00a0Axtec,\u00a0Semacode, Macro PDF 417<\/p><\/td><\/tr><tr><td width=\"120\"><strong><em>Comunicaciones<\/em><\/strong><\/td><td colspan=\"7\" width=\"502\">RS-232 (PC), LAN, USB<p>\u00a0<\/p><p>Multilenguage\u00a0support\u00a0standar\u00a0(12)<\/p><\/td><\/tr><tr><td width=\"120\"><strong><em>Software<\/em><\/strong><\/td><td colspan=\"7\" width=\"502\">SAYASIS\u00a0LAbel\u00a0Program<\/td><\/tr><\/tbody><\/table>\t\t\t\t\t\t\t\t<\/div>\n\t\t\t\t<\/div>\n\t\t\t\t\t<\/div>\n\t\t\t\t<\/div>\n\t\t\t\t<\/div>","protected":false},"excerpt":{"rendered":"<p>Codificaci\u00f3n por Transferencia T\u00e9rmica (Codificadores TTO) Codificadores TTO (Thermal Transfer Overpack) SAVEMA Con los equipos de codificaci\u00f3n por transferencia t\u00e9rmica [&hellip;]<\/p>\n","protected":false},"author":1,"featured_media":0,"parent":0,"menu_order":0,"comment_status":"closed","ping_status":"closed","template":"","meta":{"_seopress_robots_primary_cat":"","_seopress_titles_title":"","_seopress_titles_desc":"","_seopress_robots_index":"","site-sidebar-layout":"no-sidebar","site-content-layout":"","ast-site-content-layout":"full-width-container","site-content-style":"default","site-sidebar-style":"default","ast-global-header-display":"","ast-banner-title-visibility":"","ast-main-header-display":"","ast-hfb-above-header-display":"","ast-hfb-below-header-display":"","ast-hfb-mobile-header-display":"","site-post-title":"disabled","ast-breadcrumbs-content":"","ast-featured-img":"disabled","footer-sml-layout":"","ast-disable-related-posts":"","theme-transparent-header-meta":"","adv-header-id-meta":"","stick-header-meta":"","header-above-stick-meta":"","header-main-stick-meta":"","header-below-stick-meta":"","astra-migrate-meta-layouts":"default","ast-page-background-enabled":"default","ast-page-background-meta":{"desktop":{"background-color":"var(--ast-global-color-5)","background-image":"","background-repeat":"repeat","background-position":"center center","background-size":"auto","background-attachment":"scroll","background-type":"","background-media":"","overlay-type":"","overlay-color":"","overlay-opacity":"","overlay-gradient":""},"tablet":{"background-color":"","background-image":"","background-repeat":"repeat","background-position":"center center","background-size":"auto","background-attachment":"scroll","background-type":"","background-media":"","overlay-type":"","overlay-color":"","overlay-opacity":"","overlay-gradient":""},"mobile":{"background-color":"","background-image":"","background-repeat":"repeat","background-position":"center center","background-size":"auto","background-attachment":"scroll","background-type":"","background-media":"","overlay-type":"","overlay-color":"","overlay-opacity":"","overlay-gradient":""}},"ast-content-background-meta":{"desktop":{"background-color":"var(--ast-global-color-4)","background-image":"","background-repeat":"repeat","background-position":"center center","background-size":"auto","background-attachment":"scroll","background-type":"","background-media":"","overlay-type":"","overlay-color":"","overlay-opacity":"","overlay-gradient":""},"tablet":{"background-color":"var(--ast-global-color-4)","background-image":"","background-repeat":"repeat","background-position":"center center","background-size":"auto","background-attachment":"scroll","background-type":"","background-media":"","overlay-type":"","overlay-color":"","overlay-opacity":"","overlay-gradient":""},"mobile":{"background-color":"var(--ast-global-color-4)","background-image":"","background-repeat":"repeat","background-position":"center center","background-size":"auto","background-attachment":"scroll","background-type":"","background-media":"","overlay-type":"","overlay-color":"","overlay-opacity":"","overlay-gradient":""}},"footnotes":""},"class_list":["post-2219","page","type-page","status-publish","hentry"],"_links":{"self":[{"href":"https:\/\/belgraf.com\/en\/wp-json\/wp\/v2\/pages\/2219","targetHints":{"allow":["GET"]}}],"collection":[{"href":"https:\/\/belgraf.com\/en\/wp-json\/wp\/v2\/pages"}],"about":[{"href":"https:\/\/belgraf.com\/en\/wp-json\/wp\/v2\/types\/page"}],"author":[{"embeddable":true,"href":"https:\/\/belgraf.com\/en\/wp-json\/wp\/v2\/users\/1"}],"replies":[{"embeddable":true,"href":"https:\/\/belgraf.com\/en\/wp-json\/wp\/v2\/comments?post=2219"}],"version-history":[{"count":31,"href":"https:\/\/belgraf.com\/en\/wp-json\/wp\/v2\/pages\/2219\/revisions"}],"predecessor-version":[{"id":4115,"href":"https:\/\/belgraf.com\/en\/wp-json\/wp\/v2\/pages\/2219\/revisions\/4115"}],"wp:attachment":[{"href":"https:\/\/belgraf.com\/en\/wp-json\/wp\/v2\/media?parent=2219"}],"curies":[{"name":"wp","href":"https:\/\/api.w.org\/{rel}","templated":true}]}}