{"id":2315,"date":"2025-08-08T12:01:23","date_gmt":"2025-08-08T12:01:23","guid":{"rendered":"https:\/\/belgraf.com\/?page_id=2315"},"modified":"2025-08-08T22:51:16","modified_gmt":"2025-08-08T22:51:16","slug":"codificadores-laser-co2-linx","status":"publish","type":"page","link":"https:\/\/belgraf.com\/en\/codificadores-laser-co2-linx\/","title":{"rendered":"Codificadores Laser de CO2"},"content":{"rendered":"<div data-elementor-type=\"wp-page\" data-elementor-id=\"2315\" class=\"elementor elementor-2315\" data-elementor-post-type=\"page\">\n\t\t\t\t<div class=\"elementor-element elementor-element-589caae6 e-flex e-con-boxed e-con e-parent\" data-id=\"589caae6\" data-element_type=\"container\" data-e-type=\"container\" data-settings=\"{&quot;background_background&quot;:&quot;classic&quot;}\">\n\t\t\t\t\t<div class=\"e-con-inner\">\n\t\t\t\t<div class=\"elementor-element elementor-element-5e82ab6 elementor-widget elementor-widget-heading\" data-id=\"5e82ab6\" data-element_type=\"widget\" data-e-type=\"widget\" data-widget_type=\"heading.default\">\n\t\t\t\t\t<h1 class=\"elementor-heading-title elementor-size-default\">Codificadores Laser de CO2<\/h1>\t\t\t\t<\/div>\n\t\t\t\t\t<\/div>\n\t\t\t\t<\/div>\n\t\t<div class=\"elementor-element elementor-element-d8bf5c1 e-flex e-con-boxed e-con e-parent\" data-id=\"d8bf5c1\" data-element_type=\"container\" data-e-type=\"container\">\n\t\t\t\t\t<div class=\"e-con-inner\">\n\t\t\t\t<div class=\"elementor-element elementor-element-752f384 elementor-widget elementor-widget-image\" data-id=\"752f384\" data-element_type=\"widget\" data-e-type=\"widget\" data-widget_type=\"image.default\">\n\t\t\t\t\t\t\t\t\t\t\t\t\t\t\t<img alt=\"\" fetchpriority=\"high\" decoding=\"async\" width=\"850\" height=\"226\" src=\"https:\/\/belgraf.com\/wp-content\/uploads\/2025\/08\/equipos-laser-co2.webp\" class=\"attachment-full size-full wp-image-2322\" srcset=\"https:\/\/belgraf.com\/wp-content\/uploads\/2025\/08\/equipos-laser-co2.webp 850w, https:\/\/belgraf.com\/wp-content\/uploads\/2025\/08\/equipos-laser-co2-300x80.webp 300w, https:\/\/belgraf.com\/wp-content\/uploads\/2025\/08\/equipos-laser-co2-768x204.webp 768w, https:\/\/belgraf.com\/wp-content\/uploads\/2025\/08\/equipos-laser-co2-18x5.webp 18w\" sizes=\"(max-width: 850px) 100vw, 850px\" \/>\t\t\t\t\t\t\t\t\t\t\t\t\t\t\t<\/div>\n\t\t\t\t<div class=\"elementor-element elementor-element-347126e elementor-widget elementor-widget-text-editor\" data-id=\"347126e\" data-element_type=\"widget\" data-e-type=\"widget\" data-widget_type=\"text-editor.default\">\n\t\t\t\t\t\t\t\t\t<p>La codificaci\u00f3n o el marcaje de sus productos es ahora m\u00e1s r\u00e1pida, vers\u00e1til, intuitiva y fiable que nunca, gracias a la gama de l\u00e1seres de trazado. Los sistemas de marcado o codificaci\u00f3n con l\u00e1ser de trazado crean una calidad de c\u00f3digos o gr\u00e1ficos de una calidad m\u00e1xima, con la ventaja de su indelebilidad. Son marcas permanentes y dependiendo de los materiales y la potencia del l\u00e1ser con un contraste destacable.<\/p>\t\t\t\t\t\t\t\t<\/div>\n\t\t\t\t\t<\/div>\n\t\t\t\t<\/div>\n\t\t<div class=\"elementor-element elementor-element-6be5cd8 e-flex e-con-boxed e-con e-parent\" data-id=\"6be5cd8\" data-element_type=\"container\" data-e-type=\"container\">\n\t\t\t\t\t<div class=\"e-con-inner\">\n\t\t<div class=\"elementor-element elementor-element-319022b e-con-full e-flex e-con e-child\" data-id=\"319022b\" data-element_type=\"container\" data-e-type=\"container\">\n\t\t\t\t<div class=\"elementor-element elementor-element-c989680 elementor-widget elementor-widget-heading\" data-id=\"c989680\" data-element_type=\"widget\" data-e-type=\"widget\" data-widget_type=\"heading.default\">\n\t\t\t\t\t<h3 class=\"elementor-heading-title elementor-size-default\">Laser LINX LS1<\/h3>\t\t\t\t<\/div>\n\t\t\t\t<div class=\"elementor-element elementor-element-41e2add elementor-widget elementor-widget-image\" data-id=\"41e2add\" data-element_type=\"widget\" data-e-type=\"widget\" data-widget_type=\"image.default\">\n\t\t\t\t\t\t\t\t\t\t\t\t\t\t\t<img alt=\"\" decoding=\"async\" width=\"300\" height=\"300\" src=\"https:\/\/belgraf.com\/wp-content\/uploads\/2025\/08\/laser-linx-sl1.webp\" class=\"attachment-full size-full wp-image-2317\" srcset=\"https:\/\/belgraf.com\/wp-content\/uploads\/2025\/08\/laser-linx-sl1.webp 300w, https:\/\/belgraf.com\/wp-content\/uploads\/2025\/08\/laser-linx-sl1-150x150.webp 150w, https:\/\/belgraf.com\/wp-content\/uploads\/2025\/08\/laser-linx-sl1-12x12.webp 12w\" sizes=\"(max-width: 300px) 100vw, 300px\" \/>\t\t\t\t\t\t\t\t\t\t\t\t\t\t\t<\/div>\n\t\t\t\t<\/div>\n\t\t<div class=\"elementor-element elementor-element-ce5295e e-con-full e-flex e-con e-child\" data-id=\"ce5295e\" data-element_type=\"container\" data-e-type=\"container\">\n\t\t\t\t<div class=\"elementor-element elementor-element-ba2aef6 elementor-widget elementor-widget-heading\" data-id=\"ba2aef6\" data-element_type=\"widget\" data-e-type=\"widget\" data-widget_type=\"heading.default\">\n\t\t\t\t\t<h3 class=\"elementor-heading-title elementor-size-default\">Laser LINX CSL10\n<\/h3>\t\t\t\t<\/div>\n\t\t\t\t<div class=\"elementor-element elementor-element-0bf378f elementor-widget elementor-widget-image\" data-id=\"0bf378f\" data-element_type=\"widget\" data-e-type=\"widget\" data-widget_type=\"image.default\">\n\t\t\t\t\t\t\t\t\t\t\t\t\t\t\t<img alt=\"\" decoding=\"async\" width=\"300\" height=\"300\" src=\"https:\/\/belgraf.com\/wp-content\/uploads\/2025\/08\/linx-csl10.webp\" class=\"attachment-full size-full wp-image-2318\" srcset=\"https:\/\/belgraf.com\/wp-content\/uploads\/2025\/08\/linx-csl10.webp 300w, https:\/\/belgraf.com\/wp-content\/uploads\/2025\/08\/linx-csl10-150x150.webp 150w, https:\/\/belgraf.com\/wp-content\/uploads\/2025\/08\/linx-csl10-12x12.webp 12w\" sizes=\"(max-width: 300px) 100vw, 300px\" \/>\t\t\t\t\t\t\t\t\t\t\t\t\t\t\t<\/div>\n\t\t\t\t<\/div>\n\t\t<div class=\"elementor-element elementor-element-ac5c41f e-con-full e-flex e-con e-child\" data-id=\"ac5c41f\" data-element_type=\"container\" data-e-type=\"container\">\n\t\t\t\t<div class=\"elementor-element elementor-element-efdc7ce elementor-widget elementor-widget-heading\" data-id=\"efdc7ce\" data-element_type=\"widget\" data-e-type=\"widget\" data-widget_type=\"heading.default\">\n\t\t\t\t\t<h3 class=\"elementor-heading-title elementor-size-default\">Laser LINX CSL30<\/h3>\t\t\t\t<\/div>\n\t\t\t\t<div class=\"elementor-element elementor-element-2d66e6d elementor-widget elementor-widget-image\" data-id=\"2d66e6d\" data-element_type=\"widget\" data-e-type=\"widget\" data-widget_type=\"image.default\">\n\t\t\t\t\t\t\t\t\t\t\t\t\t\t\t<img alt=\"\" loading=\"lazy\" decoding=\"async\" width=\"300\" height=\"300\" src=\"https:\/\/belgraf.com\/wp-content\/uploads\/2025\/08\/linx-csl-60-1-500x500-1.webp\" class=\"attachment-full size-full wp-image-2319\" srcset=\"https:\/\/belgraf.com\/wp-content\/uploads\/2025\/08\/linx-csl-60-1-500x500-1.webp 300w, https:\/\/belgraf.com\/wp-content\/uploads\/2025\/08\/linx-csl-60-1-500x500-1-150x150.webp 150w, https:\/\/belgraf.com\/wp-content\/uploads\/2025\/08\/linx-csl-60-1-500x500-1-12x12.webp 12w\" sizes=\"(max-width: 300px) 100vw, 300px\" \/>\t\t\t\t\t\t\t\t\t\t\t\t\t\t\t<\/div>\n\t\t\t\t<\/div>\n\t\t<div class=\"elementor-element elementor-element-a350b71 e-con-full e-flex e-con e-child\" data-id=\"a350b71\" data-element_type=\"container\" data-e-type=\"container\">\n\t\t\t\t<div class=\"elementor-element elementor-element-6e9b250 elementor-widget elementor-widget-heading\" data-id=\"6e9b250\" data-element_type=\"widget\" data-e-type=\"widget\" data-widget_type=\"heading.default\">\n\t\t\t\t\t<h3 class=\"elementor-heading-title elementor-size-default\">Laser LINX CSL60<\/h3>\t\t\t\t<\/div>\n\t\t\t\t<div class=\"elementor-element elementor-element-5da1072 elementor-widget elementor-widget-image\" data-id=\"5da1072\" data-element_type=\"widget\" data-e-type=\"widget\" data-widget_type=\"image.default\">\n\t\t\t\t\t\t\t\t\t\t\t\t\t\t\t<img alt=\"\" loading=\"lazy\" decoding=\"async\" width=\"300\" height=\"300\" src=\"https:\/\/belgraf.com\/wp-content\/uploads\/2025\/08\/linx-csl-30-1-500x500-1.webp\" class=\"attachment-full size-full wp-image-2320\" srcset=\"https:\/\/belgraf.com\/wp-content\/uploads\/2025\/08\/linx-csl-30-1-500x500-1.webp 300w, https:\/\/belgraf.com\/wp-content\/uploads\/2025\/08\/linx-csl-30-1-500x500-1-150x150.webp 150w, https:\/\/belgraf.com\/wp-content\/uploads\/2025\/08\/linx-csl-30-1-500x500-1-12x12.webp 12w\" sizes=\"(max-width: 300px) 100vw, 300px\" \/>\t\t\t\t\t\t\t\t\t\t\t\t\t\t\t<\/div>\n\t\t\t\t<\/div>\n\t\t<div class=\"elementor-element elementor-element-0943804 e-con-full e-flex e-con e-child\" data-id=\"0943804\" data-element_type=\"container\" data-e-type=\"container\">\n\t\t\t\t<div class=\"elementor-element elementor-element-68322d3 elementor-widget elementor-widget-heading\" data-id=\"68322d3\" data-element_type=\"widget\" data-e-type=\"widget\" data-widget_type=\"heading.default\">\n\t\t\t\t\t<h3 class=\"elementor-heading-title elementor-size-default\">Laser LINX ROFIN MULTISCAN HE\n<\/h3>\t\t\t\t<\/div>\n\t\t\t\t<div class=\"elementor-element elementor-element-7e5e803 elementor-widget elementor-widget-image\" data-id=\"7e5e803\" data-element_type=\"widget\" data-e-type=\"widget\" data-widget_type=\"image.default\">\n\t\t\t\t\t\t\t\t\t\t\t\t\t\t\t<img alt=\"\" loading=\"lazy\" decoding=\"async\" width=\"300\" height=\"300\" src=\"https:\/\/belgraf.com\/wp-content\/uploads\/2025\/08\/rofin-multiscan-he.webp\" class=\"attachment-full size-full wp-image-2321\" srcset=\"https:\/\/belgraf.com\/wp-content\/uploads\/2025\/08\/rofin-multiscan-he.webp 300w, https:\/\/belgraf.com\/wp-content\/uploads\/2025\/08\/rofin-multiscan-he-150x150.webp 150w, https:\/\/belgraf.com\/wp-content\/uploads\/2025\/08\/rofin-multiscan-he-12x12.webp 12w\" sizes=\"(max-width: 300px) 100vw, 300px\" \/>\t\t\t\t\t\t\t\t\t\t\t\t\t\t\t<\/div>\n\t\t\t\t<\/div>\n\t\t\t\t\t<\/div>\n\t\t\t\t<\/div>\n\t\t<div class=\"elementor-element elementor-element-b04ac11 e-flex e-con-boxed e-con e-parent\" data-id=\"b04ac11\" data-element_type=\"container\" data-e-type=\"container\">\n\t\t\t\t\t<div class=\"e-con-inner\">\n\t\t\t\t<div class=\"elementor-element elementor-element-031f136 elementor-widget-divider--view-line elementor-widget elementor-widget-divider\" data-id=\"031f136\" data-element_type=\"widget\" data-e-type=\"widget\" data-widget_type=\"divider.default\">\n\t\t\t\t\t\t\t<div class=\"elementor-divider\">\n\t\t\t<span class=\"elementor-divider-separator\">\n\t\t\t\t\t\t<\/span>\n\t\t<\/div>\n\t\t\t\t\t\t<\/div>\n\t\t\t\t\t<\/div>\n\t\t\t\t<\/div>\n\t\t\t\t<\/div>","protected":false},"excerpt":{"rendered":"<p>Codificadores Laser de CO2 La codificaci\u00f3n o el marcaje de sus productos es ahora m\u00e1s r\u00e1pida, vers\u00e1til, intuitiva y fiable [&hellip;]<\/p>\n","protected":false},"author":1,"featured_media":0,"parent":0,"menu_order":0,"comment_status":"closed","ping_status":"closed","template":"","meta":{"_seopress_robots_primary_cat":"","_seopress_titles_title":"","_seopress_titles_desc":"","_seopress_robots_index":"","site-sidebar-layout":"no-sidebar","site-content-layout":"","ast-site-content-layout":"full-width-container","site-content-style":"default","site-sidebar-style":"default","ast-global-header-display":"","ast-banner-title-visibility":"","ast-main-header-display":"","ast-hfb-above-header-display":"","ast-hfb-below-header-display":"","ast-hfb-mobile-header-display":"","site-post-title":"disabled","ast-breadcrumbs-content":"","ast-featured-img":"disabled","footer-sml-layout":"","ast-disable-related-posts":"","theme-transparent-header-meta":"","adv-header-id-meta":"","stick-header-meta":"","header-above-stick-meta":"","header-main-stick-meta":"","header-below-stick-meta":"","astra-migrate-meta-layouts":"default","ast-page-background-enabled":"default","ast-page-background-meta":{"desktop":{"background-color":"var(--ast-global-color-5)","background-image":"","background-repeat":"repeat","background-position":"center center","background-size":"auto","background-attachment":"scroll","background-type":"","background-media":"","overlay-type":"","overlay-color":"","overlay-opacity":"","overlay-gradient":""},"tablet":{"background-color":"","background-image":"","background-repeat":"repeat","background-position":"center center","background-size":"auto","background-attachment":"scroll","background-type":"","background-media":"","overlay-type":"","overlay-color":"","overlay-opacity":"","overlay-gradient":""},"mobile":{"background-color":"","background-image":"","background-repeat":"repeat","background-position":"center center","background-size":"auto","background-attachment":"scroll","background-type":"","background-media":"","overlay-type":"","overlay-color":"","overlay-opacity":"","overlay-gradient":""}},"ast-content-background-meta":{"desktop":{"background-color":"var(--ast-global-color-4)","background-image":"","background-repeat":"repeat","background-position":"center center","background-size":"auto","background-attachment":"scroll","background-type":"","background-media":"","overlay-type":"","overlay-color":"","overlay-opacity":"","overlay-gradient":""},"tablet":{"background-color":"var(--ast-global-color-4)","background-image":"","background-repeat":"repeat","background-position":"center center","background-size":"auto","background-attachment":"scroll","background-type":"","background-media":"","overlay-type":"","overlay-color":"","overlay-opacity":"","overlay-gradient":""},"mobile":{"background-color":"var(--ast-global-color-4)","background-image":"","background-repeat":"repeat","background-position":"center center","background-size":"auto","background-attachment":"scroll","background-type":"","background-media":"","overlay-type":"","overlay-color":"","overlay-opacity":"","overlay-gradient":""}},"footnotes":""},"class_list":["post-2315","page","type-page","status-publish","hentry"],"_links":{"self":[{"href":"https:\/\/belgraf.com\/en\/wp-json\/wp\/v2\/pages\/2315","targetHints":{"allow":["GET"]}}],"collection":[{"href":"https:\/\/belgraf.com\/en\/wp-json\/wp\/v2\/pages"}],"about":[{"href":"https:\/\/belgraf.com\/en\/wp-json\/wp\/v2\/types\/page"}],"author":[{"embeddable":true,"href":"https:\/\/belgraf.com\/en\/wp-json\/wp\/v2\/users\/1"}],"replies":[{"embeddable":true,"href":"https:\/\/belgraf.com\/en\/wp-json\/wp\/v2\/comments?post=2315"}],"version-history":[{"count":10,"href":"https:\/\/belgraf.com\/en\/wp-json\/wp\/v2\/pages\/2315\/revisions"}],"predecessor-version":[{"id":2332,"href":"https:\/\/belgraf.com\/en\/wp-json\/wp\/v2\/pages\/2315\/revisions\/2332"}],"wp:attachment":[{"href":"https:\/\/belgraf.com\/en\/wp-json\/wp\/v2\/media?parent=2315"}],"curies":[{"name":"wp","href":"https:\/\/api.w.org\/{rel}","templated":true}]}}