{"id":2496,"date":"2025-08-08T22:28:51","date_gmt":"2025-08-08T22:28:51","guid":{"rendered":"https:\/\/belgraf.com\/?page_id=2496"},"modified":"2025-08-13T12:02:00","modified_gmt":"2025-08-13T10:02:00","slug":"impresoras-de-etiquetas","status":"publish","type":"page","link":"https:\/\/belgraf.com\/en\/impresoras-de-etiquetas\/","title":{"rendered":"Impresoras de Etiquetas"},"content":{"rendered":"<div data-elementor-type=\"wp-page\" data-elementor-id=\"2496\" class=\"elementor elementor-2496\" data-elementor-post-type=\"page\">\n\t\t\t\t<div class=\"elementor-element elementor-element-589caae6 e-flex e-con-boxed e-con e-parent\" data-id=\"589caae6\" data-element_type=\"container\" data-e-type=\"container\" data-settings=\"{&quot;background_background&quot;:&quot;classic&quot;}\">\n\t\t\t\t\t<div class=\"e-con-inner\">\n\t\t\t\t<div class=\"elementor-element elementor-element-5e82ab6 elementor-widget elementor-widget-heading\" data-id=\"5e82ab6\" data-element_type=\"widget\" data-e-type=\"widget\" data-widget_type=\"heading.default\">\n\t\t\t\t\t<h1 class=\"elementor-heading-title elementor-size-default\">Impresoras de Etiquetas<\/h1>\t\t\t\t<\/div>\n\t\t\t\t<div class=\"elementor-element elementor-element-14edd88 elementor-widget elementor-widget-heading\" data-id=\"14edd88\" data-element_type=\"widget\" data-e-type=\"widget\" data-widget_type=\"heading.default\">\n\t\t\t\t\t<div class=\"elementor-heading-title elementor-size-default\">Impresoras de etiquetas industriales y de sobremesa<\/div>\t\t\t\t<\/div>\n\t\t\t\t\t<\/div>\n\t\t\t\t<\/div>\n\t\t<div class=\"elementor-element elementor-element-f0c3501 e-flex e-con-boxed e-con e-parent\" data-id=\"f0c3501\" data-element_type=\"container\" data-e-type=\"container\">\n\t\t\t\t\t<div class=\"e-con-inner\">\n\t\t\t\t<div class=\"elementor-element elementor-element-3ceb857 elementor-widget elementor-widget-text-editor\" data-id=\"3ceb857\" data-element_type=\"widget\" data-e-type=\"widget\" data-widget_type=\"text-editor.default\">\n\t\t\t\t\t\t\t\t\t<p>Las impresoras de etiquetas (o impresoras t\u00e9rmicas) funcionan usando calor controlado para plasmar la imagen en el papel. En las impresiones directas no se usa tinta ni t\u00f3ner, solo calor.<br \/>En las impresiones de transferencia t\u00e9rmica se usa un proceso por el cual se transmite la tinta presenta en una cinta de transferencia t\u00e9rmica (conocida como RIBBON) hacia el papel de forma mec\u00e1nica. Es un sistema usado para etiquetas a largo plazo, para realizar env\u00edos u otras tareas de empaquetado.<\/p>\t\t\t\t\t\t\t\t<\/div>\n\t\t\t\t<div class=\"elementor-element elementor-element-3b9e382 elementor-widget elementor-widget-heading\" data-id=\"3b9e382\" data-element_type=\"widget\" data-e-type=\"widget\" data-widget_type=\"heading.default\">\n\t\t\t\t\t<h2 class=\"elementor-heading-title elementor-size-default\">Las marcas<\/h2>\t\t\t\t<\/div>\n\t\t\t\t<div class=\"elementor-element elementor-element-a7895cc elementor-widget elementor-widget-heading\" data-id=\"a7895cc\" data-element_type=\"widget\" data-e-type=\"widget\" data-widget_type=\"heading.default\">\n\t\t\t\t\t<p class=\"elementor-heading-title elementor-size-default\">Sato, Zebra, Honeywell (Intermec y Datamax), Toshiba, Videojet, Markem, Bizerba, Cab, Carl, Valentin, TSC, Eltron, Citizen, Godex\n\n<\/p>\t\t\t\t<\/div>\n\t\t\t\t<div class=\"elementor-element elementor-element-c56f7e9 elementor-widget elementor-widget-text-editor\" data-id=\"c56f7e9\" data-element_type=\"widget\" data-e-type=\"widget\" data-widget_type=\"text-editor.default\">\n\t\t\t\t\t\t\t\t\t<p>La tecnolog\u00eda por transferencia t\u00e9rmica permite modificar datos variables en todas las impresiones en tiempo real, sin interrupci\u00f3n de la cadena de producci\u00f3n, minimizando los tiempos de modificaci\u00f3n de datos.<br \/>El proceso de impresi\u00f3n por transferencia t\u00e9rmica deja sobre la superficie una impresi\u00f3n con alta resoluci\u00f3n, n\u00edtida y limpia, resistente al deterioro provocado por ralladuras, abrasi\u00f3n, lavados y agentes qu\u00edmicos como aceite, gasolina y alcohol.<\/p><p>Mediante la impresi\u00f3n de etiquetas se asegurar\u00e1 adem\u00e1s de que su empresa cumple con las diferentes normativas y tendr\u00e1 su trabajo m\u00e1s organizado.<br \/>Adem\u00e1s, mediante la impresi\u00f3n t\u00e9rmica podr\u00e1 olvidarse de los costes del uso de diferentes tintas y del t\u00f3ner.<br \/>En Belgraf contamos con diferentes soluciones para cada negocio, desde peque\u00f1as impresoras port\u00e1tiles a impresoras de sobremesa, siempre contando con la calidad y la seguridad de trabajar con las grandes marcas del mercado y nuestro servicio t\u00e9cnico y de asistencia.<\/p>\t\t\t\t\t\t\t\t<\/div>\n\t\t\t\t\t<\/div>\n\t\t\t\t<\/div>\n\t\t<div class=\"elementor-element elementor-element-6be5cd8 e-flex e-con-boxed e-con e-parent\" data-id=\"6be5cd8\" data-element_type=\"container\" data-e-type=\"container\">\n\t\t\t\t\t<div class=\"e-con-inner\">\n\t\t<a class=\"elementor-element elementor-element-319022b e-con-full e-flex e-con e-child\" data-id=\"319022b\" data-element_type=\"container\" data-e-type=\"container\" data-settings=\"{&quot;background_background&quot;:&quot;classic&quot;}\" href=\"\/en\/impresoras-de-etiquetas\/zebra\/\">\n\t\t\t\t<\/a>\n\t\t<a class=\"elementor-element elementor-element-a70adf4 e-con-full e-flex e-con e-child\" data-id=\"a70adf4\" data-element_type=\"container\" data-e-type=\"container\" data-settings=\"{&quot;background_background&quot;:&quot;classic&quot;}\" href=\"\/en\/impresoras-de-etiquetas\/toshiba-print\/\">\n\t\t\t\t<\/a>\n\t\t<a class=\"elementor-element elementor-element-142bce0 e-con-full e-flex e-con e-child\" data-id=\"142bce0\" data-element_type=\"container\" data-e-type=\"container\" data-settings=\"{&quot;background_background&quot;:&quot;classic&quot;}\" href=\"\/en\/impresoras-de-etiquetas\/sato\/\">\n\t\t\t\t<\/a>\n\t\t<a class=\"elementor-element elementor-element-9d0a3c5 e-con-full e-flex e-con e-child\" data-id=\"9d0a3c5\" data-element_type=\"container\" data-e-type=\"container\" data-settings=\"{&quot;background_background&quot;:&quot;classic&quot;}\" href=\"\/en\/impresoras-de-etiquetas\/impresoras-y-sistemas-pa-carl-valentin\/\">\n\t\t\t\t<\/a>\n\t\t\t\t\t<\/div>\n\t\t\t\t<\/div>\n\t\t<div class=\"elementor-element elementor-element-66494cf e-flex e-con-boxed e-con e-parent\" data-id=\"66494cf\" data-element_type=\"container\" data-e-type=\"container\">\n\t\t\t\t\t<div class=\"e-con-inner\">\n\t\t<a class=\"elementor-element elementor-element-5cdfd83 e-con-full e-flex e-con e-child\" data-id=\"5cdfd83\" data-element_type=\"container\" data-e-type=\"container\" data-settings=\"{&quot;background_background&quot;:&quot;classic&quot;}\" href=\"\/en\/impresoras-de-etiquetas\/impresoras-cab\/\">\n\t\t\t\t<\/a>\n\t\t<a class=\"elementor-element elementor-element-d9a9930 e-con-full e-flex e-con e-child\" data-id=\"d9a9930\" data-element_type=\"container\" data-e-type=\"container\" data-settings=\"{&quot;background_background&quot;:&quot;classic&quot;}\" href=\"\/en\/impresoras-de-etiquetas\/intermec-etiquetas\/\">\n\t\t\t\t<\/a>\n\t\t<a class=\"elementor-element elementor-element-f9e5b48 e-con-full e-flex e-con e-child\" data-id=\"f9e5b48\" data-element_type=\"container\" data-e-type=\"container\" data-settings=\"{&quot;background_background&quot;:&quot;classic&quot;}\" href=\"\/en\/impresoras-de-etiquetas\/tsc-impresoras\/\">\n\t\t\t\t<\/a>\n\t\t\t\t\t<\/div>\n\t\t\t\t<\/div>\n\t\t\t\t<\/div>","protected":false},"excerpt":{"rendered":"<p>Impresoras de Etiquetas Impresoras de etiquetas industriales y de sobremesa Las impresoras de etiquetas (o impresoras t\u00e9rmicas) funcionan usando calor [&hellip;]<\/p>\n","protected":false},"author":1,"featured_media":0,"parent":0,"menu_order":0,"comment_status":"closed","ping_status":"closed","template":"","meta":{"_seopress_robots_primary_cat":"","_seopress_titles_title":"","_seopress_titles_desc":"","_seopress_robots_index":"","site-sidebar-layout":"no-sidebar","site-content-layout":"","ast-site-content-layout":"full-width-container","site-content-style":"default","site-sidebar-style":"default","ast-global-header-display":"","ast-banner-title-visibility":"","ast-main-header-display":"","ast-hfb-above-header-display":"","ast-hfb-below-header-display":"","ast-hfb-mobile-header-display":"","site-post-title":"disabled","ast-breadcrumbs-content":"","ast-featured-img":"disabled","footer-sml-layout":"","ast-disable-related-posts":"","theme-transparent-header-meta":"","adv-header-id-meta":"","stick-header-meta":"","header-above-stick-meta":"","header-main-stick-meta":"","header-below-stick-meta":"","astra-migrate-meta-layouts":"default","ast-page-background-enabled":"default","ast-page-background-meta":{"desktop":{"background-color":"var(--ast-global-color-5)","background-image":"","background-repeat":"repeat","background-position":"center center","background-size":"auto","background-attachment":"scroll","background-type":"","background-media":"","overlay-type":"","overlay-color":"","overlay-opacity":"","overlay-gradient":""},"tablet":{"background-color":"","background-image":"","background-repeat":"repeat","background-position":"center center","background-size":"auto","background-attachment":"scroll","background-type":"","background-media":"","overlay-type":"","overlay-color":"","overlay-opacity":"","overlay-gradient":""},"mobile":{"background-color":"","background-image":"","background-repeat":"repeat","background-position":"center center","background-size":"auto","background-attachment":"scroll","background-type":"","background-media":"","overlay-type":"","overlay-color":"","overlay-opacity":"","overlay-gradient":""}},"ast-content-background-meta":{"desktop":{"background-color":"var(--ast-global-color-4)","background-image":"","background-repeat":"repeat","background-position":"center center","background-size":"auto","background-attachment":"scroll","background-type":"","background-media":"","overlay-type":"","overlay-color":"","overlay-opacity":"","overlay-gradient":""},"tablet":{"background-color":"var(--ast-global-color-4)","background-image":"","background-repeat":"repeat","background-position":"center center","background-size":"auto","background-attachment":"scroll","background-type":"","background-media":"","overlay-type":"","overlay-color":"","overlay-opacity":"","overlay-gradient":""},"mobile":{"background-color":"var(--ast-global-color-4)","background-image":"","background-repeat":"repeat","background-position":"center center","background-size":"auto","background-attachment":"scroll","background-type":"","background-media":"","overlay-type":"","overlay-color":"","overlay-opacity":"","overlay-gradient":""}},"footnotes":""},"class_list":["post-2496","page","type-page","status-publish","hentry"],"_links":{"self":[{"href":"https:\/\/belgraf.com\/en\/wp-json\/wp\/v2\/pages\/2496","targetHints":{"allow":["GET"]}}],"collection":[{"href":"https:\/\/belgraf.com\/en\/wp-json\/wp\/v2\/pages"}],"about":[{"href":"https:\/\/belgraf.com\/en\/wp-json\/wp\/v2\/types\/page"}],"author":[{"embeddable":true,"href":"https:\/\/belgraf.com\/en\/wp-json\/wp\/v2\/users\/1"}],"replies":[{"embeddable":true,"href":"https:\/\/belgraf.com\/en\/wp-json\/wp\/v2\/comments?post=2496"}],"version-history":[{"count":40,"href":"https:\/\/belgraf.com\/en\/wp-json\/wp\/v2\/pages\/2496\/revisions"}],"predecessor-version":[{"id":4100,"href":"https:\/\/belgraf.com\/en\/wp-json\/wp\/v2\/pages\/2496\/revisions\/4100"}],"wp:attachment":[{"href":"https:\/\/belgraf.com\/en\/wp-json\/wp\/v2\/media?parent=2496"}],"curies":[{"name":"wp","href":"https:\/\/api.w.org\/{rel}","templated":true}]}}