{"id":2558,"date":"2025-08-08T23:22:39","date_gmt":"2025-08-08T23:22:39","guid":{"rendered":"https:\/\/belgraf.com\/?page_id=2558"},"modified":"2025-08-13T11:59:36","modified_gmt":"2025-08-13T09:59:36","slug":"thermal-inkjet-tij","status":"publish","type":"page","link":"https:\/\/belgraf.com\/en\/thermal-inkjet-tij\/","title":{"rendered":"Gama de impresoras Thermak Inkjet (TIJ) Matthews"},"content":{"rendered":"<div data-elementor-type=\"wp-page\" data-elementor-id=\"2558\" class=\"elementor elementor-2558\" data-elementor-post-type=\"page\">\n\t\t\t\t<div class=\"elementor-element elementor-element-589caae6 e-flex e-con-boxed e-con e-parent\" data-id=\"589caae6\" data-element_type=\"container\" data-e-type=\"container\" data-settings=\"{&quot;background_background&quot;:&quot;classic&quot;}\">\n\t\t\t\t\t<div class=\"e-con-inner\">\n\t\t\t\t<div class=\"elementor-element elementor-element-5e82ab6 elementor-widget elementor-widget-heading\" data-id=\"5e82ab6\" data-element_type=\"widget\" data-e-type=\"widget\" data-widget_type=\"heading.default\">\n\t\t\t\t\t<h1 class=\"elementor-heading-title elementor-size-default\">Gama de impresoras Thermak Inkjet (TIJ) Matthews<\/h1>\t\t\t\t<\/div>\n\t\t\t\t<div class=\"elementor-element elementor-element-71be69b elementor-widget elementor-widget-heading\" data-id=\"71be69b\" data-element_type=\"widget\" data-e-type=\"widget\" data-widget_type=\"heading.default\">\n\t\t\t\t\t<div class=\"elementor-heading-title elementor-size-default\">Completa gama en impresoras de alta resoluci\u00f3n Matthews serie L<\/div>\t\t\t\t<\/div>\n\t\t\t\t\t<\/div>\n\t\t\t\t<\/div>\n\t\t<div class=\"elementor-element elementor-element-bbbbd00 e-flex e-con-boxed e-con e-parent\" data-id=\"bbbbd00\" data-element_type=\"container\" data-e-type=\"container\">\n\t\t\t\t\t<div class=\"e-con-inner\">\n\t\t<div class=\"elementor-element elementor-element-2877aca e-con-full e-flex e-con e-child\" data-id=\"2877aca\" data-element_type=\"container\" data-e-type=\"container\">\n\t\t\t\t<div class=\"elementor-element elementor-element-b094d44 elementor-invisible elementor-widget elementor-widget-image\" data-id=\"b094d44\" data-element_type=\"widget\" data-e-type=\"widget\" data-settings=\"{&quot;_animation&quot;:&quot;fadeInLeft&quot;}\" data-widget_type=\"image.default\">\n\t\t\t\t\t\t\t\t\t\t\t\t\t\t\t<img alt=\"\" decoding=\"async\" width=\"300\" height=\"151\" src=\"https:\/\/belgraf.com\/wp-content\/uploads\/2025\/08\/matthewsl1-1.webp\" class=\"attachment-full size-full wp-image-2791\" srcset=\"https:\/\/belgraf.com\/wp-content\/uploads\/2025\/08\/matthewsl1-1.webp 300w, https:\/\/belgraf.com\/wp-content\/uploads\/2025\/08\/matthewsl1-1-18x9.webp 18w\" sizes=\"(max-width: 300px) 100vw, 300px\" \/>\t\t\t\t\t\t\t\t\t\t\t\t\t\t\t<\/div>\n\t\t\t\t<\/div>\n\t\t<div class=\"elementor-element elementor-element-f7a976d e-con-full e-flex e-con e-child\" data-id=\"f7a976d\" data-element_type=\"container\" data-e-type=\"container\">\n\t\t\t\t<div class=\"elementor-element elementor-element-66e4c24 elementor-widget elementor-widget-heading\" data-id=\"66e4c24\" data-element_type=\"widget\" data-e-type=\"widget\" data-widget_type=\"heading.default\">\n\t\t\t\t\t<h2 class=\"elementor-heading-title elementor-size-default\">L1<\/h2>\t\t\t\t<\/div>\n\t\t\t\t<div class=\"elementor-element elementor-element-63adade elementor-widget-divider--view-line elementor-widget elementor-widget-divider\" data-id=\"63adade\" data-element_type=\"widget\" data-e-type=\"widget\" data-widget_type=\"divider.default\">\n\t\t\t\t\t\t\t<div class=\"elementor-divider\">\n\t\t\t<span class=\"elementor-divider-separator\">\n\t\t\t\t\t\t<\/span>\n\t\t<\/div>\n\t\t\t\t\t\t<\/div>\n\t\t\t\t<div class=\"elementor-element elementor-element-4c748c9 elementor-widget elementor-widget-text-editor\" data-id=\"4c748c9\" data-element_type=\"widget\" data-e-type=\"widget\" data-widget_type=\"text-editor.default\">\n\t\t\t\t\t\t\t\t\t<p>Nuestro cabezal de impresi\u00f3n m\u00e1s compacto. Ideal para una primera codificaci\u00f3n a alta velocidad como mailings, c\u00f3digos promocionales, loteados y n\u00fameros de serie<\/p><ul><li>+ Altura de impresi\u00f3n:\u00a0<strong>\u00bd \u00bb (12.7 mm)<\/strong><\/li><li>+ Impresiones por segundo:\u00a0<strong>over 500 unique QR codes<\/strong><\/li><li>+ Direcci\u00f3n de impresi\u00f3n:\u00a0<strong>horizontal or down<\/strong><\/li><li>+ Max\u00edma distancia de impresi\u00f3n:<strong>\u00a0\u00bc \u00bb (6.4 mm)<\/strong><\/li><\/ul>\t\t\t\t\t\t\t\t<\/div>\n\t\t\t\t<\/div>\n\t\t\t\t\t<\/div>\n\t\t\t\t<\/div>\n\t\t<div class=\"elementor-element elementor-element-dd97621 e-flex e-con-boxed e-con e-parent\" data-id=\"dd97621\" data-element_type=\"container\" data-e-type=\"container\">\n\t\t\t\t\t<div class=\"e-con-inner\">\n\t\t<div class=\"elementor-element elementor-element-66fe4e1 e-con-full e-flex e-con e-child\" data-id=\"66fe4e1\" data-element_type=\"container\" data-e-type=\"container\">\n\t\t\t\t<div class=\"elementor-element elementor-element-aafe982 elementor-invisible elementor-widget elementor-widget-image\" data-id=\"aafe982\" data-element_type=\"widget\" data-e-type=\"widget\" data-settings=\"{&quot;_animation&quot;:&quot;fadeInLeft&quot;}\" data-widget_type=\"image.default\">\n\t\t\t\t\t\t\t\t\t\t\t\t\t\t\t<img alt=\"\" fetchpriority=\"high\" decoding=\"async\" width=\"300\" height=\"226\" src=\"https:\/\/belgraf.com\/wp-content\/uploads\/2025\/08\/matthewsl12.webp\" class=\"attachment-full size-full wp-image-2792\" srcset=\"https:\/\/belgraf.com\/wp-content\/uploads\/2025\/08\/matthewsl12.webp 300w, https:\/\/belgraf.com\/wp-content\/uploads\/2025\/08\/matthewsl12-16x12.webp 16w\" sizes=\"(max-width: 300px) 100vw, 300px\" \/>\t\t\t\t\t\t\t\t\t\t\t\t\t\t\t<\/div>\n\t\t\t\t<\/div>\n\t\t<div class=\"elementor-element elementor-element-ba0fbae e-con-full e-flex e-con e-child\" data-id=\"ba0fbae\" data-element_type=\"container\" data-e-type=\"container\">\n\t\t\t\t<div class=\"elementor-element elementor-element-6b1b58f elementor-widget elementor-widget-heading\" data-id=\"6b1b58f\" data-element_type=\"widget\" data-e-type=\"widget\" data-widget_type=\"heading.default\">\n\t\t\t\t\t<h2 class=\"elementor-heading-title elementor-size-default\">L12<\/h2>\t\t\t\t<\/div>\n\t\t\t\t<div class=\"elementor-element elementor-element-38af7bd elementor-widget-divider--view-line elementor-widget elementor-widget-divider\" data-id=\"38af7bd\" data-element_type=\"widget\" data-e-type=\"widget\" data-widget_type=\"divider.default\">\n\t\t\t\t\t\t\t<div class=\"elementor-divider\">\n\t\t\t<span class=\"elementor-divider-separator\">\n\t\t\t\t\t\t<\/span>\n\t\t<\/div>\n\t\t\t\t\t\t<\/div>\n\t\t\t\t<div class=\"elementor-element elementor-element-1c171a9 elementor-widget elementor-widget-text-editor\" data-id=\"1c171a9\" data-element_type=\"widget\" data-e-type=\"widget\" data-widget_type=\"text-editor.default\">\n\t\t\t\t\t\t\t\t\t<p>Con una altura de impresi\u00f3n de hasta \u00bd \u00ab, el L12 proporciona coficaci\u00f3n de peque\u00f1o a una alta velocidad y alta resoluci\u00f3n para material porosos y no porosos. Una alternativa de bajo costo a los CIJ y TTO (conntinuous inkjet y thermal transfer printers.<\/p><ul><li>+ Altura de impresi\u00f3n:\u00a0<strong>\u00bd \u00bb (12.7 mm)<\/strong><\/li><li>+ Maxima velocidad de impresi\u00f3n:\u00a0<strong>@ 75 DPI: 1,600 ft \/ min (488 m \/ min)<\/strong><\/li><li>+ Direcci\u00f3n de impresi\u00f3n:\u00a0<strong>horizontal or down<\/strong><\/li><li>+ Max\u00edma distancia de impresi\u00f3n:<strong>\u00a0\u00bc \u00bb (6.4 mm)<\/strong><\/li><\/ul>\t\t\t\t\t\t\t\t<\/div>\n\t\t\t\t<\/div>\n\t\t\t\t\t<\/div>\n\t\t\t\t<\/div>\n\t\t<div class=\"elementor-element elementor-element-9939e1f e-flex e-con-boxed e-con e-parent\" data-id=\"9939e1f\" data-element_type=\"container\" data-e-type=\"container\">\n\t\t\t\t\t<div class=\"e-con-inner\">\n\t\t<div class=\"elementor-element elementor-element-1f920df e-con-full e-flex e-con e-child\" data-id=\"1f920df\" data-element_type=\"container\" data-e-type=\"container\">\n\t\t\t\t<div class=\"elementor-element elementor-element-b6d22e6 elementor-invisible elementor-widget elementor-widget-image\" data-id=\"b6d22e6\" data-element_type=\"widget\" data-e-type=\"widget\" data-settings=\"{&quot;_animation&quot;:&quot;fadeInLeft&quot;}\" data-widget_type=\"image.default\">\n\t\t\t\t\t\t\t\t\t\t\t\t\t\t\t<img alt=\"\" decoding=\"async\" width=\"300\" height=\"226\" src=\"https:\/\/belgraf.com\/wp-content\/uploads\/2025\/08\/matthewsl25.webp\" class=\"attachment-full size-full wp-image-2793\" srcset=\"https:\/\/belgraf.com\/wp-content\/uploads\/2025\/08\/matthewsl25.webp 300w, https:\/\/belgraf.com\/wp-content\/uploads\/2025\/08\/matthewsl25-16x12.webp 16w\" sizes=\"(max-width: 300px) 100vw, 300px\" \/>\t\t\t\t\t\t\t\t\t\t\t\t\t\t\t<\/div>\n\t\t\t\t<\/div>\n\t\t<div class=\"elementor-element elementor-element-5aa65fe e-con-full e-flex e-con e-child\" data-id=\"5aa65fe\" data-element_type=\"container\" data-e-type=\"container\">\n\t\t\t\t<div class=\"elementor-element elementor-element-50f70f7 elementor-widget elementor-widget-heading\" data-id=\"50f70f7\" data-element_type=\"widget\" data-e-type=\"widget\" data-widget_type=\"heading.default\">\n\t\t\t\t\t<h2 class=\"elementor-heading-title elementor-size-default\">L25<\/h2>\t\t\t\t<\/div>\n\t\t\t\t<div class=\"elementor-element elementor-element-717e7cf elementor-widget-divider--view-line elementor-widget elementor-widget-divider\" data-id=\"717e7cf\" data-element_type=\"widget\" data-e-type=\"widget\" data-widget_type=\"divider.default\">\n\t\t\t\t\t\t\t<div class=\"elementor-divider\">\n\t\t\t<span class=\"elementor-divider-separator\">\n\t\t\t\t\t\t<\/span>\n\t\t<\/div>\n\t\t\t\t\t\t<\/div>\n\t\t\t\t<div class=\"elementor-element elementor-element-70b158a elementor-widget elementor-widget-text-editor\" data-id=\"70b158a\" data-element_type=\"widget\" data-e-type=\"widget\" data-widget_type=\"text-editor.default\">\n\t\t\t\t\t\t\t\t\t<p>Con una altura de impresi\u00f3n de hasta 1 \u00ab, el L25 proporciona coficaci\u00f3n de peque\u00f1o a una alta velocidad y alta resoluci\u00f3n para material porosos y no porosos. Una alternativa de bajo costo a los CIJ y TTO (conntinuous inkjet y thermal transfer printers.<\/p><ul><li>+ Altura de impresi\u00f3n:\u00a0<strong>\u00bd \u00bb (25.4 mm)<\/strong><\/li><li>+ Maxima velocidad de impresi\u00f3n:\u00a0<strong>@ 75 DPI: 1,600 ft \/ min (488 m \/ min)<\/strong><\/li><li>+ Direcci\u00f3n de impresi\u00f3n:\u00a0<strong>horizontal or down<\/strong><\/li><li>+ Max\u00edma distancia de impresi\u00f3n:<strong>\u00a0\u00bc \u00bb (6.4 mm)<\/strong><\/li><\/ul>\t\t\t\t\t\t\t\t<\/div>\n\t\t\t\t<\/div>\n\t\t\t\t\t<\/div>\n\t\t\t\t<\/div>\n\t\t<div class=\"elementor-element elementor-element-34689dd e-flex e-con-boxed e-con e-parent\" data-id=\"34689dd\" data-element_type=\"container\" data-e-type=\"container\">\n\t\t\t\t\t<div class=\"e-con-inner\">\n\t\t<div class=\"elementor-element elementor-element-d7639fe e-con-full e-flex e-con e-child\" data-id=\"d7639fe\" data-element_type=\"container\" data-e-type=\"container\">\n\t\t\t\t<div class=\"elementor-element elementor-element-b5bf34a elementor-invisible elementor-widget elementor-widget-image\" data-id=\"b5bf34a\" data-element_type=\"widget\" data-e-type=\"widget\" data-settings=\"{&quot;_animation&quot;:&quot;fadeInLeft&quot;}\" data-widget_type=\"image.default\">\n\t\t\t\t\t\t\t\t\t\t\t\t\t\t\t<img alt=\"\" loading=\"lazy\" decoding=\"async\" width=\"300\" height=\"235\" src=\"https:\/\/belgraf.com\/wp-content\/uploads\/2025\/08\/matthewsl50.webp\" class=\"attachment-full size-full wp-image-2794\" srcset=\"https:\/\/belgraf.com\/wp-content\/uploads\/2025\/08\/matthewsl50.webp 300w, https:\/\/belgraf.com\/wp-content\/uploads\/2025\/08\/matthewsl50-15x12.webp 15w\" sizes=\"(max-width: 300px) 100vw, 300px\" \/>\t\t\t\t\t\t\t\t\t\t\t\t\t\t\t<\/div>\n\t\t\t\t<\/div>\n\t\t<div class=\"elementor-element elementor-element-c855fd5 e-con-full e-flex e-con e-child\" data-id=\"c855fd5\" data-element_type=\"container\" data-e-type=\"container\">\n\t\t\t\t<div class=\"elementor-element elementor-element-ee57a72 elementor-widget elementor-widget-heading\" data-id=\"ee57a72\" data-element_type=\"widget\" data-e-type=\"widget\" data-widget_type=\"heading.default\">\n\t\t\t\t\t<h2 class=\"elementor-heading-title elementor-size-default\">L50<\/h2>\t\t\t\t<\/div>\n\t\t\t\t<div class=\"elementor-element elementor-element-4e9518d elementor-widget-divider--view-line elementor-widget elementor-widget-divider\" data-id=\"4e9518d\" data-element_type=\"widget\" data-e-type=\"widget\" data-widget_type=\"divider.default\">\n\t\t\t\t\t\t\t<div class=\"elementor-divider\">\n\t\t\t<span class=\"elementor-divider-separator\">\n\t\t\t\t\t\t<\/span>\n\t\t<\/div>\n\t\t\t\t\t\t<\/div>\n\t\t\t\t<div class=\"elementor-element elementor-element-bf8f6c3 elementor-widget elementor-widget-text-editor\" data-id=\"bf8f6c3\" data-element_type=\"widget\" data-e-type=\"widget\" data-widget_type=\"text-editor.default\">\n\t\t\t\t\t\t\t\t\t<p>El modelo L50 proporciona una altura de hasta 2 \u00bb y est\u00e1 formado por 4 cabezales que trabajan juntos para conseguir una coficaci\u00f3n de peque\u00f1o a una alta velocidad y alta resoluci\u00f3n para material porosos y no porosos. Una alternativa de bajo costo a los CIJ y TTO (conntinuous inkjet y thermal transfer printers.<\/p><ul><li>+ Altura de impresi\u00f3n:\u00a0<strong>\u00bd \u00bb (50.8 mm)<\/strong><\/li><li>+ Impresiones por segundo:\u00a0<strong>over 500 unique QR codes<\/strong><\/li><li>+ Direcci\u00f3n de impresi\u00f3n:\u00a0<strong>horizontal or down<\/strong><\/li><li>+ Max\u00edma distancia de impresi\u00f3n:<strong>\u00a0\u00bc \u00bb (6.4 mm)<\/strong><\/li><\/ul>\t\t\t\t\t\t\t\t<\/div>\n\t\t\t\t<\/div>\n\t\t\t\t\t<\/div>\n\t\t\t\t<\/div>\n\t\t<div class=\"elementor-element elementor-element-ae3718e e-flex e-con-boxed e-con e-parent\" data-id=\"ae3718e\" data-element_type=\"container\" data-e-type=\"container\">\n\t\t\t\t\t<div class=\"e-con-inner\">\n\t\t<div class=\"elementor-element elementor-element-d7b5108 e-con-full e-flex e-con e-child\" data-id=\"d7b5108\" data-element_type=\"container\" data-e-type=\"container\">\n\t\t\t\t<div class=\"elementor-element elementor-element-674c8a3 elementor-invisible elementor-widget elementor-widget-image\" data-id=\"674c8a3\" data-element_type=\"widget\" data-e-type=\"widget\" data-settings=\"{&quot;_animation&quot;:&quot;fadeInLeft&quot;}\" data-widget_type=\"image.default\">\n\t\t\t\t\t\t\t\t\t\t\t\t\t\t\t<img alt=\"\" loading=\"lazy\" decoding=\"async\" width=\"197\" height=\"189\" src=\"https:\/\/belgraf.com\/wp-content\/uploads\/2025\/08\/matthewsl.webp\" class=\"attachment-full size-full wp-image-2795\" srcset=\"https:\/\/belgraf.com\/wp-content\/uploads\/2025\/08\/matthewsl.webp 197w, https:\/\/belgraf.com\/wp-content\/uploads\/2025\/08\/matthewsl-13x12.webp 13w\" sizes=\"(max-width: 197px) 100vw, 197px\" \/>\t\t\t\t\t\t\t\t\t\t\t\t\t\t\t<\/div>\n\t\t\t\t<\/div>\n\t\t<div class=\"elementor-element elementor-element-e81676b e-con-full e-flex e-con e-child\" data-id=\"e81676b\" data-element_type=\"container\" data-e-type=\"container\">\n\t\t\t\t<div class=\"elementor-element elementor-element-68b3f9c elementor-widget elementor-widget-heading\" data-id=\"68b3f9c\" data-element_type=\"widget\" data-e-type=\"widget\" data-widget_type=\"heading.default\">\n\t\t\t\t\t<h2 class=\"elementor-heading-title elementor-size-default\">VIAPack<\/h2>\t\t\t\t<\/div>\n\t\t\t\t<div class=\"elementor-element elementor-element-05e70b0 elementor-widget-divider--view-line elementor-widget elementor-widget-divider\" data-id=\"05e70b0\" data-element_type=\"widget\" data-e-type=\"widget\" data-widget_type=\"divider.default\">\n\t\t\t\t\t\t\t<div class=\"elementor-divider\">\n\t\t\t<span class=\"elementor-divider-separator\">\n\t\t\t\t\t\t<\/span>\n\t\t<\/div>\n\t\t\t\t\t\t<\/div>\n\t\t\t\t<div class=\"elementor-element elementor-element-5700387 elementor-widget elementor-widget-text-editor\" data-id=\"5700387\" data-element_type=\"widget\" data-e-type=\"widget\" data-widget_type=\"text-editor.default\">\n\t\t\t\t\t\t\t\t\t<p>Una soluci\u00f3n completa y f\u00e1cil de intalar en forma de KIT que consta de controlador, cabezal, columna de montaje y fotoc\u00e9lula, listos para usar<\/p><ul><li>+ Altura de impresi\u00f3n:\u00a0<strong>\u00bd \u00bb (12.7 mm)<\/strong><\/li><li>+ Maxima velocidad de impresi\u00f3n:\u00a0<strong>@ 75 DPI: 1,600 ft \/ min (488 m \/ min)<\/strong><\/li><li>+ Direcci\u00f3n de impresi\u00f3n:\u00a0<strong>horizontal or down<\/strong><\/li><li>+ Max\u00edma distancia de impresi\u00f3n:<strong>\u00a0\u00bc \u00bb (6.4 mm)<\/strong><\/li><\/ul>\t\t\t\t\t\t\t\t<\/div>\n\t\t\t\t<\/div>\n\t\t\t\t\t<\/div>\n\t\t\t\t<\/div>\n\t\t\t\t<\/div>","protected":false},"excerpt":{"rendered":"<p>Gama de impresoras Thermak Inkjet (TIJ) Matthews Completa gama en impresoras de alta resoluci\u00f3n Matthews serie L L1 Nuestro cabezal [&hellip;]<\/p>\n","protected":false},"author":1,"featured_media":0,"parent":0,"menu_order":0,"comment_status":"closed","ping_status":"closed","template":"","meta":{"_seopress_robots_primary_cat":"","_seopress_titles_title":"","_seopress_titles_desc":"","_seopress_robots_index":"","site-sidebar-layout":"no-sidebar","site-content-layout":"","ast-site-content-layout":"full-width-container","site-content-style":"default","site-sidebar-style":"default","ast-global-header-display":"","ast-banner-title-visibility":"","ast-main-header-display":"","ast-hfb-above-header-display":"","ast-hfb-below-header-display":"","ast-hfb-mobile-header-display":"","site-post-title":"disabled","ast-breadcrumbs-content":"","ast-featured-img":"disabled","footer-sml-layout":"","ast-disable-related-posts":"","theme-transparent-header-meta":"","adv-header-id-meta":"","stick-header-meta":"","header-above-stick-meta":"","header-main-stick-meta":"","header-below-stick-meta":"","astra-migrate-meta-layouts":"default","ast-page-background-enabled":"default","ast-page-background-meta":{"desktop":{"background-color":"var(--ast-global-color-5)","background-image":"","background-repeat":"repeat","background-position":"center center","background-size":"auto","background-attachment":"scroll","background-type":"","background-media":"","overlay-type":"","overlay-color":"","overlay-opacity":"","overlay-gradient":""},"tablet":{"background-color":"","background-image":"","background-repeat":"repeat","background-position":"center center","background-size":"auto","background-attachment":"scroll","background-type":"","background-media":"","overlay-type":"","overlay-color":"","overlay-opacity":"","overlay-gradient":""},"mobile":{"background-color":"","background-image":"","background-repeat":"repeat","background-position":"center center","background-size":"auto","background-attachment":"scroll","background-type":"","background-media":"","overlay-type":"","overlay-color":"","overlay-opacity":"","overlay-gradient":""}},"ast-content-background-meta":{"desktop":{"background-color":"var(--ast-global-color-4)","background-image":"","background-repeat":"repeat","background-position":"center center","background-size":"auto","background-attachment":"scroll","background-type":"","background-media":"","overlay-type":"","overlay-color":"","overlay-opacity":"","overlay-gradient":""},"tablet":{"background-color":"var(--ast-global-color-4)","background-image":"","background-repeat":"repeat","background-position":"center center","background-size":"auto","background-attachment":"scroll","background-type":"","background-media":"","overlay-type":"","overlay-color":"","overlay-opacity":"","overlay-gradient":""},"mobile":{"background-color":"var(--ast-global-color-4)","background-image":"","background-repeat":"repeat","background-position":"center center","background-size":"auto","background-attachment":"scroll","background-type":"","background-media":"","overlay-type":"","overlay-color":"","overlay-opacity":"","overlay-gradient":""}},"footnotes":""},"class_list":["post-2558","page","type-page","status-publish","hentry"],"_links":{"self":[{"href":"https:\/\/belgraf.com\/en\/wp-json\/wp\/v2\/pages\/2558","targetHints":{"allow":["GET"]}}],"collection":[{"href":"https:\/\/belgraf.com\/en\/wp-json\/wp\/v2\/pages"}],"about":[{"href":"https:\/\/belgraf.com\/en\/wp-json\/wp\/v2\/types\/page"}],"author":[{"embeddable":true,"href":"https:\/\/belgraf.com\/en\/wp-json\/wp\/v2\/users\/1"}],"replies":[{"embeddable":true,"href":"https:\/\/belgraf.com\/en\/wp-json\/wp\/v2\/comments?post=2558"}],"version-history":[{"count":37,"href":"https:\/\/belgraf.com\/en\/wp-json\/wp\/v2\/pages\/2558\/revisions"}],"predecessor-version":[{"id":4094,"href":"https:\/\/belgraf.com\/en\/wp-json\/wp\/v2\/pages\/2558\/revisions\/4094"}],"wp:attachment":[{"href":"https:\/\/belgraf.com\/en\/wp-json\/wp\/v2\/media?parent=2558"}],"curies":[{"name":"wp","href":"https:\/\/api.w.org\/{rel}","templated":true}]}}