{"id":2633,"date":"2025-08-09T01:01:33","date_gmt":"2025-08-09T01:01:33","guid":{"rendered":"https:\/\/belgraf.com\/?page_id=2633"},"modified":"2025-08-10T19:15:21","modified_gmt":"2025-08-10T19:15:21","slug":"xd","status":"publish","type":"page","link":"https:\/\/belgraf.com\/en\/impresoras-de-etiquetas\/impresoras-cab\/xd\/","title":{"rendered":"Impresoras CAB SQUIX XD"},"content":{"rendered":"<div data-elementor-type=\"wp-page\" data-elementor-id=\"2633\" class=\"elementor elementor-2633\" data-elementor-post-type=\"page\">\n\t\t\t\t<div class=\"elementor-element elementor-element-589caae6 e-flex e-con-boxed e-con e-parent\" data-id=\"589caae6\" data-element_type=\"container\" data-e-type=\"container\" data-settings=\"{&quot;background_background&quot;:&quot;classic&quot;}\">\n\t\t\t\t\t<div class=\"e-con-inner\">\n\t\t\t\t<div class=\"elementor-element elementor-element-5e82ab6 elementor-widget elementor-widget-heading\" data-id=\"5e82ab6\" data-element_type=\"widget\" data-e-type=\"widget\" data-widget_type=\"heading.default\">\n\t\t\t\t\t<h1 class=\"elementor-heading-title elementor-size-default\">Impresoras CAB SQUIX XD<\/h1>\t\t\t\t<\/div>\n\t\t\t\t\t<\/div>\n\t\t\t\t<\/div>\n\t\t<div class=\"elementor-element elementor-element-8307343 e-flex e-con-boxed e-con e-parent\" data-id=\"8307343\" data-element_type=\"container\" data-e-type=\"container\">\n\t\t\t\t\t<div class=\"e-con-inner\">\n\t\t\t\t<div class=\"elementor-element elementor-element-6db6864 elementor-widget elementor-widget-image\" data-id=\"6db6864\" data-element_type=\"widget\" data-e-type=\"widget\" data-widget_type=\"image.default\">\n\t\t\t\t\t\t\t\t\t\t\t\t\t\t\t<img alt=\"\" decoding=\"async\" width=\"180\" height=\"65\" src=\"https:\/\/belgraf.com\/wp-content\/uploads\/2025\/08\/cab.webp\" class=\"attachment-full size-full wp-image-1139\" srcset=\"https:\/\/belgraf.com\/wp-content\/uploads\/2025\/08\/cab.webp 180w, https:\/\/belgraf.com\/wp-content\/uploads\/2025\/08\/cab-18x7.webp 18w\" sizes=\"(max-width: 180px) 100vw, 180px\" \/>\t\t\t\t\t\t\t\t\t\t\t\t\t\t\t<\/div>\n\t\t\t\t\t<\/div>\n\t\t\t\t<\/div>\n\t\t<div class=\"elementor-element elementor-element-b85c3db e-flex e-con-boxed e-con e-parent\" data-id=\"b85c3db\" data-element_type=\"container\" data-e-type=\"container\">\n\t\t\t\t\t<div class=\"e-con-inner\">\n\t\t\t\t<div class=\"elementor-element elementor-element-733e258 elementor-widget elementor-widget-heading\" data-id=\"733e258\" data-element_type=\"widget\" data-e-type=\"widget\" data-widget_type=\"heading.default\">\n\t\t\t\t\t<h2 class=\"elementor-heading-title elementor-size-default\">Impresoras de etiquetas SQUIX XD<\/h2>\t\t\t\t<\/div>\n\t\t\t\t<div class=\"elementor-element elementor-element-c989540 elementor-widget elementor-widget-heading\" data-id=\"c989540\" data-element_type=\"widget\" data-e-type=\"widget\" data-widget_type=\"heading.default\">\n\t\t\t\t\t<div class=\"elementor-heading-title elementor-size-default\">DOBLE CABEZAL PARA IMPRIMIR A 2 CARAS<\/div>\t\t\t\t<\/div>\n\t\t\t\t<div class=\"elementor-element elementor-element-e1f748b elementor-widget-divider--view-line elementor-widget elementor-widget-divider\" data-id=\"e1f748b\" data-element_type=\"widget\" data-e-type=\"widget\" data-widget_type=\"divider.default\">\n\t\t\t\t\t\t\t<div class=\"elementor-divider\">\n\t\t\t<span class=\"elementor-divider-separator\">\n\t\t\t\t\t\t<\/span>\n\t\t<\/div>\n\t\t\t\t\t\t<\/div>\n\t\t\t\t\t<\/div>\n\t\t\t\t<\/div>\n\t\t<div class=\"elementor-element elementor-element-3243d09 e-flex e-con-boxed e-con e-parent\" data-id=\"3243d09\" data-element_type=\"container\" data-e-type=\"container\">\n\t\t\t\t\t<div class=\"e-con-inner\">\n\t\t\t\t<div class=\"elementor-element elementor-element-f6b0e6b elementor-widget elementor-widget-heading\" data-id=\"f6b0e6b\" data-element_type=\"widget\" data-e-type=\"widget\" data-widget_type=\"heading.default\">\n\t\t\t\t\t<div class=\"elementor-heading-title elementor-size-default\">XD Q para materiales continuos como tubos aplanados o aplicaciones textiles<\/div>\t\t\t\t<\/div>\n\t\t<div class=\"elementor-element elementor-element-30cad5e e-con-full e-flex e-con e-child\" data-id=\"30cad5e\" data-element_type=\"container\" data-e-type=\"container\">\n\t\t\t\t<div class=\"elementor-element elementor-element-49bff11 elementor-invisible elementor-widget elementor-widget-image\" data-id=\"49bff11\" data-element_type=\"widget\" data-e-type=\"widget\" data-settings=\"{&quot;_animation&quot;:&quot;fadeInLeft&quot;}\" data-widget_type=\"image.default\">\n\t\t\t\t\t\t\t\t\t\t\t\t\t\t\t<img alt=\"\" fetchpriority=\"high\" decoding=\"async\" width=\"280\" height=\"262\" src=\"https:\/\/belgraf.com\/wp-content\/uploads\/2025\/08\/xdq_abreisskante_280-1.webp\" class=\"attachment-full size-full wp-image-2893\" srcset=\"https:\/\/belgraf.com\/wp-content\/uploads\/2025\/08\/xdq_abreisskante_280-1.webp 280w, https:\/\/belgraf.com\/wp-content\/uploads\/2025\/08\/xdq_abreisskante_280-1-13x12.webp 13w\" sizes=\"(max-width: 280px) 100vw, 280px\" \/>\t\t\t\t\t\t\t\t\t\t\t\t\t\t\t<\/div>\n\t\t\t\t<\/div>\n\t\t\t\t<div class=\"elementor-element elementor-element-de611c9 elementor-widget elementor-widget-text-editor\" data-id=\"de611c9\" data-element_type=\"widget\" data-e-type=\"widget\" data-widget_type=\"text-editor.default\">\n\t\t\t\t\t\t\t\t\t<p>La impresora XD Q tiene dos cabezales de impresi\u00f3n. Tras la impresi\u00f3n, una escobilla disipa la carga electrost\u00e1tica.<\/p><p>Cuando se imprime con alta energ\u00eda calor\u00edfica, un separador garantiza la fiabilidad del proceso al separar de forma segura el ribbon del material. Un rodillo adicional mantiene el material en tensi\u00f3n.<\/p><table class=\"mi_tabla\" summary=\"Dati XD Q\"><thead><tr><th>Impresora de etiquetas<\/th><th class=\"center\"><strong>XD Q4\/300<\/strong><\/th><th class=\"center\"><strong>XD Q4.2\/600<\/strong><\/th><\/tr><\/thead><tbody><tr class=\"yellow2\"><td colspan=\"3\"><strong>Cabezal<\/strong><\/td><\/tr><tr class=\"gray\"><td>Principio de impresi\u00f3n<\/td><td class=\"center\" colspan=\"2\">Transferencia t\u00e9rmica<\/td><\/tr><tr class=\"gray\"><td>Resoluci\u00f3n de impresi\u00f3n<span class=\"right\">dpi<\/span><\/td><td class=\"center\">300<\/td><td class=\"center\">600<\/td><\/tr><tr class=\"gray\"><td>Velocidad de impresi\u00f3n<span class=\"right\">hasta mm\/s<\/span><\/td><td class=\"center\">200<\/td><td class=\"center\">100<\/td><\/tr><tr class=\"gray\"><td>Anchura de impresi\u00f3n<span class=\"right\">hasta mm<\/span><\/td><td class=\"center\">105,7<\/td><td class=\"center\">54,1<\/td><\/tr><tr class=\"yellow2\"><td colspan=\"3\"><strong>Etiquetas<\/strong><\/td><\/tr><tr class=\"gray\"><td>Di\u00e1metro exterior del carrete<span class=\"right\">hasta mm<\/span><\/td><td class=\"center\" colspan=\"2\">300<\/td><\/tr><tr class=\"gray\"><td>Anchura<span class=\"right\">mm<\/span><\/td><td class=\"center\" colspan=\"2\">10 \u2013 110<\/td><\/tr><tr class=\"gray\"><td>Altura<span class=\"right\">a partir de mm<\/span><\/td><td class=\"center\" colspan=\"2\">20<\/td><\/tr><tr class=\"yellow2\"><td colspan=\"3\" scope=\"row\"><strong>Ribbon<\/strong><\/td><\/tr><tr class=\"gray\"><td>Lado del color<\/td><td colspan=\"2\" rowspan=\"1\">exterior o interior<\/td><\/tr><tr class=\"gray\"><td>Longitud<span class=\"right\">hasta m<\/span><\/td><td class=\"center\" colspan=\"2\">600<\/td><\/tr><tr class=\"yellow2\"><td colspan=\"3\"><strong>Dimensiones y peso de la impresora<\/strong><\/td><\/tr><tr class=\"gray\"><td>Ancho x alto x fondo<span class=\"right\">mm<\/span><\/td><td class=\"center\" colspan=\"2\">248 x 395 x 594<\/td><\/tr><tr class=\"gray\"><td>Peso<span class=\"right\">kg<\/span><\/td><td class=\"center\" colspan=\"2\">21<\/td><\/tr><tr class=\"yellow2\"><td colspan=\"3\"><strong>Electr\u00f3nica<\/strong><\/td><\/tr><tr class=\"gray\"><td>Frecuencia de pulsos del procesador<span class=\"right\">MHz<\/span><\/td><td class=\"center\" colspan=\"2\" rowspan=\"1\">800<\/td><\/tr><tr class=\"gray\"><td>Memoria de datos<span class=\"right\">MB<\/span><\/td><td class=\"center\" colspan=\"2\">50<\/td><\/tr><tr class=\"gray\"><td>Memoria de trabajo RAM<span class=\"right\">MB<\/span><\/td><td class=\"center\" colspan=\"2\">256<\/td><\/tr><tr class=\"yellow2\"><td colspan=\"3\"><strong>Puertos de conexi\u00f3n<\/strong><\/td><\/tr><tr class=\"gray\"><td>RS232-C, USB para PC, Ethernet, perif\u00e9ricos, USB host, Wi-Fi<\/td><td class=\"center\" colspan=\"2\" rowspan=\"1\"><img decoding=\"async\" class=\"w-auto ls-is-cached lazyloaded\" title=\"standard\" src=\"https:\/\/www.cab.de\/media\/images\/kennzeichnung\/standard.jpg\" alt=\"standard\" data-src=\"https:\/\/www.cab.de\/media\/images\/kennzeichnung\/standard.jpg\" \/><\/td><\/tr><tr class=\"gray\"><td>Interfaz E\/S digital<\/td><td class=\"center\" colspan=\"2\" rowspan=\"1\"><img decoding=\"async\" class=\"w-auto ls-is-cached lazyloaded\" title=\"Option\" src=\"https:\/\/www.cab.de\/media\/images\/option.gif\" alt=\"Option\" data-src=\"https:\/\/www.cab.de\/media\/images\/option.gif\" \/><\/td><\/tr><\/tbody><\/table>\t\t\t\t\t\t\t\t<\/div>\n\t\t\t\t\t<\/div>\n\t\t\t\t<\/div>\n\t\t<div class=\"elementor-element elementor-element-1f8a56a e-flex e-con-boxed e-con e-parent\" data-id=\"1f8a56a\" data-element_type=\"container\" data-e-type=\"container\">\n\t\t\t\t\t<div class=\"e-con-inner\">\n\t\t\t\t<div class=\"elementor-element elementor-element-b12a726 elementor-align-center elementor-widget elementor-widget-button\" data-id=\"b12a726\" data-element_type=\"widget\" data-e-type=\"widget\" data-widget_type=\"button.default\">\n\t\t\t\t\t\t\t\t\t\t<a class=\"elementor-button elementor-button-link elementor-size-sm\" href=\"\/wp-content\/uploads\/2025\/08\/Catalog-Label-printers-XD-Q.pdf\" target=\"_blank\">\n\t\t\t\t\t\t<span class=\"elementor-button-content-wrapper\">\n\t\t\t\t\t\t<span class=\"elementor-button-icon\">\n\t\t\t\t<svg aria-hidden=\"true\" class=\"e-font-icon-svg e-far-file-pdf\" viewbox=\"0 0 384 512\" xmlns=\"http:\/\/www.w3.org\/2000\/svg\"><path d=\"M369.9 97.9L286 14C277 5 264.8-.1 252.1-.1H48C21.5 0 0 21.5 0 48v416c0 26.5 21.5 48 48 48h288c26.5 0 48-21.5 48-48V131.9c0-12.7-5.1-25-14.1-34zM332.1 128H256V51.9l76.1 76.1zM48 464V48h160v104c0 13.3 10.7 24 24 24h104v288H48zm250.2-143.7c-12.2-12-47-8.7-64.4-6.5-17.2-10.5-28.7-25-36.8-46.3 3.9-16.1 10.1-40.6 5.4-56-4.2-26.2-37.8-23.6-42.6-5.9-4.4 16.1-.4 38.5 7 67.1-10 23.9-24.9 56-35.4 74.4-20 10.3-47 26.2-51 46.2-3.3 15.8 26 55.2 76.1-31.2 22.4-7.4 46.8-16.5 68.4-20.1 18.9 10.2 41 17 55.8 17 25.5 0 28-28.2 17.5-38.7zm-198.1 77.8c5.1-13.7 24.5-29.5 30.4-35-19 30.3-30.4 35.7-30.4 35zm81.6-190.6c7.4 0 6.7 32.1 1.8 40.8-4.4-13.9-4.3-40.8-1.8-40.8zm-24.4 136.6c9.7-16.9 18-37 24.7-54.7 8.3 15.1 18.9 27.2 30.1 35.5-20.8 4.3-38.9 13.1-54.8 19.2zm131.6-5s-5 6-37.3-7.8c35.1-2.6 40.9 5.4 37.3 7.8z\"><\/path><\/svg>\t\t\t<\/span>\n\t\t\t\t\t\t\t\t\t<span class=\"elementor-button-text\">Especificaciones<\/span>\n\t\t\t\t\t<\/span>\n\t\t\t\t\t<\/a>\n\t\t\t\t\t\t\t\t<\/div>\n\t\t\t\t\t<\/div>\n\t\t\t\t<\/div>\n\t\t\t\t<\/div>","protected":false},"excerpt":{"rendered":"<p>Impresoras CAB SQUIX XD Impresoras de etiquetas SQUIX XD DOBLE CABEZAL PARA IMPRIMIR A 2 CARAS XD Q para materiales [&hellip;]<\/p>\n","protected":false},"author":1,"featured_media":0,"parent":1766,"menu_order":0,"comment_status":"closed","ping_status":"closed","template":"","meta":{"_seopress_robots_primary_cat":"","_seopress_titles_title":"","_seopress_titles_desc":"","_seopress_robots_index":"","site-sidebar-layout":"no-sidebar","site-content-layout":"","ast-site-content-layout":"full-width-container","site-content-style":"default","site-sidebar-style":"default","ast-global-header-display":"","ast-banner-title-visibility":"","ast-main-header-display":"","ast-hfb-above-header-display":"","ast-hfb-below-header-display":"","ast-hfb-mobile-header-display":"","site-post-title":"disabled","ast-breadcrumbs-content":"","ast-featured-img":"disabled","footer-sml-layout":"","ast-disable-related-posts":"","theme-transparent-header-meta":"","adv-header-id-meta":"","stick-header-meta":"","header-above-stick-meta":"","header-main-stick-meta":"","header-below-stick-meta":"","astra-migrate-meta-layouts":"default","ast-page-background-enabled":"default","ast-page-background-meta":{"desktop":{"background-color":"var(--ast-global-color-5)","background-image":"","background-repeat":"repeat","background-position":"center center","background-size":"auto","background-attachment":"scroll","background-type":"","background-media":"","overlay-type":"","overlay-color":"","overlay-opacity":"","overlay-gradient":""},"tablet":{"background-color":"","background-image":"","background-repeat":"repeat","background-position":"center center","background-size":"auto","background-attachment":"scroll","background-type":"","background-media":"","overlay-type":"","overlay-color":"","overlay-opacity":"","overlay-gradient":""},"mobile":{"background-color":"","background-image":"","background-repeat":"repeat","background-position":"center center","background-size":"auto","background-attachment":"scroll","background-type":"","background-media":"","overlay-type":"","overlay-color":"","overlay-opacity":"","overlay-gradient":""}},"ast-content-background-meta":{"desktop":{"background-color":"var(--ast-global-color-4)","background-image":"","background-repeat":"repeat","background-position":"center center","background-size":"auto","background-attachment":"scroll","background-type":"","background-media":"","overlay-type":"","overlay-color":"","overlay-opacity":"","overlay-gradient":""},"tablet":{"background-color":"var(--ast-global-color-4)","background-image":"","background-repeat":"repeat","background-position":"center center","background-size":"auto","background-attachment":"scroll","background-type":"","background-media":"","overlay-type":"","overlay-color":"","overlay-opacity":"","overlay-gradient":""},"mobile":{"background-color":"var(--ast-global-color-4)","background-image":"","background-repeat":"repeat","background-position":"center center","background-size":"auto","background-attachment":"scroll","background-type":"","background-media":"","overlay-type":"","overlay-color":"","overlay-opacity":"","overlay-gradient":""}},"footnotes":""},"class_list":["post-2633","page","type-page","status-publish","hentry"],"_links":{"self":[{"href":"https:\/\/belgraf.com\/en\/wp-json\/wp\/v2\/pages\/2633","targetHints":{"allow":["GET"]}}],"collection":[{"href":"https:\/\/belgraf.com\/en\/wp-json\/wp\/v2\/pages"}],"about":[{"href":"https:\/\/belgraf.com\/en\/wp-json\/wp\/v2\/types\/page"}],"author":[{"embeddable":true,"href":"https:\/\/belgraf.com\/en\/wp-json\/wp\/v2\/users\/1"}],"replies":[{"embeddable":true,"href":"https:\/\/belgraf.com\/en\/wp-json\/wp\/v2\/comments?post=2633"}],"version-history":[{"count":10,"href":"https:\/\/belgraf.com\/en\/wp-json\/wp\/v2\/pages\/2633\/revisions"}],"predecessor-version":[{"id":2896,"href":"https:\/\/belgraf.com\/en\/wp-json\/wp\/v2\/pages\/2633\/revisions\/2896"}],"up":[{"embeddable":true,"href":"https:\/\/belgraf.com\/en\/wp-json\/wp\/v2\/pages\/1766"}],"wp:attachment":[{"href":"https:\/\/belgraf.com\/en\/wp-json\/wp\/v2\/media?parent=2633"}],"curies":[{"name":"wp","href":"https:\/\/api.w.org\/{rel}","templated":true}]}}