{"id":3227,"date":"2025-08-11T01:07:00","date_gmt":"2025-08-11T01:07:00","guid":{"rendered":"https:\/\/belgraf.com\/?page_id=3227"},"modified":"2025-08-11T02:24:00","modified_gmt":"2025-08-11T02:24:00","slug":"impresoras-zebra-rfid","status":"publish","type":"page","link":"https:\/\/belgraf.com\/en\/impresoras-de-etiquetas\/zebra\/impresoras-zebra-rfid\/","title":{"rendered":"Impresoras Zebra RFID"},"content":{"rendered":"<div data-elementor-type=\"wp-page\" data-elementor-id=\"3227\" class=\"elementor elementor-3227\" data-elementor-post-type=\"page\">\n\t\t\t\t<div class=\"elementor-element elementor-element-589caae6 e-flex e-con-boxed e-con e-parent\" data-id=\"589caae6\" data-element_type=\"container\" data-e-type=\"container\" data-settings=\"{&quot;background_background&quot;:&quot;classic&quot;}\">\n\t\t\t\t\t<div class=\"e-con-inner\">\n\t\t\t\t<div class=\"elementor-element elementor-element-5e82ab6 elementor-widget elementor-widget-heading\" data-id=\"5e82ab6\" data-element_type=\"widget\" data-e-type=\"widget\" data-widget_type=\"heading.default\">\n\t\t\t\t\t<h1 class=\"elementor-heading-title elementor-size-default\">Impresoras Zebra RFID<\/h1>\t\t\t\t<\/div>\n\t\t\t\t\t<\/div>\n\t\t\t\t<\/div>\n\t\t<div class=\"elementor-element elementor-element-d8bf5c1 e-flex e-con-boxed e-con e-parent\" data-id=\"d8bf5c1\" data-element_type=\"container\" data-e-type=\"container\">\n\t\t\t\t\t<div class=\"e-con-inner\">\n\t\t\t\t<div class=\"elementor-element elementor-element-7822791 elementor-widget elementor-widget-heading\" data-id=\"7822791\" data-element_type=\"widget\" data-e-type=\"widget\" data-widget_type=\"heading.default\">\n\t\t\t\t\t<h2 class=\"elementor-heading-title elementor-size-default\">Impresoras de Tarjetas de Identificaci\u00f3n<\/h2>\t\t\t\t<\/div>\n\t\t\t\t<div class=\"elementor-element elementor-element-4f3a6ee elementor-widget-divider--view-line elementor-widget elementor-widget-divider\" data-id=\"4f3a6ee\" data-element_type=\"widget\" data-e-type=\"widget\" data-widget_type=\"divider.default\">\n\t\t\t\t\t\t\t<div class=\"elementor-divider\">\n\t\t\t<span class=\"elementor-divider-separator\">\n\t\t\t\t\t\t<\/span>\n\t\t<\/div>\n\t\t\t\t\t\t<\/div>\n\t\t\t\t\t<\/div>\n\t\t\t\t<\/div>\n\t\t<div class=\"elementor-element elementor-element-83fb0e9 e-flex e-con-boxed e-con e-parent\" data-id=\"83fb0e9\" data-element_type=\"container\" data-e-type=\"container\">\n\t\t\t\t\t<div class=\"e-con-inner\">\n\t\t<div class=\"elementor-element elementor-element-b26a370 e-con-full e-flex e-con e-child\" data-id=\"b26a370\" data-element_type=\"container\" data-e-type=\"container\">\n\t\t<div class=\"elementor-element elementor-element-085dc91 e-con-full e-flex e-con e-child\" data-id=\"085dc91\" data-element_type=\"container\" data-e-type=\"container\">\n\t\t\t\t<div class=\"elementor-element elementor-element-944da06 elementor-widget elementor-widget-text-editor\" data-id=\"944da06\" data-element_type=\"widget\" data-e-type=\"widget\" data-widget_type=\"text-editor.default\">\n\t\t\t\t\t\t\t\t\tZebra ofrece codificaci\u00f3n UHF en todas las categor\u00edas de impresoras \u2013industriales, de escritorio, port\u00e1tiles y de tarjetas\u2013 lo que garantiza que dispone de la soluci\u00f3n de impresora RFID adecuada a su negocio. Puede confiar en la precisi\u00f3n de las etiquetas, los identificadores y las tarjetas RFID RAIN impresas y codificadas para obtener datos fiables.\t\t\t\t\t\t\t\t<\/div>\n\t\t\t\t<\/div>\n\t\t\t\t<\/div>\n\t\t<div class=\"elementor-element elementor-element-740579f e-con-full e-flex e-con e-child\" data-id=\"740579f\" data-element_type=\"container\" data-e-type=\"container\">\n\t\t\t\t<div class=\"elementor-element elementor-element-64ab42e elementor-widget elementor-widget-heading\" data-id=\"64ab42e\" data-element_type=\"widget\" data-e-type=\"widget\" data-widget_type=\"heading.default\">\n\t\t\t\t\t<h2 class=\"elementor-heading-title elementor-size-default\">DATOS RFID EN LOS QUE PUEDE CONFIAR<\/h2>\t\t\t\t<\/div>\n\t\t\t\t<div class=\"elementor-element elementor-element-7bd78ad elementor-widget elementor-widget-text-editor\" data-id=\"7bd78ad\" data-element_type=\"widget\" data-e-type=\"widget\" data-widget_type=\"text-editor.default\">\n\t\t\t\t\t\t\t\t\t<p>Su soluci\u00f3n depende de datos fiables. Gracias a la gama m\u00e1s amplia de impresoras del sector puede imprimir y codificar con gran precisi\u00f3n etiquetas, identificadores y tarjetas RFID RAIN en el momento y lugar en que las necesite. La capacidad de codificaci\u00f3n RFID instalable in situ o en f\u00e1brica implica que puede atender sus necesidades en constante evoluci\u00f3n de los pr\u00f3ximos a\u00f1os.<\/p>\t\t\t\t\t\t\t\t<\/div>\n\t\t\t\t<div class=\"elementor-element elementor-element-b08a31a elementor-widget-divider--view-line elementor-widget elementor-widget-divider\" data-id=\"b08a31a\" data-element_type=\"widget\" data-e-type=\"widget\" data-widget_type=\"divider.default\">\n\t\t\t\t\t\t\t<div class=\"elementor-divider\">\n\t\t\t<span class=\"elementor-divider-separator\">\n\t\t\t\t\t\t<\/span>\n\t\t<\/div>\n\t\t\t\t\t\t<\/div>\n\t\t\t\t<div class=\"elementor-element elementor-element-7764e7e elementor-widget__width-auto elementor-skin-carousel elementor-arrows-yes elementor-widget elementor-widget-media-carousel\" data-id=\"7764e7e\" data-element_type=\"widget\" data-e-type=\"widget\" data-settings=\"{&quot;slides_per_view&quot;:&quot;3&quot;,&quot;speed&quot;:1000,&quot;slides_per_view_tablet&quot;:&quot;3&quot;,&quot;slides_to_scroll&quot;:&quot;1&quot;,&quot;slides_to_scroll_tablet&quot;:&quot;1&quot;,&quot;slides_per_view_mobile&quot;:&quot;2&quot;,&quot;skin&quot;:&quot;carousel&quot;,&quot;effect&quot;:&quot;slide&quot;,&quot;show_arrows&quot;:&quot;yes&quot;,&quot;autoplay&quot;:&quot;yes&quot;,&quot;autoplay_speed&quot;:5000,&quot;loop&quot;:&quot;yes&quot;,&quot;pause_on_hover&quot;:&quot;yes&quot;,&quot;pause_on_interaction&quot;:&quot;yes&quot;,&quot;space_between&quot;:{&quot;unit&quot;:&quot;px&quot;,&quot;size&quot;:10,&quot;sizes&quot;:[]},&quot;space_between_tablet&quot;:{&quot;unit&quot;:&quot;px&quot;,&quot;size&quot;:10,&quot;sizes&quot;:[]},&quot;space_between_mobile&quot;:{&quot;unit&quot;:&quot;px&quot;,&quot;size&quot;:10,&quot;sizes&quot;:[]}}\" data-widget_type=\"media-carousel.default\">\n\t\t\t\t\t\t\t\t\t\t<div class=\"elementor-main-swiper swiper\" role=\"region\" aria-roledescription=\"carousel\" aria-label=\"Slides\">\n\t\t\t\t<div class=\"swiper-wrapper\">\n\t\t\t\t\t\t\t\t\t\t\t<div class=\"swiper-slide\" role=\"group\" aria-roledescription=\"slide\">\n\t\t\t\t\t\t\t<a href=\"https:\/\/belgraf.com\/wp-content\/uploads\/2025\/08\/zd621r-photography-website-right-facing-72dpi-1x1-300x300-1.webp\" data-elementor-open-lightbox=\"yes\" data-elementor-lightbox-slideshow=\"7764e7e\" data-elementor-lightbox-title=\"zd621r-photography-website-right-facing-72dpi-1x1-300x300-1\" data-e-action-hash=\"#elementor-action%3Aaction%3Dlightbox%26settings%3DeyJpZCI6MzI0OCwidXJsIjoiaHR0cHM6XC9cL2JlbGdyYWYuY29tXC93cC1jb250ZW50XC91cGxvYWRzXC8yMDI1XC8wOFwvemQ2MjFyLXBob3RvZ3JhcGh5LXdlYnNpdGUtcmlnaHQtZmFjaW5nLTcyZHBpLTF4MS0zMDB4MzAwLTEud2VicCIsInNsaWRlc2hvdyI6Ijc3NjRlN2UifQ%3D%3D\">\t\t<div class=\"elementor-carousel-image\" role=\"img\" aria-label=\"zd621r-photography-website-right-facing-72dpi-1x1-300x300-1\" style=\"background-image: url(&#039;https:\/\/belgraf.com\/wp-content\/uploads\/2025\/08\/zd621r-photography-website-right-facing-72dpi-1x1-300x300-1.webp&#039;)\">\n\n\t\t\t\n\t\t\t\t\t<\/div>\n\t\t<\/a>\t\t\t\t\t\t<\/div>\n\t\t\t\t\t\t\t\t\t\t\t<div class=\"swiper-slide\" role=\"group\" aria-roledescription=\"slide\">\n\t\t\t\t\t\t\t<a href=\"https:\/\/belgraf.com\/wp-content\/uploads\/2025\/08\/zd611r-photography-website-right-facing-1x1-300x300-1.webp\" data-elementor-open-lightbox=\"yes\" data-elementor-lightbox-slideshow=\"7764e7e\" data-elementor-lightbox-title=\"zd611r-photography-website-right-facing-1x1-300x300-1\" data-e-action-hash=\"#elementor-action%3Aaction%3Dlightbox%26settings%3DeyJpZCI6MzI1NywidXJsIjoiaHR0cHM6XC9cL2JlbGdyYWYuY29tXC93cC1jb250ZW50XC91cGxvYWRzXC8yMDI1XC8wOFwvemQ2MTFyLXBob3RvZ3JhcGh5LXdlYnNpdGUtcmlnaHQtZmFjaW5nLTF4MS0zMDB4MzAwLTEud2VicCIsInNsaWRlc2hvdyI6Ijc3NjRlN2UifQ%3D%3D\">\t\t<div class=\"elementor-carousel-image\" role=\"img\" aria-label=\"zd611r-photography-website-right-facing-1x1-300x300-1\" style=\"background-image: url(&#039;https:\/\/belgraf.com\/wp-content\/uploads\/2025\/08\/zd611r-photography-website-right-facing-1x1-300x300-1.webp&#039;)\">\n\n\t\t\t\n\t\t\t\t\t<\/div>\n\t\t<\/a>\t\t\t\t\t\t<\/div>\n\t\t\t\t\t\t\t\t\t\t\t<div class=\"swiper-slide\" role=\"group\" aria-roledescription=\"slide\">\n\t\t\t\t\t\t\t<a href=\"https:\/\/belgraf.com\/wp-content\/uploads\/2025\/08\/zt411-rfid-photography-website-left-1x1-300x300-1.webp\" data-elementor-open-lightbox=\"yes\" data-elementor-lightbox-slideshow=\"7764e7e\" data-elementor-lightbox-title=\"zt411-rfid-photography-website-left-1x1-300x300-1\" data-e-action-hash=\"#elementor-action%3Aaction%3Dlightbox%26settings%3DeyJpZCI6MzI1NiwidXJsIjoiaHR0cHM6XC9cL2JlbGdyYWYuY29tXC93cC1jb250ZW50XC91cGxvYWRzXC8yMDI1XC8wOFwvenQ0MTEtcmZpZC1waG90b2dyYXBoeS13ZWJzaXRlLWxlZnQtMXgxLTMwMHgzMDAtMS53ZWJwIiwic2xpZGVzaG93IjoiNzc2NGU3ZSJ9\">\t\t<div class=\"elementor-carousel-image\" role=\"img\" aria-label=\"zt411-rfid-photography-website-left-1x1-300x300-1\" style=\"background-image: url(&#039;https:\/\/belgraf.com\/wp-content\/uploads\/2025\/08\/zt411-rfid-photography-website-left-1x1-300x300-1.webp&#039;)\">\n\n\t\t\t\n\t\t\t\t\t<\/div>\n\t\t<\/a>\t\t\t\t\t\t<\/div>\n\t\t\t\t\t\t\t\t\t\t\t<div class=\"swiper-slide\" role=\"group\" aria-roledescription=\"slide\">\n\t\t\t\t\t\t\t<a href=\"https:\/\/belgraf.com\/wp-content\/uploads\/2025\/08\/zt231-rfid-photography-website-close-left-1x1-300x300-1.webp\" data-elementor-open-lightbox=\"yes\" data-elementor-lightbox-slideshow=\"7764e7e\" data-elementor-lightbox-title=\"zt231-rfid-photography-website-close-left-1x1-300x300-1\" data-e-action-hash=\"#elementor-action%3Aaction%3Dlightbox%26settings%3DeyJpZCI6MzI1NSwidXJsIjoiaHR0cHM6XC9cL2JlbGdyYWYuY29tXC93cC1jb250ZW50XC91cGxvYWRzXC8yMDI1XC8wOFwvenQyMzEtcmZpZC1waG90b2dyYXBoeS13ZWJzaXRlLWNsb3NlLWxlZnQtMXgxLTMwMHgzMDAtMS53ZWJwIiwic2xpZGVzaG93IjoiNzc2NGU3ZSJ9\">\t\t<div class=\"elementor-carousel-image\" role=\"img\" aria-label=\"zt231-rfid-photography-website-close-left-1x1-300x300-1\" style=\"background-image: url(&#039;https:\/\/belgraf.com\/wp-content\/uploads\/2025\/08\/zt231-rfid-photography-website-close-left-1x1-300x300-1.webp&#039;)\">\n\n\t\t\t\n\t\t\t\t\t<\/div>\n\t\t<\/a>\t\t\t\t\t\t<\/div>\n\t\t\t\t\t\t\t\t\t\t\t<div class=\"swiper-slide\" role=\"group\" aria-roledescription=\"slide\">\n\t\t\t\t\t\t\t<a href=\"https:\/\/belgraf.com\/wp-content\/uploads\/2025\/08\/zq630-plus-rfid-photography-website-left-1x1-300x300-1.webp\" data-elementor-open-lightbox=\"yes\" data-elementor-lightbox-slideshow=\"7764e7e\" data-elementor-lightbox-title=\"zq630-plus-rfid-photography-website-left-1x1-300x300-1\" data-e-action-hash=\"#elementor-action%3Aaction%3Dlightbox%26settings%3DeyJpZCI6MzI1NCwidXJsIjoiaHR0cHM6XC9cL2JlbGdyYWYuY29tXC93cC1jb250ZW50XC91cGxvYWRzXC8yMDI1XC8wOFwvenE2MzAtcGx1cy1yZmlkLXBob3RvZ3JhcGh5LXdlYnNpdGUtbGVmdC0xeDEtMzAweDMwMC0xLndlYnAiLCJzbGlkZXNob3ciOiI3NzY0ZTdlIn0%3D\">\t\t<div class=\"elementor-carousel-image\" role=\"img\" aria-label=\"zq630-plus-rfid-photography-website-left-1x1-300x300-1\" style=\"background-image: url(&#039;https:\/\/belgraf.com\/wp-content\/uploads\/2025\/08\/zq630-plus-rfid-photography-website-left-1x1-300x300-1.webp&#039;)\">\n\n\t\t\t\n\t\t\t\t\t<\/div>\n\t\t<\/a>\t\t\t\t\t\t<\/div>\n\t\t\t\t\t\t\t\t\t\t\t<div class=\"swiper-slide\" role=\"group\" aria-roledescription=\"slide\">\n\t\t\t\t\t\t\t<a href=\"https:\/\/belgraf.com\/wp-content\/uploads\/2025\/08\/zq511-521-photography-website-group-1x1-300x300-2.webp\" data-elementor-open-lightbox=\"yes\" data-elementor-lightbox-slideshow=\"7764e7e\" data-elementor-lightbox-title=\"zq511-521-photography-website-group-1x1-300x300-2\" data-e-action-hash=\"#elementor-action%3Aaction%3Dlightbox%26settings%3DeyJpZCI6MzI1MywidXJsIjoiaHR0cHM6XC9cL2JlbGdyYWYuY29tXC93cC1jb250ZW50XC91cGxvYWRzXC8yMDI1XC8wOFwvenE1MTEtNTIxLXBob3RvZ3JhcGh5LXdlYnNpdGUtZ3JvdXAtMXgxLTMwMHgzMDAtMi53ZWJwIiwic2xpZGVzaG93IjoiNzc2NGU3ZSJ9\">\t\t<div class=\"elementor-carousel-image\" role=\"img\" aria-label=\"zq511-521-photography-website-group-1x1-300x300-2\" style=\"background-image: url(&#039;https:\/\/belgraf.com\/wp-content\/uploads\/2025\/08\/zq511-521-photography-website-group-1x1-300x300-2.webp&#039;)\">\n\n\t\t\t\n\t\t\t\t\t<\/div>\n\t\t<\/a>\t\t\t\t\t\t<\/div>\n\t\t\t\t\t\t\t\t\t\t\t<div class=\"swiper-slide\" role=\"group\" aria-roledescription=\"slide\">\n\t\t\t\t\t\t\t<a href=\"https:\/\/belgraf.com\/wp-content\/uploads\/2025\/08\/card-300.webp\" data-elementor-open-lightbox=\"yes\" data-elementor-lightbox-slideshow=\"7764e7e\" data-elementor-lightbox-title=\"card-300\" data-e-action-hash=\"#elementor-action%3Aaction%3Dlightbox%26settings%3DeyJpZCI6MzI1MiwidXJsIjoiaHR0cHM6XC9cL2JlbGdyYWYuY29tXC93cC1jb250ZW50XC91cGxvYWRzXC8yMDI1XC8wOFwvY2FyZC0zMDAud2VicCIsInNsaWRlc2hvdyI6Ijc3NjRlN2UifQ%3D%3D\">\t\t<div class=\"elementor-carousel-image\" role=\"img\" aria-label=\"card-300\" style=\"background-image: url(&#039;https:\/\/belgraf.com\/wp-content\/uploads\/2025\/08\/card-300.webp&#039;)\">\n\n\t\t\t\n\t\t\t\t\t<\/div>\n\t\t<\/a>\t\t\t\t\t\t<\/div>\n\t\t\t\t\t\t\t\t\t\t\t<div class=\"swiper-slide\" role=\"group\" aria-roledescription=\"slide\">\n\t\t\t\t\t\t\t<a href=\"https:\/\/belgraf.com\/wp-content\/uploads\/2025\/08\/zc300-zc350-product-group-shot-350.webp\" data-elementor-open-lightbox=\"yes\" data-elementor-lightbox-slideshow=\"7764e7e\" data-elementor-lightbox-title=\"zc300-zc350-product-group-shot-350\" data-e-action-hash=\"#elementor-action%3Aaction%3Dlightbox%26settings%3DeyJpZCI6MzI1MSwidXJsIjoiaHR0cHM6XC9cL2JlbGdyYWYuY29tXC93cC1jb250ZW50XC91cGxvYWRzXC8yMDI1XC8wOFwvemMzMDAtemMzNTAtcHJvZHVjdC1ncm91cC1zaG90LTM1MC53ZWJwIiwic2xpZGVzaG93IjoiNzc2NGU3ZSJ9\">\t\t<div class=\"elementor-carousel-image\" role=\"img\" aria-label=\"zc300-zc350-product-group-shot-350\" style=\"background-image: url(&#039;https:\/\/belgraf.com\/wp-content\/uploads\/2025\/08\/zc300-zc350-product-group-shot-350.webp&#039;)\">\n\n\t\t\t\n\t\t\t\t\t<\/div>\n\t\t<\/a>\t\t\t\t\t\t<\/div>\n\t\t\t\t\t\t\t\t\t\t\t<div class=\"swiper-slide\" role=\"group\" aria-roledescription=\"slide\">\n\t\t\t\t\t\t\t<a href=\"https:\/\/belgraf.com\/wp-content\/uploads\/2025\/08\/ze521-photography-website-right-1x1-300x300-1.webp\" data-elementor-open-lightbox=\"yes\" data-elementor-lightbox-slideshow=\"7764e7e\" data-elementor-lightbox-title=\"ze521-photography-website-right-1x1-300x300-1\" data-e-action-hash=\"#elementor-action%3Aaction%3Dlightbox%26settings%3DeyJpZCI6MzI1MCwidXJsIjoiaHR0cHM6XC9cL2JlbGdyYWYuY29tXC93cC1jb250ZW50XC91cGxvYWRzXC8yMDI1XC8wOFwvemU1MjEtcGhvdG9ncmFwaHktd2Vic2l0ZS1yaWdodC0xeDEtMzAweDMwMC0xLndlYnAiLCJzbGlkZXNob3ciOiI3NzY0ZTdlIn0%3D\">\t\t<div class=\"elementor-carousel-image\" role=\"img\" aria-label=\"ze521-photography-website-right-1x1-300x300-1\" style=\"background-image: url(&#039;https:\/\/belgraf.com\/wp-content\/uploads\/2025\/08\/ze521-photography-website-right-1x1-300x300-1.webp&#039;)\">\n\n\t\t\t\n\t\t\t\t\t<\/div>\n\t\t<\/a>\t\t\t\t\t\t<\/div>\n\t\t\t\t\t\t\t\t\t\t\t<div class=\"swiper-slide\" role=\"group\" aria-roledescription=\"slide\">\n\t\t\t\t\t\t\t<a href=\"https:\/\/belgraf.com\/wp-content\/uploads\/2025\/08\/zt610-photography-website-left-touch-screen-1x1-350x350-2.webp\" data-elementor-open-lightbox=\"yes\" data-elementor-lightbox-slideshow=\"7764e7e\" data-elementor-lightbox-title=\"zt610-photography-website-left-touch-screen-1x1-350x350-2\" data-e-action-hash=\"#elementor-action%3Aaction%3Dlightbox%26settings%3DeyJpZCI6MzI0OSwidXJsIjoiaHR0cHM6XC9cL2JlbGdyYWYuY29tXC93cC1jb250ZW50XC91cGxvYWRzXC8yMDI1XC8wOFwvenQ2MTAtcGhvdG9ncmFwaHktd2Vic2l0ZS1sZWZ0LXRvdWNoLXNjcmVlbi0xeDEtMzUweDM1MC0yLndlYnAiLCJzbGlkZXNob3ciOiI3NzY0ZTdlIn0%3D\">\t\t<div class=\"elementor-carousel-image\" role=\"img\" aria-label=\"zt610-photography-website-left-touch-screen-1x1-350x350-2\" style=\"background-image: url(&#039;https:\/\/belgraf.com\/wp-content\/uploads\/2025\/08\/zt610-photography-website-left-touch-screen-1x1-350x350-2.webp&#039;)\">\n\n\t\t\t\n\t\t\t\t\t<\/div>\n\t\t<\/a>\t\t\t\t\t\t<\/div>\n\t\t\t\t\t\t\t\t\t<\/div>\n\t\t\t\t\t\t\t\t\t\t\t\t\t\t\t<div class=\"elementor-swiper-button elementor-swiper-button-prev\" role=\"button\" tabindex=\"0\" aria-label=\"Previous\" data-no-translation-aria-label=\"\">\n\t\t\t\t\t\t\t<svg aria-hidden=\"true\" class=\"e-font-icon-svg e-eicon-chevron-left\" viewbox=\"0 0 1000 1000\" xmlns=\"http:\/\/www.w3.org\/2000\/svg\"><path d=\"M646 125C629 125 613 133 604 142L308 442C296 454 292 471 292 487 292 504 296 521 308 533L604 854C617 867 629 875 646 875 663 875 679 871 692 858 704 846 713 829 713 812 713 796 708 779 692 767L438 487 692 225C700 217 708 204 708 187 708 171 704 154 692 142 675 129 663 125 646 125Z\"><\/path><\/svg>\t\t\t\t\t\t<\/div>\n\t\t\t\t\t\t<div class=\"elementor-swiper-button elementor-swiper-button-next\" role=\"button\" tabindex=\"0\" aria-label=\"Next\" data-no-translation-aria-label=\"\">\n\t\t\t\t\t\t\t<svg aria-hidden=\"true\" class=\"e-font-icon-svg e-eicon-chevron-right\" viewbox=\"0 0 1000 1000\" xmlns=\"http:\/\/www.w3.org\/2000\/svg\"><path d=\"M696 533C708 521 713 504 713 487 713 471 708 454 696 446L400 146C388 133 375 125 354 125 338 125 325 129 313 142 300 154 292 171 292 187 292 204 296 221 308 233L563 492 304 771C292 783 288 800 288 817 288 833 296 850 308 863 321 871 338 875 354 875 371 875 388 867 400 854L696 533Z\"><\/path><\/svg>\t\t\t\t\t\t<\/div>\n\t\t\t\t\t\t\t\t\t\t\t\t\t\t\t\t\t<\/div>\n\t\t\t\t\t\t\t\t<\/div>\n\t\t\t\t<\/div>\n\t\t\t\t\t<\/div>\n\t\t\t\t<\/div>\n\t\t\t\t<\/div>","protected":false},"excerpt":{"rendered":"<p>Impresoras Zebra RFID Impresoras de Tarjetas de Identificaci\u00f3n Zebra ofrece codificaci\u00f3n UHF en todas las categor\u00edas de impresoras \u2013industriales, de [&hellip;]<\/p>\n","protected":false},"author":1,"featured_media":0,"parent":3184,"menu_order":0,"comment_status":"closed","ping_status":"closed","template":"","meta":{"_seopress_robots_primary_cat":"","_seopress_titles_title":"","_seopress_titles_desc":"","_seopress_robots_index":"","site-sidebar-layout":"no-sidebar","site-content-layout":"","ast-site-content-layout":"full-width-container","site-content-style":"default","site-sidebar-style":"default","ast-global-header-display":"","ast-banner-title-visibility":"","ast-main-header-display":"","ast-hfb-above-header-display":"","ast-hfb-below-header-display":"","ast-hfb-mobile-header-display":"","site-post-title":"disabled","ast-breadcrumbs-content":"","ast-featured-img":"disabled","footer-sml-layout":"","ast-disable-related-posts":"","theme-transparent-header-meta":"","adv-header-id-meta":"","stick-header-meta":"","header-above-stick-meta":"","header-main-stick-meta":"","header-below-stick-meta":"","astra-migrate-meta-layouts":"default","ast-page-background-enabled":"default","ast-page-background-meta":{"desktop":{"background-color":"var(--ast-global-color-5)","background-image":"","background-repeat":"repeat","background-position":"center center","background-size":"auto","background-attachment":"scroll","background-type":"","background-media":"","overlay-type":"","overlay-color":"","overlay-opacity":"","overlay-gradient":""},"tablet":{"background-color":"","background-image":"","background-repeat":"repeat","background-position":"center center","background-size":"auto","background-attachment":"scroll","background-type":"","background-media":"","overlay-type":"","overlay-color":"","overlay-opacity":"","overlay-gradient":""},"mobile":{"background-color":"","background-image":"","background-repeat":"repeat","background-position":"center center","background-size":"auto","background-attachment":"scroll","background-type":"","background-media":"","overlay-type":"","overlay-color":"","overlay-opacity":"","overlay-gradient":""}},"ast-content-background-meta":{"desktop":{"background-color":"var(--ast-global-color-4)","background-image":"","background-repeat":"repeat","background-position":"center center","background-size":"auto","background-attachment":"scroll","background-type":"","background-media":"","overlay-type":"","overlay-color":"","overlay-opacity":"","overlay-gradient":""},"tablet":{"background-color":"var(--ast-global-color-4)","background-image":"","background-repeat":"repeat","background-position":"center center","background-size":"auto","background-attachment":"scroll","background-type":"","background-media":"","overlay-type":"","overlay-color":"","overlay-opacity":"","overlay-gradient":""},"mobile":{"background-color":"var(--ast-global-color-4)","background-image":"","background-repeat":"repeat","background-position":"center center","background-size":"auto","background-attachment":"scroll","background-type":"","background-media":"","overlay-type":"","overlay-color":"","overlay-opacity":"","overlay-gradient":""}},"footnotes":""},"class_list":["post-3227","page","type-page","status-publish","hentry"],"_links":{"self":[{"href":"https:\/\/belgraf.com\/en\/wp-json\/wp\/v2\/pages\/3227","targetHints":{"allow":["GET"]}}],"collection":[{"href":"https:\/\/belgraf.com\/en\/wp-json\/wp\/v2\/pages"}],"about":[{"href":"https:\/\/belgraf.com\/en\/wp-json\/wp\/v2\/types\/page"}],"author":[{"embeddable":true,"href":"https:\/\/belgraf.com\/en\/wp-json\/wp\/v2\/users\/1"}],"replies":[{"embeddable":true,"href":"https:\/\/belgraf.com\/en\/wp-json\/wp\/v2\/comments?post=3227"}],"version-history":[{"count":16,"href":"https:\/\/belgraf.com\/en\/wp-json\/wp\/v2\/pages\/3227\/revisions"}],"predecessor-version":[{"id":3266,"href":"https:\/\/belgraf.com\/en\/wp-json\/wp\/v2\/pages\/3227\/revisions\/3266"}],"up":[{"embeddable":true,"href":"https:\/\/belgraf.com\/en\/wp-json\/wp\/v2\/pages\/3184"}],"wp:attachment":[{"href":"https:\/\/belgraf.com\/en\/wp-json\/wp\/v2\/media?parent=3227"}],"curies":[{"name":"wp","href":"https:\/\/api.w.org\/{rel}","templated":true}]}}