{"id":3298,"date":"2025-08-11T02:46:39","date_gmt":"2025-08-11T02:46:39","guid":{"rendered":"https:\/\/belgraf.com\/?page_id=3298"},"modified":"2025-08-11T02:58:28","modified_gmt":"2025-08-11T02:58:28","slug":"marcaje-electrolitico","status":"publish","type":"page","link":"https:\/\/belgraf.com\/en\/marcaje-electrolitico\/","title":{"rendered":"Marcaje electrol\u00edtico"},"content":{"rendered":"<div data-elementor-type=\"wp-page\" data-elementor-id=\"3298\" class=\"elementor elementor-3298\" data-elementor-post-type=\"page\">\n\t\t\t\t<div class=\"elementor-element elementor-element-589caae6 e-flex e-con-boxed e-con e-parent\" data-id=\"589caae6\" data-element_type=\"container\" data-e-type=\"container\" data-settings=\"{&quot;background_background&quot;:&quot;classic&quot;}\">\n\t\t\t\t\t<div class=\"e-con-inner\">\n\t\t\t\t<div class=\"elementor-element elementor-element-5e82ab6 elementor-widget elementor-widget-heading\" data-id=\"5e82ab6\" data-element_type=\"widget\" data-e-type=\"widget\" data-widget_type=\"heading.default\">\n\t\t\t\t\t<h1 class=\"elementor-heading-title elementor-size-default\">Marcaje electrol\u00edtico<\/h1>\t\t\t\t<\/div>\n\t\t\t\t\t<\/div>\n\t\t\t\t<\/div>\n\t\t<div class=\"elementor-element elementor-element-d8bf5c1 e-flex e-con-boxed e-con e-parent\" data-id=\"d8bf5c1\" data-element_type=\"container\" data-e-type=\"container\">\n\t\t\t\t\t<div class=\"e-con-inner\">\n\t\t\t\t<div class=\"elementor-element elementor-element-6128ee0 elementor-widget elementor-widget-text-editor\" data-id=\"6128ee0\" data-element_type=\"widget\" data-e-type=\"widget\" data-widget_type=\"text-editor.default\">\n\t\t\t\t\t\t\t\t\t<p>Marcaje perfecto de referencias o logotipos sobre:<br \/>Acero inox., Acero al carbono, Carburo de tungsteno, Aleaciones, Lat\u00f3n, Cobre, Aluminio, etc.<br \/>Marcaje permanente sin deterioro del acabado superficial.<\/p>\t\t\t\t\t\t\t\t<\/div>\n\t\t\t\t\t<\/div>\n\t\t\t\t<\/div>\n\t\t<div class=\"elementor-element elementor-element-83fb0e9 e-flex e-con-boxed e-con e-parent\" data-id=\"83fb0e9\" data-element_type=\"container\" data-e-type=\"container\">\n\t\t\t\t\t<div class=\"e-con-inner\">\n\t\t<div class=\"elementor-element elementor-element-b26a370 e-con-full e-flex e-con e-child\" data-id=\"b26a370\" data-element_type=\"container\" data-e-type=\"container\">\n\t\t\t\t<div class=\"elementor-element elementor-element-b2ead30 elementor-invisible elementor-widget elementor-widget-image\" data-id=\"b2ead30\" data-element_type=\"widget\" data-e-type=\"widget\" data-settings=\"{&quot;_animation&quot;:&quot;fadeInLeft&quot;}\" data-widget_type=\"image.default\">\n\t\t\t\t\t\t\t\t\t\t\t\t\t\t\t<img alt=\"\" fetchpriority=\"high\" decoding=\"async\" width=\"225\" height=\"256\" src=\"https:\/\/belgraf.com\/wp-content\/uploads\/2025\/08\/elect1-1.webp\" class=\"attachment-full size-full wp-image-3338\" srcset=\"https:\/\/belgraf.com\/wp-content\/uploads\/2025\/08\/elect1-1.webp 225w, https:\/\/belgraf.com\/wp-content\/uploads\/2025\/08\/elect1-1-11x12.webp 11w\" sizes=\"(max-width: 225px) 100vw, 225px\" \/>\t\t\t\t\t\t\t\t\t\t\t\t\t\t\t<\/div>\n\t\t\t\t<\/div>\n\t\t<div class=\"elementor-element elementor-element-41f41a8 e-con-full e-flex e-con e-child\" data-id=\"41f41a8\" data-element_type=\"container\" data-e-type=\"container\">\n\t\t\t\t<div class=\"elementor-element elementor-element-7822791 elementor-widget elementor-widget-heading\" data-id=\"7822791\" data-element_type=\"widget\" data-e-type=\"widget\" data-widget_type=\"heading.default\">\n\t\t\t\t\t<h2 class=\"elementor-heading-title elementor-size-default\">SU MEJOR ELECCION<\/h2>\t\t\t\t<\/div>\n\t\t\t\t<div class=\"elementor-element elementor-element-d9435fc elementor-widget-divider--view-line elementor-widget elementor-widget-divider\" data-id=\"d9435fc\" data-element_type=\"widget\" data-e-type=\"widget\" data-widget_type=\"divider.default\">\n\t\t\t\t\t\t\t<div class=\"elementor-divider\">\n\t\t\t<span class=\"elementor-divider-separator\">\n\t\t\t\t\t\t<\/span>\n\t\t<\/div>\n\t\t\t\t\t\t<\/div>\n\t\t\t\t<div class=\"elementor-element elementor-element-944da06 elementor-widget elementor-widget-text-editor\" data-id=\"944da06\" data-element_type=\"widget\" data-e-type=\"widget\" data-widget_type=\"text-editor.default\">\n\t\t\t\t\t\t\t\t\t<p>\u2022 El sistema de marcaje electrol\u00edtico es el procedimiento m\u00e1s adecuado para el marcado de piezas met\u00e1licas.<br \/>Es un m\u00e9todo r\u00e1pido, econ\u00f3mico y sencillo universalmente utilizado.<br \/>\u2022 Para la elecci\u00f3n del procedimiento de marcaje apropiado deben de tenerse en cuenta las caracter\u00edsticas de tos materiales a marcar y los sectores de aplicaci\u00f3n de los productos, as\u00ed como exigencias de calidad, precisi\u00f3n y duraci\u00f3n de la marca.<br \/>\u2022 Los marcajes por ataque electrol\u00edtico cumplen con estas exigencias.<br \/>Marcas n\u00edtidas y permanentes con contraste de color sobre la superficie met\u00e1lica a bajo costo en el proceso final de fabricaci\u00f3n.<\/p>\t\t\t\t\t\t\t\t<\/div>\n\t\t\t\t<\/div>\n\t\t\t\t\t<\/div>\n\t\t\t\t<\/div>\n\t\t<div class=\"elementor-element elementor-element-30c7142 e-flex e-con-boxed e-con e-parent\" data-id=\"30c7142\" data-element_type=\"container\" data-e-type=\"container\">\n\t\t\t\t\t<div class=\"e-con-inner\">\n\t\t<div class=\"elementor-element elementor-element-413eae1 e-con-full e-flex e-con e-child\" data-id=\"413eae1\" data-element_type=\"container\" data-e-type=\"container\">\n\t\t\t\t<div class=\"elementor-element elementor-element-be3e3d9 elementor-invisible elementor-widget elementor-widget-image\" data-id=\"be3e3d9\" data-element_type=\"widget\" data-e-type=\"widget\" data-settings=\"{&quot;_animation&quot;:&quot;fadeInLeft&quot;}\" data-widget_type=\"image.default\">\n\t\t\t\t\t\t\t\t\t\t\t\t\t\t\t<img alt=\"\" decoding=\"async\" width=\"200\" height=\"171\" src=\"https:\/\/belgraf.com\/wp-content\/uploads\/2025\/08\/rueda.webp\" class=\"attachment-full size-full wp-image-3339\" srcset=\"https:\/\/belgraf.com\/wp-content\/uploads\/2025\/08\/rueda.webp 200w, https:\/\/belgraf.com\/wp-content\/uploads\/2025\/08\/rueda-14x12.webp 14w\" sizes=\"(max-width: 200px) 100vw, 200px\" \/>\t\t\t\t\t\t\t\t\t\t\t\t\t\t\t<\/div>\n\t\t\t\t<\/div>\n\t\t<div class=\"elementor-element elementor-element-160295d e-con-full e-flex e-con e-child\" data-id=\"160295d\" data-element_type=\"container\" data-e-type=\"container\">\n\t\t\t\t<div class=\"elementor-element elementor-element-4a16bdc elementor-widget elementor-widget-heading\" data-id=\"4a16bdc\" data-element_type=\"widget\" data-e-type=\"widget\" data-widget_type=\"heading.default\">\n\t\t\t\t\t<h2 class=\"elementor-heading-title elementor-size-default\">PERSONALIZADO\n<\/h2>\t\t\t\t<\/div>\n\t\t\t\t<div class=\"elementor-element elementor-element-6905ea6 elementor-widget-divider--view-line elementor-widget elementor-widget-divider\" data-id=\"6905ea6\" data-element_type=\"widget\" data-e-type=\"widget\" data-widget_type=\"divider.default\">\n\t\t\t\t\t\t\t<div class=\"elementor-divider\">\n\t\t\t<span class=\"elementor-divider-separator\">\n\t\t\t\t\t\t<\/span>\n\t\t<\/div>\n\t\t\t\t\t\t<\/div>\n\t\t\t\t<div class=\"elementor-element elementor-element-d2b659e elementor-widget elementor-widget-text-editor\" data-id=\"d2b659e\" data-element_type=\"widget\" data-e-type=\"widget\" data-widget_type=\"text-editor.default\">\n\t\t\t\t\t\t\t\t\t<p>\u2022 Todas las piezas pueden ser personalizadas con su anagrama o el de sus distribuidores en el proceso final de acabado, sin necesidades de diferenciaci\u00f3n hasta ese momento.<br \/>\u2022 Las piezas almacenadas pueden marcarse en el momento anterior al envasado para su expedici\u00f3n, permitiendo ajustar las cantidades de almac\u00e9n a cantidades m\u00ednimas por modelo y no por cada marca.<br \/>\u2022 Junto con su anagrama puede referenciar el producto 0 incluir las indicaciones de calidad, aplicaciones o de uso m\u00e1s importantes, con la seguridad de su permanencia durante la vida del producto.<\/p>\t\t\t\t\t\t\t\t<\/div>\n\t\t\t\t<\/div>\n\t\t\t\t\t<\/div>\n\t\t\t\t<\/div>\n\t\t<div class=\"elementor-element elementor-element-c28cdcd e-flex e-con-boxed e-con e-parent\" data-id=\"c28cdcd\" data-element_type=\"container\" data-e-type=\"container\">\n\t\t\t\t\t<div class=\"e-con-inner\">\n\t\t<div class=\"elementor-element elementor-element-88981ce e-con-full e-flex e-con e-child\" data-id=\"88981ce\" data-element_type=\"container\" data-e-type=\"container\">\n\t\t\t\t<div class=\"elementor-element elementor-element-26a638d elementor-invisible elementor-widget elementor-widget-image\" data-id=\"26a638d\" data-element_type=\"widget\" data-e-type=\"widget\" data-settings=\"{&quot;_animation&quot;:&quot;fadeInLeft&quot;}\" data-widget_type=\"image.default\">\n\t\t\t\t\t\t\t\t\t\t\t\t\t\t\t<img alt=\"\" decoding=\"async\" width=\"200\" height=\"186\" src=\"https:\/\/belgraf.com\/wp-content\/uploads\/2025\/08\/pieza.webp\" class=\"attachment-full size-full wp-image-3340\" srcset=\"https:\/\/belgraf.com\/wp-content\/uploads\/2025\/08\/pieza.webp 200w, https:\/\/belgraf.com\/wp-content\/uploads\/2025\/08\/pieza-13x12.webp 13w\" sizes=\"(max-width: 200px) 100vw, 200px\" \/>\t\t\t\t\t\t\t\t\t\t\t\t\t\t\t<\/div>\n\t\t\t\t<\/div>\n\t\t<div class=\"elementor-element elementor-element-665ec99 e-con-full e-flex e-con e-child\" data-id=\"665ec99\" data-element_type=\"container\" data-e-type=\"container\">\n\t\t\t\t<div class=\"elementor-element elementor-element-7849247 elementor-widget elementor-widget-heading\" data-id=\"7849247\" data-element_type=\"widget\" data-e-type=\"widget\" data-widget_type=\"heading.default\">\n\t\t\t\t\t<h2 class=\"elementor-heading-title elementor-size-default\">MARCA PERMANENTE<\/h2>\t\t\t\t<\/div>\n\t\t\t\t<div class=\"elementor-element elementor-element-5a71348 elementor-widget-divider--view-line elementor-widget elementor-widget-divider\" data-id=\"5a71348\" data-element_type=\"widget\" data-e-type=\"widget\" data-widget_type=\"divider.default\">\n\t\t\t\t\t\t\t<div class=\"elementor-divider\">\n\t\t\t<span class=\"elementor-divider-separator\">\n\t\t\t\t\t\t<\/span>\n\t\t<\/div>\n\t\t\t\t\t\t<\/div>\n\t\t\t\t<div class=\"elementor-element elementor-element-65a9f88 elementor-widget elementor-widget-text-editor\" data-id=\"65a9f88\" data-element_type=\"widget\" data-e-type=\"widget\" data-widget_type=\"text-editor.default\">\n\t\t\t\t\t\t\t\t\t<p>\u2022 Los equipos de ataque electrol\u00edtico producen marcas permanentes de calidad, \u00fanicamente eliminables mediante deterioro de la superficie marcada.<br \/>\u2022 El marcado se realiza por el ataque de las sales electrol\u00edticas al paso de corriente alterna (marcas negras) o continua (marcas blancas).<br \/>\u2022 Se produce una erosi\u00f3n del metal sin crear ninguna tensi\u00f3n como ocurre en las marcas por presi\u00f3n mec\u00e1nica. La marca negra se produce por la fijaci\u00f3n de la sal resultante sobre la grabaci\u00f3n realizada con lo que se visualiza mejor el texto marcado.<\/p>\t\t\t\t\t\t\t\t<\/div>\n\t\t\t\t<\/div>\n\t\t\t\t\t<\/div>\n\t\t\t\t<\/div>\n\t\t<div class=\"elementor-element elementor-element-bb35e16 e-flex e-con-boxed e-con e-parent\" data-id=\"bb35e16\" data-element_type=\"container\" data-e-type=\"container\">\n\t\t\t\t\t<div class=\"e-con-inner\">\n\t\t<div class=\"elementor-element elementor-element-fc38030 e-con-full e-flex e-con e-child\" data-id=\"fc38030\" data-element_type=\"container\" data-e-type=\"container\">\n\t\t\t\t<div class=\"elementor-element elementor-element-ac4ec25 elementor-widget elementor-widget-heading\" data-id=\"ac4ec25\" data-element_type=\"widget\" data-e-type=\"widget\" data-widget_type=\"heading.default\">\n\t\t\t\t\t<h2 class=\"elementor-heading-title elementor-size-default\">RENTABILIDAD<\/h2>\t\t\t\t<\/div>\n\t\t\t\t<div class=\"elementor-element elementor-element-8e9d312 elementor-widget-divider--view-line elementor-widget elementor-widget-divider\" data-id=\"8e9d312\" data-element_type=\"widget\" data-e-type=\"widget\" data-widget_type=\"divider.default\">\n\t\t\t\t\t\t\t<div class=\"elementor-divider\">\n\t\t\t<span class=\"elementor-divider-separator\">\n\t\t\t\t\t\t<\/span>\n\t\t<\/div>\n\t\t\t\t\t\t<\/div>\n\t\t\t\t<div class=\"elementor-element elementor-element-f182d58 elementor-widget elementor-widget-text-editor\" data-id=\"f182d58\" data-element_type=\"widget\" data-e-type=\"widget\" data-widget_type=\"text-editor.default\">\n\t\t\t\t\t\t\t\t\t<p>\u2022 Los equipos de ataque electrol\u00edticos son elementos sencillos y de bajo costo para las posibilidades de aplicaci\u00f3n sobre una amplia variedad de marcajes sobre distintos tipos de piezas.<br \/>\u2022 El mismo sistema se ajusta para marcar piezas totalmente diferentes tanto en forma, volumen o material.<br \/>\u2022 Por las caracter\u00edsticas del sistema, es el proceso de marcado m\u00e1s sencillo y econ\u00f3mico tanto en inversi\u00f3n inicial como en mantenimiento con la garant\u00eda a\u00f1adida de la indelebilidad de las marcas que produce.<br \/>\u2022 Un equipo semiautom\u00e1tico permite una continuidad de producci\u00f3n en series largas del mismo modelo de pieza y a la vez nos permite utilizarlo para el marcado de piezas unitarias tras un sencill\u00edsimo cambio.<\/p>\t\t\t\t\t\t\t\t<\/div>\n\t\t\t\t<\/div>\n\t\t<div class=\"elementor-element elementor-element-396a0b1 e-con-full e-flex e-con e-child\" data-id=\"396a0b1\" data-element_type=\"container\" data-e-type=\"container\">\n\t\t\t\t<div class=\"elementor-element elementor-element-39eec48 elementor-widget elementor-widget-heading\" data-id=\"39eec48\" data-element_type=\"widget\" data-e-type=\"widget\" data-widget_type=\"heading.default\">\n\t\t\t\t\t<h2 class=\"elementor-heading-title elementor-size-default\">CALIDAD\n<\/h2>\t\t\t\t<\/div>\n\t\t\t\t<div class=\"elementor-element elementor-element-6b6630d elementor-widget-divider--view-line elementor-widget elementor-widget-divider\" data-id=\"6b6630d\" data-element_type=\"widget\" data-e-type=\"widget\" data-widget_type=\"divider.default\">\n\t\t\t\t\t\t\t<div class=\"elementor-divider\">\n\t\t\t<span class=\"elementor-divider-separator\">\n\t\t\t\t\t\t<\/span>\n\t\t<\/div>\n\t\t\t\t\t\t<\/div>\n\t\t\t\t<div class=\"elementor-element elementor-element-039e6ca elementor-widget elementor-widget-text-editor\" data-id=\"039e6ca\" data-element_type=\"widget\" data-e-type=\"widget\" data-widget_type=\"text-editor.default\">\n\t\t\t\t\t\t\t\t\t<p>\u2022 La nitidez de los trazos tanto de texto como de logotipos crea una imagen de calidad del producto acabado<br \/>\u2022 Los productos de venta en grandes superficies o ferreter\u00edas destacan por su imagen de marca, que permanece a lo largo de los a\u00f1os de uso.<br \/>\u2022 La imagen de calidad de la marca favorece la calidad de su producto..<\/p>\t\t\t\t\t\t\t\t<\/div>\n\t\t\t\t<\/div>\n\t\t<div class=\"elementor-element elementor-element-7d0f3d5 e-con-full e-flex e-con e-child\" data-id=\"7d0f3d5\" data-element_type=\"container\" data-e-type=\"container\">\n\t\t\t\t<div class=\"elementor-element elementor-element-e249369 elementor-widget elementor-widget-heading\" data-id=\"e249369\" data-element_type=\"widget\" data-e-type=\"widget\" data-widget_type=\"heading.default\">\n\t\t\t\t\t<h2 class=\"elementor-heading-title elementor-size-default\">GARANTIA<\/h2>\t\t\t\t<\/div>\n\t\t\t\t<div class=\"elementor-element elementor-element-75aa11d elementor-widget-divider--view-line elementor-widget elementor-widget-divider\" data-id=\"75aa11d\" data-element_type=\"widget\" data-e-type=\"widget\" data-widget_type=\"divider.default\">\n\t\t\t\t\t\t\t<div class=\"elementor-divider\">\n\t\t\t<span class=\"elementor-divider-separator\">\n\t\t\t\t\t\t<\/span>\n\t\t<\/div>\n\t\t\t\t\t\t<\/div>\n\t\t\t\t<div class=\"elementor-element elementor-element-fbd526d elementor-widget elementor-widget-text-editor\" data-id=\"fbd526d\" data-element_type=\"widget\" data-e-type=\"widget\" data-widget_type=\"text-editor.default\">\n\t\t\t\t\t\t\t\t\t<p>\u2022 Continuidad uniforme de las marcas que se realizan.<br \/>\u2022 Duraci\u00f3n del texto grabado (indeleble).<br \/>\u2022 Contraste de color negro sobre la superficie de metal.<br \/>\u2022 Marca en superficies tanto planas como curvadas.<br \/>\u2022 No permite su eliminaci\u00f3n sin deterioro de la superficie .<\/p>\t\t\t\t\t\t\t\t<\/div>\n\t\t\t\t<\/div>\n\t\t<div class=\"elementor-element elementor-element-b403b9c e-con-full e-flex e-con e-child\" data-id=\"b403b9c\" data-element_type=\"container\" data-e-type=\"container\">\n\t\t\t\t<div class=\"elementor-element elementor-element-117b896 elementor-widget elementor-widget-heading\" data-id=\"117b896\" data-element_type=\"widget\" data-e-type=\"widget\" data-widget_type=\"heading.default\">\n\t\t\t\t\t<h2 class=\"elementor-heading-title elementor-size-default\">CARACTERISTICAS<\/h2>\t\t\t\t<\/div>\n\t\t\t\t<div class=\"elementor-element elementor-element-2e2382e elementor-widget elementor-widget-heading\" data-id=\"2e2382e\" data-element_type=\"widget\" data-e-type=\"widget\" data-widget_type=\"heading.default\">\n\t\t\t\t\t<div class=\"elementor-heading-title elementor-size-default\">Principales caracter\u00edsticas del proceso de marcado<\/div>\t\t\t\t<\/div>\n\t\t\t\t<div class=\"elementor-element elementor-element-6712fd8 elementor-widget-divider--view-line elementor-widget elementor-widget-divider\" data-id=\"6712fd8\" data-element_type=\"widget\" data-e-type=\"widget\" data-widget_type=\"divider.default\">\n\t\t\t\t\t\t\t<div class=\"elementor-divider\">\n\t\t\t<span class=\"elementor-divider-separator\">\n\t\t\t\t\t\t<\/span>\n\t\t<\/div>\n\t\t\t\t\t\t<\/div>\n\t\t\t\t<div class=\"elementor-element elementor-element-9509b1c elementor-widget elementor-widget-text-editor\" data-id=\"9509b1c\" data-element_type=\"widget\" data-e-type=\"widget\" data-widget_type=\"text-editor.default\">\n\t\t\t\t\t\t\t\t\t<p>\u2022 Pueden marcarse aceros y metales no ferreos, que est\u00e9n templados o tratamientos superficiales como cromados, niquelados, etc.<br \/>\u2022 Marcaje permanente de una profundidad de hasta 0,1 mm y con color negro de 6 micras.<br \/>\u2022 No se producen da\u00f1os sobre la superficie de la pieza, solo ataca en la zona del texto a marcar.<br \/>\u2022 El marcaje se realiza dependiendo de las necesidades del cliente: Textos, c\u00f3digos, logotipos, gr\u00e1ficos de montaje, escalas, etc,<br \/>\u2022 Es v\u00e1lido tanto para series grandes, como logotipos de marca utilizando clich\u00e9s de larga duraci\u00f3n, o series muy cortas (ej. marcado de una pieza con n\u00famero plano) con clich\u00e9s de papel siliconado.<br \/>\u2022 La dureza del material no influye en las caracter\u00edsticas de acabado de la marca, puede producir la misma calidad sobre acero sin tratamiento, que sobre carburo de tungsteno.<\/p>\t\t\t\t\t\t\t\t<\/div>\n\t\t\t\t<\/div>\n\t\t\t\t\t<\/div>\n\t\t\t\t<\/div>\n\t\t\t\t<\/div>","protected":false},"excerpt":{"rendered":"<p>Marcaje electrol\u00edtico Marcaje perfecto de referencias o logotipos sobre:Acero inox., Acero al carbono, Carburo de tungsteno, Aleaciones, Lat\u00f3n, Cobre, Aluminio, [&hellip;]<\/p>\n","protected":false},"author":1,"featured_media":0,"parent":0,"menu_order":0,"comment_status":"closed","ping_status":"closed","template":"","meta":{"_seopress_robots_primary_cat":"","_seopress_titles_title":"","_seopress_titles_desc":"","_seopress_robots_index":"","site-sidebar-layout":"no-sidebar","site-content-layout":"","ast-site-content-layout":"full-width-container","site-content-style":"default","site-sidebar-style":"default","ast-global-header-display":"","ast-banner-title-visibility":"","ast-main-header-display":"","ast-hfb-above-header-display":"","ast-hfb-below-header-display":"","ast-hfb-mobile-header-display":"","site-post-title":"disabled","ast-breadcrumbs-content":"","ast-featured-img":"disabled","footer-sml-layout":"","ast-disable-related-posts":"","theme-transparent-header-meta":"","adv-header-id-meta":"","stick-header-meta":"","header-above-stick-meta":"","header-main-stick-meta":"","header-below-stick-meta":"","astra-migrate-meta-layouts":"default","ast-page-background-enabled":"default","ast-page-background-meta":{"desktop":{"background-color":"var(--ast-global-color-5)","background-image":"","background-repeat":"repeat","background-position":"center center","background-size":"auto","background-attachment":"scroll","background-type":"","background-media":"","overlay-type":"","overlay-color":"","overlay-opacity":"","overlay-gradient":""},"tablet":{"background-color":"","background-image":"","background-repeat":"repeat","background-position":"center center","background-size":"auto","background-attachment":"scroll","background-type":"","background-media":"","overlay-type":"","overlay-color":"","overlay-opacity":"","overlay-gradient":""},"mobile":{"background-color":"","background-image":"","background-repeat":"repeat","background-position":"center center","background-size":"auto","background-attachment":"scroll","background-type":"","background-media":"","overlay-type":"","overlay-color":"","overlay-opacity":"","overlay-gradient":""}},"ast-content-background-meta":{"desktop":{"background-color":"var(--ast-global-color-4)","background-image":"","background-repeat":"repeat","background-position":"center center","background-size":"auto","background-attachment":"scroll","background-type":"","background-media":"","overlay-type":"","overlay-color":"","overlay-opacity":"","overlay-gradient":""},"tablet":{"background-color":"var(--ast-global-color-4)","background-image":"","background-repeat":"repeat","background-position":"center center","background-size":"auto","background-attachment":"scroll","background-type":"","background-media":"","overlay-type":"","overlay-color":"","overlay-opacity":"","overlay-gradient":""},"mobile":{"background-color":"var(--ast-global-color-4)","background-image":"","background-repeat":"repeat","background-position":"center center","background-size":"auto","background-attachment":"scroll","background-type":"","background-media":"","overlay-type":"","overlay-color":"","overlay-opacity":"","overlay-gradient":""}},"footnotes":""},"class_list":["post-3298","page","type-page","status-publish","hentry"],"_links":{"self":[{"href":"https:\/\/belgraf.com\/en\/wp-json\/wp\/v2\/pages\/3298","targetHints":{"allow":["GET"]}}],"collection":[{"href":"https:\/\/belgraf.com\/en\/wp-json\/wp\/v2\/pages"}],"about":[{"href":"https:\/\/belgraf.com\/en\/wp-json\/wp\/v2\/types\/page"}],"author":[{"embeddable":true,"href":"https:\/\/belgraf.com\/en\/wp-json\/wp\/v2\/users\/1"}],"replies":[{"embeddable":true,"href":"https:\/\/belgraf.com\/en\/wp-json\/wp\/v2\/comments?post=3298"}],"version-history":[{"count":37,"href":"https:\/\/belgraf.com\/en\/wp-json\/wp\/v2\/pages\/3298\/revisions"}],"predecessor-version":[{"id":3343,"href":"https:\/\/belgraf.com\/en\/wp-json\/wp\/v2\/pages\/3298\/revisions\/3343"}],"wp:attachment":[{"href":"https:\/\/belgraf.com\/en\/wp-json\/wp\/v2\/media?parent=3298"}],"curies":[{"name":"wp","href":"https:\/\/api.w.org\/{rel}","templated":true}]}}