{"id":3344,"date":"2025-08-11T03:00:55","date_gmt":"2025-08-11T03:00:55","guid":{"rendered":"https:\/\/belgraf.com\/?page_id=3344"},"modified":"2025-08-11T03:11:34","modified_gmt":"2025-08-11T03:11:34","slug":"punzones-grabadores","status":"publish","type":"page","link":"https:\/\/belgraf.com\/en\/punzones-grabadores\/","title":{"rendered":"Punzones grabadores"},"content":{"rendered":"<div data-elementor-type=\"wp-page\" data-elementor-id=\"3344\" class=\"elementor elementor-3344\" data-elementor-post-type=\"page\">\n\t\t\t\t<div class=\"elementor-element elementor-element-589caae6 e-flex e-con-boxed e-con e-parent\" data-id=\"589caae6\" data-element_type=\"container\" data-e-type=\"container\" data-settings=\"{&quot;background_background&quot;:&quot;classic&quot;}\">\n\t\t\t\t\t<div class=\"e-con-inner\">\n\t\t\t\t<div class=\"elementor-element elementor-element-5e82ab6 elementor-widget elementor-widget-heading\" data-id=\"5e82ab6\" data-element_type=\"widget\" data-e-type=\"widget\" data-widget_type=\"heading.default\">\n\t\t\t\t\t<h1 class=\"elementor-heading-title elementor-size-default\">Punzones grabadores<\/h1>\t\t\t\t<\/div>\n\t\t\t\t\t<\/div>\n\t\t\t\t<\/div>\n\t\t<div class=\"elementor-element elementor-element-d8bf5c1 e-flex e-con-boxed e-con e-parent\" data-id=\"d8bf5c1\" data-element_type=\"container\" data-e-type=\"container\">\n\t\t\t\t\t<div class=\"e-con-inner\">\n\t\t\t\t<div class=\"elementor-element elementor-element-4b1ee72 elementor-widget elementor-widget-image\" data-id=\"4b1ee72\" data-element_type=\"widget\" data-e-type=\"widget\" data-widget_type=\"image.default\">\n\t\t\t\t\t\t\t\t\t\t\t\t\t\t\t<img alt=\"\" decoding=\"async\" width=\"400\" height=\"78\" src=\"https:\/\/belgraf.com\/wp-content\/uploads\/2025\/08\/imper5.webp\" class=\"attachment-large size-large wp-image-3351\" srcset=\"https:\/\/belgraf.com\/wp-content\/uploads\/2025\/08\/imper5.webp 400w, https:\/\/belgraf.com\/wp-content\/uploads\/2025\/08\/imper5-300x59.webp 300w, https:\/\/belgraf.com\/wp-content\/uploads\/2025\/08\/imper5-18x4.webp 18w\" sizes=\"(max-width: 400px) 100vw, 400px\" \/>\t\t\t\t\t\t\t\t\t\t\t\t\t\t\t<\/div>\n\t\t\t\t<div class=\"elementor-element elementor-element-6128ee0 elementor-widget elementor-widget-text-editor\" data-id=\"6128ee0\" data-element_type=\"widget\" data-e-type=\"widget\" data-widget_type=\"text-editor.default\">\n\t\t\t\t\t\t\t\t\tPunzones para grabar metal\t\t\t\t\t\t\t\t<\/div>\n\t\t\t\t\t<\/div>\n\t\t\t\t<\/div>\n\t\t<div class=\"elementor-element elementor-element-83fb0e9 e-flex e-con-boxed e-con e-parent\" data-id=\"83fb0e9\" data-element_type=\"container\" data-e-type=\"container\">\n\t\t\t\t\t<div class=\"e-con-inner\">\n\t\t<div class=\"elementor-element elementor-element-b26a370 e-con-full e-flex e-con e-child\" data-id=\"b26a370\" data-element_type=\"container\" data-e-type=\"container\">\n\t\t\t\t<div class=\"elementor-element elementor-element-b2ead30 elementor-invisible elementor-widget elementor-widget-image\" data-id=\"b2ead30\" data-element_type=\"widget\" data-e-type=\"widget\" data-settings=\"{&quot;_animation&quot;:&quot;fadeInLeft&quot;}\" data-widget_type=\"image.default\">\n\t\t\t\t\t\t\t\t\t\t\t\t\t\t\t<img alt=\"\" decoding=\"async\" width=\"200\" height=\"124\" src=\"https:\/\/belgraf.com\/wp-content\/uploads\/2025\/08\/imper6.webp\" class=\"attachment-full size-full wp-image-3369\" srcset=\"https:\/\/belgraf.com\/wp-content\/uploads\/2025\/08\/imper6.webp 200w, https:\/\/belgraf.com\/wp-content\/uploads\/2025\/08\/imper6-18x12.webp 18w\" sizes=\"(max-width: 200px) 100vw, 200px\" \/>\t\t\t\t\t\t\t\t\t\t\t\t\t\t\t<\/div>\n\t\t\t\t<\/div>\n\t\t<div class=\"elementor-element elementor-element-41f41a8 e-con-full e-flex e-con e-child\" data-id=\"41f41a8\" data-element_type=\"container\" data-e-type=\"container\">\n\t\t\t\t<div class=\"elementor-element elementor-element-7822791 elementor-widget elementor-widget-heading\" data-id=\"7822791\" data-element_type=\"widget\" data-e-type=\"widget\" data-widget_type=\"heading.default\">\n\t\t\t\t\t<h2 class=\"elementor-heading-title elementor-size-default\">PUNZONES PARA MARCAR IMPERIAL:\n<\/h2>\t\t\t\t<\/div>\n\t\t\t\t<div class=\"elementor-element elementor-element-d9435fc elementor-widget-divider--view-line elementor-widget elementor-widget-divider\" data-id=\"d9435fc\" data-element_type=\"widget\" data-e-type=\"widget\" data-widget_type=\"divider.default\">\n\t\t\t\t\t\t\t<div class=\"elementor-divider\">\n\t\t\t<span class=\"elementor-divider-separator\">\n\t\t\t\t\t\t<\/span>\n\t\t<\/div>\n\t\t\t\t\t\t<\/div>\n\t\t\t\t<div class=\"elementor-element elementor-element-944da06 elementor-widget elementor-widget-text-editor\" data-id=\"944da06\" data-element_type=\"widget\" data-e-type=\"widget\" data-widget_type=\"text-editor.default\">\n\t\t\t\t\t\t\t\t\t<p>Los punzones para marcar IMPERIAL han sido reconocidos por los consumidores de \u00fatiles del mundo entero durante m\u00e1s de 50 a\u00f1os, obteniendo una inmejorable reputaci\u00f3n por su calidad y construcci\u00f3n de acero al carbono de Sheffield con un dureza de 59-61 RC despu\u00e9s del temple.<\/p><p>Los punzones se ensayan sobre acero de 40 Rc antes de salir de f\u00e1brica. Utilizando punzones de marcar IMPERIAL se puede obtyener una impresi\u00f3n n\u00edtida y clara, ya que los caracteres est\u00e1n fabricados con el mismo \u00e1ngulo y profundidad. La superficie se los caracteres tiene una anchura uniforme y todos los caracteres del mismo tama\u00f1o son intercambiables.<\/p><p>Los n\u00famero y letras se pueden suministrar por piezas sueltas, en todos los tam\u00f1os, para golpeo y trajos similares. Los juegos de punzones para trabajos pesados se suministran en tam\u00f1os de 3-5 y 6 mm.<\/p><p>SEGURIDAD:<br \/>El estremo de goleo est\u00e1 epecialmente templado para prevenir el astillado, sobre todo para impactos muy fuertes, o falta de conocimiento del operador. Se suministran covenientemente empaquetados en caja color azul de polietileno de alta densidad.<\/p>\t\t\t\t\t\t\t\t<\/div>\n\t\t\t\t<\/div>\n\t\t\t\t\t<\/div>\n\t\t\t\t<\/div>\n\t\t<div class=\"elementor-element elementor-element-30c7142 e-flex e-con-boxed e-con e-parent\" data-id=\"30c7142\" data-element_type=\"container\" data-e-type=\"container\">\n\t\t\t\t\t<div class=\"e-con-inner\">\n\t\t<div class=\"elementor-element elementor-element-413eae1 e-con-full e-flex e-con e-child\" data-id=\"413eae1\" data-element_type=\"container\" data-e-type=\"container\">\n\t\t\t\t<div class=\"elementor-element elementor-element-be3e3d9 elementor-invisible elementor-widget elementor-widget-image\" data-id=\"be3e3d9\" data-element_type=\"widget\" data-e-type=\"widget\" data-settings=\"{&quot;_animation&quot;:&quot;fadeInLeft&quot;}\" data-widget_type=\"image.default\">\n\t\t\t\t\t\t\t\t\t\t\t\t\t\t\t<img alt=\"\" decoding=\"async\" width=\"150\" height=\"144\" src=\"https:\/\/belgraf.com\/wp-content\/uploads\/2025\/08\/imper7.webp\" class=\"attachment-full size-full wp-image-3370\" srcset=\"https:\/\/belgraf.com\/wp-content\/uploads\/2025\/08\/imper7.webp 150w, https:\/\/belgraf.com\/wp-content\/uploads\/2025\/08\/imper7-13x12.webp 13w\" sizes=\"(max-width: 150px) 100vw, 150px\" \/>\t\t\t\t\t\t\t\t\t\t\t\t\t\t\t<\/div>\n\t\t\t\t<\/div>\n\t\t<div class=\"elementor-element elementor-element-160295d e-con-full e-flex e-con e-child\" data-id=\"160295d\" data-element_type=\"container\" data-e-type=\"container\">\n\t\t\t\t<div class=\"elementor-element elementor-element-4a16bdc elementor-widget elementor-widget-heading\" data-id=\"4a16bdc\" data-element_type=\"widget\" data-e-type=\"widget\" data-widget_type=\"heading.default\">\n\t\t\t\t\t<h2 class=\"elementor-heading-title elementor-size-default\">CARACTER\u00cdSTICAS DE ACERO IMPERIAL:<\/h2>\t\t\t\t<\/div>\n\t\t\t\t<div class=\"elementor-element elementor-element-6905ea6 elementor-widget-divider--view-line elementor-widget elementor-widget-divider\" data-id=\"6905ea6\" data-element_type=\"widget\" data-e-type=\"widget\" data-widget_type=\"divider.default\">\n\t\t\t\t\t\t\t<div class=\"elementor-divider\">\n\t\t\t<span class=\"elementor-divider-separator\">\n\t\t\t\t\t\t<\/span>\n\t\t<\/div>\n\t\t\t\t\t\t<\/div>\n\t\t\t\t<div class=\"elementor-element elementor-element-d2b659e elementor-widget elementor-widget-text-editor\" data-id=\"d2b659e\" data-element_type=\"widget\" data-e-type=\"widget\" data-widget_type=\"text-editor.default\">\n\t\t\t\t\t\t\t\t\t<ul><li>Los juegos de caracteres de acero IMPERIAL comprenden letras y n\u00fameros sueltos para grbar una palabra completa o n\u00famero de pieza, adaptables a n soporte manual seg\u00fan se requiera.<\/li><li>Los caracteres de acero IMPERIAL est\u00e1n dise\u00f1ados para utilizarse sobre cualquier metal de forma manual, con un martillo o en m\u00e1quina.<\/li><li>Los caracteres de acero IMPERIAL son r\u00e1pidos y m\u00e1s eficientes que la utilizaci\u00f3n de los mismos de foma individual.<\/li><\/ul>\t\t\t\t\t\t\t\t<\/div>\n\t\t\t\t<\/div>\n\t\t\t\t\t<\/div>\n\t\t\t\t<\/div>\n\t\t<div class=\"elementor-element elementor-element-c28cdcd e-flex e-con-boxed e-con e-parent\" data-id=\"c28cdcd\" data-element_type=\"container\" data-e-type=\"container\">\n\t\t\t\t\t<div class=\"e-con-inner\">\n\t\t<div class=\"elementor-element elementor-element-88981ce e-con-full e-flex e-con e-child\" data-id=\"88981ce\" data-element_type=\"container\" data-e-type=\"container\">\n\t\t\t\t<div class=\"elementor-element elementor-element-26a638d elementor-invisible elementor-widget elementor-widget-image\" data-id=\"26a638d\" data-element_type=\"widget\" data-e-type=\"widget\" data-settings=\"{&quot;_animation&quot;:&quot;fadeInLeft&quot;}\" data-widget_type=\"image.default\">\n\t\t\t\t\t\t\t\t\t\t\t\t\t\t\t<img alt=\"\" loading=\"lazy\" decoding=\"async\" width=\"200\" height=\"188\" src=\"https:\/\/belgraf.com\/wp-content\/uploads\/2025\/08\/imper8.webp\" class=\"attachment-full size-full wp-image-3371\" srcset=\"https:\/\/belgraf.com\/wp-content\/uploads\/2025\/08\/imper8.webp 200w, https:\/\/belgraf.com\/wp-content\/uploads\/2025\/08\/imper8-13x12.webp 13w\" sizes=\"(max-width: 200px) 100vw, 200px\" \/>\t\t\t\t\t\t\t\t\t\t\t\t\t\t\t<\/div>\n\t\t\t\t<\/div>\n\t\t<div class=\"elementor-element elementor-element-665ec99 e-con-full e-flex e-con e-child\" data-id=\"665ec99\" data-element_type=\"container\" data-e-type=\"container\">\n\t\t\t\t<div class=\"elementor-element elementor-element-7849247 elementor-widget elementor-widget-heading\" data-id=\"7849247\" data-element_type=\"widget\" data-e-type=\"widget\" data-widget_type=\"heading.default\">\n\t\t\t\t\t<h2 class=\"elementor-heading-title elementor-size-default\">SOPORTES:<\/h2>\t\t\t\t<\/div>\n\t\t\t\t<div class=\"elementor-element elementor-element-5a71348 elementor-widget-divider--view-line elementor-widget elementor-widget-divider\" data-id=\"5a71348\" data-element_type=\"widget\" data-e-type=\"widget\" data-widget_type=\"divider.default\">\n\t\t\t\t\t\t\t<div class=\"elementor-divider\">\n\t\t\t<span class=\"elementor-divider-separator\">\n\t\t\t\t\t\t<\/span>\n\t\t<\/div>\n\t\t\t\t\t\t<\/div>\n\t\t\t\t<div class=\"elementor-element elementor-element-65a9f88 elementor-widget elementor-widget-text-editor\" data-id=\"65a9f88\" data-element_type=\"widget\" data-e-type=\"widget\" data-widget_type=\"text-editor.default\">\n\t\t\t\t\t\t\t\t\t<p>Los soportes IMPERIAL est\u00e1n dise\u00f1ados para lograr una colocaci\u00f3n exacta del car\u00e1cter y un perfecto bloqueo del mismo. Facilidad de uso, duraci\u00f3n y m\u00e1xima seguridad para el operativo.<\/p><table border=\"1\" width=\"505\" cellspacing=\"0\" align=\"center\"><tbody><tr><td align=\"left\" valign=\"middle\" width=\"107\"><b>REFERENCIA<\/b><\/td><td align=\"left\" valign=\"middle\" width=\"88\"><b>LONGITUD DE LA RANURA<\/b><\/td><td align=\"left\" valign=\"middle\" width=\"101\"><b>CAPACIDAD SEG\u00daN TAMA\u00d1O<\/b><\/td><\/tr><tr><td align=\"left\" valign=\"middle\">H6.35-19<\/td><td align=\"left\" valign=\"middle\">19.0<\/td><td align=\"left\" valign=\"middle\">12 12 9 8 6 4<\/td><\/tr><tr><td align=\"left\" valign=\"middle\" width=\"107\">H6.35-39<\/td><td align=\"left\" valign=\"middle\" width=\"88\">29.0<\/td><td align=\"left\" valign=\"middle\" width=\"101\">18 18 15 12 9 6<\/td><\/tr><tr><td align=\"left\" valign=\"middle\" width=\"107\">H6.35-39<\/td><td align=\"left\" valign=\"middle\" width=\"88\">39.0<\/td><td align=\"left\" valign=\"middle\">24 24 18 16 12 8<\/td><\/tr><tr><td align=\"left\" valign=\"middle\" width=\"107\">H9.60-40<\/td><td align=\"left\" valign=\"middle\" width=\"88\">40.0<\/td><td align=\"left\" valign=\"middle\" width=\"101\">\u2013 \u2013 \u2013 \u2013 \u2013 \u2013 6 \u2013<\/td><\/tr><tr><td align=\"left\" valign=\"middle\" width=\"107\">H16.0-57<\/td><td align=\"left\" valign=\"middle\" width=\"88\">57.0<\/td><td align=\"left\" valign=\"middle\" width=\"101\">\u2013 \u2013 \u2013 \u2013 \u2013 \u2013 \u2013 \u2013 \u2013 6<\/td><\/tr><\/tbody><\/table>\t\t\t\t\t\t\t\t<\/div>\n\t\t\t\t<\/div>\n\t\t\t\t\t<\/div>\n\t\t\t\t<\/div>\n\t\t<div class=\"elementor-element elementor-element-5a4d279 e-flex e-con-boxed e-con e-parent\" data-id=\"5a4d279\" data-element_type=\"container\" data-e-type=\"container\">\n\t\t\t\t\t<div class=\"e-con-inner\">\n\t\t<div class=\"elementor-element elementor-element-b12443b e-con-full e-flex e-con e-child\" data-id=\"b12443b\" data-element_type=\"container\" data-e-type=\"container\">\n\t\t\t\t<div class=\"elementor-element elementor-element-b950a4a elementor-invisible elementor-widget elementor-widget-image\" data-id=\"b950a4a\" data-element_type=\"widget\" data-e-type=\"widget\" data-settings=\"{&quot;_animation&quot;:&quot;fadeInLeft&quot;}\" data-widget_type=\"image.default\">\n\t\t\t\t\t\t\t\t\t\t\t\t\t\t\t<img alt=\"\" loading=\"lazy\" decoding=\"async\" width=\"200\" height=\"204\" src=\"https:\/\/belgraf.com\/wp-content\/uploads\/2025\/08\/imper9.webp\" class=\"attachment-full size-full wp-image-3372\" srcset=\"https:\/\/belgraf.com\/wp-content\/uploads\/2025\/08\/imper9.webp 200w, https:\/\/belgraf.com\/wp-content\/uploads\/2025\/08\/imper9-12x12.webp 12w\" sizes=\"(max-width: 200px) 100vw, 200px\" \/>\t\t\t\t\t\t\t\t\t\t\t\t\t\t\t<\/div>\n\t\t\t\t<\/div>\n\t\t<div class=\"elementor-element elementor-element-6cadb0c e-con-full e-flex e-con e-child\" data-id=\"6cadb0c\" data-element_type=\"container\" data-e-type=\"container\">\n\t\t\t\t<div class=\"elementor-element elementor-element-fee44c5 elementor-widget elementor-widget-heading\" data-id=\"fee44c5\" data-element_type=\"widget\" data-e-type=\"widget\" data-widget_type=\"heading.default\">\n\t\t\t\t\t<h2 class=\"elementor-heading-title elementor-size-default\">NUMERADORES MANUALES:\n<\/h2>\t\t\t\t<\/div>\n\t\t\t\t<div class=\"elementor-element elementor-element-80137c2 elementor-widget-divider--view-line elementor-widget elementor-widget-divider\" data-id=\"80137c2\" data-element_type=\"widget\" data-e-type=\"widget\" data-widget_type=\"divider.default\">\n\t\t\t\t\t\t\t<div class=\"elementor-divider\">\n\t\t\t<span class=\"elementor-divider-separator\">\n\t\t\t\t\t\t<\/span>\n\t\t<\/div>\n\t\t\t\t\t\t<\/div>\n\t\t\t\t<div class=\"elementor-element elementor-element-b7b1119 elementor-widget elementor-widget-text-editor\" data-id=\"b7b1119\" data-element_type=\"widget\" data-e-type=\"widget\" data-widget_type=\"text-editor.default\">\n\t\t\t\t\t\t\t\t\t<p>Los numeradores manuales IMPERIAL poseen ruedas parra el grabado, que pueden girar f\u00e1cilmente en la posici\u00f3n elegida, pudiendo ser sujetadas adecuadamente mediante un perno de seguridad, y los n\u00fameros de piezas pueden ser cambiados en segundos. Los numeradores son compactos y muy aptos para la operaci\u00f3n de grabado durante el trabajo. La \u00fanica herramienta que se requiere es un martillo.<\/p><p>Se suministran en dos tama\u00f1os de 2,5 y 3 mm., en ambos casos con 6 roldanas del 0 al 9 inclusive. hay 11 posiciones en cada roldana, incluyendo un espacio en blanco, de forma que se puede obtener una combinaci\u00f3n desde el 1 al 999999.<\/p><p>Una caracter\u00edstica especial consiste en que el perno de seguridad no solamente bloquea adecuadamente las roldanas, sino que adem\u00e1s transmite la carga de comprensi\u00f3n al resto de la herramienta.<\/p>\t\t\t\t\t\t\t\t<\/div>\n\t\t\t\t<\/div>\n\t\t\t\t\t<\/div>\n\t\t\t\t<\/div>\n\t\t\t\t<\/div>","protected":false},"excerpt":{"rendered":"<p>Punzones grabadores Punzones para grabar metal PUNZONES PARA MARCAR IMPERIAL: Los punzones para marcar IMPERIAL han sido reconocidos por los [&hellip;]<\/p>\n","protected":false},"author":1,"featured_media":0,"parent":0,"menu_order":0,"comment_status":"closed","ping_status":"closed","template":"","meta":{"_seopress_robots_primary_cat":"","_seopress_titles_title":"","_seopress_titles_desc":"","_seopress_robots_index":"","site-sidebar-layout":"no-sidebar","site-content-layout":"","ast-site-content-layout":"full-width-container","site-content-style":"default","site-sidebar-style":"default","ast-global-header-display":"","ast-banner-title-visibility":"","ast-main-header-display":"","ast-hfb-above-header-display":"","ast-hfb-below-header-display":"","ast-hfb-mobile-header-display":"","site-post-title":"disabled","ast-breadcrumbs-content":"","ast-featured-img":"disabled","footer-sml-layout":"","ast-disable-related-posts":"","theme-transparent-header-meta":"","adv-header-id-meta":"","stick-header-meta":"","header-above-stick-meta":"","header-main-stick-meta":"","header-below-stick-meta":"","astra-migrate-meta-layouts":"default","ast-page-background-enabled":"default","ast-page-background-meta":{"desktop":{"background-color":"var(--ast-global-color-5)","background-image":"","background-repeat":"repeat","background-position":"center center","background-size":"auto","background-attachment":"scroll","background-type":"","background-media":"","overlay-type":"","overlay-color":"","overlay-opacity":"","overlay-gradient":""},"tablet":{"background-color":"","background-image":"","background-repeat":"repeat","background-position":"center center","background-size":"auto","background-attachment":"scroll","background-type":"","background-media":"","overlay-type":"","overlay-color":"","overlay-opacity":"","overlay-gradient":""},"mobile":{"background-color":"","background-image":"","background-repeat":"repeat","background-position":"center center","background-size":"auto","background-attachment":"scroll","background-type":"","background-media":"","overlay-type":"","overlay-color":"","overlay-opacity":"","overlay-gradient":""}},"ast-content-background-meta":{"desktop":{"background-color":"var(--ast-global-color-4)","background-image":"","background-repeat":"repeat","background-position":"center center","background-size":"auto","background-attachment":"scroll","background-type":"","background-media":"","overlay-type":"","overlay-color":"","overlay-opacity":"","overlay-gradient":""},"tablet":{"background-color":"var(--ast-global-color-4)","background-image":"","background-repeat":"repeat","background-position":"center center","background-size":"auto","background-attachment":"scroll","background-type":"","background-media":"","overlay-type":"","overlay-color":"","overlay-opacity":"","overlay-gradient":""},"mobile":{"background-color":"var(--ast-global-color-4)","background-image":"","background-repeat":"repeat","background-position":"center center","background-size":"auto","background-attachment":"scroll","background-type":"","background-media":"","overlay-type":"","overlay-color":"","overlay-opacity":"","overlay-gradient":""}},"footnotes":""},"class_list":["post-3344","page","type-page","status-publish","hentry"],"_links":{"self":[{"href":"https:\/\/belgraf.com\/en\/wp-json\/wp\/v2\/pages\/3344","targetHints":{"allow":["GET"]}}],"collection":[{"href":"https:\/\/belgraf.com\/en\/wp-json\/wp\/v2\/pages"}],"about":[{"href":"https:\/\/belgraf.com\/en\/wp-json\/wp\/v2\/types\/page"}],"author":[{"embeddable":true,"href":"https:\/\/belgraf.com\/en\/wp-json\/wp\/v2\/users\/1"}],"replies":[{"embeddable":true,"href":"https:\/\/belgraf.com\/en\/wp-json\/wp\/v2\/comments?post=3344"}],"version-history":[{"count":22,"href":"https:\/\/belgraf.com\/en\/wp-json\/wp\/v2\/pages\/3344\/revisions"}],"predecessor-version":[{"id":3375,"href":"https:\/\/belgraf.com\/en\/wp-json\/wp\/v2\/pages\/3344\/revisions\/3375"}],"wp:attachment":[{"href":"https:\/\/belgraf.com\/en\/wp-json\/wp\/v2\/media?parent=3344"}],"curies":[{"name":"wp","href":"https:\/\/api.w.org\/{rel}","templated":true}]}}