{"id":3559,"date":"2025-08-11T10:28:32","date_gmt":"2025-08-11T10:28:32","guid":{"rendered":"https:\/\/belgraf.com\/?page_id=3559"},"modified":"2025-08-13T08:38:11","modified_gmt":"2025-08-13T06:38:11","slug":"ribbons","status":"publish","type":"page","link":"https:\/\/belgraf.com\/en\/ribbons\/","title":{"rendered":"Ribbon"},"content":{"rendered":"<div data-elementor-type=\"wp-page\" data-elementor-id=\"3559\" class=\"elementor elementor-3559\" data-elementor-post-type=\"page\">\n\t\t\t\t<div class=\"elementor-element elementor-element-589caae6 e-flex e-con-boxed e-con e-parent\" data-id=\"589caae6\" data-element_type=\"container\" data-e-type=\"container\" data-settings=\"{&quot;background_background&quot;:&quot;classic&quot;}\">\n\t\t\t\t\t<div class=\"e-con-inner\">\n\t\t\t\t<div class=\"elementor-element elementor-element-5e82ab6 elementor-widget elementor-widget-heading\" data-id=\"5e82ab6\" data-element_type=\"widget\" data-e-type=\"widget\" data-widget_type=\"heading.default\">\n\t\t\t\t\t<h1 class=\"elementor-heading-title elementor-size-default\">Ribbon<\/h1>\t\t\t\t<\/div>\n\t\t\t\t\t<\/div>\n\t\t\t\t<\/div>\n\t\t<div class=\"elementor-element elementor-element-83fb0e9 e-flex e-con-boxed e-con e-parent\" data-id=\"83fb0e9\" data-element_type=\"container\" data-e-type=\"container\">\n\t\t\t\t\t<div class=\"e-con-inner\">\n\t\t<div class=\"elementor-element elementor-element-b26a370 e-con-full e-flex e-con e-child\" data-id=\"b26a370\" data-element_type=\"container\" data-e-type=\"container\">\n\t\t\t\t<div class=\"elementor-element elementor-element-b2ead30 elementor-invisible elementor-widget elementor-widget-image\" data-id=\"b2ead30\" data-element_type=\"widget\" data-e-type=\"widget\" data-settings=\"{&quot;_animation&quot;:&quot;fadeInLeft&quot;}\" data-widget_type=\"image.default\">\n\t\t\t\t\t\t\t\t\t\t\t\t\t\t\t<img alt=\"\" fetchpriority=\"high\" decoding=\"async\" width=\"600\" height=\"510\" src=\"https:\/\/belgraf.com\/wp-content\/uploads\/2025\/08\/ribbon-belgraf-1536x1306-1.webp\" class=\"attachment-full size-full wp-image-3575\" srcset=\"https:\/\/belgraf.com\/wp-content\/uploads\/2025\/08\/ribbon-belgraf-1536x1306-1.webp 600w, https:\/\/belgraf.com\/wp-content\/uploads\/2025\/08\/ribbon-belgraf-1536x1306-1-300x255.webp 300w, https:\/\/belgraf.com\/wp-content\/uploads\/2025\/08\/ribbon-belgraf-1536x1306-1-14x12.webp 14w\" sizes=\"(max-width: 600px) 100vw, 600px\" \/>\t\t\t\t\t\t\t\t\t\t\t\t\t\t\t<\/div>\n\t\t\t\t<\/div>\n\t\t<div class=\"elementor-element elementor-element-41f41a8 e-con-full e-flex e-con e-child\" data-id=\"41f41a8\" data-element_type=\"container\" data-e-type=\"container\">\n\t\t\t\t<div class=\"elementor-element elementor-element-c3f51f3 elementor-widget elementor-widget-text-editor\" data-id=\"c3f51f3\" data-element_type=\"widget\" data-e-type=\"widget\" data-widget_type=\"text-editor.default\">\n\t\t\t\t\t\t\t\t\t<p>El Ribbon es una cinta especialmente dise\u00f1ada para trabajar con impresoras de transferencia t\u00e9rmica.<\/p><p>Este tipo de cinta basada en cera y\/o resina permite que la impresora, mediante la aplicaci\u00f3n de calor, adhiera el material necesario para realizar la impresi\u00f3n.<\/p><p>El Ribbon se puede aplicar en multitud de superficies no t\u00e9rmicas y se utiliza generalmente para la impresi\u00f3n de etiquetas y c\u00f3digos de barras.<\/p><p>Dependiendo del material utilizado por el Ribbon, ya sea de resina, cera o mixto, obtendremos resultados diferentes, as\u00ed como tambi\u00e9n acabados de distinta calidad.<\/p><p>Ponte en contacto con nosotros si necesitas asesor\u00eda o m\u00e1s informaci\u00f3n para saber qu\u00e9 tipo de Ribbon es el indicado para ti.<\/p>\t\t\t\t\t\t\t\t<\/div>\n\t\t\t\t<\/div>\n\t\t\t\t\t<\/div>\n\t\t\t\t<\/div>\n\t\t<div class=\"elementor-element elementor-element-e7e611b e-flex e-con-boxed e-con e-parent\" data-id=\"e7e611b\" data-element_type=\"container\" data-e-type=\"container\">\n\t\t\t\t\t<div class=\"e-con-inner\">\n\t\t<div class=\"elementor-element elementor-element-9f27a6e e-con-full e-flex e-con e-child\" data-id=\"9f27a6e\" data-element_type=\"container\" data-e-type=\"container\">\n\t\t\t\t<div class=\"elementor-element elementor-element-f30b291 elementor-invisible elementor-widget elementor-widget-image\" data-id=\"f30b291\" data-element_type=\"widget\" data-e-type=\"widget\" data-settings=\"{&quot;_animation&quot;:&quot;fadeInLeft&quot;}\" data-widget_type=\"image.default\">\n\t\t\t\t\t\t\t\t\t\t\t\t\t\t\t<img alt=\"\" decoding=\"async\" width=\"600\" height=\"394\" src=\"https:\/\/belgraf.com\/wp-content\/uploads\/2025\/08\/foto_1-1.webp\" class=\"attachment-full size-full wp-image-3576\" srcset=\"https:\/\/belgraf.com\/wp-content\/uploads\/2025\/08\/foto_1-1.webp 600w, https:\/\/belgraf.com\/wp-content\/uploads\/2025\/08\/foto_1-1-300x197.webp 300w, https:\/\/belgraf.com\/wp-content\/uploads\/2025\/08\/foto_1-1-18x12.webp 18w\" sizes=\"(max-width: 600px) 100vw, 600px\" \/>\t\t\t\t\t\t\t\t\t\t\t\t\t\t\t<\/div>\n\t\t\t\t<\/div>\n\t\t<div class=\"elementor-element elementor-element-cf595d4 e-con-full e-flex e-con e-child\" data-id=\"cf595d4\" data-element_type=\"container\" data-e-type=\"container\">\n\t\t\t\t<div class=\"elementor-element elementor-element-1446a35 elementor-widget elementor-widget-heading\" data-id=\"1446a35\" data-element_type=\"widget\" data-e-type=\"widget\" data-widget_type=\"heading.default\">\n\t\t\t\t\t<h2 class=\"elementor-heading-title elementor-size-default\">Tecnolog\u00eda Cabezal Plano\n<\/h2>\t\t\t\t<\/div>\n\t\t\t\t<div class=\"elementor-element elementor-element-33f2a1c elementor-widget-divider--view-line elementor-widget elementor-widget-divider\" data-id=\"33f2a1c\" data-element_type=\"widget\" data-e-type=\"widget\" data-widget_type=\"divider.default\">\n\t\t\t\t\t\t\t<div class=\"elementor-divider\">\n\t\t\t<span class=\"elementor-divider-separator\">\n\t\t\t\t\t\t<\/span>\n\t\t<\/div>\n\t\t\t\t\t\t<\/div>\n\t\t\t\t<div class=\"elementor-element elementor-element-e4dc82b elementor-widget elementor-widget-text-editor\" data-id=\"e4dc82b\" data-element_type=\"widget\" data-e-type=\"widget\" data-widget_type=\"text-editor.default\">\n\t\t\t\t\t\t\t\t\t<p>La tecnolog\u00eda de Cabezal Plano fue la primera en aparecer en el mercado. Est\u00e1 presente principalmente en impresoras de sobremesa, m\u00f3dulos de impresi\u00f3n y aplicaci\u00f3n de etiquetas.<\/p><p>En los \u00faltimos a\u00f1os su evoluci\u00f3n ha permitido alcanzar velocidades y definici\u00f3n pr\u00e1cticamente semejantes a las dem\u00e1s tecnolog\u00edas.<\/p>\t\t\t\t\t\t\t\t<\/div>\n\t\t\t\t<\/div>\n\t\t\t\t\t<\/div>\n\t\t\t\t<\/div>\n\t\t<div class=\"elementor-element elementor-element-d48e7fa e-flex e-con-boxed e-con e-parent\" data-id=\"d48e7fa\" data-element_type=\"container\" data-e-type=\"container\">\n\t\t\t\t\t<div class=\"e-con-inner\">\n\t\t<div class=\"elementor-element elementor-element-a965a86 e-con-full e-flex e-con e-child\" data-id=\"a965a86\" data-element_type=\"container\" data-e-type=\"container\">\n\t\t\t\t<div class=\"elementor-element elementor-element-b735af9 elementor-invisible elementor-widget elementor-widget-image\" data-id=\"b735af9\" data-element_type=\"widget\" data-e-type=\"widget\" data-settings=\"{&quot;_animation&quot;:&quot;fadeInLeft&quot;}\" data-widget_type=\"image.default\">\n\t\t\t\t\t\t\t\t\t\t\t\t\t\t\t<img alt=\"\" decoding=\"async\" width=\"300\" height=\"225\" src=\"https:\/\/belgraf.com\/wp-content\/uploads\/2025\/08\/nearedge.webp\" class=\"attachment-full size-full wp-image-3577\" srcset=\"https:\/\/belgraf.com\/wp-content\/uploads\/2025\/08\/nearedge.webp 300w, https:\/\/belgraf.com\/wp-content\/uploads\/2025\/08\/nearedge-16x12.webp 16w\" sizes=\"(max-width: 300px) 100vw, 300px\" \/>\t\t\t\t\t\t\t\t\t\t\t\t\t\t\t<\/div>\n\t\t\t\t<\/div>\n\t\t<div class=\"elementor-element elementor-element-06bea83 e-con-full e-flex e-con e-child\" data-id=\"06bea83\" data-element_type=\"container\" data-e-type=\"container\">\n\t\t\t\t<div class=\"elementor-element elementor-element-ae67f43 elementor-widget elementor-widget-heading\" data-id=\"ae67f43\" data-element_type=\"widget\" data-e-type=\"widget\" data-widget_type=\"heading.default\">\n\t\t\t\t\t<h2 class=\"elementor-heading-title elementor-size-default\">Tecnolog\u00eda Near Edge\n<\/h2>\t\t\t\t<\/div>\n\t\t\t\t<div class=\"elementor-element elementor-element-2136af1 elementor-widget-divider--view-line elementor-widget elementor-widget-divider\" data-id=\"2136af1\" data-element_type=\"widget\" data-e-type=\"widget\" data-widget_type=\"divider.default\">\n\t\t\t\t\t\t\t<div class=\"elementor-divider\">\n\t\t\t<span class=\"elementor-divider-separator\">\n\t\t\t\t\t\t<\/span>\n\t\t<\/div>\n\t\t\t\t\t\t<\/div>\n\t\t\t\t<div class=\"elementor-element elementor-element-a20fa65 elementor-widget elementor-widget-text-editor\" data-id=\"a20fa65\" data-element_type=\"widget\" data-e-type=\"widget\" data-widget_type=\"text-editor.default\">\n\t\t\t\t\t\t\t\t\t<p>La tecnolog\u00eda Near Edge, en el momento de su desarrollo, supuso un avance sobre todo en lo relativo a la alta velocidad de impresi\u00f3n, la resoluci\u00f3n y el control de temperatura. Por ello, es necesario un tipo de TTR espec\u00edfico para esta tecnolog\u00eda.<\/p>\t\t\t\t\t\t\t\t<\/div>\n\t\t\t\t<\/div>\n\t\t\t\t\t<\/div>\n\t\t\t\t<\/div>\n\t\t<div class=\"elementor-element elementor-element-65955c6 e-flex e-con-boxed e-con e-parent\" data-id=\"65955c6\" data-element_type=\"container\" data-e-type=\"container\">\n\t\t\t\t\t<div class=\"e-con-inner\">\n\t\t<div class=\"elementor-element elementor-element-7f4835d e-con-full e-flex e-con e-child\" data-id=\"7f4835d\" data-element_type=\"container\" data-e-type=\"container\">\n\t\t\t\t<div class=\"elementor-element elementor-element-6acda0e elementor-invisible elementor-widget elementor-widget-image\" data-id=\"6acda0e\" data-element_type=\"widget\" data-e-type=\"widget\" data-settings=\"{&quot;_animation&quot;:&quot;fadeInLeft&quot;}\" data-widget_type=\"image.default\">\n\t\t\t\t\t\t\t\t\t\t\t\t\t\t\t<img alt=\"\" loading=\"lazy\" decoding=\"async\" width=\"451\" height=\"300\" src=\"https:\/\/belgraf.com\/wp-content\/uploads\/2025\/08\/linx1.webp\" class=\"attachment-full size-full wp-image-3578\" srcset=\"https:\/\/belgraf.com\/wp-content\/uploads\/2025\/08\/linx1.webp 451w, https:\/\/belgraf.com\/wp-content\/uploads\/2025\/08\/linx1-300x200.webp 300w, https:\/\/belgraf.com\/wp-content\/uploads\/2025\/08\/linx1-18x12.webp 18w\" sizes=\"(max-width: 451px) 100vw, 451px\" \/>\t\t\t\t\t\t\t\t\t\t\t\t\t\t\t<\/div>\n\t\t\t\t<\/div>\n\t\t<div class=\"elementor-element elementor-element-83f0692 e-con-full e-flex e-con e-child\" data-id=\"83f0692\" data-element_type=\"container\" data-e-type=\"container\">\n\t\t\t\t<div class=\"elementor-element elementor-element-ec241e0 elementor-widget elementor-widget-heading\" data-id=\"ec241e0\" data-element_type=\"widget\" data-e-type=\"widget\" data-widget_type=\"heading.default\">\n\t\t\t\t\t<h2 class=\"elementor-heading-title elementor-size-default\">Tecnolog\u00eda Corner Edge\n<\/h2>\t\t\t\t<\/div>\n\t\t\t\t<div class=\"elementor-element elementor-element-d0842b7 elementor-widget-divider--view-line elementor-widget elementor-widget-divider\" data-id=\"d0842b7\" data-element_type=\"widget\" data-e-type=\"widget\" data-widget_type=\"divider.default\">\n\t\t\t\t\t\t\t<div class=\"elementor-divider\">\n\t\t\t<span class=\"elementor-divider-separator\">\n\t\t\t\t\t\t<\/span>\n\t\t<\/div>\n\t\t\t\t\t\t<\/div>\n\t\t\t\t<div class=\"elementor-element elementor-element-6f3ea2a elementor-widget elementor-widget-text-editor\" data-id=\"6f3ea2a\" data-element_type=\"widget\" data-e-type=\"widget\" data-widget_type=\"text-editor.default\">\n\t\t\t\t\t\t\t\t\t<p>La tecnolog\u00eda Corner Edge es la m\u00e1s actual y moderna del mercado. Existe en impresoras, pero su desarrollo principal ha venido impulsado por su implementaci\u00f3n en marcadores en l\u00ednea. En estos ha conseguido velocidades de hasta 1000 mm\/seg sin la p\u00e9rdida de definici\u00f3n.<\/p>\t\t\t\t\t\t\t\t<\/div>\n\t\t\t\t<\/div>\n\t\t\t\t\t<\/div>\n\t\t\t\t<\/div>\n\t\t<div class=\"elementor-element elementor-element-e17bc1e e-flex e-con-boxed e-con e-parent\" data-id=\"e17bc1e\" data-element_type=\"container\" data-e-type=\"container\">\n\t\t\t\t\t<div class=\"e-con-inner\">\n\t\t\t\t<div class=\"elementor-element elementor-element-f3d7447 elementor-widget elementor-widget-text-editor\" data-id=\"f3d7447\" data-element_type=\"widget\" data-e-type=\"widget\" data-widget_type=\"text-editor.default\">\n\t\t\t\t\t\t\t\t\t<p>Para estas tecnolog\u00edas Belgraf Ib\u00e9rica cuenta con tres tipos de calidad<\/p>\t\t\t\t\t\t\t\t<\/div>\n\t\t\t\t\t<\/div>\n\t\t\t\t<\/div>\n\t\t<div class=\"elementor-element elementor-element-0a3a29e e-flex e-con-boxed e-con e-parent\" data-id=\"0a3a29e\" data-element_type=\"container\" data-e-type=\"container\">\n\t\t\t\t\t<div class=\"e-con-inner\">\n\t\t<div class=\"elementor-element elementor-element-9f72bdf e-con-full e-flex e-con e-child\" data-id=\"9f72bdf\" data-element_type=\"container\" data-e-type=\"container\">\n\t\t\t\t<div class=\"elementor-element elementor-element-c620f8a elementor-invisible elementor-widget elementor-widget-image\" data-id=\"c620f8a\" data-element_type=\"widget\" data-e-type=\"widget\" data-settings=\"{&quot;_animation&quot;:&quot;fadeInLeft&quot;}\" data-widget_type=\"image.default\">\n\t\t\t\t\t\t\t\t\t\t\t\t\t\t\t<img alt=\"\" loading=\"lazy\" decoding=\"async\" width=\"612\" height=\"816\" src=\"https:\/\/belgraf.com\/wp-content\/uploads\/2025\/08\/foto_final.webp\" class=\"attachment-full size-full wp-image-3579\" srcset=\"https:\/\/belgraf.com\/wp-content\/uploads\/2025\/08\/foto_final.webp 612w, https:\/\/belgraf.com\/wp-content\/uploads\/2025\/08\/foto_final-225x300.webp 225w, https:\/\/belgraf.com\/wp-content\/uploads\/2025\/08\/foto_final-9x12.webp 9w\" sizes=\"(max-width: 612px) 100vw, 612px\" \/>\t\t\t\t\t\t\t\t\t\t\t\t\t\t\t<\/div>\n\t\t\t\t<\/div>\n\t\t<div class=\"elementor-element elementor-element-a9a3a1e e-con-full e-flex e-con e-child\" data-id=\"a9a3a1e\" data-element_type=\"container\" data-e-type=\"container\">\n\t\t\t\t<div class=\"elementor-element elementor-element-b0dfdfb elementor-widget elementor-widget-heading\" data-id=\"b0dfdfb\" data-element_type=\"widget\" data-e-type=\"widget\" data-widget_type=\"heading.default\">\n\t\t\t\t\t<h2 class=\"elementor-heading-title elementor-size-default\">Ceras<\/h2>\t\t\t\t<\/div>\n\t\t\t\t<div class=\"elementor-element elementor-element-b4e4c35 elementor-widget-divider--view-line elementor-widget elementor-widget-divider\" data-id=\"b4e4c35\" data-element_type=\"widget\" data-e-type=\"widget\" data-widget_type=\"divider.default\">\n\t\t\t\t\t\t\t<div class=\"elementor-divider\">\n\t\t\t<span class=\"elementor-divider-separator\">\n\t\t\t\t\t\t<\/span>\n\t\t<\/div>\n\t\t\t\t\t\t<\/div>\n\t\t\t\t<div class=\"elementor-element elementor-element-bec4737 elementor-widget elementor-widget-text-editor\" data-id=\"bec4737\" data-element_type=\"widget\" data-e-type=\"widget\" data-widget_type=\"text-editor.default\">\n\t\t\t\t\t\t\t\t\t<p>Es la cinta de mayor venta y suele ser la m\u00e1s vers\u00e1til y econ\u00f3mica.<br \/>Se emplea en aplicaciones de identificaci\u00f3n que no requieran resistencia.<br \/>Funcionan muy bien sobre cualquier tipo de superficie.<br \/>Esta calidad se emplea \u00fanicamente en impresoras de sobremesa y m\u00f3dulos de impresi\u00f3n y aplicaci\u00f3n de etiquetas.<\/p>\t\t\t\t\t\t\t\t<\/div>\n\t\t\t\t<div class=\"elementor-element elementor-element-8a3a230 elementor-widget elementor-widget-heading\" data-id=\"8a3a230\" data-element_type=\"widget\" data-e-type=\"widget\" data-widget_type=\"heading.default\">\n\t\t\t\t\t<h2 class=\"elementor-heading-title elementor-size-default\">Mixtas<\/h2>\t\t\t\t<\/div>\n\t\t\t\t<div class=\"elementor-element elementor-element-242e403 elementor-widget-divider--view-line elementor-widget elementor-widget-divider\" data-id=\"242e403\" data-element_type=\"widget\" data-e-type=\"widget\" data-widget_type=\"divider.default\">\n\t\t\t\t\t\t\t<div class=\"elementor-divider\">\n\t\t\t<span class=\"elementor-divider-separator\">\n\t\t\t\t\t\t<\/span>\n\t\t<\/div>\n\t\t\t\t\t\t<\/div>\n\t\t\t\t<div class=\"elementor-element elementor-element-c428bfe elementor-widget elementor-widget-text-editor\" data-id=\"c428bfe\" data-element_type=\"widget\" data-e-type=\"widget\" data-widget_type=\"text-editor.default\">\n\t\t\t\t\t\t\t\t\t<p>Se trata de una calidad intermedia, donde se pretende cuidar la resistencia sin que ello suponga un incremento excesivo del precio.<br \/>Es la segunda calidad en consumo<br \/>Se suele utilizar tanto para papel como para sint\u00e9tico.<br \/>Es la m\u00e1s utilizada en marcadores on line, tanto intermitentes como continuos. Su consumo en impresoras de sobremesa es tambi\u00e9n importante.<\/p>\t\t\t\t\t\t\t\t<\/div>\n\t\t\t\t<div class=\"elementor-element elementor-element-8961398 elementor-widget elementor-widget-heading\" data-id=\"8961398\" data-element_type=\"widget\" data-e-type=\"widget\" data-widget_type=\"heading.default\">\n\t\t\t\t\t<h2 class=\"elementor-heading-title elementor-size-default\">Resinas\n<\/h2>\t\t\t\t<\/div>\n\t\t\t\t<div class=\"elementor-element elementor-element-79dbb6c elementor-widget-divider--view-line elementor-widget elementor-widget-divider\" data-id=\"79dbb6c\" data-element_type=\"widget\" data-e-type=\"widget\" data-widget_type=\"divider.default\">\n\t\t\t\t\t\t\t<div class=\"elementor-divider\">\n\t\t\t<span class=\"elementor-divider-separator\">\n\t\t\t\t\t\t<\/span>\n\t\t<\/div>\n\t\t\t\t\t\t<\/div>\n\t\t\t\t<div class=\"elementor-element elementor-element-566eca3 elementor-widget elementor-widget-text-editor\" data-id=\"566eca3\" data-element_type=\"widget\" data-e-type=\"widget\" data-widget_type=\"text-editor.default\">\n\t\t\t\t\t\t\t\t\t<p>La gama de resinas est\u00e1 particularmente recomendada para soportes sint\u00e9ticos (Pe, PP, Pet)<br \/>Es la soluci\u00f3n final.<br \/>Se necesitan en aplicaciones especiales.<br \/>Su precio es el m\u00e1s elevado, pero son las que mejor responden a las necesidades del cliente.<br \/>Podemos encontrar resinas resistentes a detergentes, alcoholes, gasolinas, etc.<br \/>Su utilizaci\u00f3n es pr\u00e1cticamente igual tanto en impresoras de sobremesa como en marcadores on line, dado que su uso viene determinado por el requerimiento del producto final, nunca por el m\u00f3dulo impresor. Los ribbons para cabezal Corner Edge son compatibles con la tecnolog\u00eda Near Edge, pero no pueden ser utilizados en impresoras o m\u00f3dulos con tecnolog\u00eda de cabezal plano. Disponemos de muestras, hojas t\u00e9cnicas y de seguridad para su homologaci\u00f3n.<\/p>\t\t\t\t\t\t\t\t<\/div>\n\t\t\t\t<\/div>\n\t\t\t\t\t<\/div>\n\t\t\t\t<\/div>\n\t\t\t\t<\/div>","protected":false},"excerpt":{"rendered":"<p>Ribbon El Ribbon es una cinta especialmente dise\u00f1ada para trabajar con impresoras de transferencia t\u00e9rmica. Este tipo de cinta basada [&hellip;]<\/p>\n","protected":false},"author":1,"featured_media":0,"parent":0,"menu_order":0,"comment_status":"closed","ping_status":"closed","template":"","meta":{"_seopress_robots_primary_cat":"","_seopress_titles_title":"","_seopress_titles_desc":"","_seopress_robots_index":"","site-sidebar-layout":"no-sidebar","site-content-layout":"","ast-site-content-layout":"full-width-container","site-content-style":"default","site-sidebar-style":"default","ast-global-header-display":"","ast-banner-title-visibility":"","ast-main-header-display":"","ast-hfb-above-header-display":"","ast-hfb-below-header-display":"","ast-hfb-mobile-header-display":"","site-post-title":"disabled","ast-breadcrumbs-content":"","ast-featured-img":"disabled","footer-sml-layout":"","ast-disable-related-posts":"","theme-transparent-header-meta":"","adv-header-id-meta":"","stick-header-meta":"","header-above-stick-meta":"","header-main-stick-meta":"","header-below-stick-meta":"","astra-migrate-meta-layouts":"default","ast-page-background-enabled":"default","ast-page-background-meta":{"desktop":{"background-color":"var(--ast-global-color-5)","background-image":"","background-repeat":"repeat","background-position":"center center","background-size":"auto","background-attachment":"scroll","background-type":"","background-media":"","overlay-type":"","overlay-color":"","overlay-opacity":"","overlay-gradient":""},"tablet":{"background-color":"","background-image":"","background-repeat":"repeat","background-position":"center center","background-size":"auto","background-attachment":"scroll","background-type":"","background-media":"","overlay-type":"","overlay-color":"","overlay-opacity":"","overlay-gradient":""},"mobile":{"background-color":"","background-image":"","background-repeat":"repeat","background-position":"center center","background-size":"auto","background-attachment":"scroll","background-type":"","background-media":"","overlay-type":"","overlay-color":"","overlay-opacity":"","overlay-gradient":""}},"ast-content-background-meta":{"desktop":{"background-color":"var(--ast-global-color-4)","background-image":"","background-repeat":"repeat","background-position":"center center","background-size":"auto","background-attachment":"scroll","background-type":"","background-media":"","overlay-type":"","overlay-color":"","overlay-opacity":"","overlay-gradient":""},"tablet":{"background-color":"var(--ast-global-color-4)","background-image":"","background-repeat":"repeat","background-position":"center center","background-size":"auto","background-attachment":"scroll","background-type":"","background-media":"","overlay-type":"","overlay-color":"","overlay-opacity":"","overlay-gradient":""},"mobile":{"background-color":"var(--ast-global-color-4)","background-image":"","background-repeat":"repeat","background-position":"center center","background-size":"auto","background-attachment":"scroll","background-type":"","background-media":"","overlay-type":"","overlay-color":"","overlay-opacity":"","overlay-gradient":""}},"footnotes":""},"class_list":["post-3559","page","type-page","status-publish","hentry"],"_links":{"self":[{"href":"https:\/\/belgraf.com\/en\/wp-json\/wp\/v2\/pages\/3559","targetHints":{"allow":["GET"]}}],"collection":[{"href":"https:\/\/belgraf.com\/en\/wp-json\/wp\/v2\/pages"}],"about":[{"href":"https:\/\/belgraf.com\/en\/wp-json\/wp\/v2\/types\/page"}],"author":[{"embeddable":true,"href":"https:\/\/belgraf.com\/en\/wp-json\/wp\/v2\/users\/1"}],"replies":[{"embeddable":true,"href":"https:\/\/belgraf.com\/en\/wp-json\/wp\/v2\/comments?post=3559"}],"version-history":[{"count":17,"href":"https:\/\/belgraf.com\/en\/wp-json\/wp\/v2\/pages\/3559\/revisions"}],"predecessor-version":[{"id":4078,"href":"https:\/\/belgraf.com\/en\/wp-json\/wp\/v2\/pages\/3559\/revisions\/4078"}],"wp:attachment":[{"href":"https:\/\/belgraf.com\/en\/wp-json\/wp\/v2\/media?parent=3559"}],"curies":[{"name":"wp","href":"https:\/\/api.w.org\/{rel}","templated":true}]}}