{"id":81,"date":"2025-07-25T08:43:31","date_gmt":"2025-07-25T08:43:31","guid":{"rendered":"https:\/\/belgraf.com\/?page_id=81"},"modified":"2025-08-13T08:27:09","modified_gmt":"2025-08-13T06:27:09","slug":"aviso-legal","status":"publish","type":"page","link":"https:\/\/belgraf.com\/en\/aviso-legal\/","title":{"rendered":"Aviso legal"},"content":{"rendered":"<div data-elementor-type=\"wp-page\" data-elementor-id=\"81\" class=\"elementor elementor-81\" data-elementor-post-type=\"page\">\n\t\t\t\t<div class=\"elementor-element elementor-element-76b7ad4 e-flex e-con-boxed e-con e-parent\" data-id=\"76b7ad4\" data-element_type=\"container\" data-e-type=\"container\" data-settings=\"{&quot;background_background&quot;:&quot;classic&quot;}\">\n\t\t\t\t\t<div class=\"e-con-inner\">\n\t\t\t\t<div class=\"elementor-element elementor-element-9eec352 elementor-widget elementor-widget-heading\" data-id=\"9eec352\" data-element_type=\"widget\" data-e-type=\"widget\" data-widget_type=\"heading.default\">\n\t\t\t\t\t<h1 class=\"elementor-heading-title elementor-size-default\">Aviso Legal<\/h1>\t\t\t\t<\/div>\n\t\t\t\t\t<\/div>\n\t\t\t\t<\/div>\n\t\t<div class=\"elementor-element elementor-element-17197ce e-flex e-con-boxed e-con e-parent\" data-id=\"17197ce\" data-element_type=\"container\" data-e-type=\"container\">\n\t\t\t\t\t<div class=\"e-con-inner\">\n\t\t\t\t<div class=\"elementor-element elementor-element-c3f2ccc elementor-widget elementor-widget-text-editor\" data-id=\"c3f2ccc\" data-element_type=\"widget\" data-e-type=\"widget\" data-widget_type=\"text-editor.default\">\n\t\t\t\t\t\t\t\t\t<p><strong>DATOS IDENTIFICATIVOS<\/strong><\/p><p>En cumplimiento con el deber de informaci\u00f3n recogido en art\u00edculo 10 de la Ley 34\/2002, de 11 de julio, de Servicios de la Sociedad de la Informaci\u00f3n y de Comercio Electr\u00f3nico, a continuaci\u00f3n se reflejan los siguientes datos: La empresa titular de esta pagina web es BELTRAN MU\u00d1OZ, .SL. con domicilio en Avd. Redondela, 60 36320 \u2013 Redondela (Pontevedra) \u2013 SPAIN, correo electr\u00f3nico: info@belgraf.com, tel\u00e9fono contacto: +34.986335022 , con n\u00famero de C.I.F: B-36.846.947, inscrita en el Registro Mercantil de PONTEVEDRA Tomo: 2236, Folio: 138, Hoja: PO-22614,<\/p><p><strong>INFORMACION ADICIONAL SOBRE LA PROTECCI\u00d3N DE DATOS:<\/strong><\/p><p><strong>1)\u00a0\u00a0\u00a0\u00a0\u00a0\u00a0\u00a0<\/strong><strong>RESPONSABLE: \u00bfQui\u00e9n es el\u00a0Responsable\u00a0del tratamiento de sus datos?<\/strong><\/p><p>Identidad:\u00a0BELTRAN MU\u00d1OZ, .SL.\u00a0\u2013 CIF: B-36.846.947<\/p><p>Direcci\u00f3n Postal:\u00a0MARTINEZ GARRIDO\u00a0N\u00ba\u00a083 BAJO, 36.205 VIGO (PONTEVEDRA)<\/p><p>Tel\u00e9fono: 986 33 50 22\u00a0\u00a0\u00a0-Correo electr\u00f3nico:\u00a0info@belgraf.com<\/p><p><strong>2)\u00a0\u00a0\u00a0\u00a0\u00a0\u00a0\u00a0<\/strong><strong>FINALIDAD: \u00bfCon qu\u00e9 finalidad tratamos sus datos personales?<\/strong><\/p><p>En BELTRAN MU\u00d1OZ, .SL. tratamos la informaci\u00f3n que nos facilitan las personas interesadas para las siguientes finalidades:<\/p><p>\u2013\u00a0\u00a0\u00a0\u00a0\u00a0\u00a0\u00a0\u00a0\u00a0\u00a0Presentar presupuestos con informaci\u00f3n sobre nuestros productos y servicios<\/p><p>\u2013\u00a0\u00a0\u00a0\u00a0\u00a0\u00a0\u00a0\u00a0\u00a0\u00a0Prestar el servicio solicitado, realizar la facturaci\u00f3n\u00a0del mismo.<\/p><p><strong>3)\u00a0\u00a0\u00a0\u00a0\u00a0\u00a0\u00a0<\/strong><strong>LIMITACI\u00d3N PLAZO DE CONSERVACION \u00bfPor cu\u00e1nto tiempo conservaremos sus datos?<\/strong><\/p><p>Los datos proporcionados se conservar\u00e1n mientras se mantenga la relaci\u00f3n comercial o durante los a\u00f1os necesarios para cumplir con las obligaciones legales.<\/p><p><strong>4)\u00a0\u00a0\u00a0\u00a0\u00a0\u00a0\u00a0<\/strong><strong>LEGITIMACION: \u00bfCu\u00e1l es la legitimaci\u00f3n para el tratamiento de sus datos?<\/strong><\/p><p>La base legal para el tratamiento de los datos es el consentimiento obtenido del interesado, adem\u00e1s de la contrataci\u00f3n de los servicios.<\/p><p><strong>5)\u00a0\u00a0\u00a0\u00a0\u00a0\u00a0\u00a0<\/strong><strong>DESTINATARIOS: \u00bfA qu\u00e9 destinatarios se comunicar\u00e1n sus datos?<\/strong><\/p><p>Los datos se comunicar\u00e1n a:<\/p><p>\u2013\u00a0\u00a0\u00a0\u00a0\u00a0\u00a0\u00a0\u00a0\u00a0\u00a0Administraci\u00f3n Tributaria<\/p><p>\u2013\u00a0\u00a0\u00a0\u00a0\u00a0\u00a0\u00a0\u00a0\u00a0\u00a0Bancos y Entidades Financieras<\/p><p>\u2013\u00a0\u00a0\u00a0\u00a0\u00a0\u00a0\u00a0\u00a0\u00a0\u00a0Gestor\u00eda<\/p><p><strong>6)\u00a0\u00a0\u00a0\u00a0\u00a0\u00a0\u00a0<\/strong><strong>DERECHOS: \u00bfCu\u00e1les son sus derechos cuando nos facilita sus datos?<\/strong><\/p><p>Cualquier persona tiene derecho a obtener confirmaci\u00f3n sobre si en BELTRAN MU\u00d1OZ, .SL. estamos tratando datos personales que les conciernan, o no.<\/p><p>Las personas interesadas tienen derecho a\u00a0<strong>acceder<\/strong>\u00a0a sus datos personales, as\u00ed como a\u00a0<strong>solicitar la rectificaci\u00f3n<\/strong>\u00a0de los datos inexactos o, en su caso,\u00a0<strong>solicitar su supresi\u00f3n<\/strong>\u00a0cuando, entre otros motivos, los datos, ya no sean necesarios para los fines que fueron recogidos.<\/p><p>En determinadas circunstancias, los interesados podr\u00e1n\u00a0<strong>solicitar la<\/strong>\u00a0<strong>limitaci\u00f3n del tratamiento<\/strong>\u00a0de sus datos, en cuyo caso \u00fanicamente los conservaremos para el ejercicio o la defensa de reclamaciones.<\/p><p>En determinadas circunstancias y por motivos relacionados con su situaci\u00f3n particular, los interesados podr\u00e1n\u00a0<strong>oponerse al tratamiento<\/strong>\u00a0de sus datos. BELTRAN MU\u00d1OZ, .SL. dejar\u00e1 de tratar los datos, salvo por motivos leg\u00edtimos imperiosos, o el\u00a0ejercicio o la defensa de posibles reclamaciones.<\/p><p>El interesado tiene derecho a retirar el consentimiento en cualquier momento, sin que ello afecte a la licitud del tratamiento basado en el consentimiento previo a su retirada.<\/p><p>Para obtener informaci\u00f3n adicional sobre sus derechos visite la p\u00e1gina Web de la Agencia Espa\u00f1ola de Protecci\u00f3n de Datos (<a href=\"https:\/\/www.agpd.es\/\">https:\/\/www.agpd.es\/<\/a>)<\/p><p>Para ejercer sus derechos puede escribirnos un correo electr\u00f3nico a\u00a0info@belgraf.com\u00a0en el que debe identificarse adjuntando copia de su DNI e indicar el derecho que desea ejercer y el motivo.<\/p><p><strong>7)\u00a0\u00a0\u00a0\u00a0\u00a0\u00a0\u00a0<\/strong><strong>PROCEDENCIA: \u00bfC\u00f3mo hemos obtenido sus datos?<\/strong><\/p><p>\u2013\u00a0\u00a0\u00a0\u00a0\u00a0\u00a0\u00a0\u00a0\u00a0\u00a0Los datos personales que tratamos en BELTRAN MU\u00d1OZ, .SL. proceden del propio interesado<\/p><p>\u2013\u00a0\u00a0\u00a0\u00a0\u00a0\u00a0\u00a0\u00a0\u00a0\u00a0Las categor\u00edas de datos que se tratan son:<\/p><ul><li>Datos de identificaci\u00f3n.<\/li><li>Direcciones postales o electr\u00f3nicas.<\/li><li>Datos Econ\u00f3micos.<\/li><\/ul><p>\u2013\u00a0\u00a0\u00a0\u00a0\u00a0\u00a0\u00a0\u00a0\u00a0\u00a0No se tratan datos especialmente protegidos.<\/p>\t\t\t\t\t\t\t\t<\/div>\n\t\t\t\t\t<\/div>\n\t\t\t\t<\/div>\n\t\t\t\t<\/div>","protected":false},"excerpt":{"rendered":"<p>Aviso Legal DATOS IDENTIFICATIVOS En cumplimiento con el deber de informaci\u00f3n recogido en art\u00edculo 10 de la Ley 34\/2002, de [&hellip;]<\/p>\n","protected":false},"author":1,"featured_media":0,"parent":0,"menu_order":0,"comment_status":"closed","ping_status":"closed","template":"","meta":{"_seopress_robots_primary_cat":"","_seopress_titles_title":"","_seopress_titles_desc":"","_seopress_robots_index":"yes","site-sidebar-layout":"no-sidebar","site-content-layout":"","ast-site-content-layout":"full-width-container","site-content-style":"default","site-sidebar-style":"default","ast-global-header-display":"","ast-banner-title-visibility":"","ast-main-header-display":"","ast-hfb-above-header-display":"","ast-hfb-below-header-display":"","ast-hfb-mobile-header-display":"","site-post-title":"disabled","ast-breadcrumbs-content":"","ast-featured-img":"disabled","footer-sml-layout":"","ast-disable-related-posts":"","theme-transparent-header-meta":"","adv-header-id-meta":"","stick-header-meta":"","header-above-stick-meta":"","header-main-stick-meta":"","header-below-stick-meta":"","astra-migrate-meta-layouts":"default","ast-page-background-enabled":"default","ast-page-background-meta":{"desktop":{"background-color":"var(--ast-global-color-5)","background-image":"","background-repeat":"repeat","background-position":"center center","background-size":"auto","background-attachment":"scroll","background-type":"","background-media":"","overlay-type":"","overlay-color":"","overlay-opacity":"","overlay-gradient":""},"tablet":{"background-color":"","background-image":"","background-repeat":"repeat","background-position":"center center","background-size":"auto","background-attachment":"scroll","background-type":"","background-media":"","overlay-type":"","overlay-color":"","overlay-opacity":"","overlay-gradient":""},"mobile":{"background-color":"","background-image":"","background-repeat":"repeat","background-position":"center center","background-size":"auto","background-attachment":"scroll","background-type":"","background-media":"","overlay-type":"","overlay-color":"","overlay-opacity":"","overlay-gradient":""}},"ast-content-background-meta":{"desktop":{"background-color":"var(--ast-global-color-4)","background-image":"","background-repeat":"repeat","background-position":"center center","background-size":"auto","background-attachment":"scroll","background-type":"","background-media":"","overlay-type":"","overlay-color":"","overlay-opacity":"","overlay-gradient":""},"tablet":{"background-color":"var(--ast-global-color-4)","background-image":"","background-repeat":"repeat","background-position":"center center","background-size":"auto","background-attachment":"scroll","background-type":"","background-media":"","overlay-type":"","overlay-color":"","overlay-opacity":"","overlay-gradient":""},"mobile":{"background-color":"var(--ast-global-color-4)","background-image":"","background-repeat":"repeat","background-position":"center center","background-size":"auto","background-attachment":"scroll","background-type":"","background-media":"","overlay-type":"","overlay-color":"","overlay-opacity":"","overlay-gradient":""}},"footnotes":""},"class_list":["post-81","page","type-page","status-publish","hentry"],"_links":{"self":[{"href":"https:\/\/belgraf.com\/en\/wp-json\/wp\/v2\/pages\/81","targetHints":{"allow":["GET"]}}],"collection":[{"href":"https:\/\/belgraf.com\/en\/wp-json\/wp\/v2\/pages"}],"about":[{"href":"https:\/\/belgraf.com\/en\/wp-json\/wp\/v2\/types\/page"}],"author":[{"embeddable":true,"href":"https:\/\/belgraf.com\/en\/wp-json\/wp\/v2\/users\/1"}],"replies":[{"embeddable":true,"href":"https:\/\/belgraf.com\/en\/wp-json\/wp\/v2\/comments?post=81"}],"version-history":[{"count":6,"href":"https:\/\/belgraf.com\/en\/wp-json\/wp\/v2\/pages\/81\/revisions"}],"predecessor-version":[{"id":4077,"href":"https:\/\/belgraf.com\/en\/wp-json\/wp\/v2\/pages\/81\/revisions\/4077"}],"wp:attachment":[{"href":"https:\/\/belgraf.com\/en\/wp-json\/wp\/v2\/media?parent=81"}],"curies":[{"name":"wp","href":"https:\/\/api.w.org\/{rel}","templated":true}]}}