{"id":953,"date":"2025-07-31T22:40:30","date_gmt":"2025-07-31T22:40:30","guid":{"rendered":"https:\/\/belgraf.com\/?page_id=953"},"modified":"2025-08-11T01:49:49","modified_gmt":"2025-08-11T01:49:49","slug":"micropercusion","status":"publish","type":"page","link":"https:\/\/belgraf.com\/en\/micropercusion\/","title":{"rendered":"Marcadoras por Micropercusi\u00f3n"},"content":{"rendered":"<div data-elementor-type=\"wp-page\" data-elementor-id=\"953\" class=\"elementor elementor-953\" data-elementor-post-type=\"page\">\n\t\t\t\t<div class=\"elementor-element elementor-element-589caae6 e-flex e-con-boxed e-con e-parent\" data-id=\"589caae6\" data-element_type=\"container\" data-e-type=\"container\" data-settings=\"{&quot;background_background&quot;:&quot;classic&quot;}\">\n\t\t\t\t\t<div class=\"e-con-inner\">\n\t\t\t\t<div class=\"elementor-element elementor-element-5e82ab6 elementor-widget elementor-widget-heading\" data-id=\"5e82ab6\" data-element_type=\"widget\" data-e-type=\"widget\" data-widget_type=\"heading.default\">\n\t\t\t\t\t<h1 class=\"elementor-heading-title elementor-size-default\">Marcadoras por Micropercusi\u00f3n<\/h1>\t\t\t\t<\/div>\n\t\t\t\t\t<\/div>\n\t\t\t\t<\/div>\n\t\t<div class=\"elementor-element elementor-element-d8bf5c1 e-flex e-con-boxed e-con e-parent\" data-id=\"d8bf5c1\" data-element_type=\"container\" data-e-type=\"container\">\n\t\t\t\t\t<div class=\"e-con-inner\">\n\t\t\t\t<div class=\"elementor-element elementor-element-f770e26 elementor-widget elementor-widget-image\" data-id=\"f770e26\" data-element_type=\"widget\" data-e-type=\"widget\" data-widget_type=\"image.default\">\n\t\t\t\t\t\t\t\t\t\t\t\t\t\t\t<img alt=\"\" decoding=\"async\" width=\"100\" height=\"92\" src=\"https:\/\/belgraf.com\/wp-content\/uploads\/2025\/08\/sic.webp\" class=\"attachment-large size-large wp-image-3230\" srcset=\"https:\/\/belgraf.com\/wp-content\/uploads\/2025\/08\/sic.webp 100w, https:\/\/belgraf.com\/wp-content\/uploads\/2025\/08\/sic-13x12.webp 13w\" sizes=\"(max-width: 100px) 100vw, 100px\" \/>\t\t\t\t\t\t\t\t\t\t\t\t\t\t\t<\/div>\n\t\t\t\t<div class=\"elementor-element elementor-element-7822791 elementor-widget elementor-widget-heading\" data-id=\"7822791\" data-element_type=\"widget\" data-e-type=\"widget\" data-widget_type=\"heading.default\">\n\t\t\t\t\t<h2 class=\"elementor-heading-title elementor-size-default\">M\u00e1quina de grabado por micropunci\u00f3n<\/h2>\t\t\t\t<\/div>\n\t\t\t\t\t<\/div>\n\t\t\t\t<\/div>\n\t\t<div class=\"elementor-element elementor-element-83fb0e9 e-flex e-con-boxed e-con e-parent\" data-id=\"83fb0e9\" data-element_type=\"container\" data-e-type=\"container\">\n\t\t\t\t\t<div class=\"e-con-inner\">\n\t\t<div class=\"elementor-element elementor-element-b26a370 e-con-full e-flex e-con e-child\" data-id=\"b26a370\" data-element_type=\"container\" data-e-type=\"container\">\n\t\t\t\t<div class=\"elementor-element elementor-element-b2ead30 elementor-invisible elementor-widget elementor-widget-image\" data-id=\"b2ead30\" data-element_type=\"widget\" data-e-type=\"widget\" data-settings=\"{&quot;_animation&quot;:&quot;fadeInLeft&quot;}\" data-widget_type=\"image.default\">\n\t\t\t\t\t\t\t\t\t\t\t\t\t\t\t<img alt=\"\" decoding=\"async\" width=\"175\" height=\"175\" src=\"https:\/\/belgraf.com\/wp-content\/uploads\/2025\/07\/p60.webp\" class=\"attachment-full size-full wp-image-960\" srcset=\"https:\/\/belgraf.com\/wp-content\/uploads\/2025\/07\/p60.webp 175w, https:\/\/belgraf.com\/wp-content\/uploads\/2025\/07\/p60-150x150.webp 150w, https:\/\/belgraf.com\/wp-content\/uploads\/2025\/07\/p60-12x12.webp 12w\" sizes=\"(max-width: 175px) 100vw, 175px\" \/>\t\t\t\t\t\t\t\t\t\t\t\t\t\t\t<\/div>\n\t\t\t\t<\/div>\n\t\t<div class=\"elementor-element elementor-element-41f41a8 e-con-full e-flex e-con e-child\" data-id=\"41f41a8\" data-element_type=\"container\" data-e-type=\"container\">\n\t\t\t\t<div class=\"elementor-element elementor-element-350223e elementor-widget elementor-widget-heading\" data-id=\"350223e\" data-element_type=\"widget\" data-e-type=\"widget\" data-widget_type=\"heading.default\">\n\t\t\t\t\t<h2 class=\"elementor-heading-title elementor-size-default\">PORT\u00c1TIL P60-P120<\/h2>\t\t\t\t<\/div>\n\t\t\t\t<div class=\"elementor-element elementor-element-d9435fc elementor-widget-divider--view-line elementor-widget elementor-widget-divider\" data-id=\"d9435fc\" data-element_type=\"widget\" data-e-type=\"widget\" data-widget_type=\"divider.default\">\n\t\t\t\t\t\t\t<div class=\"elementor-divider\">\n\t\t\t<span class=\"elementor-divider-separator\">\n\t\t\t\t\t\t<\/span>\n\t\t<\/div>\n\t\t\t\t\t\t<\/div>\n\t\t\t\t<div class=\"elementor-element elementor-element-944da06 elementor-widget elementor-widget-text-editor\" data-id=\"944da06\" data-element_type=\"widget\" data-e-type=\"widget\" data-widget_type=\"text-editor.default\">\n\t\t\t\t\t\t\t\t\t<p>Marca las piezas con los caracteres, que definen los puntos que realiza un punz\u00f3n vibrante de tungsteno montado en un electroim\u00e1n marcando directamente<br \/>sobre la pieza formando textos alfanum\u00e9ricos, logos, contadores, c\u00f3digos Data Matrix, etc. El controlador completamente programable permite<br \/>determinar la profundidad, tama\u00f1o, o cualquier otro par\u00e1metro de marcado.<\/p><p><strong>Cualquier tipo de pieza<\/strong>: Marca hasta 0,5 mm de profundidad, en plano o en superficies rugosas desde pl\u00e1stico hasta acero de 62 HRC.<br \/><strong>Integrado:<\/strong>No precisa PC: el software intuitivo se muestra en la pantalla del controlador.<br \/><strong>El\u00e9ctrico:<\/strong>\u00a0S\u00f3lo conexi\u00f3n a la red el\u00e9ctrica. S\u00f3lo un enchufe, no precisa aire.<\/p>\t\t\t\t\t\t\t\t<\/div>\n\t\t\t\t<\/div>\n\t\t\t\t\t<\/div>\n\t\t\t\t<\/div>\n\t\t<div class=\"elementor-element elementor-element-30c7142 e-flex e-con-boxed e-con e-parent\" data-id=\"30c7142\" data-element_type=\"container\" data-e-type=\"container\">\n\t\t\t\t\t<div class=\"e-con-inner\">\n\t\t<div class=\"elementor-element elementor-element-413eae1 e-con-full e-flex e-con e-child\" data-id=\"413eae1\" data-element_type=\"container\" data-e-type=\"container\">\n\t\t\t\t<div class=\"elementor-element elementor-element-be3e3d9 elementor-invisible elementor-widget elementor-widget-image\" data-id=\"be3e3d9\" data-element_type=\"widget\" data-e-type=\"widget\" data-settings=\"{&quot;_animation&quot;:&quot;fadeInLeft&quot;}\" data-widget_type=\"image.default\">\n\t\t\t\t\t\t\t\t\t\t\t\t\t\t\t<img alt=\"\" decoding=\"async\" width=\"175\" height=\"175\" src=\"https:\/\/belgraf.com\/wp-content\/uploads\/2025\/07\/c151.webp\" class=\"attachment-full size-full wp-image-959\" srcset=\"https:\/\/belgraf.com\/wp-content\/uploads\/2025\/07\/c151.webp 175w, https:\/\/belgraf.com\/wp-content\/uploads\/2025\/07\/c151-150x150.webp 150w, https:\/\/belgraf.com\/wp-content\/uploads\/2025\/07\/c151-12x12.webp 12w\" sizes=\"(max-width: 175px) 100vw, 175px\" \/>\t\t\t\t\t\t\t\t\t\t\t\t\t\t\t<\/div>\n\t\t\t\t<\/div>\n\t\t<div class=\"elementor-element elementor-element-160295d e-con-full e-flex e-con e-child\" data-id=\"160295d\" data-element_type=\"container\" data-e-type=\"container\">\n\t\t\t\t<div class=\"elementor-element elementor-element-4a16bdc elementor-widget elementor-widget-heading\" data-id=\"4a16bdc\" data-element_type=\"widget\" data-e-type=\"widget\" data-widget_type=\"heading.default\">\n\t\t\t\t\t<h2 class=\"elementor-heading-title elementor-size-default\">COLUMNA C151\n<\/h2>\t\t\t\t<\/div>\n\t\t\t\t<div class=\"elementor-element elementor-element-6905ea6 elementor-widget-divider--view-line elementor-widget elementor-widget-divider\" data-id=\"6905ea6\" data-element_type=\"widget\" data-e-type=\"widget\" data-widget_type=\"divider.default\">\n\t\t\t\t\t\t\t<div class=\"elementor-divider\">\n\t\t\t<span class=\"elementor-divider-separator\">\n\t\t\t\t\t\t<\/span>\n\t\t<\/div>\n\t\t\t\t\t\t<\/div>\n\t\t\t\t<div class=\"elementor-element elementor-element-d2b659e elementor-widget elementor-widget-text-editor\" data-id=\"d2b659e\" data-element_type=\"widget\" data-e-type=\"widget\" data-widget_type=\"text-editor.default\">\n\t\t\t\t\t\t\t\t\t<p>Marca las piezas con los caracteres, que definen los puntos que realizaun punz\u00f3n vibrante de tungsteno montado en un electroim\u00e1n marcando directamente sobre la pieza y formando textos alfanum\u00e9ricos, logos, contadores, c\u00f3digos Data Matrix, etc.<br \/>El controlador es totalmente programable permite determinar la profundidad, tama\u00f1o, o cualquier otro par\u00e1metro de marcado.<\/p><p><strong>Cualquier tipo de pieza<\/strong>: Marca hasta 0,5 mm de profundidad, en plano o en superficies rugosas desde pl\u00e1stico hasta acero de 62 HRC.<br \/><strong>Integrado:<\/strong>No precisa PC: el software intuitivo se muestra en la pantalla del controlador.<br \/><strong>El\u00e9ctrico:<\/strong>\u00a0S\u00f3lo conexi\u00f3n a la red el\u00e9ctrica. S\u00f3lo un enchufe, no precisa aire.Fiable<br \/><strong>Fiable:<\/strong>\u00a0Alta calidad de los elementos mec\u00e1nicos con fuertes ra\u00edles de gu\u00eda.<br \/><strong>Econ\u00f3mico<\/strong>: No consume fungibles<\/p>\t\t\t\t\t\t\t\t<\/div>\n\t\t\t\t<\/div>\n\t\t\t\t\t<\/div>\n\t\t\t\t<\/div>\n\t\t<div class=\"elementor-element elementor-element-c28cdcd e-flex e-con-boxed e-con e-parent\" data-id=\"c28cdcd\" data-element_type=\"container\" data-e-type=\"container\">\n\t\t\t\t\t<div class=\"e-con-inner\">\n\t\t<div class=\"elementor-element elementor-element-88981ce e-con-full e-flex e-con e-child\" data-id=\"88981ce\" data-element_type=\"container\" data-e-type=\"container\">\n\t\t\t\t<div class=\"elementor-element elementor-element-26a638d elementor-invisible elementor-widget elementor-widget-image\" data-id=\"26a638d\" data-element_type=\"widget\" data-e-type=\"widget\" data-settings=\"{&quot;_animation&quot;:&quot;fadeInLeft&quot;}\" data-widget_type=\"image.default\">\n\t\t\t\t\t\t\t\t\t\t\t\t\t\t\t<img alt=\"\" loading=\"lazy\" decoding=\"async\" width=\"175\" height=\"175\" src=\"https:\/\/belgraf.com\/wp-content\/uploads\/2025\/07\/i81.webp\" class=\"attachment-full size-full wp-image-958\" srcset=\"https:\/\/belgraf.com\/wp-content\/uploads\/2025\/07\/i81.webp 175w, https:\/\/belgraf.com\/wp-content\/uploads\/2025\/07\/i81-150x150.webp 150w, https:\/\/belgraf.com\/wp-content\/uploads\/2025\/07\/i81-12x12.webp 12w\" sizes=\"(max-width: 175px) 100vw, 175px\" \/>\t\t\t\t\t\t\t\t\t\t\t\t\t\t\t<\/div>\n\t\t\t\t<\/div>\n\t\t<div class=\"elementor-element elementor-element-665ec99 e-con-full e-flex e-con e-child\" data-id=\"665ec99\" data-element_type=\"container\" data-e-type=\"container\">\n\t\t\t\t<div class=\"elementor-element elementor-element-7849247 elementor-widget elementor-widget-heading\" data-id=\"7849247\" data-element_type=\"widget\" data-e-type=\"widget\" data-widget_type=\"heading.default\">\n\t\t\t\t\t<h2 class=\"elementor-heading-title elementor-size-default\">INTEGRABLE i51<\/h2>\t\t\t\t<\/div>\n\t\t\t\t<div class=\"elementor-element elementor-element-5a71348 elementor-widget-divider--view-line elementor-widget elementor-widget-divider\" data-id=\"5a71348\" data-element_type=\"widget\" data-e-type=\"widget\" data-widget_type=\"divider.default\">\n\t\t\t\t\t\t\t<div class=\"elementor-divider\">\n\t\t\t<span class=\"elementor-divider-separator\">\n\t\t\t\t\t\t<\/span>\n\t\t<\/div>\n\t\t\t\t\t\t<\/div>\n\t\t\t\t<div class=\"elementor-element elementor-element-65a9f88 elementor-widget elementor-widget-text-editor\" data-id=\"65a9f88\" data-element_type=\"widget\" data-e-type=\"widget\" data-widget_type=\"text-editor.default\">\n\t\t\t\t\t\t\t\t\t<p>Marca las piezas con los caracteres, que definen los puntos que realizaun punz\u00f3n vibrante de tungsteno montado en un electroim\u00e1n marcando directamente sobre la pieza y formando textos alfanum\u00e9ricos, logos, contadores, c\u00f3digos Data Matrix, etc.<br \/>El controlador es totalmente programable permite determinar la profundidad, tama\u00f1o, o cualquier otro par\u00e1metro de marcado.<\/p><p><strong>Cualquier tipo de pieza<\/strong>: Marca hasta 0,5 mm de profundidad, en plano o en superficies rugosas desde pl\u00e1stico hasta acero de 62 HRC.<br \/><strong>Integrado:<\/strong>No precisa PC: el software intuitivo se muestra en la pantalla del controlador.<br \/><strong>El\u00e9ctrico:<\/strong>\u00a0S\u00f3lo conexi\u00f3n a la red el\u00e9ctrica. S\u00f3lo un enchufe, no precisa aire.Fiable<br \/><strong>Fiable:<\/strong>\u00a0Alta calidad de los elementos mec\u00e1nicos con fuertes ra\u00edles de gu\u00eda.<br \/><strong>Entornos industriales:<\/strong>\u00a0Fuelle protector y alojamiento estanco.<br \/><strong>Compacto:<\/strong>\u00a0F\u00e1cil integraci\u00f3n.<\/p>\t\t\t\t\t\t\t\t<\/div>\n\t\t\t\t<\/div>\n\t\t\t\t\t<\/div>\n\t\t\t\t<\/div>\n\t\t\t\t<\/div>","protected":false},"excerpt":{"rendered":"<p>Marcadoras por Micropercusi\u00f3n M\u00e1quina de grabado por micropunci\u00f3n PORT\u00c1TIL P60-P120 Marca las piezas con los caracteres, que definen los puntos [&hellip;]<\/p>\n","protected":false},"author":1,"featured_media":0,"parent":0,"menu_order":0,"comment_status":"closed","ping_status":"closed","template":"","meta":{"_seopress_robots_primary_cat":"","_seopress_titles_title":"","_seopress_titles_desc":"","_seopress_robots_index":"","site-sidebar-layout":"no-sidebar","site-content-layout":"","ast-site-content-layout":"full-width-container","site-content-style":"default","site-sidebar-style":"default","ast-global-header-display":"","ast-banner-title-visibility":"","ast-main-header-display":"","ast-hfb-above-header-display":"","ast-hfb-below-header-display":"","ast-hfb-mobile-header-display":"","site-post-title":"disabled","ast-breadcrumbs-content":"","ast-featured-img":"disabled","footer-sml-layout":"","ast-disable-related-posts":"","theme-transparent-header-meta":"","adv-header-id-meta":"","stick-header-meta":"","header-above-stick-meta":"","header-main-stick-meta":"","header-below-stick-meta":"","astra-migrate-meta-layouts":"default","ast-page-background-enabled":"default","ast-page-background-meta":{"desktop":{"background-color":"var(--ast-global-color-5)","background-image":"","background-repeat":"repeat","background-position":"center center","background-size":"auto","background-attachment":"scroll","background-type":"","background-media":"","overlay-type":"","overlay-color":"","overlay-opacity":"","overlay-gradient":""},"tablet":{"background-color":"","background-image":"","background-repeat":"repeat","background-position":"center center","background-size":"auto","background-attachment":"scroll","background-type":"","background-media":"","overlay-type":"","overlay-color":"","overlay-opacity":"","overlay-gradient":""},"mobile":{"background-color":"","background-image":"","background-repeat":"repeat","background-position":"center center","background-size":"auto","background-attachment":"scroll","background-type":"","background-media":"","overlay-type":"","overlay-color":"","overlay-opacity":"","overlay-gradient":""}},"ast-content-background-meta":{"desktop":{"background-color":"var(--ast-global-color-4)","background-image":"","background-repeat":"repeat","background-position":"center center","background-size":"auto","background-attachment":"scroll","background-type":"","background-media":"","overlay-type":"","overlay-color":"","overlay-opacity":"","overlay-gradient":""},"tablet":{"background-color":"var(--ast-global-color-4)","background-image":"","background-repeat":"repeat","background-position":"center center","background-size":"auto","background-attachment":"scroll","background-type":"","background-media":"","overlay-type":"","overlay-color":"","overlay-opacity":"","overlay-gradient":""},"mobile":{"background-color":"var(--ast-global-color-4)","background-image":"","background-repeat":"repeat","background-position":"center center","background-size":"auto","background-attachment":"scroll","background-type":"","background-media":"","overlay-type":"","overlay-color":"","overlay-opacity":"","overlay-gradient":""}},"footnotes":""},"class_list":["post-953","page","type-page","status-publish","hentry"],"_links":{"self":[{"href":"https:\/\/belgraf.com\/en\/wp-json\/wp\/v2\/pages\/953","targetHints":{"allow":["GET"]}}],"collection":[{"href":"https:\/\/belgraf.com\/en\/wp-json\/wp\/v2\/pages"}],"about":[{"href":"https:\/\/belgraf.com\/en\/wp-json\/wp\/v2\/types\/page"}],"author":[{"embeddable":true,"href":"https:\/\/belgraf.com\/en\/wp-json\/wp\/v2\/users\/1"}],"replies":[{"embeddable":true,"href":"https:\/\/belgraf.com\/en\/wp-json\/wp\/v2\/comments?post=953"}],"version-history":[{"count":31,"href":"https:\/\/belgraf.com\/en\/wp-json\/wp\/v2\/pages\/953\/revisions"}],"predecessor-version":[{"id":3233,"href":"https:\/\/belgraf.com\/en\/wp-json\/wp\/v2\/pages\/953\/revisions\/3233"}],"wp:attachment":[{"href":"https:\/\/belgraf.com\/en\/wp-json\/wp\/v2\/media?parent=953"}],"curies":[{"name":"wp","href":"https:\/\/api.w.org\/{rel}","templated":true}]}}